{"id":1460,"date":"2015-07-15T16:54:52","date_gmt":"2015-07-15T14:54:52","guid":{"rendered":"http:\/\/www.mi.uni-koeln.de\/wp-MIEDV\/?page_id=1460"},"modified":"2016-02-17T16:25:03","modified_gmt":"2016-02-17T15:25:03","slug":"unser-serviceangebot","status":"publish","type":"page","link":"http:\/\/www.mi.uni-koeln.de\/wp-MIEDV\/unser-serviceangebot\/","title":{"rendered":"Unser Serviceangebot"},"content":{"rendered":"<p><img loading=\"lazy\" decoding=\"async\" class=\"aligncenter wp-image-1817 size-full\" src=\"http:\/\/www.mi.uni-koeln.de\/wp-MIEDV\/wp-content\/uploads\/2015\/07\/edv_karte3.jpg\" alt=\"edv_karte\" width=\"385\" height=\"264\" srcset=\"http:\/\/www.mi.uni-koeln.de\/wp-MIEDV\/wp-content\/uploads\/2015\/07\/edv_karte3.jpg 385w, http:\/\/www.mi.uni-koeln.de\/wp-MIEDV\/wp-content\/uploads\/2015\/07\/edv_karte3-300x206.jpg 300w\" sizes=\"auto, (max-width: 385px) 85vw, 385px\" \/><\/p>\n\n<table id=\"tablepress-11\" class=\"tablepress tablepress-id-11\">\n<tbody class=\"row-striping row-hover\">\n<tr class=\"row-1\">\n\t<td class=\"column-1\"><a href=\"<http:\/\/www.mi.uni-koeln.de\/wp-MIEDV\/die-computer-arbeitsplaetze\/\"><img loading=\"lazy\" decoding=\"async\" src=\"http:\/\/www.mi.uni-koeln.de\/wp-MIEDV\/wp-content\/uploads\/2015\/09\/DTRave-Cartoon-Computer-and-Desktop-150x150.png\" alt=\"DTRave-Cartoon-Computer-and-Desktop\" width=\"150\" height=\"150\" class=\"alignnone size-thumbnail wp-image-1526\" \/><\/a><\/td><td class=\"column-2\"><a href=\"http:\/\/www.mi.uni-koeln.de\/wp-MIEDV\/die-computer-arbeitsplaetze\/\">Die Computer-Arbeitsr\u00e4ume des EDV-Mathematik <\/a><br \/>\n<br \/>\nF\u00fcr Studierende stehen in den R\u00e4umen -118 und -119 zwei Computer-Arbeitsr\u00e4ume zur\u00a0Verf\u00fcgung, die zum Selbststudium genutzt werden k\u00f6nnen, sofern keine Kursveranstaltungen des Instituts stattfinden. <\/td>\n<\/tr>\n<tr class=\"row-2\">\n\t<td class=\"column-1\"><a href=\"http:\/\/www.mi.uni-koeln.de\/wp-MIEDV\/drucken-im-mathematischen-institut\/\"><img loading=\"lazy\" decoding=\"async\" src=\"http:\/\/www.mi.uni-koeln.de\/wp-MIEDV\/wp-content\/uploads\/2015\/09\/printer-150x150.png\" alt=\"printer\" width=\"150\" height=\"150\" class=\"alignnone size-thumbnail wp-image-1531\" \/><\/a><\/td><td class=\"column-2\"><a href=\"http:\/\/www.mi.uni-koeln.de\/wp-MIEDV\/drucken-im-mathematischen-institut\/\">Drucken im Mathematischen Institut <\/a><br \/>\n<br \/>\nIn den Kurs- und Arbeitsr\u00e4umen der EDV-Mathematik k\u00f6nnen Sie einen Schwarz-Wei\u00df-Drucker nutzen.<\/td>\n<\/tr>\n<tr class=\"row-3\">\n\t<td class=\"column-1\"><a href=\"http:\/\/www.mi.uni-koeln.de\/wp-MIEDV\/eigene-html-seite-erstellen-und-bearbeiten\/\"><img loading=\"lazy\" decoding=\"async\" src=\"http:\/\/www.mi.uni-koeln.de\/wp-MIEDV\/wp-content\/uploads\/2015\/09\/homepage-150x150.png\" alt=\"homepage\" width=\"150\" height=\"150\" class=\"alignnone size-thumbnail wp-image-1527\" \/><\/a><\/td><td class=\"column-2\"><a href=\"http:\/\/www.mi.uni-koeln.de\/wp-MIEDV\/eigene-html-seite-erstellen-und-bearbeiten\/\">Die eigene Homepage <\/a><br \/>\n<br \/>\nAm Mathematischen Institut kann jeder Mitarbeiter und jeder Student seine eigene Homepage erstellen.<\/td>\n<\/tr>\n<tr class=\"row-4\">\n\t<td class=\"column-1\"><a href=\"https:\/\/www.tuxcademy.org\/media\/all\/\" target=\"_blank\"><img loading=\"lazy\" decoding=\"async\" src=\"http:\/\/www.mi.uni-koeln.de\/wp-MIEDV\/wp-content\/uploads\/2015\/09\/linux-logo-150x120.png\" alt=\"linux-logo\" width=\"150\" height=\"120\" class=\"alignnone size-thumbnail wp-image-1528\" \/><\/a><\/td><td class=\"column-2\"><a href=\"https:\/\/www.tuxcademy.org\/media\/all\/\" target=\"_blank\">Linux f\u00fcr Anf\u00e4nger <\/a><br \/>\n<br \/>\nHier gibt es eine Verlinkung zu einer kleinen Befehls\u00fcbersicht\u00a0f\u00fcr alle Linux-Anf\u00e4nger.<\/td>\n<\/tr>\n<tr class=\"row-5\">\n\t<td class=\"column-1\"><a href=\"https:\/\/rrzk.uni-koeln.de\/wlan-account.html\"target=\"_blank\"><img loading=\"lazy\" decoding=\"async\" src=\"http:\/\/www.mi.uni-koeln.de\/wp-MIEDV\/wp-content\/uploads\/2015\/10\/no-hope-Wireless-access-point-300px-150x150.png\" alt=\"no-hope-Wireless-access-point-300px\" width=\"150\" height=\"150\" class=\"alignnone size-thumbnail wp-image-1967\" \/><\/a><\/td><td class=\"column-2\"><a href=\"https:\/\/rrzk.uni-koeln.de\/wlan-account.html\" target=\"_blank\">Einrichtung von WLAN-Gastaccounts im Rechenzentrum<\/a><br \/>\n<br \/>\nAngeh\u00f6rige der Universit\u00e4t zu K\u00f6ln mit einem Personal-Account k\u00f6nnen f\u00fcr G\u00e4ste einen WLAN-Zugang zum K\u00f6lner Hochschulnetz UKLAN beantragen.<br \/>\n<br \/>\nAlle Berechtigten k\u00f6nnen zeitgleich zwei WLAN-Accounts f\u00fcr jeweils maximal vier Wochen beantragen. Nach Ablauf eines Accounts kann ein weiterer eingerichtet werden.<\/td>\n<\/tr>\n<tr class=\"row-6\">\n\t<td class=\"column-1\"><a href=\"https:\/\/rrzk.uni-koeln.de\/tagungsaccount.html\"target=\"_blank\"><img loading=\"lazy\" decoding=\"async\" src=\"http:\/\/www.mi.uni-koeln.de\/wp-MIEDV\/wp-content\/uploads\/2015\/10\/no-hope-Wireless-access-point-300px-150x150.png\" alt=\"no-hope-Wireless-access-point-300px\" width=\"150\" height=\"150\" class=\"alignnone size-thumbnail wp-image-1967\" \/><\/a><\/td><td class=\"column-2\"><a href=\"https:\/\/rrzk.uni-koeln.de\/tagungsaccount.html\" target=\"_blank\">Einrichtung eines Tagungs-Accounts im Rechenzentrum<\/a><br \/>\n<br \/>\nAls Angeh\u00f6rige der Universit\u00e4t zu K\u00f6ln k\u00f6nnen Sie f\u00fcr Tagungen einen WLAN-Zugang zum K\u00f6lner Hochschulnetz UKLAN beantragen. Diesen Antrag k\u00f6nnen alle Besch\u00e4ftigten mit einem Personal-Account stellen. Bitte nehmen Sie unsere Benutzungsordnung zur Kenntnis.<br \/>\n<br \/>\n<\/td>\n<\/tr>\n<tr class=\"row-7\">\n\t<td class=\"column-1\"><a href=\"https:\/\/rrzk.uni-koeln.de\/elearning.html\"><img loading=\"lazy\" decoding=\"async\" src=\"http:\/\/www.mi.uni-koeln.de\/wp-MIEDV\/wp-content\/uploads\/2016\/03\/video-player-800px-150x150.png\" alt=\"video-player-800px\" width=\"150\" height=\"150\" class=\"alignnone size-thumbnail wp-image-2045\" srcset=\"http:\/\/www.mi.uni-koeln.de\/wp-MIEDV\/wp-content\/uploads\/2016\/03\/video-player-800px-150x150.png 150w, http:\/\/www.mi.uni-koeln.de\/wp-MIEDV\/wp-content\/uploads\/2016\/03\/video-player-800px-300x300.png 300w, http:\/\/www.mi.uni-koeln.de\/wp-MIEDV\/wp-content\/uploads\/2016\/03\/video-player-800px-500x499.png 500w, http:\/\/www.mi.uni-koeln.de\/wp-MIEDV\/wp-content\/uploads\/2016\/03\/video-player-800px.png 801w\" sizes=\"auto, (max-width: 150px) 85vw, 150px\" \/><\/a><\/td><td class=\"column-2\"><a href=\"https:\/\/rrzk.uni-koeln.de\/elearning.html\" target=\"_blank\">E-Learning am Rechenzentrum<\/a><br \/>\n<br \/>\nAuf dieser Seite finden Sie Informationen zu allen IT bezogenen E-Learning Kursen, die das Regionale Rechenzentrum f\u00fcr Studierende und MitarbeiterInnen der Universit\u00e4t zu K\u00f6ln zur Verf\u00fcgung stellt.<\/td>\n<\/tr>\n<tr class=\"row-8\">\n\t<td class=\"column-1\"><a href=\"http:\/\/www.mi.uni-koeln.de\/wp-MIEDV\/unser-serviceangebot\/pdf-dateien-austauschen-und-bearbeiten\/\"><br \/>\n<img loading=\"lazy\" decoding=\"async\" src=\"http:\/\/www.mi.uni-koeln.de\/wp-MIEDV\/wp-content\/uploads\/2016\/05\/Network-800px.png\" alt=\"tex\" width=\"150\" height=\"150\" class=\"alignnone size-thumbnail wp-image-1533\" \/><\/a><\/td><td class=\"column-2\"><a href=\"http:\/\/www.mi.uni-koeln.de\/wp-MIEDV\/unser-serviceangebot\/pdf-dateien-austauschen-und-bearbeiten\/\">(PDF-)Dateien austauschen und bearbeiten <\/a><br \/>\n<br \/>\nHier finden Sie eine Anleitung daf\u00fcr, wie Sie Ihre (PDF-)Dateien zwischen verschiedenen Ger\u00e4ten (wie z.B einem Windows-PC und einem IPad) austauschen und bearbeiten k\u00f6nnen.<br \/>\n<\/td>\n<\/tr>\n<\/tbody>\n<\/table>\n\n<p>Bei Fragen und Anregungen stehen wir Ihnen gerne zu Verf\u00fcgung.<\/p>\n","protected":false},"excerpt":{"rendered":"<p>Bei Fragen und Anregungen stehen wir Ihnen gerne zu Verf\u00fcgung.<\/p>\n","protected":false},"author":1,"featured_media":0,"parent":0,"menu_order":0,"comment_status":"closed","ping_status":"closed","template":"","meta":{"footnotes":""},"class_list":["post-1460","page","type-page","status-publish","hentry"],"post_mailing_queue_ids":[],"_links":{"self":[{"href":"http:\/\/www.mi.uni-koeln.de\/wp-MIEDV\/wp-json\/wp\/v2\/pages\/1460","targetHints":{"allow":["GET"]}}],"collection":[{"href":"http:\/\/www.mi.uni-koeln.de\/wp-MIEDV\/wp-json\/wp\/v2\/pages"}],"about":[{"href":"http:\/\/www.mi.uni-koeln.de\/wp-MIEDV\/wp-json\/wp\/v2\/types\/page"}],"author":[{"embeddable":true,"href":"http:\/\/www.mi.uni-koeln.de\/wp-MIEDV\/wp-json\/wp\/v2\/users\/1"}],"replies":[{"embeddable":true,"href":"http:\/\/www.mi.uni-koeln.de\/wp-MIEDV\/wp-json\/wp\/v2\/comments?post=1460"}],"version-history":[{"count":37,"href":"http:\/\/www.mi.uni-koeln.de\/wp-MIEDV\/wp-json\/wp\/v2\/pages\/1460\/revisions"}],"predecessor-version":[{"id":2041,"href":"http:\/\/www.mi.uni-koeln.de\/wp-MIEDV\/wp-json\/wp\/v2\/pages\/1460\/revisions\/2041"}],"wp:attachment":[{"href":"http:\/\/www.mi.uni-koeln.de\/wp-MIEDV\/wp-json\/wp\/v2\/media?parent=1460"}],"curies":[{"name":"wp","href":"https:\/\/api.w.org\/{rel}","templated":true}]}}