{"id":1483,"date":"2015-09-01T15:35:37","date_gmt":"2015-09-01T13:35:37","guid":{"rendered":"http:\/\/www.mi.uni-koeln.de\/wp-MIEDV\/?page_id=1483"},"modified":"2016-06-01T10:38:00","modified_gmt":"2016-06-01T08:38:00","slug":"die-computer-arbeitsplaetze","status":"publish","type":"page","link":"http:\/\/www.mi.uni-koeln.de\/wp-MIEDV\/unser-serviceangebot\/die-computer-arbeitsplaetze\/","title":{"rendered":"Die Computer-Arbeitspl\u00e4tze"},"content":{"rendered":"<ul id=\"disordered\">\n<li>Wir bieten allen Mathematikstudenten einen Linux- und Windows 8.1 Account an. In unseren zwei Bildschirmr\u00e4umen stehen<br \/>\n36 PCs mit Windows 8.1 und Red Hat 7\u00a0als Dualbootsystem mit entsprechender Benutzerverwaltung zur Verf\u00fcgung.<br \/>\n<strong>Um die Rechner zu benutzen<\/strong>, ben\u00f6tigt man eine Windows 8.1 \/ Linux-<strong>Zugangsberechtigung<\/strong>, die alle im Mathematischen<br \/>\nInstitut registrierten Benutzer auf <strong>Nachfrage in Raum -124 erhalten<\/strong>.<\/li>\n<li>Alle benutzerspezifischen Daten werden zentral gespeichert, zum einen auf einem Windows Server und zum anderen<br \/>\nim Linux-<strong>Homeverzeichnis<\/strong> des jeweiligen Benutzers, also insbesondere <strong>nicht auf der lokalen Festplatte!<\/strong><br \/>\nDas hei\u00dft vor allem, dass alle einmal getroffenen pers\u00f6nlichen Einstellungen<br \/>\nstets auf allen Rechnern des Instituts zur Verf\u00fcgung stehen.<\/li>\n<li>Zus\u00e4tzlich zu den lokalen Laufwerken steht als <strong><a href=\"http:\/\/www.mi.uni-koeln.de\/wp-MIEDV\/e-laufwerk-anmeldung\/\">virtuelles Laufwerk E:<\/a><\/strong><br \/>\n<strong> das Linux-Homeverzeichnis<\/strong> zur Verf\u00fcgung. Da Linux und Windows ihre Benutzer getrennt verwalten, sind die jeweiligen Passw\u00f6rter<br \/>\nim Allgemeinen nicht identisch; genauer gesagt sind sie nur dann identisch, wenn der Benutzer selbst in den beiden Systemen<br \/>\ndasselbe Passwort gesetzt hat. Sind die Passw\u00f6rter verschieden, so wird nach dem Anmelden das Linux-Passwort abgefragt, um<br \/>\ndie Verbindung zum Homeverzeichnis herstellen zu k\u00f6nnen.<\/li>\n<li>Bei der ersten Anmeldung wird das Windows-Passwort automatisch ge\u00e4ndert. Es besteht auch die M\u00f6glichkeit sein Kennwort zu einem sp\u00e4teren<br \/>\nZeitpunkt zu \u00e4ndern. Eine genaue Anleitung findet man <a class=\"linkIntern\" href=\"http:\/\/www.mi.uni-koeln.de\/wp-MIEDV\/wp-content\/uploads\/2015\/09\/Passwort_aendern.pdf\" target=\"_blank\">hier<\/a><\/li>\n<li>Es steht bis jetzt im wesentlichen folgende Software zur Verf\u00fcgung:\n<ul id=\"disordered_circle\">\n<li><i>Microsoft Office<\/i> mit <i>Word, Access, Excel, PowerPoint, InfoPath<\/i> und <i>Publisher.<\/i><\/li>\n<li><i>Adobe Acrobat Professional.<\/i><\/li>\n<li><i>MiKTeX<\/i> sowie die TeX-spezifischen Editoren <i>WinEdt, TeXnicCenter<\/i> und <i>XEmacs<\/i> <i>TeXStudio<\/i> (LaTeX).<\/li>\n<li>Mathematische Software: <i>Maple, Matlab, Mathematica.<\/i><\/li>\n<li><i>Google Chrome, Mozilla, Opera <\/i> und <i>Internet Explorer<\/i> zum Surfen im Netz.<\/li>\n<li><i>Mozilla Thunderbird<\/i> zum Verwalten von Emails.<\/li>\n<li><i>Hummingbird Exceed,<\/i> das den PC in ein vollwertiges X-Terminal zur Anmeldung an Unix-Rechnern verwandelt.<\/li>\n<\/ul>\n<\/li>\n<\/ul>\n","protected":false},"excerpt":{"rendered":"<p>Wir bieten allen Mathematikstudenten einen Linux- und Windows 8.1 Account an. In unseren zwei Bildschirmr\u00e4umen stehen 36 PCs mit Windows 8.1 und Red Hat 7\u00a0als Dualbootsystem mit entsprechender Benutzerverwaltung zur Verf\u00fcgung. Um die Rechner zu benutzen, ben\u00f6tigt man eine Windows 8.1 \/ Linux-Zugangsberechtigung, die alle im Mathematischen Institut registrierten Benutzer auf Nachfrage in Raum -124 &hellip; <a href=\"http:\/\/www.mi.uni-koeln.de\/wp-MIEDV\/unser-serviceangebot\/die-computer-arbeitsplaetze\/\" class=\"more-link\"><span class=\"screen-reader-text\">&#8222;Die Computer-Arbeitspl\u00e4tze&#8220; <\/span>weiterlesen<\/a><\/p>\n","protected":false},"author":1,"featured_media":0,"parent":1460,"menu_order":0,"comment_status":"closed","ping_status":"closed","template":"sidebar-page.php","meta":{"footnotes":""},"class_list":["post-1483","page","type-page","status-publish","hentry"],"post_mailing_queue_ids":[],"_links":{"self":[{"href":"http:\/\/www.mi.uni-koeln.de\/wp-MIEDV\/wp-json\/wp\/v2\/pages\/1483","targetHints":{"allow":["GET"]}}],"collection":[{"href":"http:\/\/www.mi.uni-koeln.de\/wp-MIEDV\/wp-json\/wp\/v2\/pages"}],"about":[{"href":"http:\/\/www.mi.uni-koeln.de\/wp-MIEDV\/wp-json\/wp\/v2\/types\/page"}],"author":[{"embeddable":true,"href":"http:\/\/www.mi.uni-koeln.de\/wp-MIEDV\/wp-json\/wp\/v2\/users\/1"}],"replies":[{"embeddable":true,"href":"http:\/\/www.mi.uni-koeln.de\/wp-MIEDV\/wp-json\/wp\/v2\/comments?post=1483"}],"version-history":[{"count":10,"href":"http:\/\/www.mi.uni-koeln.de\/wp-MIEDV\/wp-json\/wp\/v2\/pages\/1483\/revisions"}],"predecessor-version":[{"id":2205,"href":"http:\/\/www.mi.uni-koeln.de\/wp-MIEDV\/wp-json\/wp\/v2\/pages\/1483\/revisions\/2205"}],"up":[{"embeddable":true,"href":"http:\/\/www.mi.uni-koeln.de\/wp-MIEDV\/wp-json\/wp\/v2\/pages\/1460"}],"wp:attachment":[{"href":"http:\/\/www.mi.uni-koeln.de\/wp-MIEDV\/wp-json\/wp\/v2\/media?parent=1483"}],"curies":[{"name":"wp","href":"https:\/\/api.w.org\/{rel}","templated":true}]}}