{"id":1579,"date":"2015-09-03T15:22:32","date_gmt":"2015-09-03T13:22:32","guid":{"rendered":"http:\/\/www.mi.uni-koeln.de\/wp-MIEDV\/?page_id=1579"},"modified":"2020-06-09T15:25:00","modified_gmt":"2020-06-09T13:25:00","slug":"matlab","status":"publish","type":"page","link":"http:\/\/www.mi.uni-koeln.de\/wp-MIEDV\/matlab\/","title":{"rendered":"Matlab"},"content":{"rendered":"<p>Matlab ist eine Software zur L\u00f6sung mathematischer Probleme und zur grafischen Darstellung von Ergebnissen. Im Gegensatz zu Computeralgebrasystemen,\u00a0wie Maple, wird Matlab prim\u00e4r zum L\u00f6sen numerischer Probleme eingesetzt.<\/p>\n<p><u><b>Informationen rund um <i>Matlab<\/i><\/b><\/u>:<\/p>\n<ul>\n<li><a href=\"http:\/\/www.mi.uni-koeln.de\/wp-MIEDV\/matlab-fuer-studierende\/\"><b>Matlab f\u00fcr Studierende und Mitarbeiter\u00a0 (Campuslizenz)<\/b><\/a><\/li>\n<li><a href=\"http:\/\/www.mi.uni-koeln.de\/wp-MIEDV\/matlab-am-mi\/\"><b> Matlab an der Abteilung Mathematik<\/b><\/a><\/li>\n<li><a href=\"http:\/\/de.mathworks.com\/\">MathWorks <\/a><\/li>\n<li><a href=\"http:\/\/de.mathworks.com\/academia\/student_center\/tutorials\/launchpad.html\"> MATLAB Tutorials<\/a><\/li>\n<li><a href=\"\/\/www.mi.uni-koeln.de\/wp-MIEDV\/wp-content\/uploads\/2020\/06\/IRTMatlab-1.pdf\">Eine gute Kurzeinf\u00fchrung der RWTH Aachen<\/a><\/li>\n<\/ul>\n\n\n<p><\/p>\n","protected":false},"excerpt":{"rendered":"<p>Matlab ist eine Software zur L\u00f6sung mathematischer Probleme und zur grafischen Darstellung von Ergebnissen. Im Gegensatz zu Computeralgebrasystemen,\u00a0wie Maple, wird Matlab prim\u00e4r zum L\u00f6sen numerischer Probleme eingesetzt. Informationen rund um Matlab: Matlab f\u00fcr Studierende und Mitarbeiter\u00a0 (Campuslizenz) Matlab an der Abteilung Mathematik MathWorks MATLAB Tutorials Eine gute Kurzeinf\u00fchrung der RWTH Aachen<\/p>\n","protected":false},"author":1,"featured_media":0,"parent":0,"menu_order":0,"comment_status":"closed","ping_status":"closed","template":"","meta":{"footnotes":""},"class_list":["post-1579","page","type-page","status-publish","hentry"],"post_mailing_queue_ids":[],"_links":{"self":[{"href":"http:\/\/www.mi.uni-koeln.de\/wp-MIEDV\/wp-json\/wp\/v2\/pages\/1579","targetHints":{"allow":["GET"]}}],"collection":[{"href":"http:\/\/www.mi.uni-koeln.de\/wp-MIEDV\/wp-json\/wp\/v2\/pages"}],"about":[{"href":"http:\/\/www.mi.uni-koeln.de\/wp-MIEDV\/wp-json\/wp\/v2\/types\/page"}],"author":[{"embeddable":true,"href":"http:\/\/www.mi.uni-koeln.de\/wp-MIEDV\/wp-json\/wp\/v2\/users\/1"}],"replies":[{"embeddable":true,"href":"http:\/\/www.mi.uni-koeln.de\/wp-MIEDV\/wp-json\/wp\/v2\/comments?post=1579"}],"version-history":[{"count":11,"href":"http:\/\/www.mi.uni-koeln.de\/wp-MIEDV\/wp-json\/wp\/v2\/pages\/1579\/revisions"}],"predecessor-version":[{"id":2404,"href":"http:\/\/www.mi.uni-koeln.de\/wp-MIEDV\/wp-json\/wp\/v2\/pages\/1579\/revisions\/2404"}],"wp:attachment":[{"href":"http:\/\/www.mi.uni-koeln.de\/wp-MIEDV\/wp-json\/wp\/v2\/media?parent=1579"}],"curies":[{"name":"wp","href":"https:\/\/api.w.org\/{rel}","templated":true}]}}