{"id":1608,"date":"2015-09-03T15:43:01","date_gmt":"2015-09-03T13:43:01","guid":{"rendered":"http:\/\/www.mi.uni-koeln.de\/wp-MIEDV\/?page_id=1608"},"modified":"2019-11-11T09:48:16","modified_gmt":"2019-11-11T08:48:16","slug":"maple","status":"publish","type":"page","link":"http:\/\/www.mi.uni-koeln.de\/wp-MIEDV\/maple\/","title":{"rendered":"Maple"},"content":{"rendered":"<p>Maple ist ein englischsprachiges Computeralgebrasystem, kurz auch als CAS bekannt, f\u00fcr verschiedene Teilgebiete der Mathematik, wie beispielsweise f\u00fcr Algebra oder Numerik. Es erm\u00f6glicht eine Visualisierung mathematischer Strukturen und bietet auch f\u00fcr einfache<br \/>\nGleichungen eine schnelle L\u00f6sung.<\/p>\n<p>Maple ist eine <i>kostenpflichtige<\/i> Software und ist im <a href=\"https:\/\/rrzk.uni-koeln.de\/asknet.html\">Software-Shop der Universit\u00e4t zu K\u00f6ln<\/a>\u00a0erh\u00e4ltlich.<\/p>\n<p>Maple steht f\u00fcr Studierende des Mathematischen Instituts zur Nutzung in den PC-Pools und auf den Servern zur Verf\u00fcgung.<\/p>\n<p>Weitere Informationen zum erlangen dieser Software erhalten Sie im Raum <i>-124<\/i> der EDV-Mathematik.<\/p>\n<h1>Anwendungbeispiele<\/h1>\n<p>F\u00fcr die richtige Anwendung der Software folgen einfache Beispiele in typischer Maple-Notation:<\/p>\n<ul>\n<li>L\u00f6sen einer quadratischen Gleichung:<center><img decoding=\"async\" src=\"http:\/\/www.mi.uni-koeln.de\/img\/Datenstation\/software\/maple\/maple_solve.jpeg\" alt=\"Solve\" \/><\/center><\/li>\n<li>Berechnung der Ableitung einer Funktion:<center><img decoding=\"async\" src=\"http:\/\/www.mi.uni-koeln.de\/img\/Datenstation\/software\/maple\/maple_int.jpeg\" alt=\"Integral\" \/><\/center><\/li>\n<li>L\u00f6sen einer linearen Differentialgleichung zweiter Ordnung:<center><img decoding=\"async\" src=\"http:\/\/www.mi.uni-koeln.de\/img\/Datenstation\/software\/maple\/maple_dgl.jpeg\" alt=\"DGL\" \/><\/center>Hier haben wir ein Anfangswertproblem, wobei <i> y(0)=0<\/i> ist und <i>y'(1)=2 .<\/i><\/li>\n<\/ul>\n<p><strong>Informationen rund um <i>Maple<\/i>:<\/strong><\/p>\n<ul id=\"listwithlinks\">\n<li><a href=\"http:\/\/www.maplesoft.com\">Maplesoft<\/a><\/li>\n<li><a href=\"http:\/\/www.maplesoft.com\/support\/training\/quickstart.aspx\"> Maple Quick Start<\/a><\/li>\n<li><a href=\"http:\/\/www.mi.uni-koeln.de\/~gsweers\/DGL0809\/mapleunddgl.html\"> Maple 10 und DGL<\/a> <small> Kurze Maple Anleitung f\u00fcr DGL von Prof. Dr. G. Sweers<\/small><\/li>\n<li><a href=\"http:\/\/euklid.mi.uni-koeln.de\/c\/doc\/Maple\/Kurs_RRZN\/index.htm\" target=\"_top\" rel=\"noopener noreferrer\">Interaktiver Kurs zu Maple<\/a><\/li>\n<li><a href=\"http:\/\/www.physik.uni-regensburg.de\/studium\/edverg\/maple\/\" target=\"_blank\" rel=\"noopener noreferrer\">Maple-Kurs der Uni\u00a0Regensburg<\/a><\/li>\n<\/ul>\n","protected":false},"excerpt":{"rendered":"<p>Maple ist ein englischsprachiges Computeralgebrasystem, kurz auch als CAS bekannt, f\u00fcr verschiedene Teilgebiete der Mathematik, wie beispielsweise f\u00fcr Algebra oder Numerik. Es erm\u00f6glicht eine Visualisierung mathematischer Strukturen und bietet auch f\u00fcr einfache Gleichungen eine schnelle L\u00f6sung. Maple ist eine kostenpflichtige Software und ist im Software-Shop der Universit\u00e4t zu K\u00f6ln\u00a0erh\u00e4ltlich. Maple steht f\u00fcr Studierende des Mathematischen &hellip; <a href=\"http:\/\/www.mi.uni-koeln.de\/wp-MIEDV\/maple\/\" class=\"more-link\"><span class=\"screen-reader-text\">&#8222;Maple&#8220; <\/span>weiterlesen<\/a><\/p>\n","protected":false},"author":1,"featured_media":0,"parent":0,"menu_order":0,"comment_status":"closed","ping_status":"closed","template":"","meta":{"footnotes":""},"class_list":["post-1608","page","type-page","status-publish","hentry"],"post_mailing_queue_ids":[],"_links":{"self":[{"href":"http:\/\/www.mi.uni-koeln.de\/wp-MIEDV\/wp-json\/wp\/v2\/pages\/1608","targetHints":{"allow":["GET"]}}],"collection":[{"href":"http:\/\/www.mi.uni-koeln.de\/wp-MIEDV\/wp-json\/wp\/v2\/pages"}],"about":[{"href":"http:\/\/www.mi.uni-koeln.de\/wp-MIEDV\/wp-json\/wp\/v2\/types\/page"}],"author":[{"embeddable":true,"href":"http:\/\/www.mi.uni-koeln.de\/wp-MIEDV\/wp-json\/wp\/v2\/users\/1"}],"replies":[{"embeddable":true,"href":"http:\/\/www.mi.uni-koeln.de\/wp-MIEDV\/wp-json\/wp\/v2\/comments?post=1608"}],"version-history":[{"count":9,"href":"http:\/\/www.mi.uni-koeln.de\/wp-MIEDV\/wp-json\/wp\/v2\/pages\/1608\/revisions"}],"predecessor-version":[{"id":2382,"href":"http:\/\/www.mi.uni-koeln.de\/wp-MIEDV\/wp-json\/wp\/v2\/pages\/1608\/revisions\/2382"}],"wp:attachment":[{"href":"http:\/\/www.mi.uni-koeln.de\/wp-MIEDV\/wp-json\/wp\/v2\/media?parent=1608"}],"curies":[{"name":"wp","href":"https:\/\/api.w.org\/{rel}","templated":true}]}}