{"id":1662,"date":"2015-09-08T14:17:53","date_gmt":"2015-09-08T12:17:53","guid":{"rendered":"http:\/\/www.mi.uni-koeln.de\/wp-MIEDV\/?page_id=1662"},"modified":"2015-09-18T15:45:44","modified_gmt":"2015-09-18T13:45:44","slug":"mac-os","status":"publish","type":"page","link":"http:\/\/www.mi.uni-koeln.de\/wp-MIEDV\/latex\/mac-os\/","title":{"rendered":"Mac OS"},"content":{"rendered":"<p>Die Voraussetzung, um LaTeX unter Mac OS\u00a0zu verwenden, ist wie unter Windows eine funktionierende TeX-Distribution. Diese stellt alle ben\u00f6tigten Komponenten, wie beispielsweise Pakete oder Compiler, zur Verf\u00fcgung. Die \u00fcbliche TeX-Distribution f\u00fcr Mac OS\u00a0ist <strong>MacTeX<\/strong>.<\/p>\n<p>Auf der <span style=\"text-decoration: underline;\"><a href=\"http:\/\/www.tug.org\/mactex\/\">Hompage von MacTeX<\/a><\/span> gibt es eine Installationsanleitung.<\/p>\n","protected":false},"excerpt":{"rendered":"<p>Die Voraussetzung, um LaTeX unter Mac OS\u00a0zu verwenden, ist wie unter Windows eine funktionierende TeX-Distribution. Diese stellt alle ben\u00f6tigten Komponenten, wie beispielsweise Pakete oder Compiler, zur Verf\u00fcgung. Die \u00fcbliche TeX-Distribution f\u00fcr Mac OS\u00a0ist MacTeX. Auf der Hompage von MacTeX gibt es eine Installationsanleitung.<\/p>\n","protected":false},"author":1,"featured_media":0,"parent":1645,"menu_order":0,"comment_status":"closed","ping_status":"closed","template":"sidebar-page.php","meta":{"footnotes":""},"class_list":["post-1662","page","type-page","status-publish","hentry"],"post_mailing_queue_ids":[],"_links":{"self":[{"href":"http:\/\/www.mi.uni-koeln.de\/wp-MIEDV\/wp-json\/wp\/v2\/pages\/1662","targetHints":{"allow":["GET"]}}],"collection":[{"href":"http:\/\/www.mi.uni-koeln.de\/wp-MIEDV\/wp-json\/wp\/v2\/pages"}],"about":[{"href":"http:\/\/www.mi.uni-koeln.de\/wp-MIEDV\/wp-json\/wp\/v2\/types\/page"}],"author":[{"embeddable":true,"href":"http:\/\/www.mi.uni-koeln.de\/wp-MIEDV\/wp-json\/wp\/v2\/users\/1"}],"replies":[{"embeddable":true,"href":"http:\/\/www.mi.uni-koeln.de\/wp-MIEDV\/wp-json\/wp\/v2\/comments?post=1662"}],"version-history":[{"count":5,"href":"http:\/\/www.mi.uni-koeln.de\/wp-MIEDV\/wp-json\/wp\/v2\/pages\/1662\/revisions"}],"predecessor-version":[{"id":1842,"href":"http:\/\/www.mi.uni-koeln.de\/wp-MIEDV\/wp-json\/wp\/v2\/pages\/1662\/revisions\/1842"}],"up":[{"embeddable":true,"href":"http:\/\/www.mi.uni-koeln.de\/wp-MIEDV\/wp-json\/wp\/v2\/pages\/1645"}],"wp:attachment":[{"href":"http:\/\/www.mi.uni-koeln.de\/wp-MIEDV\/wp-json\/wp\/v2\/media?parent=1662"}],"curies":[{"name":"wp","href":"https:\/\/api.w.org\/{rel}","templated":true}]}}