{"id":1748,"date":"2015-09-10T13:59:40","date_gmt":"2015-09-10T11:59:40","guid":{"rendered":"http:\/\/www.mi.uni-koeln.de\/wp-MIEDV\/?page_id=1748"},"modified":"2020-11-17T15:23:20","modified_gmt":"2020-11-17T14:23:20","slug":"anwendung-mathematica","status":"publish","type":"page","link":"http:\/\/www.mi.uni-koeln.de\/wp-MIEDV\/mathematica\/anwendung-mathematica\/","title":{"rendered":"Anwendung von Mathematica"},"content":{"rendered":"<p>F\u00fcr Studierende am Mathematischen Institut der Universit\u00e4t zu K\u00f6ln besteht die M\u00f6glichkeit zur Anwendung dieser Software in den<a href=\"http:\/\/www.mi.uni-koeln.de\/wp-MIEDV\/unser-serviceangebot\/die-computer-arbeitsplaetze\/\">\u00a0Computer-Arbeitsr\u00e4umen der EDV-Abteilung<\/a>.<\/p>\n<p>Durch das Programm Opentext Exceed \u00a0kann man auf dem Server des Mathematischen Instituts die Software Mathematica verwenden. So wird die Speicherkapazit\u00e4t des Rechners nicht belastet und erm\u00f6glicht eine schnellere Rechnung komplizierter Eingaben.<\/p>\n<p>Nach der Anmeldung finden Sie das Programm unter<br \/>\n<em>Anwendungen &gt; Wolfram Mathematica &gt; Mathematica.<\/em><\/p>\n<p><a href=\"http:\/\/www.mi.uni-koeln.de\/wp-MIEDV\/wp-content\/uploads\/2015\/09\/exceed.jpeg\"><img loading=\"lazy\" decoding=\"async\" class=\"aligncenter wp-image-1753 size-full\" src=\"http:\/\/www.mi.uni-koeln.de\/wp-MIEDV\/wp-content\/uploads\/2015\/09\/exceed.jpeg\" alt=\"exceed\" width=\"1396\" height=\"475\" srcset=\"http:\/\/www.mi.uni-koeln.de\/wp-MIEDV\/wp-content\/uploads\/2015\/09\/exceed.jpeg 1396w, http:\/\/www.mi.uni-koeln.de\/wp-MIEDV\/wp-content\/uploads\/2015\/09\/exceed-300x102.jpeg 300w, http:\/\/www.mi.uni-koeln.de\/wp-MIEDV\/wp-content\/uploads\/2015\/09\/exceed-1024x348.jpeg 1024w, http:\/\/www.mi.uni-koeln.de\/wp-MIEDV\/wp-content\/uploads\/2015\/09\/exceed-500x170.jpeg 500w\" sizes=\"auto, (max-width: 709px) 85vw, (max-width: 909px) 67vw, (max-width: 1362px) 62vw, 840px\" \/><\/a><\/p>\n<p>Sollten Sie Opentext Exceed noch nicht konfiguriert haben, finden sie <a href=\"http:\/\/www.mi.uni-koeln.de\/wp-MIEDV\/wp-content\/uploads\/2015\/09\/exceed_config.pdf\">hier <\/a>eine Anleitung zur richtigen Konfiguration.<\/p>\n<p>Wenn vor dem Start nach einem Lizenzserver gefragt wird, bitte als Server-Namen <strong>Lagrange<\/strong> eingeben und den Anweisungen folgen.<\/p>\n<p>Auf diese Weise startet zur Zeit (Februar 2020) Mathematica Version 8.<\/p>\n<p>Durch ssh-Login auf dem host <strong>kutta<\/strong> kann man auch die neuere Version Mathematica11 starten.<\/p>\n<p>Dazu mit Applications\/Accessories\/Terminal ein Terminal-Fenster \u00f6ffnen.<\/p>\n<p>Dort eingeben: <strong>ssh kutta<\/strong><\/p>\n<p>Passwort eingeben.<\/p>\n<p>Nach erfolgreichem Login erscheint das Server-Prompt.<\/p>\n<p>Dort eingeben: <strong>mathematica &amp;<\/strong><\/p>\n<hr \/>\n<p><strong>Nutzung von Mathematica au\u00dferhalb der Universit\u00e4t<\/strong><\/p>\n<ul>\n<li>per ssh auf <strong>kutta.mi.uni-koeln.de<\/strong> einloggen<\/li>\n<li>Nutzung als Textversion (ohne Grafik) durch Eingabe von<br \/>\n\/<strong>usr\/local\/bin\/math<\/strong><\/li>\n<li>Nutzung incl. Grafik-Schnittstelle durch Aufruf von<br \/>\n<strong> \/usr\/local\/bin\/mathematica<\/strong><br \/>\n(ssh muss dabei mit der Option &#8222;Enable X11 Forwarding&#8220; gestartet werden, ein X-Server muss lokal laufen. Kostenlose Empfehlungen hierzu: <a href=\"http:\/\/www.straightrunning.com\/XmingNotes\/\">Xming<\/a> (gratis in der Public Domain-Version), <a href=\"https:\/\/github.com\/ArcticaProject\/vcxsrv\">VcXsrv<\/a> (Windows), <a href=\"https:\/\/www.xquartz.org\/\">Xquartz<\/a>\u00a0 (Mac OS), bei Linux enthalten).<\/li>\n<\/ul>\n","protected":false},"excerpt":{"rendered":"<p>F\u00fcr Studierende am Mathematischen Institut der Universit\u00e4t zu K\u00f6ln besteht die M\u00f6glichkeit zur Anwendung dieser Software in den\u00a0Computer-Arbeitsr\u00e4umen der EDV-Abteilung. Durch das Programm Opentext Exceed \u00a0kann man auf dem Server des Mathematischen Instituts die Software Mathematica verwenden. So wird die Speicherkapazit\u00e4t des Rechners nicht belastet und erm\u00f6glicht eine schnellere Rechnung komplizierter Eingaben. Nach der Anmeldung &hellip; <a href=\"http:\/\/www.mi.uni-koeln.de\/wp-MIEDV\/mathematica\/anwendung-mathematica\/\" class=\"more-link\"><span class=\"screen-reader-text\">&#8222;Anwendung von Mathematica&#8220; <\/span>weiterlesen<\/a><\/p>\n","protected":false},"author":1,"featured_media":0,"parent":1718,"menu_order":0,"comment_status":"closed","ping_status":"closed","template":"","meta":{"footnotes":""},"class_list":["post-1748","page","type-page","status-publish","hentry"],"post_mailing_queue_ids":[],"_links":{"self":[{"href":"http:\/\/www.mi.uni-koeln.de\/wp-MIEDV\/wp-json\/wp\/v2\/pages\/1748","targetHints":{"allow":["GET"]}}],"collection":[{"href":"http:\/\/www.mi.uni-koeln.de\/wp-MIEDV\/wp-json\/wp\/v2\/pages"}],"about":[{"href":"http:\/\/www.mi.uni-koeln.de\/wp-MIEDV\/wp-json\/wp\/v2\/types\/page"}],"author":[{"embeddable":true,"href":"http:\/\/www.mi.uni-koeln.de\/wp-MIEDV\/wp-json\/wp\/v2\/users\/1"}],"replies":[{"embeddable":true,"href":"http:\/\/www.mi.uni-koeln.de\/wp-MIEDV\/wp-json\/wp\/v2\/comments?post=1748"}],"version-history":[{"count":9,"href":"http:\/\/www.mi.uni-koeln.de\/wp-MIEDV\/wp-json\/wp\/v2\/pages\/1748\/revisions"}],"predecessor-version":[{"id":2410,"href":"http:\/\/www.mi.uni-koeln.de\/wp-MIEDV\/wp-json\/wp\/v2\/pages\/1748\/revisions\/2410"}],"up":[{"embeddable":true,"href":"http:\/\/www.mi.uni-koeln.de\/wp-MIEDV\/wp-json\/wp\/v2\/pages\/1718"}],"wp:attachment":[{"href":"http:\/\/www.mi.uni-koeln.de\/wp-MIEDV\/wp-json\/wp\/v2\/media?parent=1748"}],"curies":[{"name":"wp","href":"https:\/\/api.w.org\/{rel}","templated":true}]}}