{"id":1871,"date":"2015-09-22T15:59:43","date_gmt":"2015-09-22T13:59:43","guid":{"rendered":"http:\/\/www.mi.uni-koeln.de\/wp-MIEDV\/?page_id=1871"},"modified":"2016-08-30T08:53:35","modified_gmt":"2016-08-30T06:53:35","slug":"exceed","status":"publish","type":"page","link":"http:\/\/www.mi.uni-koeln.de\/wp-MIEDV\/exceed\/","title":{"rendered":"Exceed"},"content":{"rendered":"<p><strong>Exceed<\/strong><\/p>\n<p>Exceed ist eine Remote Software Application um von einem Windows System auf Maschinen zuzugreifen, dessen Betriebssystem auf Unix oder Linux basiert.<\/p>\n<p>Im Mathematischen Institut haben User die M\u00f6glichkeit Zugang zu unserem Server Thales zu erhalten. Auf dem Linuxserver Thales befinden sich Programme wie Mathematica, etliche Programmiersoftware und andere.<\/p>\n<p>Ausserdem hat man dort direkt Zugriff auf seinen vom Mathematischen Institut bereitgestellten eigenen Speicherplatz. In weniger als <strong>5 min<\/strong> k\u00f6nnen Sie Exceed einrichten.<\/p>\n<p><strong>So richtet man Exceed ein:<\/strong><\/p>\n<p>Zun\u00e4chst einmal m\u00fcssen wir das Konfigurierungs-Tool\u00a0<strong>Xconfig\u00a0<\/strong>\u00f6ffnen. \u00a0 \u00a0 \u00a0 \u00a0 \u00a0 \u00a0 \u00a0 \u00a0 \u00a0 \u00a0 \u00a0 \u00a0 \u00a0 \u00a0 \u00a0 \u00a0 \u00a0 \u00a0 \u00a0 \u00a0 \u00a0 \u00a0 \u00a0 \u00a0 \u00a0 \u00a0 \u00a0 Durch Eingabe von &#8222;Xconfig&#8220; in der Windows-Suchleiste gelangen wir dorthin:<\/p>\n<p><img loading=\"lazy\" decoding=\"async\" class=\"alignnone wp-image-1881\" src=\"http:\/\/www.mi.uni-koeln.de\/wp-MIEDV\/wp-content\/uploads\/2015\/09\/xconfig-237x300.jpg\" alt=\"xconfig\" width=\"358\" height=\"449\" \/><\/p>\n<p>Alternativ \u00f6ffnen wir den Ordner <strong>Open Text Exceed 14 x64<\/strong>, welcher auf dem Desktop \u00a0 \u00a0 \u00a0 \u00a0 \u00a0 \u00a0 \u00a0 \u00a0 \u00a0 \u00a0 \u00a0 \u00a0 \u00a0 \u00a0 \u00a0 \u00a0 \u00a0 platziert ist:<\/p>\n<p><a href=\"http:\/\/www.mi.uni-koeln.de\/wp-MIEDV\/wp-content\/uploads\/2015\/09\/xconfigDesk.gif\"><img loading=\"lazy\" decoding=\"async\" class=\"alignnone size-full wp-image-1891\" src=\"http:\/\/www.mi.uni-koeln.de\/wp-MIEDV\/wp-content\/uploads\/2015\/09\/xconfigDesk.gif\" alt=\"xconfigDesk\" width=\"133\" height=\"109\" \/><\/a><\/p>\n<p>In diesem Ordner klicken wir dann auf den Ordner <strong>Exceed Tools.\u00a0<\/strong>Nun befindet man sich in dem Ordner, in dem auch <strong>Xconfig<\/strong> enhalten ist. Ein Doppelklick und man \u00f6ffnet es.<\/p>\n<p>&nbsp;<\/p>\n<p>Sobald man Xconfig ge\u00f6ffnet hat erscheint folgendes Fenster:<\/p>\n<p><a href=\"http:\/\/www.mi.uni-koeln.de\/wp-MIEDV\/wp-content\/uploads\/2015\/09\/XconfigFenSter.png\"><img loading=\"lazy\" decoding=\"async\" class=\"alignnone wp-image-1896\" src=\"http:\/\/www.mi.uni-koeln.de\/wp-MIEDV\/wp-content\/uploads\/2015\/09\/XconfigFenSter-300x214.png\" alt=\"XconfigFenSter\" width=\"332\" height=\"240\" \/><\/a>\u00a0 \u00a0 \u00a0 \u00a0 \u00a0 \u00a0 \u00a0 \u00a0 \u00a0 \u00a0 \u00a0 \u00a0 \u00a0 \u00a0 \u00a0 \u00a0 \u00a0 \u00a0 \u00a0 \u00a0 \u00a0 \u00a0 \u00a0 \u00a0 \u00a0 \u00a0 \u00a0 \u00a0 \u00a0 \u00a0 \u00a0 \u00a0 \u00a0 \u00a0 \u00a0 \u00a0 \u00a0(Klick auf das Bild zeigt die Originalgr\u00f6\u00dfe an)<\/p>\n<p>&nbsp;<\/p>\n<p>Zuerst \u00f6ffnen wir die Rubrik\u00a0<strong>Netzwerk und Kommunikation.<\/strong><\/p>\n<p>Nun \u00e4ndern Sie den <strong>Modus auf XDMPC Query<\/strong>. Klicken Sie dann auf\u00a0<strong>Konfigurieren.\u00a0<\/strong>Geben Sie bei &#8222;Host verbinden&#8220; nun <strong>Thales.mi.uni-koeln.de<\/strong> ein:<\/p>\n<p><a href=\"http:\/\/www.mi.uni-koeln.de\/wp-MIEDV\/wp-content\/uploads\/2015\/09\/XconfigNetzwerkKomm.gif\"><img loading=\"lazy\" decoding=\"async\" class=\"alignnone size-medium wp-image-1899\" src=\"http:\/\/www.mi.uni-koeln.de\/wp-MIEDV\/wp-content\/uploads\/2015\/09\/XconfigNetzwerkKomm-300x167.gif\" alt=\"XconfigNetzwerkKomm\" width=\"300\" height=\"167\" srcset=\"http:\/\/www.mi.uni-koeln.de\/wp-MIEDV\/wp-content\/uploads\/2015\/09\/XconfigNetzwerkKomm-300x167.gif 300w, http:\/\/www.mi.uni-koeln.de\/wp-MIEDV\/wp-content\/uploads\/2015\/09\/XconfigNetzwerkKomm-1024x569.gif 1024w, http:\/\/www.mi.uni-koeln.de\/wp-MIEDV\/wp-content\/uploads\/2015\/09\/XconfigNetzwerkKomm-500x278.gif 500w\" sizes=\"auto, (max-width: 300px) 85vw, 300px\" \/><\/a>\u00a0 \u00a0 \u00a0 \u00a0 \u00a0 \u00a0 \u00a0 \u00a0 \u00a0 \u00a0 \u00a0 \u00a0 \u00a0 \u00a0 \u00a0 \u00a0 \u00a0 \u00a0 \u00a0 \u00a0 \u00a0 \u00a0 \u00a0 \u00a0 \u00a0 \u00a0 \u00a0 \u00a0 \u00a0 \u00a0 \u00a0 \u00a0 \u00a0 \u00a0 \u00a0 \u00a0 \u00a0 \u00a0 \u00a0 \u00a0(Klick auf das Bild zeigt die Originalgr\u00f6\u00dfe an)<\/p>\n<p>Jetz klicken Sie einmal <strong>OK\u00a0<\/strong>und best\u00e4tigen die Eingaben noch einmal mit dem <strong>gro\u00dfen gr\u00fcnen H\u00e4ckchen oben links.<\/strong><\/p>\n<p>Als letzte Ma\u00dfnahme m\u00fcssen wir noch eine Einstellung in der Rubrik\u00a0<strong>Display und Video\u00a0<\/strong>vornehmen.<\/p>\n<p>W\u00e4hlen Sie bei Serverbildschirm\u00a0<strong>TrueColor.<\/strong> Bei Fenstermodus w\u00e4hlen Sie <strong>Einzeln.\u00a0<\/strong>W\u00e4hlen Sie ebenfalls die Option\u00a0<strong>Alle Monitore verwenden:<\/strong><\/p>\n<p><a href=\"http:\/\/www.mi.uni-koeln.de\/wp-MIEDV\/wp-content\/uploads\/2015\/09\/XconfigDisplay.jpg\"><img loading=\"lazy\" decoding=\"async\" class=\"alignnone size-medium wp-image-1901\" src=\"http:\/\/www.mi.uni-koeln.de\/wp-MIEDV\/wp-content\/uploads\/2015\/09\/XconfigDisplay-300x214.jpg\" alt=\"XconfigDisplay\" width=\"300\" height=\"214\" srcset=\"http:\/\/www.mi.uni-koeln.de\/wp-MIEDV\/wp-content\/uploads\/2015\/09\/XconfigDisplay-300x214.jpg 300w, http:\/\/www.mi.uni-koeln.de\/wp-MIEDV\/wp-content\/uploads\/2015\/09\/XconfigDisplay-420x300.jpg 420w, http:\/\/www.mi.uni-koeln.de\/wp-MIEDV\/wp-content\/uploads\/2015\/09\/XconfigDisplay.jpg 927w\" sizes=\"auto, (max-width: 300px) 85vw, 300px\" \/><\/a>\u00a0 \u00a0 \u00a0 \u00a0 \u00a0 \u00a0 \u00a0 \u00a0 \u00a0 \u00a0 \u00a0 \u00a0 \u00a0 \u00a0 \u00a0 \u00a0 \u00a0 \u00a0 \u00a0 \u00a0 \u00a0 \u00a0 \u00a0 \u00a0 \u00a0 \u00a0 \u00a0 \u00a0 \u00a0 \u00a0 \u00a0 \u00a0 \u00a0 \u00a0 \u00a0 \u00a0 \u00a0 \u00a0 \u00a0\u00a0(Klick auf das Bild zeigt die Originalgr\u00f6\u00dfe an)<\/p>\n<p>Wenn Sie damit fertig sind dann best\u00e4tigen Sie Ihre Eingaben erneut mit\u00a0dem <strong>gro\u00dfen gr\u00fcnen H\u00e4ckchen oben links.\u00a0<\/strong><\/p>\n<p>Sie k\u00f6nnen<strong> Exceed nun starten<\/strong> indem Sie in der <strong>Windows-Suchleiste Exceed eingeben<\/strong> oder den <strong>Ordner Open Text Exceed 14 x64 auf Desktop \u00f6ffnen<\/strong> und dort dann Exceed ausw\u00e4hlen und mit einem Doppelklick starten.<\/p>\n<p>Wenn alles geklappt hat sollte folgendes Bild zusehen sein:<\/p>\n<p><a href=\"http:\/\/www.mi.uni-koeln.de\/wp-MIEDV\/wp-content\/uploads\/2015\/09\/Exceed-Anmeldung.png\"><img loading=\"lazy\" decoding=\"async\" class=\"alignnone size-medium wp-image-1903\" src=\"http:\/\/www.mi.uni-koeln.de\/wp-MIEDV\/wp-content\/uploads\/2015\/09\/Exceed-Anmeldung-300x173.png\" alt=\"Exceed-Anmeldung\" width=\"300\" height=\"173\" srcset=\"http:\/\/www.mi.uni-koeln.de\/wp-MIEDV\/wp-content\/uploads\/2015\/09\/Exceed-Anmeldung-300x173.png 300w, http:\/\/www.mi.uni-koeln.de\/wp-MIEDV\/wp-content\/uploads\/2015\/09\/Exceed-Anmeldung-1024x590.png 1024w, http:\/\/www.mi.uni-koeln.de\/wp-MIEDV\/wp-content\/uploads\/2015\/09\/Exceed-Anmeldung-500x288.png 500w, http:\/\/www.mi.uni-koeln.de\/wp-MIEDV\/wp-content\/uploads\/2015\/09\/Exceed-Anmeldung.png 1920w\" sizes=\"auto, (max-width: 300px) 85vw, 300px\" \/><\/a>\u00a0 \u00a0 \u00a0 \u00a0 \u00a0 \u00a0 \u00a0 \u00a0 \u00a0 \u00a0 \u00a0 \u00a0 \u00a0 \u00a0 \u00a0 \u00a0 \u00a0 \u00a0 \u00a0 \u00a0 \u00a0 \u00a0 \u00a0 \u00a0 \u00a0 \u00a0 \u00a0 \u00a0 \u00a0 \u00a0 \u00a0 \u00a0 \u00a0 \u00a0 \u00a0 \u00a0 \u00a0 \u00a0(Klick auf das Bild zeigt die Originalgr\u00f6\u00dfe an)<\/p>\n<p>Geben Sie nun zun\u00e4chst Ihren Benutzernamen ein und best\u00e4tigen Sie mit OK. Als n\u00e4chstes wird das Passwort verlangt, welches das selbe ist, was Sie f\u00fcr den Email-Server unseres Instituts gebrauchen.<\/p>\n<p>&nbsp;<\/p>\n<p><strong>Bei Fragen steht Ihnen die <a href=\"http:\/\/www.mi.uni-koeln.de\/wp-MIEDV\/das-edv-team\/\">EDV-Abteilung<\/a> auch hier zur Verf\u00fcgung.<\/strong><\/p>\n","protected":false},"excerpt":{"rendered":"<p>Exceed Exceed ist eine Remote Software Application um von einem Windows System auf Maschinen zuzugreifen, dessen Betriebssystem auf Unix oder Linux basiert. Im Mathematischen Institut haben User die M\u00f6glichkeit Zugang zu unserem Server Thales zu erhalten. Auf dem Linuxserver Thales befinden sich Programme wie Mathematica, etliche Programmiersoftware und andere. Ausserdem hat man dort direkt Zugriff &hellip; <a href=\"http:\/\/www.mi.uni-koeln.de\/wp-MIEDV\/exceed\/\" class=\"more-link\"><span class=\"screen-reader-text\">&#8222;Exceed&#8220; <\/span>weiterlesen<\/a><\/p>\n","protected":false},"author":7,"featured_media":0,"parent":0,"menu_order":0,"comment_status":"closed","ping_status":"closed","template":"","meta":{"footnotes":""},"class_list":["post-1871","page","type-page","status-publish","hentry"],"post_mailing_queue_ids":[],"_links":{"self":[{"href":"http:\/\/www.mi.uni-koeln.de\/wp-MIEDV\/wp-json\/wp\/v2\/pages\/1871","targetHints":{"allow":["GET"]}}],"collection":[{"href":"http:\/\/www.mi.uni-koeln.de\/wp-MIEDV\/wp-json\/wp\/v2\/pages"}],"about":[{"href":"http:\/\/www.mi.uni-koeln.de\/wp-MIEDV\/wp-json\/wp\/v2\/types\/page"}],"author":[{"embeddable":true,"href":"http:\/\/www.mi.uni-koeln.de\/wp-MIEDV\/wp-json\/wp\/v2\/users\/7"}],"replies":[{"embeddable":true,"href":"http:\/\/www.mi.uni-koeln.de\/wp-MIEDV\/wp-json\/wp\/v2\/comments?post=1871"}],"version-history":[{"count":30,"href":"http:\/\/www.mi.uni-koeln.de\/wp-MIEDV\/wp-json\/wp\/v2\/pages\/1871\/revisions"}],"predecessor-version":[{"id":2257,"href":"http:\/\/www.mi.uni-koeln.de\/wp-MIEDV\/wp-json\/wp\/v2\/pages\/1871\/revisions\/2257"}],"wp:attachment":[{"href":"http:\/\/www.mi.uni-koeln.de\/wp-MIEDV\/wp-json\/wp\/v2\/media?parent=1871"}],"curies":[{"name":"wp","href":"https:\/\/api.w.org\/{rel}","templated":true}]}}