{"id":1912,"date":"2015-09-22T17:15:59","date_gmt":"2015-09-22T15:15:59","guid":{"rendered":"http:\/\/www.mi.uni-koeln.de\/wp-MIEDV\/?page_id=1912"},"modified":"2021-01-22T09:28:55","modified_gmt":"2021-01-22T08:28:55","slug":"windows-und-linux-passwort","status":"publish","type":"page","link":"http:\/\/www.mi.uni-koeln.de\/wp-MIEDV\/sicherheit\/windows-und-linux-passwort\/","title":{"rendered":"Windows und Linux Passwort"},"content":{"rendered":"<p><strong>Unterschied zwischen Ihren beiden Passw\u00f6rtern:<\/strong><\/p>\n<p>Bei Ihrer Registrierung\u00a0 erhalten Sie zwei Passw\u00f6rter. Eines dient um sich bei Windows anzumelden. Das andere wird von Linux ben\u00f6tigt.<\/p>\n<p>Das Linux-Passwort gibt Ihnen die M\u00f6glichkeit Zugriff auf unseren Server Thales mit Hilfe von Exceed, Putty oder WinSCP zu erhalten. Au\u00dferdem k\u00f6nnen Sie sich mit diesem Passwort E-Mails abrufen, z. B. \u00fcber den\u00a0 <a href=\"https:\/\/www.mi.uni-koeln.de\/math-mail\/\" target=\"_blank\" rel=\"noopener\">Webmail-Server<\/a> .<\/p>\n<p>Mit dem Programm\u00a0<strong>Putty<\/strong> k\u00f6nnen Sie ihr Passwort \u00e4ndern oder auch beispielsweise mit ihrem Windowspasswort angleichen, was aber vollkommen Ihnen \u00fcberlassen ist.<\/p>\n<p>Um das Passwort bei Putty zu \u00e4ndern, \u00f6ffnen Sie Putty mit der Verkn\u00fcpfung auf dem Desktop. Geben Sie als Hostnamen\u00a0<strong>thales.mi.uni-koeln.de.\u00a0<\/strong>Nun dr\u00fccken Sie auf\u00a0<strong>open\u00a0<\/strong>unten Rechts.<\/p>\n<p>Es erscheint ein schwarzes Konsolenfenster. Dort steht &#8222;login as&#8220; . Geben Sie ihren Nutzernamen ein. Als n\u00e4chstes geben Sie ihr Passwort ein. Lassen Sie sich nicht irritieren, dass Ihr Passwort nicht angezeigt wird w\u00e4hrend der Angabe.<\/p>\n<p>Nun geben Sie den Befehl <b>passwd<\/b> ein. Die Konsole m\u00f6chte zuerst ihr jetziges Passwort abfragen. Danach geben Sie Ihr neues Wunschpasswort ein und best\u00e4tigen Sie mit Enter. Geben Sie erneut Ihr Wunschpasswort als Best\u00e4tigung ein und best\u00e4tigen Sie mit Enter.<\/p>\n<p><a href=\"http:\/\/www.mi.uni-koeln.de\/wp-MIEDV\/wp-content\/uploads\/2015\/09\/Passwort_aendern.pdf\">Hier<\/a> sind nochmal f\u00fcr beide Systeme (Windows, Linux) Graphiken zur Anmeldung.<\/p>\n","protected":false},"excerpt":{"rendered":"<p>Unterschied zwischen Ihren beiden Passw\u00f6rtern: Bei Ihrer Registrierung\u00a0 erhalten Sie zwei Passw\u00f6rter. Eines dient um sich bei Windows anzumelden. Das andere wird von Linux ben\u00f6tigt. Das Linux-Passwort gibt Ihnen die M\u00f6glichkeit Zugriff auf unseren Server Thales mit Hilfe von Exceed, Putty oder WinSCP zu erhalten. Au\u00dferdem k\u00f6nnen Sie sich mit diesem Passwort E-Mails abrufen, z. &hellip; <a href=\"http:\/\/www.mi.uni-koeln.de\/wp-MIEDV\/sicherheit\/windows-und-linux-passwort\/\" class=\"more-link\"><span class=\"screen-reader-text\">&#8222;Windows und Linux Passwort&#8220; <\/span>weiterlesen<\/a><\/p>\n","protected":false},"author":7,"featured_media":0,"parent":2056,"menu_order":2,"comment_status":"closed","ping_status":"closed","template":"","meta":{"footnotes":""},"class_list":["post-1912","page","type-page","status-publish","hentry"],"post_mailing_queue_ids":[],"_links":{"self":[{"href":"http:\/\/www.mi.uni-koeln.de\/wp-MIEDV\/wp-json\/wp\/v2\/pages\/1912","targetHints":{"allow":["GET"]}}],"collection":[{"href":"http:\/\/www.mi.uni-koeln.de\/wp-MIEDV\/wp-json\/wp\/v2\/pages"}],"about":[{"href":"http:\/\/www.mi.uni-koeln.de\/wp-MIEDV\/wp-json\/wp\/v2\/types\/page"}],"author":[{"embeddable":true,"href":"http:\/\/www.mi.uni-koeln.de\/wp-MIEDV\/wp-json\/wp\/v2\/users\/7"}],"replies":[{"embeddable":true,"href":"http:\/\/www.mi.uni-koeln.de\/wp-MIEDV\/wp-json\/wp\/v2\/comments?post=1912"}],"version-history":[{"count":7,"href":"http:\/\/www.mi.uni-koeln.de\/wp-MIEDV\/wp-json\/wp\/v2\/pages\/1912\/revisions"}],"predecessor-version":[{"id":2417,"href":"http:\/\/www.mi.uni-koeln.de\/wp-MIEDV\/wp-json\/wp\/v2\/pages\/1912\/revisions\/2417"}],"up":[{"embeddable":true,"href":"http:\/\/www.mi.uni-koeln.de\/wp-MIEDV\/wp-json\/wp\/v2\/pages\/2056"}],"wp:attachment":[{"href":"http:\/\/www.mi.uni-koeln.de\/wp-MIEDV\/wp-json\/wp\/v2\/media?parent=1912"}],"curies":[{"name":"wp","href":"https:\/\/api.w.org\/{rel}","templated":true}]}}