{"id":1918,"date":"2015-09-28T13:53:54","date_gmt":"2015-09-28T11:53:54","guid":{"rendered":"http:\/\/www.mi.uni-koeln.de\/wp-MIEDV\/?page_id=1918"},"modified":"2016-07-11T14:22:38","modified_gmt":"2016-07-11T12:22:38","slug":"winscp","status":"publish","type":"page","link":"http:\/\/www.mi.uni-koeln.de\/wp-MIEDV\/winscp\/","title":{"rendered":"WinSCP"},"content":{"rendered":"<p><strong>\u00a0WinSCP<\/strong><\/p>\n<p>Mit der Software WinSCP kann man Dateien auf dem Server des Mathematischen Instituts &#8222;Thales&#8220; in einer gewohnten Explorer-Ansicht verwalten.<\/p>\n<p>Um sich mit dem Server zu verbinden startet man zun\u00e4chst WinSCP. Dies macht man entweder mit der Desktopverkn\u00fcpfung oder indem man das Windows-Icon unten links anklickt und in der Suchleiste dort &#8222;WinSCP&#8220; eintr\u00e4gt:<\/p>\n<p>Desktopverkn\u00fcpfung:<\/p>\n<p><a href=\"http:\/\/www.mi.uni-koeln.de\/wp-MIEDV\/wp-content\/uploads\/2015\/09\/WINSCP.gif\"><img loading=\"lazy\" decoding=\"async\" class=\"alignnone size-full wp-image-1919\" src=\"http:\/\/www.mi.uni-koeln.de\/wp-MIEDV\/wp-content\/uploads\/2015\/09\/WINSCP.gif\" alt=\"WINSCP\" width=\"99\" height=\"99\" \/><\/a><\/p>\n<p>Oder \u00fcber die Suchleiste:<\/p>\n<p><a href=\"http:\/\/www.mi.uni-koeln.de\/wp-MIEDV\/wp-content\/uploads\/2015\/09\/WinSCPSuch.jpg\"><img loading=\"lazy\" decoding=\"async\" class=\"alignnone size-medium wp-image-1920\" src=\"http:\/\/www.mi.uni-koeln.de\/wp-MIEDV\/wp-content\/uploads\/2015\/09\/WinSCPSuch-241x300.jpg\" alt=\"WinSCPSuch\" width=\"241\" height=\"300\" srcset=\"http:\/\/www.mi.uni-koeln.de\/wp-MIEDV\/wp-content\/uploads\/2015\/09\/WinSCPSuch-241x300.jpg 241w, http:\/\/www.mi.uni-koeln.de\/wp-MIEDV\/wp-content\/uploads\/2015\/09\/WinSCPSuch.jpg 410w\" sizes=\"auto, (max-width: 241px) 85vw, 241px\" \/><\/a>\u00a0 \u00a0 \u00a0 \u00a0 \u00a0 \u00a0 \u00a0 \u00a0 \u00a0 \u00a0 \u00a0 \u00a0 \u00a0 \u00a0 \u00a0 \u00a0 \u00a0 \u00a0 \u00a0 \u00a0 \u00a0 \u00a0 \u00a0 \u00a0 \u00a0 \u00a0 \u00a0 \u00a0 \u00a0 \u00a0 \u00a0 \u00a0 \u00a0 \u00a0 \u00a0 \u00a0 \u00a0 \u00a0 \u00a0 \u00a0 \u00a0 \u00a0 \u00a0 \u00a0 \u00a0 \u00a0 \u00a0 \u00a0(Klick auf das Bild zeigt die Originalgr\u00f6\u00dfe an)<\/p>\n<p>&nbsp;<\/p>\n<p>Es \u00f6ffnet sich ein Fenster, in welches Sie folgende Eingaben vornehmen:<\/p>\n<p><a href=\"http:\/\/www.mi.uni-koeln.de\/wp-MIEDV\/wp-content\/uploads\/2016\/07\/WinSCPkorrfenster.gif\"><img loading=\"lazy\" decoding=\"async\" class=\"alignnone wp-image-2217 size-medium\" src=\"http:\/\/www.mi.uni-koeln.de\/wp-MIEDV\/wp-content\/uploads\/2016\/07\/WinSCPkorrfenster-300x203.gif\" alt=\"\" width=\"300\" height=\"203\" srcset=\"http:\/\/www.mi.uni-koeln.de\/wp-MIEDV\/wp-content\/uploads\/2016\/07\/WinSCPkorrfenster-300x203.gif 300w, http:\/\/www.mi.uni-koeln.de\/wp-MIEDV\/wp-content\/uploads\/2016\/07\/WinSCPkorrfenster-500x339.gif 500w, http:\/\/www.mi.uni-koeln.de\/wp-MIEDV\/wp-content\/uploads\/2016\/07\/WinSCPkorrfenster-443x300.gif 443w\" sizes=\"auto, (max-width: 300px) 85vw, 300px\" \/><\/a>\u00a0 \u00a0 \u00a0 \u00a0 \u00a0 \u00a0 \u00a0 \u00a0 \u00a0 \u00a0 \u00a0 \u00a0 \u00a0 \u00a0 \u00a0 \u00a0 \u00a0 \u00a0 \u00a0 \u00a0 \u00a0 \u00a0 \u00a0 \u00a0 \u00a0 \u00a0 \u00a0 \u00a0 \u00a0 \u00a0 \u00a0 \u00a0 \u00a0 \u00a0 \u00a0 \u00a0 \u00a0 \u00a0\u00a0(Klick auf das Bild zeigt die Originalgr\u00f6\u00dfe an)<\/p>\n<p>&nbsp;<\/p>\n<p>Rechnername: <strong>thales.mi.uni-koeln.de<\/strong><\/p>\n<p style=\"padding-left: 30px;\"><em>Bei Verbindungsproblemen: die IP-Adresse <\/em><strong>134.95.213.2<\/strong><em> versuchen. Im Subnetz des Mathematischen Instituts reicht es, <\/em><strong>thales<\/strong> <em>einzugeben.<\/em><\/p>\n<p>Benutzername: Ihr Benutzername!<\/p>\n<p>Kennwort: Ihr Kennwort, das Sie f\u00fcr die Anmeldung bei Linux oder dem Webserver verwenden.<\/p>\n<p>&nbsp;<\/p>\n<p>Sie k\u00f6nnen auf Speichern klicken, um bei der n\u00e4chsten Anmeldung nur noch Ihr gespeichertes &#8222;Profil&#8220; mit einem Doppelklick auszuw\u00e4hlen:<\/p>\n<p><a href=\"http:\/\/www.mi.uni-koeln.de\/wp-MIEDV\/wp-content\/uploads\/2015\/09\/WinSCPSpeic.jpg\"><img loading=\"lazy\" decoding=\"async\" class=\"alignnone size-medium wp-image-1925\" src=\"http:\/\/www.mi.uni-koeln.de\/wp-MIEDV\/wp-content\/uploads\/2015\/09\/WinSCPSpeic-300x202.jpg\" alt=\"WinSCPSpeic\" width=\"300\" height=\"202\" srcset=\"http:\/\/www.mi.uni-koeln.de\/wp-MIEDV\/wp-content\/uploads\/2015\/09\/WinSCPSpeic-300x202.jpg 300w, http:\/\/www.mi.uni-koeln.de\/wp-MIEDV\/wp-content\/uploads\/2015\/09\/WinSCPSpeic-447x300.jpg 447w, http:\/\/www.mi.uni-koeln.de\/wp-MIEDV\/wp-content\/uploads\/2015\/09\/WinSCPSpeic.jpg 640w\" sizes=\"auto, (max-width: 300px) 85vw, 300px\" \/><\/a>\u00a0 \u00a0 \u00a0 \u00a0 \u00a0 \u00a0 \u00a0 \u00a0 \u00a0 \u00a0 \u00a0 \u00a0 \u00a0 \u00a0 \u00a0 \u00a0 \u00a0 \u00a0 \u00a0 \u00a0 \u00a0 \u00a0 \u00a0 \u00a0 \u00a0 \u00a0 \u00a0 \u00a0 \u00a0 \u00a0 \u00a0 \u00a0 \u00a0 \u00a0 \u00a0 \u00a0 \u00a0\u00a0(Klick auf das Bild zeigt die Originalgr\u00f6\u00dfe an)<\/p>\n<p>&nbsp;<\/p>\n<p><strong>Fertig!<\/strong><\/p>\n<p>&nbsp;<\/p>\n<p><strong>Bei Fragen steht Ihnen die <a href=\"http:\/\/www.mi.uni-koeln.de\/wp-MIEDV\/das-edv-team\/\">EDV-Abteilung<\/a> auch hier zur Verf\u00fcgung.<\/strong><\/p>\n<p>&nbsp;<\/p>\n<p>&nbsp;<\/p>\n","protected":false},"excerpt":{"rendered":"<p>\u00a0WinSCP Mit der Software WinSCP kann man Dateien auf dem Server des Mathematischen Instituts &#8222;Thales&#8220; in einer gewohnten Explorer-Ansicht verwalten. Um sich mit dem Server zu verbinden startet man zun\u00e4chst WinSCP. Dies macht man entweder mit der Desktopverkn\u00fcpfung oder indem man das Windows-Icon unten links anklickt und in der Suchleiste dort &#8222;WinSCP&#8220; eintr\u00e4gt: Desktopverkn\u00fcpfung: Oder &hellip; <a href=\"http:\/\/www.mi.uni-koeln.de\/wp-MIEDV\/winscp\/\" class=\"more-link\"><span class=\"screen-reader-text\">&#8222;WinSCP&#8220; <\/span>weiterlesen<\/a><\/p>\n","protected":false},"author":7,"featured_media":0,"parent":0,"menu_order":0,"comment_status":"closed","ping_status":"closed","template":"","meta":{"footnotes":""},"class_list":["post-1918","page","type-page","status-publish","hentry"],"post_mailing_queue_ids":[],"_links":{"self":[{"href":"http:\/\/www.mi.uni-koeln.de\/wp-MIEDV\/wp-json\/wp\/v2\/pages\/1918","targetHints":{"allow":["GET"]}}],"collection":[{"href":"http:\/\/www.mi.uni-koeln.de\/wp-MIEDV\/wp-json\/wp\/v2\/pages"}],"about":[{"href":"http:\/\/www.mi.uni-koeln.de\/wp-MIEDV\/wp-json\/wp\/v2\/types\/page"}],"author":[{"embeddable":true,"href":"http:\/\/www.mi.uni-koeln.de\/wp-MIEDV\/wp-json\/wp\/v2\/users\/7"}],"replies":[{"embeddable":true,"href":"http:\/\/www.mi.uni-koeln.de\/wp-MIEDV\/wp-json\/wp\/v2\/comments?post=1918"}],"version-history":[{"count":9,"href":"http:\/\/www.mi.uni-koeln.de\/wp-MIEDV\/wp-json\/wp\/v2\/pages\/1918\/revisions"}],"predecessor-version":[{"id":2219,"href":"http:\/\/www.mi.uni-koeln.de\/wp-MIEDV\/wp-json\/wp\/v2\/pages\/1918\/revisions\/2219"}],"wp:attachment":[{"href":"http:\/\/www.mi.uni-koeln.de\/wp-MIEDV\/wp-json\/wp\/v2\/media?parent=1918"}],"curies":[{"name":"wp","href":"https:\/\/api.w.org\/{rel}","templated":true}]}}