{"id":1955,"date":"2015-10-12T15:32:51","date_gmt":"2015-10-12T13:32:51","guid":{"rendered":"http:\/\/www.mi.uni-koeln.de\/wp-MIEDV\/?page_id=1955"},"modified":"2015-10-12T15:32:51","modified_gmt":"2015-10-12T13:32:51","slug":"putty-unter-windows","status":"publish","type":"page","link":"http:\/\/www.mi.uni-koeln.de\/wp-MIEDV\/putty-unter-windows\/","title":{"rendered":"Putty unter Windows"},"content":{"rendered":"<div class=\"textTitleSmallClass\"><\/div>\n<p><b>Putty<\/b> startet man entweder mit Hilfe einer Verkn\u00fcpfung auf dem Desktop&#8230;<\/p>\n<div align=\"Center\"><img decoding=\"async\" src=\"http:\/\/www.mi.uni-koeln.de\/img\/Datenstation\/software\/putty\/PuTTy.jpg\" alt=\"\" \/><\/div>\n<p>&#8230; oder \u00fcber das Startmen\u00fc<\/p>\n<div align=\"Center\"><img decoding=\"async\" src=\"http:\/\/www.mi.uni-koeln.de\/img\/Datenstation\/software\/putty\/start_menue.jpg\" alt=\"\" \/><\/div>\n<p>Nach dem Start erscheint das Konfigurationsfenster, wo in das Feld &#8222;Host Name&#8220; <b>thales<\/b> eingegeben wird.<br \/>\nDie restlichen Optionen bleiben unangetastet.<\/p>\n<div align=\"Center\"><img decoding=\"async\" src=\"http:\/\/www.mi.uni-koeln.de\/img\/Datenstation\/software\/putty\/PuTTy_config.jpg\" alt=\"\" \/><\/div>\n<p>Wenn man aber die auf den Unix-Servern installierte Programme unter Windows benutzen m\u00f6chte,<br \/>\nl\u00e4sst sich das auch mit Hilfe von Putty verwirklichen. Vorher muss die Konfiguration<br \/>\nvon <b>exceed<\/b> angepasst werden. Dazu \u00f6ffnet man \u00fcber das<br \/>\nStartmen\u00fc <b>xconfig<\/b> und \u00fcberpr\u00fcft die Netzwerk-, &amp; Monitoreinstellungen.<br \/>\nSiehe dazu Screenshots unten&#8230;<\/p>\n<div align=\"Center\"><img decoding=\"async\" src=\"http:\/\/www.mi.uni-koeln.de\/img\/Datenstation\/software\/putty\/xconf_all.jpg\" alt=\"\" \/><\/div>\n<p>&nbsp;<\/p>\n<div align=\"Center\"><img decoding=\"async\" src=\"http:\/\/www.mi.uni-koeln.de\/img\/Datenstation\/software\/putty\/xconf_netz.jpg\" alt=\"\" \/><\/div>\n<p>&nbsp;<\/p>\n<div align=\"Center\"><img decoding=\"async\" src=\"http:\/\/www.mi.uni-koeln.de\/img\/Datenstation\/software\/putty\/xconf_mon.jpg\" alt=\"\" \/><\/div>\n<p><b>WICHTIG!!!<\/b> Bevor man Putty startet, muss sichergestellt werden, dass exceed bereits im Hintergrund l\u00e4uft.<\/p>\n<p>Als letzter Schritt bleibt es noch Putty zu konfigurieren.<br \/>\nVergleichen Sie dazu Putty-Einstellungen auf Ihrem Rechner mit denen auf dem Screenshot unten.<\/p>\n<p>&nbsp;<\/p>\n<div align=\"Center\"><img decoding=\"async\" src=\"http:\/\/www.mi.uni-koeln.de\/img\/Datenstation\/software\/putty\/putty_sett.jpg\" alt=\"\" \/><\/div>\n<p>Anschlie\u00dfend klickt man auf &#8222;open&#8220; und startet per Befehl das entsprechende Programm, z.B. man gibt als Befehl &#8222;mathematica <b>&amp;<\/b>&#8220; oder &#8222;xmaple <b>&amp;<\/b>&#8220; ein. (nat\u00fcrlich ohne Anf\u00fchrungszeichen)<br \/>\n<b>WICHTIG!!!<\/b> Am Ende des Befehls muss in diesem Fall das <b>&amp;<\/b>-Zeichen stehen.<\/p>\n","protected":false},"excerpt":{"rendered":"<p>Putty startet man entweder mit Hilfe einer Verkn\u00fcpfung auf dem Desktop&#8230; &#8230; oder \u00fcber das Startmen\u00fc Nach dem Start erscheint das Konfigurationsfenster, wo in das Feld &#8222;Host Name&#8220; thales eingegeben wird. Die restlichen Optionen bleiben unangetastet. Wenn man aber die auf den Unix-Servern installierte Programme unter Windows benutzen m\u00f6chte, l\u00e4sst sich das auch mit Hilfe &hellip; <a href=\"http:\/\/www.mi.uni-koeln.de\/wp-MIEDV\/putty-unter-windows\/\" class=\"more-link\"><span class=\"screen-reader-text\">&#8222;Putty unter Windows&#8220; <\/span>weiterlesen<\/a><\/p>\n","protected":false},"author":1,"featured_media":0,"parent":0,"menu_order":0,"comment_status":"closed","ping_status":"closed","template":"","meta":{"footnotes":""},"class_list":["post-1955","page","type-page","status-publish","hentry"],"post_mailing_queue_ids":[],"_links":{"self":[{"href":"http:\/\/www.mi.uni-koeln.de\/wp-MIEDV\/wp-json\/wp\/v2\/pages\/1955","targetHints":{"allow":["GET"]}}],"collection":[{"href":"http:\/\/www.mi.uni-koeln.de\/wp-MIEDV\/wp-json\/wp\/v2\/pages"}],"about":[{"href":"http:\/\/www.mi.uni-koeln.de\/wp-MIEDV\/wp-json\/wp\/v2\/types\/page"}],"author":[{"embeddable":true,"href":"http:\/\/www.mi.uni-koeln.de\/wp-MIEDV\/wp-json\/wp\/v2\/users\/1"}],"replies":[{"embeddable":true,"href":"http:\/\/www.mi.uni-koeln.de\/wp-MIEDV\/wp-json\/wp\/v2\/comments?post=1955"}],"version-history":[{"count":1,"href":"http:\/\/www.mi.uni-koeln.de\/wp-MIEDV\/wp-json\/wp\/v2\/pages\/1955\/revisions"}],"predecessor-version":[{"id":1956,"href":"http:\/\/www.mi.uni-koeln.de\/wp-MIEDV\/wp-json\/wp\/v2\/pages\/1955\/revisions\/1956"}],"wp:attachment":[{"href":"http:\/\/www.mi.uni-koeln.de\/wp-MIEDV\/wp-json\/wp\/v2\/media?parent=1955"}],"curies":[{"name":"wp","href":"https:\/\/api.w.org\/{rel}","templated":true}]}}