{"id":1970,"date":"2015-10-12T15:46:29","date_gmt":"2015-10-12T13:46:29","guid":{"rendered":"http:\/\/www.mi.uni-koeln.de\/wp-MIEDV\/?page_id=1970"},"modified":"2015-10-12T15:50:22","modified_gmt":"2015-10-12T13:50:22","slug":"interne-seiten","status":"publish","type":"page","link":"http:\/\/www.mi.uni-koeln.de\/wp-MIEDV\/interne-seiten\/","title":{"rendered":"Interne Seiten"},"content":{"rendered":"\n<table id=\"tablepress-19\" class=\"tablepress tablepress-id-19\">\n<tbody class=\"row-hover\">\n<tr class=\"row-1\">\n\t<td class=\"column-1\"><a href=\"https:\/\/webmail.uni-koeln.de\/\"><img loading=\"lazy\" decoding=\"async\" src=\"http:\/\/www.mi.uni-koeln.de\/wp-MIEDV\/wp-content\/uploads\/2015\/10\/1426640939-300px-150x150.png\" alt=\"1426640939-300px\" width=\"150\" height=\"150\" class=\"alignnone size-thumbnail wp-image-1980\" \/><\/a><\/td><td class=\"column-2\"><b><a href=\"https:\/\/webmail.uni-koeln.de\/\" target=\"_blank\" rel=\"noopener\">Webmail<\/a><\/b><br \/>\nMit den Zugangsdaten Ihres UniKIM-Accounts k\u00f6nnen Sie Ihre E-Mails \u00fcber den Webmail-Server des RRZK abrufen.<\/td>\n<\/tr>\n<tr class=\"row-2\">\n\t<td class=\"column-1\"><a href=\"https:\/\/www.mi.uni-koeln.de\/doc-prot\/mitarbeiter\/maillist\/\"><img loading=\"lazy\" decoding=\"async\" src=\"http:\/\/www.mi.uni-koeln.de\/wp-MIEDV\/wp-content\/uploads\/2015\/10\/mailinglist-300px-150x150.png\" alt=\"mailinglist-300px\" width=\"150\" height=\"150\" class=\"alignnone size-thumbnail wp-image-1975\" srcset=\"http:\/\/www.mi.uni-koeln.de\/wp-MIEDV\/wp-content\/uploads\/2015\/10\/mailinglist-300px-150x150.png 150w, http:\/\/www.mi.uni-koeln.de\/wp-MIEDV\/wp-content\/uploads\/2015\/10\/mailinglist-300px.png 300w\" sizes=\"auto, (max-width: 150px) 85vw, 150px\" \/><\/a><\/td><td class=\"column-2\"><b><a href=\"https:\/\/www.mi.uni-koeln.de\/doc-prot\/mitarbeiter\/maillist\/\" target=\"_blank\" rel=\"noopener\">Interne Mailinglisten<\/a><\/b><br \/>\nHier finden Sie eine Liste der Mail-Verteiler.<\/td>\n<\/tr>\n<tr class=\"row-3\">\n\t<td class=\"column-1\"><a href=\"https:\/\/www.mi.uni-koeln.de\/print1\/index.php\"><img loading=\"lazy\" decoding=\"async\" src=\"http:\/\/www.mi.uni-koeln.de\/wp-MIEDV\/wp-content\/uploads\/2015\/10\/johnny-automatic-laser-printer-300px-150x150.png\" alt=\"johnny-automatic-laser-printer-300px\" width=\"150\" height=\"150\" class=\"alignnone size-thumbnail wp-image-1974\" \/><\/a><\/td><td class=\"column-2\"><b><a href=\"https:\/\/www.mi.uni-koeln.de\/doc-prot\/mitarbeiter\/AccountsMathematikFormulare\/\" target=\"_blank\" rel=\"noopener\">Formulare f\u00fcr Benutzeraccounts<\/a><\/b><br> in der Mathematik.<\/td>\n<\/tr>\n<tr class=\"row-4\">\n\t<td class=\"column-1\"><a href=\"https:\/\/www.mi.uni-koeln.de\/print1\/index.php\"><img loading=\"lazy\" decoding=\"async\" src=\"http:\/\/www.mi.uni-koeln.de\/wp-MIEDV\/wp-content\/uploads\/2015\/10\/johnny-automatic-laser-printer-300px-150x150.png\" alt=\"johnny-automatic-laser-printer-300px\" width=\"150\" height=\"150\" class=\"alignnone size-thumbnail wp-image-1974\" \/><\/a><\/td><td class=\"column-2\"><b><a href=\"https:\/\/www.mi.uni-koeln.de\/print1\/index.php\" target=\"_blank\" rel=\"noopener\">Der Drucker \"Loriot\"<\/a><\/b><br \/>\nHier gibt es f\u00fcr Mitarbeiter die M\u00f6glichkeit \u00fcber eine Webseite auf den Drucker \"Loriot\" gr\u00f6\u00dfere Druckauftr\u00e4ge zu drucken (in Bearbeitung).<\/td>\n<\/tr>\n<\/tbody>\n<\/table>\n\n","protected":false},"excerpt":{"rendered":"","protected":false},"author":1,"featured_media":0,"parent":0,"menu_order":0,"comment_status":"closed","ping_status":"closed","template":"","meta":{"footnotes":""},"class_list":["post-1970","page","type-page","status-publish","hentry"],"post_mailing_queue_ids":[],"_links":{"self":[{"href":"http:\/\/www.mi.uni-koeln.de\/wp-MIEDV\/wp-json\/wp\/v2\/pages\/1970","targetHints":{"allow":["GET"]}}],"collection":[{"href":"http:\/\/www.mi.uni-koeln.de\/wp-MIEDV\/wp-json\/wp\/v2\/pages"}],"about":[{"href":"http:\/\/www.mi.uni-koeln.de\/wp-MIEDV\/wp-json\/wp\/v2\/types\/page"}],"author":[{"embeddable":true,"href":"http:\/\/www.mi.uni-koeln.de\/wp-MIEDV\/wp-json\/wp\/v2\/users\/1"}],"replies":[{"embeddable":true,"href":"http:\/\/www.mi.uni-koeln.de\/wp-MIEDV\/wp-json\/wp\/v2\/comments?post=1970"}],"version-history":[{"count":2,"href":"http:\/\/www.mi.uni-koeln.de\/wp-MIEDV\/wp-json\/wp\/v2\/pages\/1970\/revisions"}],"predecessor-version":[{"id":1977,"href":"http:\/\/www.mi.uni-koeln.de\/wp-MIEDV\/wp-json\/wp\/v2\/pages\/1970\/revisions\/1977"}],"wp:attachment":[{"href":"http:\/\/www.mi.uni-koeln.de\/wp-MIEDV\/wp-json\/wp\/v2\/media?parent=1970"}],"curies":[{"name":"wp","href":"https:\/\/api.w.org\/{rel}","templated":true}]}}