{"id":2056,"date":"2016-03-17T13:02:17","date_gmt":"2016-03-17T12:02:17","guid":{"rendered":"http:\/\/www.mi.uni-koeln.de\/wp-MIEDV\/?page_id=2056"},"modified":"2016-03-17T16:26:54","modified_gmt":"2016-03-17T15:26:54","slug":"sicherheit","status":"publish","type":"page","link":"http:\/\/www.mi.uni-koeln.de\/wp-MIEDV\/sicherheit\/","title":{"rendered":"Sicherheit"},"content":{"rendered":"\n<table id=\"tablepress-21\" class=\"tablepress tablepress-id-21\">\n<tbody class=\"row-striping row-hover\">\n<tr class=\"row-1\">\n\t<td class=\"column-1\"><a href=\"\/wp-MIEDV\/sicherheit\/sophos-antivirus-software\/\"><img loading=\"lazy\" decoding=\"async\" src=\"http:\/\/www.mi.uni-koeln.de\/wp-MIEDV\/wp-content\/uploads\/2016\/03\/Denial-Of-Service-Attack-300px-150x150.png\" alt=\"Denial-Of-Service-Attack-300px\" width=\"150\" height=\"150\" class=\"alignnone size-thumbnail wp-image-2076\"\/><\/a><\/td><td class=\"column-2\"><a href=\"\/wp-MIEDV\/sicherheit\/sophos-antivirus-software\/\">Sophos Anti-Virus<\/a><br \/>\nSophos Anti-Virus (SAV): an der UzK und in der Mathematik eingesetzte Antivirensoftware. Hier Informatinen zu den im Juni\/Juli 2023 eingef\u00fchrten Produkten Sophos Intercept X und Sophos Home Premium. <\/td>\n<\/tr>\n<tr class=\"row-2\">\n\t<td class=\"column-1\"><a href=\"http:\/\/www.mi.uni-koeln.de\/wp-MIEDV\/ausfiltern-unerwuenschter-e-mails-spam\/\"><img loading=\"lazy\" decoding=\"async\" src=\"http:\/\/www.mi.uni-koeln.de\/wp-MIEDV\/wp-content\/uploads\/2015\/09\/Spam-Mail-150x150.png\" alt=\"Spam-Mail\" width=\"150\" height=\"150\" class=\"alignnone size-thumbnail wp-image-1532\" srcset=\"http:\/\/www.mi.uni-koeln.de\/wp-MIEDV\/wp-content\/uploads\/2015\/09\/Spam-Mail-150x150.png 150w, http:\/\/www.mi.uni-koeln.de\/wp-MIEDV\/wp-content\/uploads\/2015\/09\/Spam-Mail.png 300w\" sizes=\"auto, (max-width: 150px) 85vw, 150px\" \/><\/a><\/td><td class=\"column-2\"><a href=\"http:\/\/www.mi.uni-koeln.de\/wp-MIEDV\/ausfiltern-unerwuenschter-e-mails-spam\/\">SPAM ausfiltern\u00a0<\/a><br \/>\n<br \/>\nSollten Sie auf Ihre Email-Adresse <b>@(math.)uni-koeln.de<\/b>  t\u00e4glich Unmengen von SPAM bekommen, so kann die hier beschriebene Ma\u00dfnahme Abhilfe schaffen.<\/td>\n<\/tr>\n<tr class=\"row-3\">\n\t<td class=\"column-1\"><a href=\"http:\/\/www.mi.uni-koeln.de\/wp-MIEDV\/wp-content\/uploads\/2015\/12\/Passwort_aendern.pdf\"><img loading=\"lazy\" decoding=\"async\" src=\"http:\/\/www.mi.uni-koeln.de\/wp-MIEDV\/wp-content\/uploads\/2015\/09\/password-150x150.png\" alt=\"password\" width=\"150\" height=\"150\" class=\"alignnone size-thumbnail wp-image-1529\"\/><\/a><\/td><td class=\"column-2\"><a class=\"linkIntern\" href=\"http:\/\/www.mi.uni-koeln.de\/wp-MIEDV\/wp-content\/uploads\/2015\/12\/Passwort_aendern.pdf\">Passwort \u00e4ndern <\/a><br \/>\n<br \/>\nWenn Sie ihr Passwort um\u00e4ndern m\u00f6chten, finden Sie hier eine einfache Anleitung f\u00fcr beide Betriebssysteme.<br \/>\n<a href=\"http:\/\/www.mi.uni-koeln.de\/wp-MIEDV\/windows-und-linux-passwort\/\">Unterschied zwischen Windows- und Linuxpasswort<\/a><\/td>\n<\/tr>\n<tr class=\"row-4\">\n\t<td class=\"column-1\"><a href=\"http:\/\/rrzk.uni-koeln.de\/vpn.html\"><img loading=\"lazy\" decoding=\"async\" src=\"http:\/\/www.mi.uni-koeln.de\/wp-MIEDV\/wp-content\/uploads\/2016\/03\/cfry-bolt1-2400px-150x150.png\" alt=\"cfry-bolt1-2400px\" width=\"150\" height=\"150\" class=\"alignnone size-thumbnail wp-image-2074\" srcset=\"http:\/\/www.mi.uni-koeln.de\/wp-MIEDV\/wp-content\/uploads\/2016\/03\/cfry-bolt1-2400px-150x150.png 150w, http:\/\/www.mi.uni-koeln.de\/wp-MIEDV\/wp-content\/uploads\/2016\/03\/cfry-bolt1-2400px-300x300.png 300w\" sizes=\"auto, (max-width: 150px) 85vw, 150px\" \/><\/a><\/td><td class=\"column-2\"><a href=\"http:\/\/rrzk.uni-koeln.de\/vpn.html\">VPN an der Universit\u00e4t zu K\u00f6ln<\/a><br \/>\n\u00dcber einen VPN-Zugang k\u00f6nnen Studierende und Besch\u00e4ftigte der Universit\u00e4t zu K\u00f6ln auch von au\u00dferhalb Dienste nutzen, die ansonsten nur im Uni-Netz UKLAN zur Verf\u00fcgung stehen.<\/td>\n<\/tr>\n<tr class=\"row-5\">\n\t<td class=\"column-1\"><a href=\"http:\/\/rrzk.uni-koeln.de\/anleitung-eduroam.html\"><img loading=\"lazy\" decoding=\"async\" src=\"http:\/\/www.mi.uni-koeln.de\/wp-MIEDV\/wp-content\/uploads\/2016\/03\/eco-wifi-pollution-300px-150x150.png\" alt=\"eco-wifi-pollution-300px\" width=\"150\" height=\"150\" class=\"alignnone size-thumbnail wp-image-2078\" srcset=\"http:\/\/www.mi.uni-koeln.de\/wp-MIEDV\/wp-content\/uploads\/2016\/03\/eco-wifi-pollution-300px-150x150.png 150w, http:\/\/www.mi.uni-koeln.de\/wp-MIEDV\/wp-content\/uploads\/2016\/03\/eco-wifi-pollution-300px.png 300w\" sizes=\"auto, (max-width: 150px) 85vw, 150px\" \/><\/a><\/td><td class=\"column-2\"><a href=\"http:\/\/rrzk.uni-koeln.de\/anleitung-eduroam.html\">eduroam<\/a><br \/>\neduroam bietet sowohl Angeh\u00f6rigen der Universit\u00e4t als auch internationalen G\u00e4sten anderer Hochschulen einen drahtlosen Internetzugang. Voraussetzung daf\u00fcr ist die <a href=\"https:\/\/monitor.eduroam.org\/eduroam_map.php?type=all\">Teilnahme der Hochschule am Roaming-Programm.<\/a><\/td>\n<\/tr>\n<\/tbody>\n<\/table>\n<!-- #tablepress-21 from cache -->\n","protected":false},"excerpt":{"rendered":"","protected":false},"author":1,"featured_media":0,"parent":0,"menu_order":0,"comment_status":"closed","ping_status":"closed","template":"","meta":{"footnotes":""},"class_list":["post-2056","page","type-page","status-publish","hentry"],"post_mailing_queue_ids":[],"_links":{"self":[{"href":"http:\/\/www.mi.uni-koeln.de\/wp-MIEDV\/wp-json\/wp\/v2\/pages\/2056","targetHints":{"allow":["GET"]}}],"collection":[{"href":"http:\/\/www.mi.uni-koeln.de\/wp-MIEDV\/wp-json\/wp\/v2\/pages"}],"about":[{"href":"http:\/\/www.mi.uni-koeln.de\/wp-MIEDV\/wp-json\/wp\/v2\/types\/page"}],"author":[{"embeddable":true,"href":"http:\/\/www.mi.uni-koeln.de\/wp-MIEDV\/wp-json\/wp\/v2\/users\/1"}],"replies":[{"embeddable":true,"href":"http:\/\/www.mi.uni-koeln.de\/wp-MIEDV\/wp-json\/wp\/v2\/comments?post=2056"}],"version-history":[{"count":2,"href":"http:\/\/www.mi.uni-koeln.de\/wp-MIEDV\/wp-json\/wp\/v2\/pages\/2056\/revisions"}],"predecessor-version":[{"id":2072,"href":"http:\/\/www.mi.uni-koeln.de\/wp-MIEDV\/wp-json\/wp\/v2\/pages\/2056\/revisions\/2072"}],"wp:attachment":[{"href":"http:\/\/www.mi.uni-koeln.de\/wp-MIEDV\/wp-json\/wp\/v2\/media?parent=2056"}],"curies":[{"name":"wp","href":"https:\/\/api.w.org\/{rel}","templated":true}]}}