{"id":2175,"date":"2016-05-31T15:56:08","date_gmt":"2016-05-31T13:56:08","guid":{"rendered":"http:\/\/www.mi.uni-koeln.de\/wp-MIEDV\/?page_id=2175"},"modified":"2016-06-01T09:09:43","modified_gmt":"2016-06-01T07:09:43","slug":"texstudio-anleitung","status":"publish","type":"page","link":"http:\/\/www.mi.uni-koeln.de\/wp-MIEDV\/latex\/texstudio-anleitung\/","title":{"rendered":"TeXstudio-Anleitung"},"content":{"rendered":"<h6><\/h6>\n<h6>TeXStudio ist ein systemunabh\u00e4ngiger TeX-Editor, der das Erstellen von hochwertigen wissenschaftlichen Artikeln sehr einfach und komfortabel gestaltet. Neben der sehr \u00fcbersichtlichen Oberfl\u00e4che, bietet TeXstudio auch weitere Features, wie z.B. eine integrierte Vorschaufunktion und Rechtschreibpr\u00fcfung, sowie zahlreiche Assistenten, die dir dabei helfen ein Dokument oder eine Tabelle zu erstellen.<\/h6>\n<p>TeXstudio ist eine kostenlose Software und ist auf\u00a0<a href=\"http:\/\/www.texstudio.org\/\" target=\"_blank\">TeXstudio<\/a>\u00a0unter Download oder auf der <a href=\"http:\/\/www.mi.uni-koeln.de\/wp-MIEDV\/unser-serviceangebot\/die-latex-dvd-der-edv-mathematik\/\" target=\"_blank\">LaTeX-DVD<\/a>\u00a0bei uns in der EDV\u00a0erh\u00e4ltlich.<\/p>\n<p>Die EDV-Mathematik bietet f\u00fcr Studierende des Mathematischen Institutes\u00a0<strong>kostenlos\u00a0<\/strong>TeXstudio auf allen Rechnern im PC-Pool an.<\/p>\n<p>Weitere Informationen zum erlangen dieser Software erhalten Sie im Raum <i>-124<\/i> der EDV-Mathematik.<\/p>\n<p>Kurze Einf\u00fchrung zu TeXstudio:\u00a0<a href=\"http:\/\/www.mi.uni-koeln.de\/wp-MIEDV\/wp-content\/uploads\/2016\/05\/dokumentNeuYP.pdf\" target=\"_blank\" rel=\"\">TeXstudio-Anleitung<\/a><\/p>\n","protected":false},"excerpt":{"rendered":"<p>TeXStudio ist ein systemunabh\u00e4ngiger TeX-Editor, der das Erstellen von hochwertigen wissenschaftlichen Artikeln sehr einfach und komfortabel gestaltet. Neben der sehr \u00fcbersichtlichen Oberfl\u00e4che, bietet TeXstudio auch weitere Features, wie z.B. eine integrierte Vorschaufunktion und Rechtschreibpr\u00fcfung, sowie zahlreiche Assistenten, die dir dabei helfen ein Dokument oder eine Tabelle zu erstellen. TeXstudio ist eine kostenlose Software und ist &hellip; <a href=\"http:\/\/www.mi.uni-koeln.de\/wp-MIEDV\/latex\/texstudio-anleitung\/\" class=\"more-link\"><span class=\"screen-reader-text\">&#8222;TeXstudio-Anleitung&#8220; <\/span>weiterlesen<\/a><\/p>\n","protected":false},"author":7,"featured_media":0,"parent":1645,"menu_order":0,"comment_status":"closed","ping_status":"closed","template":"sidebar-page.php","meta":{"footnotes":""},"class_list":["post-2175","page","type-page","status-publish","hentry"],"post_mailing_queue_ids":[],"_links":{"self":[{"href":"http:\/\/www.mi.uni-koeln.de\/wp-MIEDV\/wp-json\/wp\/v2\/pages\/2175","targetHints":{"allow":["GET"]}}],"collection":[{"href":"http:\/\/www.mi.uni-koeln.de\/wp-MIEDV\/wp-json\/wp\/v2\/pages"}],"about":[{"href":"http:\/\/www.mi.uni-koeln.de\/wp-MIEDV\/wp-json\/wp\/v2\/types\/page"}],"author":[{"embeddable":true,"href":"http:\/\/www.mi.uni-koeln.de\/wp-MIEDV\/wp-json\/wp\/v2\/users\/7"}],"replies":[{"embeddable":true,"href":"http:\/\/www.mi.uni-koeln.de\/wp-MIEDV\/wp-json\/wp\/v2\/comments?post=2175"}],"version-history":[{"count":8,"href":"http:\/\/www.mi.uni-koeln.de\/wp-MIEDV\/wp-json\/wp\/v2\/pages\/2175\/revisions"}],"predecessor-version":[{"id":2201,"href":"http:\/\/www.mi.uni-koeln.de\/wp-MIEDV\/wp-json\/wp\/v2\/pages\/2175\/revisions\/2201"}],"up":[{"embeddable":true,"href":"http:\/\/www.mi.uni-koeln.de\/wp-MIEDV\/wp-json\/wp\/v2\/pages\/1645"}],"wp:attachment":[{"href":"http:\/\/www.mi.uni-koeln.de\/wp-MIEDV\/wp-json\/wp\/v2\/media?parent=2175"}],"curies":[{"name":"wp","href":"https:\/\/api.w.org\/{rel}","templated":true}]}}