{"id":1001,"date":"2014-08-26T14:30:31","date_gmt":"2014-08-26T12:30:31","guid":{"rendered":"http:\/\/www.mi.uni-koeln.de\/NumSim\/?page_id=1001"},"modified":"2019-11-11T16:07:21","modified_gmt":"2019-11-11T15:07:21","slug":"ubungen","status":"publish","type":"page","link":"https:\/\/www.mi.uni-koeln.de\/NumSim\/teaching\/numdiff1\/ubungen\/","title":{"rendered":"\u00dcbungen Numerik partieller Differentialgleichungen"},"content":{"rendered":"<p>In den \u00dcbungen zur Vorlesung Numerik partieller Differentialgleichungen I werden die theoretischen und insbesondere die praktischen Aspekte der Numerik partieller Differentialgleichungen vertieft. Dabei werden unter anderem die in der Vorlesung konstruierten Verfahren von den Studierenden implementiert und verglichen.<\/p>\n<p><strong>\u00dcbungstermine und -orte:<\/strong><br \/>\nmittwochs 10.00-11.30 Uhr, B\u00fcro von Niklas Wintermeyer bzw. Marvin Bohm und Lucas Friedrich, Gyrhofstr. 8b, 1. OG<br \/>\ndonnerstags 10.00-11.30 Uhr, B\u00fcro von Niklas Wintermeyer bzw. Marvin Bohm und Lucas Friedrich, Gyrhofstr. 8b, 1. OG<\/p>\n<p><strong>\u00dcbungsaufgaben:<\/strong><br \/>\nIm Laufe des Semesters werden mehrere \u00dcbungsbl\u00e4tter mit kleinen Projekten zur Vertiefung und Implementierung der in den Vorlesungen vorgestellten Verfahren hier hochgeladen. F\u00fcr die Bearbeitung dieser Projekte haben die Studenten in Gruppen von zwei bis drei Personen jeweils drei Wochen Zeit. Jede Gruppe muss sich einen l\u00e4ssigen Gruppennamen ausdenken und eine mit LaTeX erstellte PDF-Datei zusammen mit den entsprechenden Quellcode-Dateien bis sp\u00e4testens zum Abgabetermin per Mail an mbohm(at)math.uni-koeln.de einreichen. In der Mail selber sowie auf dem Titelblatt der PDF-Datei sollten der Gruppenname sowie die Namen, Matrikelnummern und E-mail-Adressen aller Gruppenmitglieder vermerkt werden. Desweiteren sollte die PDF-Datei eine vollst\u00e4ndige und korrekte Ausarbeitung aller Aufgaben beinhalten, d.h. s\u00e4mtliche Herleitungen, Grafiken, Tabellen, Bilder, Erkl\u00e4rungen und Interpretationen der Resultate. Dabei sollte auf eine entsprechende Formatierung, Rechtschreibung und ggf. sinnvolle Beschriftung von Bildern und Grafiken (Achsen, Legende, etc.) besonders Acht gegeben werden. Die Programmieraufgaben k\u00f6nnen in einer beliebigen Programmiersprache bearbeitet werden &#8211; jedoch sollten die Quellcode-Dateien \u00fcbersichtlich aufgebaut und ausreichend kommentiert sein. <span style=\"text-decoration: underline;\">Unvollst\u00e4ndige, versp\u00e4tete oder offensichtlich falsche Abgaben werden nicht akzeptiert<\/span>!<\/p>\n<p>Bei R\u00fcckfragen zu den Aufgaben k\u00f6nnen Sie sich jederzeit per Mail melden oder w\u00e4hrend der \u00dcbungszeiten im B\u00fcro von Niklas Wintermeyer oder Marvin Bohm und Lucas Friedrich vorbeikommen. Eine Besprechung der Projekte findet in der Woche nach dem jeweiligen Abgabetermin w\u00e4hrend der Vorlesungen statt. Zudem erh\u00e4lt jede Gruppe per Mail ein individuelles Feedback zu den eingereichten Resultaten.<\/p>\n<p><span style=\"text-decoration: underline;\">Um die Zulassungskriterien f\u00fcr die abschlie\u00dfenden Pr\u00fcfungen im Juli zu erf\u00fcllen, m\u00fcssen alle \u00dcbungsbl\u00e4tter entsprechend der obigen Angaben bearbeitet werden<\/span>!<\/p>\n<p><!--\n<strong>Hinweise zur Bearbeitung<\/strong>\n\n\n<ul>\n \t\n\n<li>Keine Abgabe, stattdessen:<\/li>\n\n\n \t\n\n<li>Pro Aufgabenblatt m\u00fcssen Sie zu mindestens 2 Aufgaben sinnvolle Ans\u00e4tze haben, die Sie in der \u00dcbung vorstellen k\u00f6nnen;<\/li>\n\n\n \t\n\n<li>Die bearbeiteten Aufgaben m\u00fcssen vor Donnerstag (der Woche nach der Ausgabe) \u00fcber das unten stehende Formular an uns gemeldet werden.<\/li>\n\n\n \t\n\n<li>Sie k\u00f6nnen bis zu 3 Aufgabenbl\u00e4tter auslassen;<\/li>\n\n\n \t\n\n<li>Jeder muss im Laufe des Semesters mehrfach Aufgaben vorstellen;<\/li>\n\n\n \t\n\n<li>Die Abschlussklausur wird nur Aufgaben von den Aufgabenbl\u00e4ttern enthalten;<\/li>\n\n\n \t\n\n<li>Es gibt keine Musterl\u00f6sungen.<\/li>\n\n\n<\/ul>\n\n\n<strong>Bitte tragen Sie sich bis sp\u00e4testens Mittwoch 23:59 Uhr (der Woche nach der Ausgabe) in die folgende Liste ein:<\/strong>\n\n<iframe loading=\"lazy\" src=\"https:\/\/docs.google.com\/forms\/d\/1tgWoAiLpipmat6M4sNiqrIyIIKF508QlUlOI_exWle4\/viewform?embedded=true\" width=\"760\" height=\"730\" frameborder=\"0\" marginwidth=\"0\" marginheight=\"0\">Loading...<\/iframe>\n--><\/p>\n<p><!--\n<strong>\u00dcbungsblatt 1:\u00a0<a style=\"color: #0000ff;\" title=\"Project P.T.\" href=\"\/aggass\/prot\/documents_numerikpdgl1_ss15\/projects\/proj1.pdf\">Project P.T.<\/a><\/strong> (Ausgabe: 24.04.2015, Abgabe: 15.05.2015 bis 12:00 Uhr, Besprechung w\u00e4hrend den Vorlesungen in der Woche vom 18.05. bis 22.05.2015)\n\n<strong>\u00dcbungsblatt 2: <a style=\"color: #0000ff;\" title=\"Project BigMac, Whopper &amp; Co\" href=\"\/aggass\/prot\/documents_numerikpdgl1_ss15\/projects\/proj2.pdf\">Project BigMac, Whopper &amp; Co<\/a><\/strong> (Ausgabe: 15.05.2015, Abgabe: 12.06.2015 bis 12:00 Uhr, Besprechung w\u00e4hrend den Vorlesungen in der Woche vom 15.06. bis 19.06.2015)\n\n<strong>\u00dcbungsblatt 3: <a style=\"color: #0000ff;\" title=\"Project Archie\" href=\"\/aggass\/prot\/documents_numerikpdgl1_ss15\/projects\/proj3.pdf\">Project Archie<\/a><\/strong> (Ausgabe: 12.06.2015, Abgabe: 26.06.2015 bis 12:00 Uhr, Besprechung w\u00e4hrend den Vorlesungen in der Woche vom 29.06. bis 03.07.2015)\n\n<strong>\u00dcbungsblatt 4: <a style=\"color: #0000ff;\" title=\"Project Universal Soldier\" href=\"\/aggass\/prot\/documents_numerikpdgl1_ss15\/projects\/proj4.pdf\">Project Universal Soldier<\/a><\/strong> (Ausgabe: 26.06.2015, Abgabe: 16.07.2015 bis 12:00 Uhr, Besprechung in der Vorlesung am 16.07.2015)\n--><\/p>\n<p><!-- <strong>Bitte tragen Sie bis Mittwoch, 8.10.2014, 10:00 Uhr die von Ihnen gew\u00fcnschte Gruppe ein<\/strong>\n<iframe loading=\"lazy\" src=\"https:\/\/docs.google.com\/forms\/d\/18C313laejupdkYpOyVRZOb2vQ_n0omaxR1FXaRxqiOw\/viewform?embedded=true\" width=\"760\" height=\"350\" frameborder=\"0\" marginwidth=\"0\" marginheight=\"0\">Loading...<\/iframe>--><\/p>\n<p><strong>FORTRAN Unterlagen von Dr. Andrew Winters: <a style=\"color: #0000ff;\" title=\"FortranNotes\" href=\"\/aggass\/prot\/documents_numerikpdgl1_ss15\/FortranNotes.pdf\">FortranNotes<\/a><br \/>\n<\/strong><\/p>\n<p>&nbsp;<\/p>\n","protected":false},"excerpt":{"rendered":"<p>In den \u00dcbungen zur Vorlesung Numerik partieller Differentialgleichungen I werden die theoretischen und insbesondere die praktischen Aspekte der Numerik partieller Differentialgleichungen vertieft. Dabei werden unter anderem die in der Vorlesung konstruierten Verfahren von den Studierenden implementiert und verglichen. \u00dcbungstermine und &hellip; <a href=\"https:\/\/www.mi.uni-koeln.de\/NumSim\/teaching\/numdiff1\/ubungen\/\">Continue reading <span class=\"meta-nav\">&rarr;<\/span><\/a><\/p>\n","protected":false},"author":1,"featured_media":0,"parent":837,"menu_order":5,"comment_status":"closed","ping_status":"closed","template":"sidebar-page.php","meta":{"footnotes":""},"post_mailing_queue_ids":[],"_links":{"self":[{"href":"https:\/\/www.mi.uni-koeln.de\/NumSim\/wp-json\/wp\/v2\/pages\/1001"}],"collection":[{"href":"https:\/\/www.mi.uni-koeln.de\/NumSim\/wp-json\/wp\/v2\/pages"}],"about":[{"href":"https:\/\/www.mi.uni-koeln.de\/NumSim\/wp-json\/wp\/v2\/types\/page"}],"author":[{"embeddable":true,"href":"https:\/\/www.mi.uni-koeln.de\/NumSim\/wp-json\/wp\/v2\/users\/1"}],"replies":[{"embeddable":true,"href":"https:\/\/www.mi.uni-koeln.de\/NumSim\/wp-json\/wp\/v2\/comments?post=1001"}],"version-history":[{"count":56,"href":"https:\/\/www.mi.uni-koeln.de\/NumSim\/wp-json\/wp\/v2\/pages\/1001\/revisions"}],"predecessor-version":[{"id":2772,"href":"https:\/\/www.mi.uni-koeln.de\/NumSim\/wp-json\/wp\/v2\/pages\/1001\/revisions\/2772"}],"up":[{"embeddable":true,"href":"https:\/\/www.mi.uni-koeln.de\/NumSim\/wp-json\/wp\/v2\/pages\/837"}],"wp:attachment":[{"href":"https:\/\/www.mi.uni-koeln.de\/NumSim\/wp-json\/wp\/v2\/media?parent=1001"}],"curies":[{"name":"wp","href":"https:\/\/api.w.org\/{rel}","templated":true}]}}