{"id":2274,"date":"2016-03-08T11:58:56","date_gmt":"2016-03-08T10:58:56","guid":{"rendered":"http:\/\/www.mi.uni-koeln.de\/NumSim\/?page_id=2274"},"modified":"2019-11-11T15:46:00","modified_gmt":"2019-11-11T14:46:00","slug":"seminar-ausgewaehlte-themen-im-bereich-der-discontinuous-galerkin-verfahren-14722-0045","status":"publish","type":"page","link":"https:\/\/www.mi.uni-koeln.de\/NumSim\/teaching\/seminar-ausgewaehlte-themen-im-bereich-der-discontinuous-galerkin-verfahren-14722-0045\/","title":{"rendered":"Seminar Ausgew\u00e4hlte Themen im Bereich der Discontinuous Galerkin Verfahren (14722.0045)"},"content":{"rendered":"<p>In dem Seminar zu ausgew\u00e4hlten Themen im Bereich der Discontinuous Galerkin Verfahren werden aktuelle Entwicklungen im Bereich der Discontinuous Galerkin Verfahren anhand wissenschaftlicher Ver\u00f6ffentlichungen erarbeitet. Dabei liegt der Fokus auf Anwendungen in der Str\u00f6mungsmechanik, Plasmadynamik und Ozeanographie. Dieses Seminar ist eine optimale Erg\u00e4nzung zur Vorlesung und richtet sich prizipiell an Masterstudenten.<\/p>\n<hr \/>\n<p><strong>Veranstaltungsort und -zeit:<\/strong><br \/>\nmittwochs, 16.00-17.30 Uhr, Seminarraum 3 des Mathematischen Instituts (Raum 314)<\/p>\n<p><strong>Anmeldung\/Vorbesprechung:<\/strong><br \/>\nDie Anmeldung erfolgt per E-Mail an <a title=\"Lucas Friedrich\" href=\"http:\/\/www.mi.uni-koeln.de\/NumSim\/friedrich\/\">Lucas Friedrich<\/a>. Die Vorbesprechung zum Seminar findet statt am Mittwoch, 30. M\u00e4rz 2016 um 13.00 Uhr im Seminarraum 2 des Mathematischen Instituts (Raum 204).<\/p>\n<p><strong>Ansprechpartner:<\/strong><br \/>\n<a title=\"Prof. Dr.-Ing. Gregor Gassner\" href=\"http:\/\/www.mi.uni-koeln.de\/NumSim\/gregor-gassner\/\">Prof. Dr. Gregor Gassner,<\/a> <a title=\"Lucas Friedrich\" href=\"http:\/\/www.mi.uni-koeln.de\/NumSim\/friedrich\/\">Lucas Friedrich<\/a><\/p>\n","protected":false},"excerpt":{"rendered":"<p>In dem Seminar zu ausgew\u00e4hlten Themen im Bereich der Discontinuous Galerkin Verfahren werden aktuelle Entwicklungen im Bereich der Discontinuous Galerkin Verfahren anhand wissenschaftlicher Ver\u00f6ffentlichungen erarbeitet. Dabei liegt der Fokus auf Anwendungen in der Str\u00f6mungsmechanik, Plasmadynamik und Ozeanographie. Dieses Seminar ist &hellip; <a href=\"https:\/\/www.mi.uni-koeln.de\/NumSim\/teaching\/seminar-ausgewaehlte-themen-im-bereich-der-discontinuous-galerkin-verfahren-14722-0045\/\">Continue reading <span class=\"meta-nav\">&rarr;<\/span><\/a><\/p>\n","protected":false},"author":9,"featured_media":0,"parent":25,"menu_order":13,"comment_status":"closed","ping_status":"closed","template":"sidebar-page.php","meta":{"footnotes":""},"post_mailing_queue_ids":[],"_links":{"self":[{"href":"https:\/\/www.mi.uni-koeln.de\/NumSim\/wp-json\/wp\/v2\/pages\/2274"}],"collection":[{"href":"https:\/\/www.mi.uni-koeln.de\/NumSim\/wp-json\/wp\/v2\/pages"}],"about":[{"href":"https:\/\/www.mi.uni-koeln.de\/NumSim\/wp-json\/wp\/v2\/types\/page"}],"author":[{"embeddable":true,"href":"https:\/\/www.mi.uni-koeln.de\/NumSim\/wp-json\/wp\/v2\/users\/9"}],"replies":[{"embeddable":true,"href":"https:\/\/www.mi.uni-koeln.de\/NumSim\/wp-json\/wp\/v2\/comments?post=2274"}],"version-history":[{"count":3,"href":"https:\/\/www.mi.uni-koeln.de\/NumSim\/wp-json\/wp\/v2\/pages\/2274\/revisions"}],"predecessor-version":[{"id":2285,"href":"https:\/\/www.mi.uni-koeln.de\/NumSim\/wp-json\/wp\/v2\/pages\/2274\/revisions\/2285"}],"up":[{"embeddable":true,"href":"https:\/\/www.mi.uni-koeln.de\/NumSim\/wp-json\/wp\/v2\/pages\/25"}],"wp:attachment":[{"href":"https:\/\/www.mi.uni-koeln.de\/NumSim\/wp-json\/wp\/v2\/media?parent=2274"}],"curies":[{"name":"wp","href":"https:\/\/api.w.org\/{rel}","templated":true}]}}