{"id":2296,"date":"2016-04-06T13:00:54","date_gmt":"2016-04-06T11:00:54","guid":{"rendered":"http:\/\/www.mi.uni-koeln.de\/NumSim\/?page_id=2296"},"modified":"2025-03-13T15:30:25","modified_gmt":"2025-03-13T14:30:25","slug":"numerik-14722-0009","status":"publish","type":"page","link":"https:\/\/www.mi.uni-koeln.de\/NumSim\/teaching\/numerik-14722-0009\/","title":{"rendered":"Numerische Mathematik (14722.0009)"},"content":{"rendered":"<p>Die Vorlesung Numerische Mathematik f\u00fchrt ein in die Grundlagen der numerischen Algorithmen zur elementaren Analysis und Linearen Algebra. Solche Algorithmen sind Kern wissenschaftlichen Rechnens und ihr Gebrauch ist unverzichtbar.<\/p>\n<p>Die Veranstaltung stellt Basiswissen bereit f\u00fcr Bachelor- und Lehramtsstudenten. Die Vorlesung und die \u00dcbungen wenden sich an Studierende des vierten Semesters.<\/p>\n<p>Zu den Inhalten der Vorlesung geh\u00f6ren Lineare Ausgleichsprobleme, numerische Berechnung von Eigenwerten und Eigenvektoren, Iterationsmethoden f\u00fcr nichtlineare Gleichungssysteme, Interpolation mit Polynomen, L2-Projektionen, Numerische Integration, Spline Interpolation und Numerik gew\u00f6hnlicher Differentialgleichungen.<\/p>\n<p><strong>Bitte beachten Sie, dass alle weiteren Informationen zu dieser Veranstaltung \u00fcber ILIAS bereitgestellt werden.<\/strong><\/p>\n<hr \/>\n<p><strong>Veranstaltungsort und -zeit:<\/strong><br \/>\nDienstag 8.00-9.30 Uhr, H\u00f6rsaal C des H\u00f6rsaalgeb\u00e4udes<br \/>\nDonnerstag 8.00-9.30 Uhr, H\u00f6rsaal C des H\u00f6rsaalgeb\u00e4udes<\/p>\n<p><!--\n<strong>Anmeldung zur Klausur<\/strong>: Bitte befolgen Sie den <a href=\"http:\/\/www.mi.uni-koeln.de\/home-institut\/Alle\/Lehre-Studium\/Pruefungsanmeldung.de.html\">Leitfaden<\/a> zur Klausuranmeldung.\n\nStudierende des Bachelorstudiengangs f\u00fcr das Lehramt GyGe\/BK im Studienfach Mathematik (B.A.) mit Studienbeginn vor dem WS 2015\/16 f\u00fcllen bitte gem\u00e4\u00df des <a href=\"http:\/\/www.mi.uni-koeln.de\/home-institut\/Alle\/Lehre-Studium\/Pruefungsanmeldung.de.html\">Leitfadens<\/a> zus\u00e4tzlich zur Anmeldung in KLIPS das <a href=\"http:\/\/www.mi.uni-koeln.de\/Institutsdokumente\/Pruefungsanmeldung\/Anmeldung_6oder9_BachLA.pdf\">Formular zur Modulgr\u00f6\u00dfe<\/a> (Angabe der CP) aus und geben es bei <a href=\"http:\/\/www.mi.uni-koeln.de\/AG-Kunoth\/de\/left\/mitarbeiter\/jose-luis-licon-salaiz\/\">Jos\u00e9 Lic\u00f3n<\/a> oder <a href=\"http:\/\/www.mi.uni-koeln.de\/AG-Kunoth\/de\/left\/mitarbeiter\/samuel-leweke\/\">Samuel Leweke<\/a> ab.\n\n<strong><a href=\"\/aggass\/prot\/documents_numerik1_ss16\/Zulassung.pdf\">Zulassungsliste<\/a><\/strong>: Bei Fragen oder Fehlern wenden Sie sich bitte unter Angabe Ihrer Matrikelnummer und \u00dcbungsgruppe an <a href=\"http:\/\/www.mi.uni-koeln.de\/AG-Kunoth\/de\/left\/mitarbeiter\/samuel-leweke\/\">Samuel Leweke<\/a> oder <a href=\"http:\/\/www.mi.uni-koeln.de\/AG-Kunoth\/de\/left\/mitarbeiter\/jose-luis-licon-salaiz\/\">Jos\u00e9 Lic\u00f3n<\/a>.\n\n<strong>Ergebnis der zweiten Klausur<\/strong>: Vorl\u00e4ufige Noten k\u00f6nnen <a href=\"\/aggass\/prot\/documents_numerik1_ss16\/NachKlausur.pdf\">hier<\/a> eingesehen werden.\nDie <strong>Einsicht<\/strong> findet am 14. Oktober, 12-13:30 Uhr in Prof. Gassners B\u00fcro (Raum 1.08 im MI) statt.\n--><\/p>\n<p><!--\n<strong>Zugelassene Hilfsmittel:<\/strong> Nicht-programmierbarer, nicht-graphischer Taschenrechner\n--><\/p>\n<p><!-- Eine <strong>Matlab-Sprechstunde<\/strong> wird <strong>freitags<\/strong> von 12:00 - 13:30 im PC-Pool 2 (Raum 118) des MI angeboten. --><\/p>\n<hr \/>\n<p><strong>Kontakt bitte nur \u00fcber die Gruppen-Email: <\/strong>numsim-group@uni-koeln.de<\/p>\n<p><!--<a href=\"\" onclick=\"return false;\"> testlink <\/a>--><\/p>\n","protected":false},"excerpt":{"rendered":"<p>Die Vorlesung Numerische Mathematik f\u00fchrt ein in die Grundlagen der numerischen Algorithmen zur elementaren Analysis und Linearen Algebra. Solche Algorithmen sind Kern wissenschaftlichen Rechnens und ihr Gebrauch ist unverzichtbar. Die Veranstaltung stellt Basiswissen bereit f\u00fcr Bachelor- und Lehramtsstudenten. Die Vorlesung &hellip; <a href=\"https:\/\/www.mi.uni-koeln.de\/NumSim\/teaching\/numerik-14722-0009\/\">Continue reading <span class=\"meta-nav\">&rarr;<\/span><\/a><\/p>\n","protected":false},"author":9,"featured_media":0,"parent":25,"menu_order":7,"comment_status":"closed","ping_status":"closed","template":"sidebar-page.php","meta":{"footnotes":""},"post_mailing_queue_ids":[],"_links":{"self":[{"href":"https:\/\/www.mi.uni-koeln.de\/NumSim\/wp-json\/wp\/v2\/pages\/2296"}],"collection":[{"href":"https:\/\/www.mi.uni-koeln.de\/NumSim\/wp-json\/wp\/v2\/pages"}],"about":[{"href":"https:\/\/www.mi.uni-koeln.de\/NumSim\/wp-json\/wp\/v2\/types\/page"}],"author":[{"embeddable":true,"href":"https:\/\/www.mi.uni-koeln.de\/NumSim\/wp-json\/wp\/v2\/users\/9"}],"replies":[{"embeddable":true,"href":"https:\/\/www.mi.uni-koeln.de\/NumSim\/wp-json\/wp\/v2\/comments?post=2296"}],"version-history":[{"count":89,"href":"https:\/\/www.mi.uni-koeln.de\/NumSim\/wp-json\/wp\/v2\/pages\/2296\/revisions"}],"predecessor-version":[{"id":6549,"href":"https:\/\/www.mi.uni-koeln.de\/NumSim\/wp-json\/wp\/v2\/pages\/2296\/revisions\/6549"}],"up":[{"embeddable":true,"href":"https:\/\/www.mi.uni-koeln.de\/NumSim\/wp-json\/wp\/v2\/pages\/25"}],"wp:attachment":[{"href":"https:\/\/www.mi.uni-koeln.de\/NumSim\/wp-json\/wp\/v2\/media?parent=2296"}],"curies":[{"name":"wp","href":"https:\/\/api.w.org\/{rel}","templated":true}]}}