{"id":2301,"date":"2016-04-06T13:11:53","date_gmt":"2016-04-06T11:11:53","guid":{"rendered":"http:\/\/www.mi.uni-koeln.de\/NumSim\/?page_id=2301"},"modified":"2025-03-13T15:29:39","modified_gmt":"2025-03-13T14:29:39","slug":"uebungen-numerik-14722-0010","status":"publish","type":"page","link":"https:\/\/www.mi.uni-koeln.de\/NumSim\/teaching\/numerik-14722-0009\/uebungen-numerik-14722-0010\/","title":{"rendered":"\u00dcbungen Numerische Mathematik (14722.0010)"},"content":{"rendered":"<p>In den \u00dcbungen zur Vorlesung \u201eNumerische Mathematik\u201c werden die theoretischen und insbesondere die praktischen Aspekte der numerischen Mathematik vertieft. W\u00f6chentlich werden begleitend zur Vorlesung Theorieaufgaben und insbesondere Programmieraufgaben gestellt. Dabei werden die in der Vorlesung konstruierten Verfahren und Methoden von den Studierenden eigenst\u00e4ndig implementiert und validiert.<\/p>\n<p><strong>Bitte beachten Sie, dass alle weiteren Informationen zu dieser Veranstaltung \u00fcber ILIAS bereitgestellt werden.<\/strong><\/p>\n<p><!--Bitte beachten Sie: >\n<!--\n \t\n\n<li style=\"text-align: left;\">Die Nachklausur findet am 04.10.2019 von 14:00 bis 17:00 (reine Bearbeitungszeit 150 min) in der Phy. I statt. Hilfsmittel wie Taschenrechner, Smartphone, Smartwatch, usw. sind <strong>nicht<\/strong> erlaubt. Eine <strong>Liste<\/strong> aller <strong>Studierender<\/strong>, die eine <strong>g\u00fcltige Anmeldung\/Zulassung<\/strong> f\u00fcr die Nachklausur haben finden Sie hier:\n<a href=\"http:\/\/www.mi.uni-koeln.de\/aggass\/prot\/documents_numerik1_ss19\/Klausurteilnahme_Homepage_Klausur_2.pdf\">Anmeldung\/Zulassung Numerische Mathematik SoSe 2019<\/a>\nBei Komplikationen schreiben Sie bitte schnellstm\u00f6glich eine E-Mail an gschnuec@math.uni-koeln.de.<\/li>\n\n\n--><br \/>\n<!--\n\n\n<ul style=\"text-align: justify;\">\n \t\n\n<li>Das Klausurergebnis der Klausur 04.10.2019 finden Sie hier:\n<a href=\"http:\/\/www.mi.uni-koeln.de\/aggass\/prot\/documents_numerik1_ss19\/Klausurergebnis_2.pdf\">Klausurergebnis Numerische Mathematik SoSe 2019<\/a>\nBei Komplikationen schreiben Sie bitte schnellstm\u00f6glich eine E-Mail an gschnuec@math.uni-koeln.de.<\/li>\n\n\n \t\n\n<li>Die <strong>Klausureinsicht<\/strong> wird am <strong>07.10.2019<\/strong> um <strong>14:00<\/strong> im Raum 01.105 (Gyrhofstra\u00dfe 8b, Geb\u00e4ude 158a) statt.<\/li>\n\n\n<\/ul>\n\n\n--><br \/>\n<!--\n\n\n<p style=\"color: red; text-align: justify;\"><span style=\"color: #000000;\">Die Einteilung<\/span> <span style=\"color: #000000;\">der \u00dcbungsgruppen finden Sie hier:\n<\/span>\n\n\n\n<p style=\"text-align: justify;\"><a href=\"http:\/\/www.mi.uni-koeln.de\/aggass\/prot\/documents_numerik1_ss19\/uebungsgruppen.pdf\" target=\"_blank\" rel=\"noopener noreferrer\">\u00dcbungsgruppen<\/a>\n--><br \/>\n<!--\n\n\n<h3 style=\"color: red;\">Aus- und Abgabetermine der \u00dcbungen:<\/h3>\n\n\n<a href=\"http:\/\/www.mi.uni-koeln.de\/aggass\/prot\/documents_numerik1_ss19\/terminplanung-uebungen.pdf\" target=\"_blank\" rel=\"noopener noreferrer\">Termine \u00dcbungen<\/a>--><br \/>\n<!--\n\n\n\n<p style=\"text-align: justify;\">Bei Fragen zu der \u00dcbungsgruppeneinteilung sowie den Ablauf des \u00dcbungsbetriebs wenden Sie sich bitte an Ihren \u00dcbungsleiter.&nbsp; Bitte beachten Sie, dass nach der ersten bewerteten Abgabe am Mittwoch den <strong>24.04.2019<\/strong> <strong>keine \u00c4nderungen<\/strong> <strong>in der Gruppeneinteilung<\/strong> mehr m\u00f6glich sind. Die Kontaktdaten Ihres \u00dcbungsleiter und die&nbsp;\u00dcbungsterminen entnehmen Sie der nachfolgenden Tabelle:<\/p>\n\n\n--><\/p>\n<p style=\"text-align: justify;\"><!--<\/p>\n\n\n\n\n\n\n<hr \/>\n\n\n\n--><\/p>\n<p style=\"text-align: justify;\"><!-- --&gt; <--><\/p>\n<p><!--\n\n\n<table class=\"tg\">\n\n\n<tbody>\n\n\n<tr>\n\n\n<th class=\"tg-xizn\">Gruppe\/<\/th>\n\n\n\n\n<th class=\"tg-z7v0\">Zeit<\/th>\n\n\n\n\n<th class=\"tg-z7v0\">Ort<\/th>\n\n\n\n\n<th class=\"tg-z7v0\">\u00dcbungsleiter<\/th>\n\n\n\n\n<th class=\"tg-z7v0\">Kontakt<\/th>\n\n\n<\/tr>\n\n\n\n\n<tr>\n\n\n<td class=\"tg-z7v0\">1<\/td>\n\n\n\n\n<td class=\"tg-z7v0\">Mi 14.00-15.30<\/td>\n\n\n\n\n<td class=\"tg-z7v0\">H 230 COPT-Geb\u00e4ude<\/td>\n\n\n\n\n<td class=\"tg-z7v0\">Christian Hotopp<\/td>\n\n\n\n\n<td class=\"tg-z7v0\">chotopp@smail.uni-koeln.de<\/td>\n\n\n<\/tr>\n\n\n\n\n<tr>\n\n\n<td class=\"tg-z7v0\">2<\/td>\n\n\n\n\n<td class=\"tg-z7v0\">Mi 16.00-17.30<\/td>\n\n\n\n\n<td class=\"tg-z7v0\">H 230 COPT-Geb\u00e4ude<\/td>\n\n\n\n\n<td class=\"tg-z7v0\">Mark Shishkov<\/td>\n\n\n\n\n<td class=\"tg-z7v0\">mark.shishkov@gmx.de<\/td>\n\n\n<\/tr>\n\n\n\n\n<tr>\n\n\n<td class=\"tg-z7v0\">3<\/td>\n\n\n\n\n<td class=\"tg-z7v0\">Mi 17.45-19:15<\/td>\n\n\n\n\n<td class=\"tg-z7v0\">Seminarraum 3 MI<\/td>\n\n\n\n\n<td class=\"tg-z7v0\">Mark Shishkov<\/td>\n\n\n\n\n<td class=\"tg-z7v0\">mark.shishkov@gmx.de<\/td>\n\n\n<\/tr>\n\n\n\n\n<tr>\n\n\n<td class=\"tg-z7v0\">5<\/td>\n\n\n\n\n<td class=\"tg-z7v0\">Do 14.00-15.30<\/td>\n\n\n\n\n<td class=\"tg-z7v0\">S 233 COPT-Geb\u00e4ude<\/td>\n\n\n\n\n<td class=\"tg-z7v0\">Christian Hotopp<\/td>\n\n\n\n\n<td class=\"tg-z7v0\">chotopp@smail.uni-koeln.de<\/td>\n\n\n<\/tr>\n\n\n\n\n<tr>\n\n\n<td class=\"tg-z7v0\">6<\/td>\n\n\n\n\n<td class=\"tg-z7v0\">Do 16.00-17.30<\/td>\n\n\n\n\n<td class=\"tg-z7v0\">Seminarraum 2 MI<\/td>\n\n\n\n\n<td class=\"tg-z7v0\">Gero Schn\u00fccke<\/td>\n\n\n\n\n<td class=\"tg-z7v0\">gschnuec@math.uni-koeln.de<\/td>\n\n\n<\/tr>\n\n\n<\/tbody>\n\n\n<\/table>\n\n\n\n\n<p style=\"text-align: justify;\">In den \u00dcbungen zur Vorlesung Numerik wird der Stoff der Vorlesung vertieft. Die \u00dcbungen bilden somit einen wesentlichen Bestandteil der Lehrveranstaltung. Sie bestehen aus mehr theoretischen w\u00f6chentlich zu bearbeitenden Hausaufgaben und aus praktischen Aufgaben, die auf Computern zu bearbeiten sind und sich \u00fcber einen gr\u00f6\u00dferen Zeitraum erstrecken.<\/p>\n\n\n\n\n<p style=\"text-align: justify;\">In der ersten \u00dcbungen am 17\/18.04.2019 wird ein Warm-Up \u00dcbungsblatt besprochen. Das Warm Up \u00dcbungsblatt finden Sie hier: <a href=\"http:\/\/www.mi.uni-koeln.de\/aggass\/prot\/documents_numerik1_ss19\/Uebungen\/Blatt0.pdf\" target=\"_blank\" rel=\"noopener noreferrer\">Einstiegs\u00fcbung (Warm-Up)<\/a><\/p>\n\n\n<strong>\u00dcbungsbl\u00e4tter:<\/strong>\n\n\n<ul>\n \t\n\n<li><a href=\"http:\/\/www.mi.uni-koeln.de\/aggass\/prot\/documents_numerik1_ss19\/Uebungen\/Blatt01.pdf\">Blatt 01<\/a> (Abgabe: 24.04.2019, 12 Uhr)<\/li>\n\n\n \t\n\n<li><a href=\"http:\/\/www.mi.uni-koeln.de\/aggass\/prot\/documents_numerik1_ss19\/Uebungen\/Blatt02.pdf\">Blatt 02<\/a> (Abgabe: 02.05.2019, 12 Uhr)<\/li>\n\n\n \t\n\n<li><a href=\"http:\/\/www.mi.uni-koeln.de\/aggass\/prot\/documents_numerik1_ss19\/Uebungen\/Blatt03.pdf\">Blatt 03<\/a> (Abgabe: 08.05.2019, 12 Uhr)<\/li>\n\n\n \t\n\n<li><a href=\"http:\/\/www.mi.uni-koeln.de\/aggass\/prot\/documents_numerik1_ss19\/Uebungen\/Blatt04.pdf\">Blatt 04<\/a> (Abgabe: 15.05.2019, 12 Uhr)<\/li>\n\n\n \t\n\n<li><a href=\"http:\/\/www.mi.uni-koeln.de\/aggass\/prot\/documents_numerik1_ss19\/Uebungen\/Blatt05.pdf\">Blatt 05<\/a> (Abgabe: 22.05.2019, 12 Uhr)<\/li>\n\n\n \t\n\n<li><a href=\"http:\/\/www.mi.uni-koeln.de\/aggass\/prot\/documents_numerik1_ss19\/Uebungen\/Blatt06.pdf\">Blatt 06<\/a> (Abgabe: 29.05.2019, 12 Uhr)<\/li>\n\n\n \t\n\n<li><a href=\"http:\/\/www.mi.uni-koeln.de\/aggass\/prot\/documents_numerik1_ss19\/Uebungen\/Blatt07.pdf\">Blatt 07<\/a> (Abgabe: 05.06.2019, 12 Uhr)<\/li>\n\n\n \t\n\n<li><a href=\"http:\/\/www.mi.uni-koeln.de\/aggass\/prot\/documents_numerik1_ss19\/Uebungen\/Blatt08_1.pdf\">Blatt 08<\/a> (Abgabe: 19.06.2019, 12 Uhr)<\/li>\n\n\n \t\n\n<li><a href=\"http:\/\/www.mi.uni-koeln.de\/aggass\/prot\/documents_numerik1_ss19\/Uebungen\/Blatt09_1.pdf\">Blatt 09<\/a> (Abgabe: 26.06.2019, 12 Uhr)<\/li>\n\n\n \t\n\n<li><a href=\"http:\/\/www.mi.uni-koeln.de\/aggass\/prot\/documents_numerik1_ss19\/Uebungen\/Blatt10.pdf\">Blatt 10<\/a> (Abgabe: 03.07.2019, 12 Uhr)<\/li>\n\n\n<\/ul>\n\n\nIn den \u00dcbungen am 10\/11.07.2019 wird ein Cool Down \u00dcbungsblatt zur Thematik <strong>Splinefunktionen<\/strong> besprochen. Der Inhalt dieser \u00dcbungen ist <strong>pr\u00fcfungsrelevant<\/strong> und kann in den Klausuren abgefragt werden. Das Cool Down \u00dcbungsblatt finden Sie hier: <a href=\"http:\/\/www.mi.uni-koeln.de\/aggass\/prot\/documents_numerik1_ss19\/Uebungen\/Blatt11.pdf\" target=\"_blank\" rel=\"noopener noreferrer\">Blatt 11 (Cooldown\/Ritardando)<\/a>\n\n<strong>Programmger\u00fcste zu den \u00dcbungsbl\u00e4ttern:<\/strong>\n\n\n<ul>\n \t\n\n<li>F\u00fcr Blatt 01: <a href=\"http:\/\/www.mi.uni-koeln.de\/aggass\/prot\/documents_numerik1_ss19\/Uebungen\/Programmgerueste\/Householder.zip\">Householder <\/a>und <a href=\"http:\/\/www.mi.uni-koeln.de\/aggass\/prot\/documents_numerik1_ss19\/Uebungen\/Programmgerueste\/TestQR.zip \">TestQR <\/a><\/li>\n\n\n \t\n\n<li>F\u00fcr Blatt 02: <a href=\"http:\/\/www.mi.uni-koeln.de\/aggass\/prot\/documents_numerik1_ss19\/Uebungen\/Programmgerueste\/Ausgleich.zip\">Ausgleich <\/a><\/li>\n\n\n \t\n\n<li>F\u00fcr Blatt 03: <a href=\"http:\/\/www.mi.uni-koeln.de\/aggass\/prot\/documents_numerik1_ss19\/Uebungen\/Programmgerueste\/TestVektorIter.zip\">Test Vektoriteration <\/a><\/li>\n\n\n \t\n\n<li>F\u00fcr Blatt 04: <a href=\"http:\/\/www.mi.uni-koeln.de\/aggass\/prot\/documents_numerik1_ss19\/Uebungen\/Programmgerueste\/Matlab-Aufgabe4-1.zip\"> Module f\u00fcr Aufgabe 4.4 <\/a><\/li>\n\n\n \t\n\n<li>F\u00fcr Blatt 05: <a href=\"http:\/\/www.mi.uni-koeln.de\/aggass\/prot\/documents_numerik1_ss19\/Uebungen\/Programmgerueste\/Aufgabe_5-4.zip\"> Module f\u00fcr Aufgabe 5.4 <\/a> und <a href=\"http:\/\/www.mi.uni-koeln.de\/aggass\/prot\/documents_numerik1_ss19\/Uebungen\/Programmgerueste\/Aufgabe_5-5.zip\"> Module f\u00fcr Aufgabe 5.5 <\/a><\/li>\n\n\n \t\n\n<li>F\u00fcr Blatt 06: <a href=\"http:\/\/www.mi.uni-koeln.de\/aggass\/prot\/documents_numerik1_ss19\/Uebungen\/Programmgerueste\/Aufgabe-6-3.zip\"> Module f\u00fcr Aufgabe 6.3 <\/a> und <a href=\"http:\/\/www.mi.uni-koeln.de\/aggass\/prot\/documents_numerik1_ss19\/Uebungen\/Programmgerueste\/Aufgabe-6-4.zip\"> Module f\u00fcr Aufgabe 6.4 <\/a><\/li>\n\n\n \t\n\n<li>F\u00fcr Blatt 07: <a href=\"http:\/\/www.mi.uni-koeln.de\/aggass\/prot\/documents_numerik1_ss19\/Uebungen\/Programmgerueste\/Aufgabe 7_4.zip\"> Module f\u00fcr Aufgabe 7.4 <\/a> und <a href=\"http:\/\/www.mi.uni-koeln.de\/aggass\/prot\/documents_numerik1_ss19\/Uebungen\/Programmgerueste\/Aufgabe_7_5.zip\"> Module f\u00fcr Aufgabe 7.5 <\/a><\/li>\n\n\n \t\n\n<li>F\u00fcr Blatt 08: <a href=\"http:\/\/www.mi.uni-koeln.de\/aggass\/prot\/documents_numerik1_ss19\/Uebungen\/Programmgerueste\/Aufgabe_8_4_Clenshaw.zip\"> Module f\u00fcr Aufgabe 8.4 <\/a><\/li>\n\n\n \t\n\n<li>F\u00fcr Blatt 09: <a href=\"http:\/\/www.mi.uni-koeln.de\/aggass\/prot\/documents_numerik1_ss19\/Uebungen\/Programmgerueste\/Aufgabe_9_QuadRules.zip\"> Module f\u00fcr Aufgabe 9.4 <\/a><\/li>\n\n\n \t\n\n<li>F\u00fcr Blatt 10: <a href=\"http:\/\/www.mi.uni-koeln.de\/aggass\/prot\/documents_numerik1_ss19\/Uebungen\/Programmgerueste\/Aufgabe_10_Gau\u00df_Hermite.zip\"> Module f\u00fcr Aufgabe 10.4 <\/a><\/li>\n\n\n<\/ul>\n\n\n--><br \/>\n<!--\n<strong>L\u00f6sungsvorschl\u00e4ge f\u00fcr ausgew\u00e4hlte Theorieaufgaben:<\/strong>\n\n\n<ul>\n \t\n\n<li>Zu Blatt 02: <a href=\"http:\/\/www.mi.uni-koeln.de\/aggass\/prot\/documents_numerik1_ss19\/Uebungen\/Loesung_Theorie\/L\u00f6sung_Aufgabe2_2(ii).pdf\">Skizze: Gerschgorin-Kreise (Aufgabe 2.1 (ii))<\/a><\/li>\n\n\n \t\n\n<li>Zu Blatt 03: <a href=\"http:\/\/www.mi.uni-koeln.de\/aggass\/prot\/documents_numerik1_ss19\/Uebungen\/Loesung_Theorie\/Aufgabe_3_1.pdf\">Aufgabe 3.1<\/a>, <a href=\"http:\/\/www.mi.uni-koeln.de\/aggass\/prot\/documents_numerik1_ss19\/Uebungen\/Loesung_Theorie\/Aufgabe_3_2.pdf\">Aufgabe 3.2 <\/a>und <a href=\"http:\/\/www.mi.uni-koeln.de\/aggass\/prot\/documents_numerik1_ss19\/Uebungen\/Loesung_Theorie\/Aufgabe_3_3.pdf\">Aufgabe 3.3<\/a><\/li>\n\n\n \t\n\n<li>Zu Blatt 04: <a href=\"http:\/\/www.mi.uni-koeln.de\/aggass\/prot\/documents_numerik1_ss19\/Uebungen\/Loesung_Theorie\/Aufgabe_4_1.pdf\">Aufgabe 4.1 (Fixpunktsatz von Banach)<\/a><\/li>\n\n\n \t\n\n<li>Zu Blatt 06: <a href=\"http:\/\/www.mi.uni-koeln.de\/aggass\/prot\/documents_numerik1_ss19\/Uebungen\/Loesung_Theorie\/Aufgabe_6_2_ii.pdf\">Aufgabe 6.2(ii) (Interpolationspolynom in der Newton-Basis)<\/a><\/li>\n\n\n \t\n\n<li>Zu Blatt 08: <a href=\"http:\/\/www.mi.uni-koeln.de\/aggass\/prot\/documents_numerik1_ss19\/Uebungen\/Loesung_Theorie\/Aufgabe 8.1.pdf\">Aufgabe 8.1 <\/a> und <a href=\"http:\/\/www.mi.uni-koeln.de\/aggass\/prot\/documents_numerik1_ss19\/Uebungen\/Loesung_Theorie\/Aufgabe 8.3_Skizzen.pdf\">Skizzen zu Aufgabe 8.3<\/a><\/li>\n\n\n \t\n\n<li>Zu Blatt 10: <a href=\"http:\/\/www.mi.uni-koeln.de\/aggass\/prot\/documents_numerik1_ss19\/Uebungen\/Loesung_Theorie\/Aufgabe 10.3.pdf\">Aufgabe 10.3 <\/a><\/li>\n\n\n \t\n\n<li>Zu Blatt 11: <a href=\"http:\/\/www.mi.uni-koeln.de\/aggass\/prot\/documents_numerik1_ss19\/Uebungen\/Loesung_Theorie\/Aufgabe_11_2.pdf\">Aufgabe 11.2 <\/a><\/li>\n\n\n<\/ul>\n\n\n<strong>L\u00f6sungsvorschl\u00e4ge f\u00fcr die Matlab-Programmieraufgaben:\n<\/strong>\n\n\n<ul>\n \t\n\n<li><a href=\"http:\/\/www.mi.uni-koeln.de\/aggass\/prot\/documents_numerik1_ss19\/Uebungen\/Loesung_Programme\/Matlab_WarmUp.zip\">Programm Warm-Up \u00dcbungsblatt<\/a><\/li>\n\n\n \t\n\n<li><a href=\"http:\/\/www.mi.uni-koeln.de\/aggass\/prot\/documents_numerik1_ss19\/Uebungen\/Loesung_Programme\/L\u00f6sung_Aufgabe_1_4.zip\">Programm Blatt 01: Aufgabe 1.4<\/a><\/li>\n\n\n \t\n\n<li><a href=\"http:\/\/www.mi.uni-koeln.de\/aggass\/prot\/documents_numerik1_ss19\/Uebungen\/Loesung_Programme\/L\u00f6sung_Aufgabe_1_5.zip\">Programm Blatt 01: Aufgabe 1.5<\/a><\/li>\n\n\n \t\n\n<li><a href=\"http:\/\/www.mi.uni-koeln.de\/aggass\/prot\/documents_numerik1_ss19\/Uebungen\/Loesung_Programme\/Loesung_Aufgabe_2_4.zip\">Programm Blatt 02: Aufgabe 2.4<\/a><\/li>\n\n\n \t\n\n<li><a href=\"http:\/\/www.mi.uni-koeln.de\/aggass\/prot\/documents_numerik1_ss19\/Uebungen\/Loesung_Programme\/Loesung_Aufgabe_2_5.zip\">Programm Blatt 02: Aufgabe 2.5<\/a><\/li>\n\n\n \t\n\n<li><a href=\"http:\/\/www.mi.uni-koeln.de\/aggass\/prot\/documents_numerik1_ss19\/Uebungen\/Loesung_Programme\/Loesung_Aufgabe_3_4.zip\">Programm Blatt 03: Aufgabe 3.4<\/a><\/li>\n\n\n \t\n\n<li><a href=\"http:\/\/www.mi.uni-koeln.de\/aggass\/prot\/documents_numerik1_ss19\/Uebungen\/Loesung_Programme\/Loesung_Aufgabe_3_5.zip\">Programm Blatt 03: Aufgabe 3.5<\/a><\/li>\n\n\n \t\n\n<li><a href=\"http:\/\/www.mi.uni-koeln.de\/aggass\/prot\/documents_numerik1_ss19\/Uebungen\/Loesung_Programme\/Loesung_Aufgabe_4_4.zip\">Programm Blatt 04: Aufgabe 4.4<\/a><\/li>\n\n\n \t\n\n<li><a href=\"http:\/\/www.mi.uni-koeln.de\/aggass\/prot\/documents_numerik1_ss19\/Uebungen\/Loesung_Programme\/Loesung_Aufgabe_4_5.zip\">Programm Blatt 04: Aufgabe 4.5<\/a><\/li>\n\n\n \t\n\n<li><a href=\"http:\/\/www.mi.uni-koeln.de\/aggass\/prot\/documents_numerik1_ss19\/Uebungen\/Loesung_Programme\/Loesung_Aufgabe_5-4.zip\">Programm Blatt 05: Aufgabe 5.4<\/a><\/li>\n\n\n \t\n\n<li><a href=\"http:\/\/www.mi.uni-koeln.de\/aggass\/prot\/documents_numerik1_ss19\/Uebungen\/Loesung_Programme\/Loesung_Aufgabe_5-5.zip\">Programm Blatt 05: Aufgabe 5.5<\/a><\/li>\n\n\n \t\n\n<li><a href=\"http:\/\/www.mi.uni-koeln.de\/aggass\/prot\/documents_numerik1_ss19\/Uebungen\/Loesung_Programme\/Loesung_Aufgabe_6_3.zip\">Programm Blatt 06: Aufgabe 6.3<\/a><\/li>\n\n\n \t\n\n<li><a href=\"http:\/\/www.mi.uni-koeln.de\/aggass\/prot\/documents_numerik1_ss19\/Uebungen\/Loesung_Programme\/Loesung_Aufgabe_6_4.zip\">Programm Blatt 06: Aufgabe 6.4<\/a><\/li>\n\n\n \t\n\n<li><a href=\"http:\/\/www.mi.uni-koeln.de\/aggass\/prot\/documents_numerik1_ss19\/Uebungen\/Loesung_Programme\/Loesung_Aufgabe_7_4.zip\">Programm Blatt 07: Aufgabe 7.4<\/a><\/li>\n\n\n \t\n\n<li><a href=\"http:\/\/www.mi.uni-koeln.de\/aggass\/prot\/documents_numerik1_ss19\/Uebungen\/Loesung_Programme\/Loesung_Aufgabe_7_5_1.zip\">Programm Blatt 07: Aufgabe 7.5<\/a><\/li>\n\n\n \t\n\n<li><a href=\"http:\/\/www.mi.uni-koeln.de\/aggass\/prot\/documents_numerik1_ss19\/Uebungen\/Loesung_Programme\/Loesung_Aufgabe_8_4.zip\">Programm Blatt 08: Aufgabe 8.4<\/a><\/li>\n\n\n \t\n\n<li><a href=\"http:\/\/www.mi.uni-koeln.de\/aggass\/prot\/documents_numerik1_ss19\/Uebungen\/Loesung_Programme\/Loesung_Aufgabe_9_4.zip\">Programm Blatt 09: Aufgabe 9.4<\/a><\/li>\n\n\n \t\n\n<li><a href=\"http:\/\/www.mi.uni-koeln.de\/aggass\/prot\/documents_numerik1_ss19\/Uebungen\/Loesung_Programme\/Loesung_Aufgabe_10_4.zip\">Programm Blatt 10: Aufgabe 10.4<\/a><\/li>\n\n\n<\/ul>\n\n\n--><br \/>\n<!--\n\n\n<p style=\"text-align: justify;\">Die Aus- und Abgabetermine der \u00dcbungen entnehmen Sie der nachfolgenden Tabelle:<\/p>\n\n\n\n\n\n<table class=\"tg\">\n\n\n<tbody>\n\n\n<tr>\n\n\n<th class=\"tg-ao2g\">Blatt<\/th>\n\n\n\n\n<th class=\"tg-ao2g\">Ausgabe&nbsp;&nbsp;(12:00 Uhr)<\/th>\n\n\n\n\n<th class=\"tg-ao2g\">Abgabe (12:00 Uhr)<\/th>\n\n\n\n\n<th class=\"tg-ao2g\">Besprechung<\/th>\n\n\n\n\n<th class=\"tg-ao2g\">Bewertung<\/th>\n\n\n<\/tr>\n\n\n\n\n<tr>\n\n\n<td class=\"tg-ao2g\">Warm Up<\/td>\n\n\n\n\n<td class=\"tg-ao2g\">Mi 10.04.<\/td>\n\n\n\n\n<td class=\"tg-ao2g\"><span style=\"font-style: italic;\">entf\u00e4llt<\/span><\/td>\n\n\n\n\n<td class=\"tg-ao2g\">17.\/18.04.<\/td>\n\n\n\n\n<td class=\"tg-ao2g\"><span style=\"font-style: italic;\">entf\u00e4llt<\/span><\/td>\n\n\n<\/tr>\n\n\n\n\n<tr>\n\n\n<td class=\"tg-ao2g\">1\n2\n3\n4\n5<\/td>\n\n\n\n\n<td class=\"tg-ao2g\">Mi 17.04\nMi 24.04\n<span style=\"font-weight: bold; text-decoration: underline;\">Di 30.04.<\/span>\nMi 08.05.\nMi 15.05.<\/td>\n\n\n\n\n<td class=\"tg-ao2g\">Mi 24.04.\n<span style=\"font-weight: bold; text-decoration: underline;\">Do 02.05.<\/span>\nMi 08.05.\nMi 15.05.\nMi 22.05.<\/td>\n\n\n\n\n<td class=\"tg-ao2g\">24.\/25.04.\n<span style=\"font-weight: bold; text-decoration: underline;\">02.05.<\/span>\n08.\/09.05.\n15.\/16.05.\n22.\/23.05.<\/td>\n\n\n\n\n<td class=\"tg-ao2g\">Block 1\n(&gt; 50 %)<\/td>\n\n\n<\/tr>\n\n\n\n\n<tr>\n\n\n<td class=\"tg-ao2g\">6\n7\n8\n9\n10<\/td>\n\n\n\n\n<td class=\"tg-ao2g\">Mi 22.05\nMi 29.05.\nMi 05.06.\nMi 19.06.\nMi 26.06.<\/td>\n\n\n\n\n<td class=\"tg-ao2g\">Mi 29.05.\nMi 05.06.\nMi 19.06.\nMi 26.06.\nMi 03.07.<\/td>\n\n\n\n\n<td class=\"tg-ao2g\"><span style=\"font-weight: bold; text-decoration: underline;\">29.05.<\/span>\n05.\/06.06.\n<span style=\"font-weight: bold; text-decoration: underline;\">19.06.<\/span>\n26.\/27.06.\n03.\/04.07.<\/td>\n\n\n\n\n<td class=\"tg-ao2g\">Block 2\n(&gt; 50 %)<\/td>\n\n\n<\/tr>\n\n\n\n\n<tr>\n\n\n<td class=\"tg-ao2g\">Cool Down<\/td>\n\n\n\n\n<td class=\"tg-ao2g\">Mi 03.07.<\/td>\n\n\n\n\n<td class=\"tg-ao2g\"><span style=\"font-style: italic;\">entf\u00e4llt<\/span><\/td>\n\n\n\n\n<td class=\"tg-ao2g\">10.\/11.07.<\/td>\n\n\n\n\n<td class=\"tg-ao2g\"><span style=\"font-style: italic;\">entf\u00e4llt<\/span><\/td>\n\n\n<\/tr>\n\n\n<\/tbody>\n\n\n<\/table>\n\n\n\n\n<p style=\"text-align: justify;\"><span class=\"\">F\u00fcr die praktischen Aufgaben sind Programmierkenntnisse erforderlich (Matlab oder Octave). Es werden nur lauff\u00e4hige und kommentierte Programme akzeptiert.&nbsp;<\/span><span class=\"\"><span class=\"\">Die regelm\u00e4\u00dfige Teilnahme an den \u00dcbungen wird dringend empfohlen.<\/span><\/span><\/p>\n\n\n\n\n\n<div class=\"\">\n\n\n<p style=\"text-align: justify;\">Eine Anleitung zum Download und zur Installation von Matlab ist bei <a title=\"Literatur Numerische Mathematik (14722.0009)\" href=\"http:\/\/www.mi.uni-koeln.de\/NumSim\/teaching\/numerik-14722-0009\/literatur-numerik-14722-0009\/\">Literatur<\/a> zu finden. Dort gibt es auch Literatur zum Programmieren in Matlab, die aus dem Uni-Netz kostenlos von <a title=\"Springer\" href=\"http:\/\/link.springer.com\/\">Springer<\/a> bezogen werden kann.<\/p>\n\n\n--&gt;<\/div>\n\n\n--&gt;\n\n--><\/p>\n","protected":false},"excerpt":{"rendered":"<p>In den \u00dcbungen zur Vorlesung \u201eNumerische Mathematik\u201c werden die theoretischen und insbesondere die praktischen Aspekte der numerischen Mathematik vertieft. W\u00f6chentlich werden begleitend zur Vorlesung Theorieaufgaben und insbesondere Programmieraufgaben gestellt. Dabei werden die in der Vorlesung konstruierten Verfahren und Methoden von &hellip; <a href=\"https:\/\/www.mi.uni-koeln.de\/NumSim\/teaching\/numerik-14722-0009\/uebungen-numerik-14722-0010\/\">Continue reading <span class=\"meta-nav\">&rarr;<\/span><\/a><\/p>\n","protected":false},"author":9,"featured_media":0,"parent":2296,"menu_order":3,"comment_status":"closed","ping_status":"closed","template":"sidebar-page.php","meta":{"footnotes":""},"post_mailing_queue_ids":[],"_links":{"self":[{"href":"https:\/\/www.mi.uni-koeln.de\/NumSim\/wp-json\/wp\/v2\/pages\/2301"}],"collection":[{"href":"https:\/\/www.mi.uni-koeln.de\/NumSim\/wp-json\/wp\/v2\/pages"}],"about":[{"href":"https:\/\/www.mi.uni-koeln.de\/NumSim\/wp-json\/wp\/v2\/types\/page"}],"author":[{"embeddable":true,"href":"https:\/\/www.mi.uni-koeln.de\/NumSim\/wp-json\/wp\/v2\/users\/9"}],"replies":[{"embeddable":true,"href":"https:\/\/www.mi.uni-koeln.de\/NumSim\/wp-json\/wp\/v2\/comments?post=2301"}],"version-history":[{"count":116,"href":"https:\/\/www.mi.uni-koeln.de\/NumSim\/wp-json\/wp\/v2\/pages\/2301\/revisions"}],"predecessor-version":[{"id":6548,"href":"https:\/\/www.mi.uni-koeln.de\/NumSim\/wp-json\/wp\/v2\/pages\/2301\/revisions\/6548"}],"up":[{"embeddable":true,"href":"https:\/\/www.mi.uni-koeln.de\/NumSim\/wp-json\/wp\/v2\/pages\/2296"}],"wp:attachment":[{"href":"https:\/\/www.mi.uni-koeln.de\/NumSim\/wp-json\/wp\/v2\/media?parent=2301"}],"curies":[{"name":"wp","href":"https:\/\/api.w.org\/{rel}","templated":true}]}}