{"id":2446,"date":"2016-07-18T11:29:44","date_gmt":"2016-07-18T09:29:44","guid":{"rendered":"http:\/\/www.mi.uni-koeln.de\/NumSim\/?page_id=2446"},"modified":"2019-11-11T15:40:29","modified_gmt":"2019-11-11T14:40:29","slug":"einfuehrung-in-die-numerik-partieller-differentialgleichungen-14722-0021","status":"publish","type":"page","link":"https:\/\/www.mi.uni-koeln.de\/NumSim\/teaching\/einfuehrung-in-die-numerik-partieller-differentialgleichungen-14722-0021\/","title":{"rendered":"Einf\u00fchrung in die Numerik partieller Differentialgleichungen (14722.0021)"},"content":{"rendered":"<p>Zu Beginn der Vorlesung zur Einf\u00fchrung in die Numerik partieller Differentialgleichungen werden numerische Methoden zur L\u00f6sung von gew\u00f6hnlichen Differentialgleichungen behandelt. Dabei werden Einschritt- und Mehrschrittverfahren diskutiert mit Fokus auf Konstruktion, Stabilit\u00e4t und Konvergenz.<\/p>\n<p>Danach wird eine Einf\u00fchrung in die Numerik von partiellen Differentialgleichungen gegeben. Hier werden die verschiedenen Klassen von partiellen Differentialgleichungen mit ihren Eigenschaften behandelt. Zudem werden erste einfache numerische Methoden konstruiert und analysiert.<\/p>\n<hr \/>\n<p><strong>Veranstaltungsort und -zeit:<\/strong><br \/>\ndienstags\u00a0 14.00-15.30 Uhr, H\u00f6rsaal des Mathematischen Instituts (Raum 203)<br \/>\nmittwochs 14.00-15.30 Uhr, H\u00f6rsaal des Mathematischen Instituts (Raum 203)<\/p>\n<p><strong>Klausurtermine:<\/strong><br \/>\n1. Klausur: 16.02.2017, 8:45-12:15 Uhr, Chemie I<br \/>\nListe der angemeldeten Studenten f\u00fcr den ersten Klausurtermin: <a href=\"\/aggass\/prot\/documents_numerikpdgl1_ws16_17\/Anmeldungen.pdf\">Anmeldungen<\/a><br \/>\nVorl\u00e4ufige Noten der ersten Klausur: <a href=\"\/aggass\/prot\/documents_numerikpdgl1_ws16_17\/Noten.pdf\">Noten<\/a><\/p>\n<p>2. Klausur: 04.04.2017, 8:45-12:15 Uhr, Chemie I<br \/>\nListe der angemeldeten Studenten f\u00fcr den zweiten Klausurtermin: <a href=\"\/aggass\/prot\/documents_numerikpdgl1_ws16_17\/Anmeldungen2.pdf\">Anmeldungen<\/a><br \/>\nVorl\u00e4ufige Noten der zweiten Klausur: <a href=\"\/aggass\/prot\/documents_numerikpdgl1_ws16_17\/Noten2.pdf\">Noten<\/a><\/p>\n<p><strong>Wichtige Informationen:<\/strong><br \/>\nStudenten, die Numerik II bei Prof. Dr. Klawonn geh\u00f6rt haben, k\u00f6nnen sich diese Veranstaltung nicht zus\u00e4tzlich anrechnen lassen!<br \/>\nAnderenfalls kann man diese Veranstaltung trotz vorhandenem Numerik II Schein h\u00f6ren und angerechnet bekommen.<br \/>\n<strong><span style=\"color: #ff0000;\">Wirtschaftsmathematik- und Lehramtstudenten k\u00f6nnen sich diese Veranstaltung auch im Master-Studiengang anrechnen lassen.<\/span><\/strong><\/p>\n<p><strong>Kontakt:<\/strong><br \/>\n<a title=\"Prof. Dr.-Ing. Gregor Gassner\" href=\"http:\/\/www.mi.uni-koeln.de\/NumSim\/gregor-gassner\/\">Prof. Dr. Gregor Gassner<\/a>, <a title=\"Marvin Bohm\" href=\"http:\/\/www.mi.uni-koeln.de\/NumSim\/bohm\/\">Marvin Bohm<\/a><\/p>\n","protected":false},"excerpt":{"rendered":"<p>Zu Beginn der Vorlesung zur Einf\u00fchrung in die Numerik partieller Differentialgleichungen werden numerische Methoden zur L\u00f6sung von gew\u00f6hnlichen Differentialgleichungen behandelt. Dabei werden Einschritt- und Mehrschrittverfahren diskutiert mit Fokus auf Konstruktion, Stabilit\u00e4t und Konvergenz. Danach wird eine Einf\u00fchrung in die Numerik &hellip; <a href=\"https:\/\/www.mi.uni-koeln.de\/NumSim\/teaching\/einfuehrung-in-die-numerik-partieller-differentialgleichungen-14722-0021\/\">Continue reading <span class=\"meta-nav\">&rarr;<\/span><\/a><\/p>\n","protected":false},"author":9,"featured_media":0,"parent":25,"menu_order":7,"comment_status":"closed","ping_status":"closed","template":"sidebar-page.php","meta":{"footnotes":""},"post_mailing_queue_ids":[],"_links":{"self":[{"href":"https:\/\/www.mi.uni-koeln.de\/NumSim\/wp-json\/wp\/v2\/pages\/2446"}],"collection":[{"href":"https:\/\/www.mi.uni-koeln.de\/NumSim\/wp-json\/wp\/v2\/pages"}],"about":[{"href":"https:\/\/www.mi.uni-koeln.de\/NumSim\/wp-json\/wp\/v2\/types\/page"}],"author":[{"embeddable":true,"href":"https:\/\/www.mi.uni-koeln.de\/NumSim\/wp-json\/wp\/v2\/users\/9"}],"replies":[{"embeddable":true,"href":"https:\/\/www.mi.uni-koeln.de\/NumSim\/wp-json\/wp\/v2\/comments?post=2446"}],"version-history":[{"count":20,"href":"https:\/\/www.mi.uni-koeln.de\/NumSim\/wp-json\/wp\/v2\/pages\/2446\/revisions"}],"predecessor-version":[{"id":2764,"href":"https:\/\/www.mi.uni-koeln.de\/NumSim\/wp-json\/wp\/v2\/pages\/2446\/revisions\/2764"}],"up":[{"embeddable":true,"href":"https:\/\/www.mi.uni-koeln.de\/NumSim\/wp-json\/wp\/v2\/pages\/25"}],"wp:attachment":[{"href":"https:\/\/www.mi.uni-koeln.de\/NumSim\/wp-json\/wp\/v2\/media?parent=2446"}],"curies":[{"name":"wp","href":"https:\/\/api.w.org\/{rel}","templated":true}]}}