{"id":2453,"date":"2016-07-18T11:46:07","date_gmt":"2016-07-18T09:46:07","guid":{"rendered":"http:\/\/www.mi.uni-koeln.de\/NumSim\/?page_id=2453"},"modified":"2019-11-11T15:40:57","modified_gmt":"2019-11-11T14:40:57","slug":"uebungen-numerik-partieller-differentialgleichungen-14722-0022","status":"publish","type":"page","link":"https:\/\/www.mi.uni-koeln.de\/NumSim\/teaching\/einfuehrung-in-die-numerik-partieller-differentialgleichungen-14722-0021\/uebungen-numerik-partieller-differentialgleichungen-14722-0022\/","title":{"rendered":"\u00dcbungen Numerik partieller Differentialgleichungen (14722.0022)"},"content":{"rendered":"<p>Die \u00dcbungen zur Vorlesung zur Einf\u00fchrung in die Numerik partieller Differentialgleichungen dienen dem besseren Verst\u00e4ndnis der Vorlesung. Fragen und Probleme werden in kleinen Gruppen diskutiert. Der in der Vorlesung behandelte Stoff wird mit Hilfe von \u00dcbungs- und Programmieraufgaben vertieft, die von Studierenden selbst\u00e4ndnig au\u00dferhalb der \u00dcbung bearbeitet werden.<\/p>\n<hr \/>\n<p><strong>\u00dcbungstermine und -orte:<\/strong><br \/>\n\u00dcbungsgruppe 1: Donnerstags 12.00-13.30 in Seminarraum 3<br \/>\n\u00dcbungsgruppe 2: Freitags 12.00-13.30 im Cohn-Vossen H\u00f6rsaal<br \/>\nDie Einteilung in die \u00dcbungsgruppen ist beendet. Da deutlich mehr Studierende die \u00dcbungsgruppe 1 bevorzugen, k\u00f6nnen nicht alle Pr\u00e4ferenzen erf\u00fcllt werden. Die Liste mit den Einteilungen in die \u00dcbungsgruppen gibt es hier: <a href=\"http:\/\/www.mi.uni-koeln.de\/NumSim\/wp-content\/uploads\/2016\/10\/\u00dcbungsgruppen.pdf\">\u00dcbungsgruppenzuteilung<\/a>.<\/p>\n<p><strong>Zulassungskriterien:<\/strong><br \/>\nDie folgenden Kriterien gelten <em>sowohl f\u00fcr die erste als auch f\u00fcr die zweite H\u00e4lfte<\/em> des Semsters:<\/p>\n<ul>\n<li>Es m\u00fcssen mindestens 50 % der Punkte der theoretischen \u00dcbungsaufgaben erreicht werden<\/li>\n<li>Es m\u00fcssen mindestens 50 % der Punkte der praktischen \u00dcbungsaufgaben (Programmieraufgaben) erreicht werden<\/li>\n<li>Jede(!) Programmieraufgabe muss sinnvoll bearbeitet werden (mindestens 25 % der Punkte)<\/li>\n<li>Gruppenabgaben mit bis zu 3 Studierenden sind erlaubt.<\/li>\n<li>Es gibt keine Anwesenheitspflicht in den \u00dcbungen. Allerdings muss jeder Teilnehmer mindestens 1 Mal eine (Teil-)L\u00f6sung vorrechnen.<\/li>\n<\/ul>\n<p>Um <strong>Altzulassungen<\/strong> geltend zu machen, bitte das <a href=\"http:\/\/www.mi.uni-koeln.de\/Institutsdokumente\/Pruefungsanmeldung\/Altzulassung.pdf\">Formular<\/a> ausf\u00fcllen und bei <a href=\"http:\/\/www.mi.uni-koeln.de\/NumSim\/bohm\/\">Marvin Bohm<\/a> abgeben. Aufgrund der M\u00f6glichkeit, sich diese Veranstaltung zus\u00e4tzlich zur Numerik II anrechnen zu lassen (sofern man diese nicht bei Prof. Dr. Klawonn geh\u00f6rt hat),<strong> werden jedoch nur Altzulassungen von Prof. Dr. Klawonn akzeptiert<\/strong>.<\/p>\n<p><!--\n<strong>\u00dcbungsbl\u00e4tter:<\/strong>\nJeden Donnerstag wird ein neues \u00dcbungsblatt auf der Website hochgeladen. Die Bearbeitungszeit betr\u00e4gt eine Woche. Die L\u00f6sungen (schriftliche Ausarbeitung der theoretischen Aufgaben und Ausdruck der Programmieraufgabe) m\u00fcssen fristgem\u00e4\u00df w\u00e4hrend der darauf folgenden Woche in den \u00dcbungsgruppen abgegeben werden. In Absprache mit dem Tutor kann dies auch (z.B. als Scan) per E-Mail erfolgen. Zudem m\u00fcssen die kommentierten und lauff\u00e4higen Programme aus den Programmieraufgaben per E-Mail an den Tutor geschickt werden.\n\n\n<ul>\n \t\n\n<li><a href=\"\/aggass\/prot\/documents_numerikpdgl1_ws16_17\/uebungen\/Uebung0.pdf\">0. \u00dcbungsblatt<\/a> Keine Abgabe, Besprechung am 27.\/28.10.<\/li>\n\n\n \t\n\n<li><a href=\"\/aggass\/prot\/documents_numerikpdgl1_ws16_17\/uebungen\/Uebung1.pdf\">1. \u00dcbungsblatt<\/a> Abgabe am 27.\/28.10., Besprechung am 03.\/04.11.<\/li>\n\n\n \t\n\n<li><a href=\"\/aggass\/prot\/documents_numerikpdgl1_ws16_17\/uebungen\/Uebung2.pdf\">2. \u00dcbungsblatt<\/a> Abgabe am 03.\/04.11., Besprechung am 10.\/11.11.<\/li>\n\n\n \t\n\n<li><a href=\"\/aggass\/prot\/documents_numerikpdgl1_ws16_17\/uebungen\/Uebung3.pdf\">3. \u00dcbungsblatt<\/a> Abgabe am 10.\/11.11., Besprechung am 17.\/18.11.<\/li>\n\n\n \t\n\n<li><a href=\"\/aggass\/prot\/documents_numerikpdgl1_ws16_17\/uebungen\/Uebung4.pdf\">4. \u00dcbungsblatt<\/a> Abgabe am 17.\/18.11., Besprechung am 24.\/25.11.<\/li>\n\n\n \t\n\n<li><a href=\"\/aggass\/prot\/documents_numerikpdgl1_ws16_17\/uebungen\/Uebung5.pdf\">5. \u00dcbungsblatt<\/a> Abgabe am 24.\/25.11., Besprechung am 01.\/02.12.<\/li>\n\n\n \t\n\n<li><a href=\"\/aggass\/prot\/documents_numerikpdgl1_ws16_17\/uebungen\/Uebung6.pdf\">6. \u00dcbungsblatt<\/a> Abgabe am 01.\/02.12., Besprechung am 08.\/09.12.<\/li>\n\n\n<\/ul>\n\n\n\n\n\n<hr \/>\n\n\n\n\n\n<ul>\n \t\n\n<li><a href=\"\/aggass\/prot\/documents_numerikpdgl1_ws16_17\/uebungen\/Uebung7.pdf\">7. \u00dcbungsblatt<\/a> Abgabe am 08.\/09.12., Besprechung am 15.\/16.12.<\/li>\n\n\n \t\n\n<li><a href=\"\/aggass\/prot\/documents_numerikpdgl1_ws16_17\/uebungen\/Uebung8.pdf\">8. \u00dcbungsblatt<\/a> Abgabe am 15.\/16.12., Besprechung am 12.\/13.01.<\/li>\n\n\n \t\n\n<li><a href=\"\/aggass\/prot\/documents_numerikpdgl1_ws16_17\/uebungen\/Uebung9.pdf\">9. \u00dcbungsblatt<\/a> Abgabe am 12.\/13.01., Besprechung am 19.\/20.01. (<a href=\"\/aggass\/prot\/documents_numerikpdgl1_ws16_17\/uebungen\/KlingGloeckchen.zip\">KlingGloeckchen<\/a>)<\/li>\n\n\n \t\n\n<li><a href=\"\/aggass\/prot\/documents_numerikpdgl1_ws16_17\/uebungen\/Uebung10.pdf\">10. \u00dcbungsblatt<\/a> Abgabe am 19.\/20.01., Besprechung am 26.\/27.01.<\/li>\n\n\n \t\n\n<li><a href=\"\/aggass\/prot\/documents_numerikpdgl1_ws16_17\/uebungen\/Uebung11.pdf\">11. \u00dcbungsblatt<\/a> Abgabe am 26.\/27.01., Besprechung am 02.\/03.02.<\/li>\n\n\n \t\n\n<li><a href=\"\/aggass\/prot\/documents_numerikpdgl1_ws16_17\/uebungen\/Uebung12.pdf\">12. \u00dcbungsblatt<\/a> Abgabe am 02.\/03.02., Besprechung am 09.\/10.02.<\/li>\n\n\n<\/ul>\n\n\n<strong>Programme:<\/strong>\nNach der Besprechung in den \u00dcbungen werden hier die Musterl\u00f6sungen zu den Programmieraufgaben hochgeladen:\n\n\n<ul>\n \t\n\n<li><a href=\"\/aggass\/prot\/documents_numerikpdgl1_ws16_17\/programme\/programm1.m\">programm1<\/a><\/li>\n\n\n \t\n\n<li><a href=\"\/aggass\/prot\/documents_numerikpdgl1_ws16_17\/programme\/programm2.m\">programm2<\/a><\/li>\n\n\n \t\n\n<li><a href=\"\/aggass\/prot\/documents_numerikpdgl1_ws16_17\/programme\/programm3.m\">programm3<\/a><\/li>\n\n\n \t\n\n<li><a href=\"\/aggass\/prot\/documents_numerikpdgl1_ws16_17\/programme\/programm4.m\">programm4<\/a><\/li>\n\n\n \t\n\n<li><a href=\"\/aggass\/prot\/documents_numerikpdgl1_ws16_17\/programme\/programm5.m\">programm5<\/a><\/li>\n\n\n \t\n\n<li><a href=\"\/aggass\/prot\/documents_numerikpdgl1_ws16_17\/programme\/programm6.m\">programm6<\/a><\/li>\n\n\n \t\n\n<li><a href=\"\/aggass\/prot\/documents_numerikpdgl1_ws16_17\/programme\/programm7.m\">programm7<\/a><\/li>\n\n\n \t\n\n<li><a href=\"\/aggass\/prot\/documents_numerikpdgl1_ws16_17\/programme\/programm8.m\">programm8<\/a><\/li>\n\n\n \t\n\n<li><a href=\"\/aggass\/prot\/documents_numerikpdgl1_ws16_17\/programme\/programm9.m\">programm9<\/a><\/li>\n\n\n \t\n\n<li><a href=\"\/aggass\/prot\/documents_numerikpdgl1_ws16_17\/programme\/programm10.m\">programm10<\/a><\/li>\n\n\n \t\n\n<li><a href=\"\/aggass\/prot\/documents_numerikpdgl1_ws16_17\/programme\/programm11.m\">programm11<\/a><\/li>\n\n\n<\/ul>\n\n\n--><\/p>\n","protected":false},"excerpt":{"rendered":"<p>Die \u00dcbungen zur Vorlesung zur Einf\u00fchrung in die Numerik partieller Differentialgleichungen dienen dem besseren Verst\u00e4ndnis der Vorlesung. Fragen und Probleme werden in kleinen Gruppen diskutiert. Der in der Vorlesung behandelte Stoff wird mit Hilfe von \u00dcbungs- und Programmieraufgaben vertieft, die &hellip; <a href=\"https:\/\/www.mi.uni-koeln.de\/NumSim\/teaching\/einfuehrung-in-die-numerik-partieller-differentialgleichungen-14722-0021\/uebungen-numerik-partieller-differentialgleichungen-14722-0022\/\">Continue reading <span class=\"meta-nav\">&rarr;<\/span><\/a><\/p>\n","protected":false},"author":9,"featured_media":0,"parent":2446,"menu_order":1,"comment_status":"closed","ping_status":"closed","template":"sidebar-page.php","meta":{"footnotes":""},"post_mailing_queue_ids":[],"_links":{"self":[{"href":"https:\/\/www.mi.uni-koeln.de\/NumSim\/wp-json\/wp\/v2\/pages\/2453"}],"collection":[{"href":"https:\/\/www.mi.uni-koeln.de\/NumSim\/wp-json\/wp\/v2\/pages"}],"about":[{"href":"https:\/\/www.mi.uni-koeln.de\/NumSim\/wp-json\/wp\/v2\/types\/page"}],"author":[{"embeddable":true,"href":"https:\/\/www.mi.uni-koeln.de\/NumSim\/wp-json\/wp\/v2\/users\/9"}],"replies":[{"embeddable":true,"href":"https:\/\/www.mi.uni-koeln.de\/NumSim\/wp-json\/wp\/v2\/comments?post=2453"}],"version-history":[{"count":43,"href":"https:\/\/www.mi.uni-koeln.de\/NumSim\/wp-json\/wp\/v2\/pages\/2453\/revisions"}],"predecessor-version":[{"id":3664,"href":"https:\/\/www.mi.uni-koeln.de\/NumSim\/wp-json\/wp\/v2\/pages\/2453\/revisions\/3664"}],"up":[{"embeddable":true,"href":"https:\/\/www.mi.uni-koeln.de\/NumSim\/wp-json\/wp\/v2\/pages\/2446"}],"wp:attachment":[{"href":"https:\/\/www.mi.uni-koeln.de\/NumSim\/wp-json\/wp\/v2\/media?parent=2453"}],"curies":[{"name":"wp","href":"https:\/\/api.w.org\/{rel}","templated":true}]}}