{"id":25,"date":"2013-10-24T17:08:58","date_gmt":"2013-10-24T15:08:58","guid":{"rendered":"http:\/\/www.mi.uni-koeln.de\/NumSim\/?page_id=25"},"modified":"2026-04-07T13:52:25","modified_gmt":"2026-04-07T11:52:25","slug":"teaching","status":"publish","type":"page","link":"https:\/\/www.mi.uni-koeln.de\/NumSim\/teaching\/","title":{"rendered":"Teaching"},"content":{"rendered":"\r\n<h2 class=\"wp-block-heading\">Bachelor&#8217;s and master&#8217;s theses<\/h2>\r\n\r\n\r\n\r\n<p>Bachelor&#8217;s and master&#8217;s theses are evaluated according to the official <a href=\"https:\/\/gitlab.mi.uni-koeln.de\/numsim\/theses\/submission_guidelines\/blob\/master\/Formular_GutachtenBAMA.pdf\" target=\"_blank\" rel=\"noreferrer noopener\" aria-label=\"grade report form (\u00f6ffnet in neuem Tab)\">grade report form<\/a> (only available in German). When submitting your finished thesis, a digital submission according to the <a href=\"https:\/\/gitlab.mi.uni-koeln.de\/numsim\/theses\/submission_guidelines\" target=\"_blank\" rel=\"noreferrer noopener\" aria-label=\"thesis submission guidelines (\u00f6ffnet in neuem Tab)\">thesis submission guidelines<\/a> is required as well. If you have questions, please do not hesitate to talk to your advisor.<\/p>\r\n\r\n<h1><img decoding=\"async\" loading=\"lazy\" class=\"alignright size-thumbnail wp-image-1883\" src=\"http:\/\/www.mi.uni-koeln.de\/NumSim\/wp-content\/uploads\/2013\/10\/teaching-150x150.jpg\" alt=\"teaching\" width=\"150\" height=\"150\" srcset=\"https:\/\/www.mi.uni-koeln.de\/NumSim\/wp-content\/uploads\/2013\/10\/teaching-150x150.jpg 150w, https:\/\/www.mi.uni-koeln.de\/NumSim\/wp-content\/uploads\/2013\/10\/teaching-300x300.jpg 300w, https:\/\/www.mi.uni-koeln.de\/NumSim\/wp-content\/uploads\/2013\/10\/teaching.jpg 537w\" sizes=\"(max-width: 150px) 100vw, 150px\" \/><\/h1>\r\n<p><strong>Sommersemester 2026<\/strong><\/p>\r\n<ul>\r\n<li><a href=\"https:\/\/www.mi.uni-koeln.de\/NumSim\/teaching\/einfuhrung-in-die-klimamodellierung-14722-0021\/\">Vorlesung und \u00dcbung: Einf\u00fchrung in die Klimamodellierung (<span style=\"font-variant-caps: normal;\">Introduction to Climate Modeling)<\/span><\/a><\/li>\r\n<li><a href=\"https:\/\/www.mi.uni-koeln.de\/NumSim\/teaching\/oberseminar-numerische-simulation-2\/\">Oberseminar: Numerische Simulation (Research Seminar on Numerical Simulation)<\/a><\/li>\r\n<\/ul>\r\n<p><strong>Wintersemester 2025\/2026<\/strong><\/p>\r\n<ul>\r\n<li><a href=\"https:\/\/www.mi.uni-koeln.de\/NumSim\/teaching\/einfuhrung-in-die-numerik-partieller-differentialgleichungen-14722-0017\/\">Vorlesung und \u00dcbung: Einf\u00fchrung in die Numerik partieller Differentialgleichungen<\/a><\/li>\r\n<li><a href=\"https:\/\/www.mi.uni-koeln.de\/NumSim\/teaching\/oberseminar-numerische-simulation-2\/\">Oberseminar: Numerische Simulation (Research Seminar on Numerical Simulation)<\/a><\/li>\r\n<\/ul>\r\n<p><strong>Sommersemester 2025<\/strong><\/p>\r\n<ul>\r\n<li><a href=\"https:\/\/www.mi.uni-koeln.de\/NumSim\/teaching\/numerik-14722-0009\/\">Vorlesung und \u00dcbung: Numerische Mathematik (Numerics)<\/a><\/li>\r\n<li>Oberseminar: Numerische Simulation (Research Seminar on Numerical Simulation)<\/li>\r\n<\/ul>\r\n<h1><!-- \/wp:paragraph --><\/h1>\r\n<p><span style=\"color: #000000;\"><div class='dropdown_box '>\r\n\t<a href=\"#\" class=\"showmore\">\r\n\t\t<span class='view_modifier hide' data-show=\"Veranstaltungs-Archiv einblenden\" data-hide=\"Veranstaltungs-Archiv ausblenden\">Veranstaltungs-Archiv einblenden<\/span>  \t<\/a>\r\n\t<div class=\"inner_text hide\">\r\n\t\t<\/span><\/p>\r\n<p><strong>Wintersemester 2024\/25<\/strong><\/p>\r\n<ul>\r\n<li><a href=\"https:\/\/www.mi.uni-koeln.de\/NumSim\/teaching\/algorithmische-mathematik-und-programmieren-14722-0005\/\">Vorlesung und \u00dcbung: Algorithmische Mathematik und Programmieren<\/a><\/li>\r\n<li>Oberseminar: Numerische Simulation (Research Seminar on Numerical Simulation)<\/li>\r\n<\/ul>\r\n<p><strong>Sommersemester 2024<\/strong><\/p>\r\n<ul>\r\n<li><a href=\"https:\/\/www.mi.uni-koeln.de\/NumSim\/teaching\/wissenschaftliches-rechnen-einfuhrung-in-die-simulation-von-atmospharischen-stromungen-14722-0023\/\">Vorlesung und \u00dcbung: <span style=\"font-variant-caps: normal;\">Wissenschaftliches Rechnen: Einf\u00fchrung in die Simulation von atmosph\u00e4rischen Str\u00f6mungen<\/span><\/a><\/li>\r\n<li>Oberseminar: Numerische Simulation (Research Seminar on Numerical Simulation)<\/li>\r\n<\/ul>\r\n<p><strong>Wintersemester 2023\/24<\/strong><\/p>\r\n<ul>\r\n<li><a href=\"https:\/\/www.mi.uni-koeln.de\/NumSim\/teaching\/numerische-stromungsmechanik-14722-0023\/\">Vorlesung und \u00dcbung: Numerische Str\u00f6mungsmechanik (<span style=\"font-variant-caps: normal;\">Computational Fluid Dynamics)<\/span><\/a><\/li>\r\n<li>Oberseminar: Numerische Simulation (Research Seminar on Numerical Simulation)<\/li>\r\n<\/ul>\r\n<p><strong>Sommersemester 2023<\/strong><\/p>\r\n<ul>\r\n<li><a href=\"https:\/\/www.mi.uni-koeln.de\/NumSim\/teaching\/einfuhrung-in-die-klimamodellierung-14722-0025\/\">Vorlesung und \u00dcbung: Einf\u00fchrung in die Klimamodellierung (Introduction in Climate Modeling)<\/a><\/li>\r\n<li>Oberseminar: Numerische Simulation (Research Seminar on Numerical Simulation)<\/li>\r\n<\/ul>\r\n<p><strong>Wintersemester 2022\/23<\/strong><\/p>\r\n<ul>\r\n<li>Forschungssemester (keine Veranstaltungen)<\/li>\r\n<\/ul>\r\n<p><strong>Sommersemester 2022<\/strong><\/p>\r\n<ul>\r\n<li><a href=\"https:\/\/www.mi.uni-koeln.de\/NumSim\/teaching\/numerische-mathematik-sose-2022\/\">Vorlesung und \u00dcbung: Numerische Mathematik (Numerics)<\/a><\/li>\r\n<li>Oberseminar: Numerische Simulation (Research Seminar on Numerical Simulation)<\/li>\r\n<\/ul>\r\n<p><strong>Wintersemester 2021\/22<\/strong><\/p>\r\n<ul>\r\n<li><a href=\"https:\/\/www.mi.uni-koeln.de\/NumSim\/teaching\/algorithmische-mathematik-und-programmieren-14722-0009\/\">Vorlesung und \u00dcbung: Algorithmische Mathematik und Programmieren (Numerical Mathematics and Programming)<\/a><\/li>\r\n<li>Oberseminar: Numerische Simulation (Research Seminar on Numerical Simulation)<\/li>\r\n<\/ul>\r\n<p><strong>Sommersemester 2021<\/strong><\/p>\r\n<ul>\r\n<li><a href=\"https:\/\/www.mi.uni-koeln.de\/NumSim\/teaching\/wissenschaftliches-rechnen-ii-sose-2021\/\">Vorlesung und \u00dcbung: Wissenschaftliches Rechnen II (Scientific Computing II)<\/a><\/li>\r\n<li><a href=\"https:\/\/www.mi.uni-koeln.de\/NumSim\/teaching\/seminar-numerische-methoden-in-der-stromungsmechanik-14722-0042-ss21\/\">Seminar: Numerische Methoden in der Str\u00f6mungsmechanik (Numerical Methods in Fluid Dynamics)<\/a><\/li>\r\n<li>Oberseminar: Numerische Simulation (Research Seminar on Numerical Simulation)<\/li>\r\n<\/ul>\r\n<h1>Wintersemester 2020\/21<\/h1>\r\n<ul>\r\n<li><a href=\"https:\/\/www.mi.uni-koeln.de\/NumSim\/?page_id=5076&amp;preview=true\">Vorlesung und \u00dcbung: Wissenschaftliches Rechnen I: Discontinuous Galerkin Methoden <i>(Scientific Computing I: Discontinuous Galerkin Methode)<\/i><\/a><\/li>\r\n<li><a href=\"https:\/\/www.mi.uni-koeln.de\/NumSim\/teaching\/seminar-maschinelles-lernen-in-theorie-und-praxis-14722-0039\/\">Seminar: Maschinelles Lernen in Theorie und Praxis <em>(Machine learning in theory and practice)<\/em><\/a><\/li>\r\n<li>Oberseminar: Numerische Simulation <em>(Advanced Seminar on Numerical Simulation)<\/em><\/li>\r\n<\/ul>\r\n<h1>Sommersemester 2020<\/h1>\r\n<p><a href=\"https:\/\/www.mi.uni-koeln.de\/NumSim\/teaching-during-covid-19\/\"><strong><span style=\"color: #ff0000;\">Informationen zum Handling der Klausuren im SoSe 2020 finden Sie (auch) hier.<\/span><\/strong><\/a><\/p>\r\n<ul>\r\n<li><a href=\"https:\/\/www.mi.uni-koeln.de\/NumSim\/teaching\/numerische-stroemungsmechanik-2020-14722-0025\/\">Vorlesung und \u00dcbung: Numerische Str\u00f6mungsmechanik <em>(Computational Fluid Dynamics)<\/em><\/a><\/li>\r\n<li><a href=\"https:\/\/www.mi.uni-koeln.de\/NumSim\/teaching\/seminar-numerische-methoden-in-der-stromungsmechanik-14722-0042\/\">Seminar: Numerische Methoden in der Str\u00f6mungsmechanik (Numerical Methods in Fluid Dynamics)<\/a><\/li>\r\n<li>Oberseminar: Numerische Simulation <em>(Advanced Seminar on Numerical Simulation)<br \/>Anmerkung: Das Oberseminar wird voraussichtlich im Sommersemester 2020 aufgrund der aktuellen Situation <strong>nicht<\/strong> stattfinden.<\/em><\/li>\r\n<\/ul>\r\n<h1>Wintersemester 2019\/20<\/h1>\r\n<p><span style=\"color: #ff0000;\"><a style=\"color: #ff0000;\" href=\"https:\/\/www.mi.uni-koeln.de\/NumSim\/teaching-during-covid-19\/\"><strong>Informationen zum Handling der Nachklausuren WiSe 2019\/2020 finden Sie hier.<\/strong><\/a><\/span><\/p>\r\n<ul>\r\n<li><a href=\"http:\/\/www.mi.uni-koeln.de\/NumSim\/teaching\/einfuehrung-in-die-numerik-partieller-differentialgleichungen-14722-0021-2\/\">Vorlesung und \u00dcbung: Einf\u00fchrung in die Numerik partieller Differentialgleichungen <em>(Numerics II)<\/em><\/a><\/li>\r\n<li>Oberseminar: Numerische Simulation <em>(Advanced Seminar on Numerical Simulation)<\/em><\/li>\r\n<li><a href=\"http:\/\/www.mi.uni-koeln.de\/NumSim\/teaching\/seminar-maschinelles-lernen-mit-kuenstlichen-neuronalen-netzen-14722-0041\/\">Seminar: Maschinelles Lernen mit k\u00fcnstlichen neuronalen Netzen <em>(Machine learning with artificial neural networks)<\/em><\/a><\/li>\r\n<\/ul>\r\n<h1>Sommersemester 2019<\/h1>\r\n<ul>\r\n<li><a title=\"Numerik (14722.0009)\" href=\"http:\/\/www.mi.uni-koeln.de\/NumSim\/teaching\/numerik-14722-0009\/\">Vorlesung und \u00dcbung: Numerische Mathematik<em> (Numerical Mathematics)<\/em><\/a><\/li>\r\n<li>Oberseminar: Numerische Simulation<em> (Numerical Simulation)<\/em><\/li>\r\n<\/ul>\r\n<h1>Wintersemester 2018\/19<\/h1>\r\n<ul>\r\n<li><a href=\"http:\/\/www.mi.uni-koeln.de\/NumSim\/teaching\/algorithmische-mathematik-und-programmieren-14722-0009\/\">Vorlesung und \u00dcbung: Algorithmische Mathematik und Programmieren <em>(Numerical Mathematics and Programming)<\/em><\/a><\/li>\r\n<li><a href=\"http:\/\/www.mi.uni-koeln.de\/NumSim\/teaching\/seminar-numerische-loesungsmethoden-fuer-algebraische-gleichungssysteme\/\">Seminar: Numerische L\u00f6sungsmethoden f\u00fcr algebraische Gleichungssysteme <em>(Numerical Solution Methods for Algebraic Equation Systems)<\/em><\/a><\/li>\r\n<li>Oberseminar: Numerische Simulation<em> (Numerical Simulation)<\/em><\/li>\r\n<li><a href=\"http:\/\/www.mi.uni-koeln.de\/NumSim\/teaching\/einfuehrung-in-die-programmiersprache-julia-14722-0116\/\">Block\/Vorlesung: Einf\u00fchrung in die Programmiersprache JULIA mit Anwendungen aus der Numerischen Mathematik <em>(Introduction to JULIA with Applications in Numerical Mathematics)<\/em><\/a><\/li>\r\n<\/ul>\r\n<h1>Sommersemester 2018<\/h1>\r\n<ul>\r\n<li><a href=\"http:\/\/www.mi.uni-koeln.de\/NumSim\/teaching\/wissenschaftliches-rechnen-ii-14722-0103\/\">Vorlesung und \u00dcbung: Wissenschaftliches Rechnen II <em>(Scientific Computing)<\/em><\/a><\/li>\r\n<li>Oberseminar: Numerische Simulation<em> (Numerical Simulation<\/em><\/li>\r\n<\/ul>\r\n<p><strong>Wintersemester 2017\/18<\/strong><\/p>\r\n<ul>\r\n<li><a href=\"http:\/\/www.mi.uni-koeln.de\/NumSim\/teaching\/wissenschaftliches-rechnen-i-14722-0025\/\">Vorlesung und \u00dcbung: Wissenschaftliches Rechnen I: Discontinuous Galerkin Methoden<em> (Discontinuous Galerkin Methods)<\/em><\/a><\/li>\r\n<li><a href=\"http:\/\/www.mi.uni-koeln.de\/NumSim\/teaching\/seminar-numerische-verfahren-hoher-ordnung-zur-loesung-von-erhaltungsgleichungen-14722-0045\/\">Seminar: Numerische Verfahren hoher Ordnung zur L\u00f6sung von Erhaltungsgleichungen<em> (High Order Methods for Conervation Laws)<\/em><\/a><\/li>\r\n<li>Oberseminar: Numerische Simulation<em> (Numerical Simulation)<\/em><\/li>\r\n<\/ul>\r\n<h1>Sommersemester 2017<\/h1>\r\n<ul>\r\n<li><a href=\"http:\/\/www.mi.uni-koeln.de\/NumSim\/teaching\/numerische-stroemungsmechanik-14722-0025\/\">Vorlesung und \u00dcbung: Numerische Str\u00f6mungsmechanik<em> (Computational Fluid Dynamics)<\/em><\/a><\/li>\r\n<li><a href=\"http:\/\/www.mi.uni-koeln.de\/NumSim\/teaching\/seminar-numerische-methoden-in-der-stroemungsmechanik-14722-0046\/\">Seminar: Numerische Methoden in der Str\u00f6mungsmechanik<em> (Numerical Methods in Fluid Dynamics)<\/em><\/a><\/li>\r\n<li>Oberseminar: Numerische Simulation<em> (Numerical Simulation)<\/em><\/li>\r\n<\/ul>\r\n<h1>Wintersemester 2016\/17<\/h1>\r\n<ul>\r\n<li><a title=\"Einf\u00fchrung in die Numerik partieller Differentialgleichungen (14722.0021)\" href=\"http:\/\/www.mi.uni-koeln.de\/NumSim\/teaching\/einfuehrung-in-die-numerik-partieller-differentialgleichungen-14722-0021\/\">Vorlesung und \u00dcbung: Einf\u00fchrung in die Numerik partieller Differentialgleichungen <em>(Numerics II)<\/em><\/a><\/li>\r\n<li><a title=\"Seminar Numerische Mathematik (14722.0047)\" href=\"http:\/\/www.mi.uni-koeln.de\/NumSim\/teaching\/numerische-mathematik-14722-0047\/\">Seminar: Numerische Mathematik<em> (Numerics)<\/em><\/a><\/li>\r\n<li>Oberseminar: Numerische Simulation <em>(Numerical Simulation)<\/em><\/li>\r\n<\/ul>\r\n<h1>Sommersemester 2016<\/h1>\r\n<ul>\r\n<li><a title=\"Numerik (14722.0009)\" href=\"http:\/\/www.mi.uni-koeln.de\/NumSim\/teaching\/numerik-14722-0009\/\">Vorlesung und \u00dcbung: Numerische Mathematik<em> (Numerical Mathematics)<\/em><\/a><\/li>\r\n<li><a title=\"Numerische Simulation (14722.0027)\" href=\"http:\/\/www.mi.uni-koeln.de\/NumSim\/teaching\/numerische-simulation-14722-0027\/\">Vorlesung und \u00dcbung: Numerische Simulation<em> (Numerical Simulation)<\/em><\/a><\/li>\r\n<li><a title=\"Seminar Ausgew\u00e4hlte Themen im Bereich der Discontinuous Galerkin Verfahren (14722.0045)\" href=\"http:\/\/www.mi.uni-koeln.de\/NumSim\/teaching\/seminar-ausgewaehlte-themen-im-bereich-der-discontinuous-galerkin-verfahren-14722-0045\/\">Seminar: Ausgew\u00e4hlte Themen im Bereich der Discontinuous Galerkin Verfahren<em> (Selected topics in the field of Discontinuous Galerkin Methods)<\/em><\/a><\/li>\r\n<li>Oberseminar: Numerische Simulation<em> (Numerical Simulation)<\/em><\/li>\r\n<\/ul>\r\n<h1>Wintersemester 2015\/16<\/h1>\r\n<ul>\r\n<li><a title=\"Numerik partieller Differentialgleichungen II (14722.0023)\" href=\"http:\/\/www.mi.uni-koeln.de\/NumSim\/teaching\/numerik-partieller-differentialgleichungen-ii-14722-0023\/\">Vorlesung und \u00dcbung: Numerik partieller Differentialgleichungen II <em>(Numerics of PDE II)<\/em><\/a><\/li>\r\n<li><a title=\"Seminar Numerik f\u00fcr hyperbolische Erhaltungsgleichungen (14722.0047)\" href=\"http:\/\/www.mi.uni-koeln.de\/NumSim\/teaching\/seminar-numerik-fuer-hyperbolische-erhaltungsgleichungen-14722-0047\/\">Seminar: Numerik f\u00fcr hyperbolische Erhaltungsgleichungen <em>(Numerics for Hyperbolic Conservation Laws)<\/em><\/a><\/li>\r\n<li>Oberseminar: Numerische Simulation<em> (Numerical Simulation)<\/em><\/li>\r\n<\/ul>\r\n<h1>Sommersemester 2015<\/h1>\r\n<ul>\r\n<li><a title=\"Numerik partieller Differentialgleichungen I\" href=\"http:\/\/www.mi.uni-koeln.de\/NumSim\/teaching\/numdiff1\/\">Vorlesung und \u00dcbung: Numerik partieller Differentialgleichungen I (<em>Numerics of PDE I)<\/em><\/a><\/li>\r\n<li><a title=\"Seminar Mathematik in modernen 3D Computerspielen (52038)\" href=\"http:\/\/www.mi.uni-koeln.de\/NumSim\/teaching\/seminar_mathe3d\/\">Seminar: Mathematik in modernen 3D Computerspielen <em>(Mathematics in modern 3D computer games)<\/em><\/a><\/li>\r\n<li>Oberseminar: Numerische Simulation <em>(Numerical Simulation)<\/em><\/li>\r\n<\/ul>\r\n<h1>Wintersemester 2014\/15<\/h1>\r\n<ul>\r\n<li><a title=\"Numerik 2 WS14\/15\" href=\"http:\/\/www.mi.uni-koeln.de\/~aggass\/numerik2_WS14_15.html\">Vorlesung und \u00dcbung: Numerik II <em>(Numerics II)<\/em><\/a><\/li>\r\n<li><a title=\"Seminar CFD WS14\/15\" href=\"http:\/\/www.mi.uni-koeln.de\/~aggass\/seminar_CFD_WS14_15.html\">Seminar: Numerische Methoden in der Str\u00f6mungsmechanik <em>(Numerical Methods in Fluid Dynamics)<\/em><\/a><\/li>\r\n<li>Oberseminar: Numerische Simulation<em> (Numerical Simulation)<\/em><\/li>\r\n<\/ul>\r\n<h1>Sommersemester 2014<\/h1>\r\n<ul>\r\n<li><a title=\"Numerik 1 SS14\" href=\"http:\/\/www.mi.uni-koeln.de\/~aggass\/numerik1_SS14.html\">Vorlesung und \u00dcbung: Numerik I (Numerics I)<\/a><\/li>\r\n<li>Seminar: Seminar f\u00fcr Examenskandidaten\/-innen und Doktoranden\/-innen<\/li>\r\n<li><a title=\"Seminar LGS\" href=\"http:\/\/www.mi.uni-koeln.de\/~aggass\/proseminar_SS14.html\">Proseminar: L\u00f6sungsverfahren f\u00fcr lineare Gleichungssysteme<\/a><\/li>\r\n<\/ul>\r\n<h1>Wintersemester 2013\/14<\/h1>\r\n<ul>\r\n<li><a title=\"Winfo WS13\/14\" href=\"http:\/\/www.mi.uni-koeln.de\/~ggassner\/winfos_ws1314.html\">Vorlesung und \u00dcbung: Mathematik f\u00fcr Wirtschaftsinformatiker\u00a0<\/a><\/li>\r\n<\/ul>\r\n<p>\t<\/div>\r\n<\/div>\r\n<\/p>","protected":false},"excerpt":{"rendered":"<p>Bachelor&#8217;s and master&#8217;s theses Bachelor&#8217;s and master&#8217;s theses are evaluated according to the official grade report form (only available in German). When submitting your finished thesis, a digital submission according to the thesis submission guidelines is required as well. If &hellip; <a href=\"https:\/\/www.mi.uni-koeln.de\/NumSim\/teaching\/\">Continue reading <span class=\"meta-nav\">&rarr;<\/span><\/a><\/p>\n","protected":false},"author":1,"featured_media":0,"parent":0,"menu_order":14,"comment_status":"closed","ping_status":"closed","template":"","meta":{"footnotes":""},"post_mailing_queue_ids":[],"_links":{"self":[{"href":"https:\/\/www.mi.uni-koeln.de\/NumSim\/wp-json\/wp\/v2\/pages\/25"}],"collection":[{"href":"https:\/\/www.mi.uni-koeln.de\/NumSim\/wp-json\/wp\/v2\/pages"}],"about":[{"href":"https:\/\/www.mi.uni-koeln.de\/NumSim\/wp-json\/wp\/v2\/types\/page"}],"author":[{"embeddable":true,"href":"https:\/\/www.mi.uni-koeln.de\/NumSim\/wp-json\/wp\/v2\/users\/1"}],"replies":[{"embeddable":true,"href":"https:\/\/www.mi.uni-koeln.de\/NumSim\/wp-json\/wp\/v2\/comments?post=25"}],"version-history":[{"count":170,"href":"https:\/\/www.mi.uni-koeln.de\/NumSim\/wp-json\/wp\/v2\/pages\/25\/revisions"}],"predecessor-version":[{"id":6713,"href":"https:\/\/www.mi.uni-koeln.de\/NumSim\/wp-json\/wp\/v2\/pages\/25\/revisions\/6713"}],"wp:attachment":[{"href":"https:\/\/www.mi.uni-koeln.de\/NumSim\/wp-json\/wp\/v2\/media?parent=25"}],"curies":[{"name":"wp","href":"https:\/\/api.w.org\/{rel}","templated":true}]}}