{"id":2746,"date":"2017-04-03T16:24:15","date_gmt":"2017-04-03T14:24:15","guid":{"rendered":"http:\/\/www.mi.uni-koeln.de\/NumSim\/?page_id=2746"},"modified":"2020-04-16T11:12:48","modified_gmt":"2020-04-16T09:12:48","slug":"numerische-stroemungsmechanik-2020-14722-0025","status":"publish","type":"page","link":"https:\/\/www.mi.uni-koeln.de\/NumSim\/teaching\/numerische-stroemungsmechanik-2020-14722-0025\/","title":{"rendered":"Numerische Str\u00f6mungsmechanik (14722.0025)"},"content":{"rendered":"<h1><span style=\"color: #ff0000;\"><strong><a style=\"color: #ff0000;\" href=\"https:\/\/www.mi.uni-koeln.de\/NumSim\/teaching-during-covid-19\/\">A K T U E L L E \u00a0 I N F O R M A T I O N E N \u00a0 \u00a0\u2013 \u00a0 \u00a0C U R R E N T \u00a0 I N F O R M A T I O N<\/a><br \/>\n<\/strong><span style=\"color: #333333;\"><a style=\"color: #333333;\" href=\"https:\/\/www.mi.uni-koeln.de\/NumSim\/teaching-during-covid-19\/\"><strong>\u201cLehre w\u00e4hrend COVID-19\u201d \u00a0 \u00a0 \u00a0 \u00a0 \u00a0 \u00a0 \u00a0 \u00a0 \u00a0 \u00a0 \u00a0 \u00a0 \u00a0 \u00a0 \u00a0 \u00a0 \u00a0 \u00a0 \u00a0 \u00a0 \u00a0 \u00a0 \u00a0\u00a0<\/strong><strong>\u00a0\u201cTeaching during COVID-19\u201d<\/strong><\/a><\/span><\/span><\/h1>\n<hr \/>\n<h2><a href=\"http:\/\/www.mi.uni-koeln.de\/RE\/form\/Vorlesung_Numerische_Stroemungsmechanik\/all\/application.php\">Bitte melden Sie sich \u00fcber diesen Link nochmals f\u00fcr die Vorlesung und deren \u00dcbung an und geben Sie neben Vorname, Name, Matrikelnummer auch die Email-Adresse an, \u00fcber die Sie REGELM\u00c4\u00dfIG Nachrichten abrufen!<\/a><\/h2>\n<hr \/>\n<p>Die Vorlesung Numerische Str\u00f6mungsmechanik dient als Einf\u00fchrungsvorlesung und ist Teilgebiet des Wissenschaftlichen Rechnens. Wissenschaftliches Rechnen ist wiederum ein modernes Gebiet der Angewandten Mathematik, welches sich mit der (effizienten) numerischen Simulation von komplexen Problemen unter anderem in den Ingenieurwissenschaften als auch in den Naturwissenschaften besch\u00e4ftigt. Numerische Simulation beinhaltet dabei die mathematisch numerische Modellierung des Problems, die theoretischen Untersuchungen sowie die Visualisierung und Verarbeitung der L\u00f6sungen.<\/p>\n<p>In diesem Semester werden speziell Probleme betrachtet, welche sich mit partiellen Differentialgleichungen beschreiben lassen. Nach einer kurzen Einf\u00fchrung werden wir uns speziell mit Problemen hyperbolischen Typs besch\u00e4ftigen, welche unter anderem Wellentransportprobleme (z. B. Akustik, Elektromagnetismus) und nichtlineare Erhaltungsgleichungen (z. B. Gasdynamik, Plasmadynamik, Modellierung von Ozeanen, Wetter und Klimasimulationen) beinhalten. Dazu werden wir unter anderem die Methode der Charakteristiken und die Finite-Volumen-Methoden herleiten und uns mit dem Riemann Problem und dessen Approximation besch\u00e4ftigen. Dies f\u00fchrt zu der Klasse der Godunov-Typ Finite-Volumen-Verfahren. Zudem werden wir Verfahren zweiter Ordnung und das Konzept von TVD Verfahren und Limitern diskutieren. Die Godunov-Typ Finite-Volumen-Methoden sind aktuell die State of Art Methoden, welche auch in kommerziellen Str\u00f6mungssimulationscodes verwendet werden.<\/p>\n<hr \/>\n<p><strong>Veranstaltungsort und -zeit:<\/strong><br \/>\ndienstags, mittwochs \u00a0 \u00a010.00-11.30 Uhr, online via der Videokonferenz-Software <a href=\"https:\/\/zoom.us\">zoom.us<\/a><\/p>\n<p>Weitere Informationen zur Vorlesung sind auf der E-Learning-Platform <a href=\"https:\/\/www.ilias.uni-koeln.de\"> ilias.uni-koeln.de <\/a><br \/>\nzu finden.<\/p>\n<p><strong>Kontakt:<\/strong><br \/>\n<a title=\"Prof. Dr.-Ing. Gregor Gassner\" href=\"http:\/\/www.mi.uni-koeln.de\/NumSim\/gregor-gassner\/\">Prof. Dr. Gregor Gassner<\/a>, <a href=\"http:\/\/www.mi.uni-koeln.de\/NumSim\/schily\/\">Moritz Schily<\/a><\/p>\n","protected":false},"excerpt":{"rendered":"<p>A K T U E L L E \u00a0 I N F O R M A T I O N E N \u00a0 \u00a0\u2013 \u00a0 \u00a0C U R R E N T \u00a0 I N F O R M A &hellip; <a href=\"https:\/\/www.mi.uni-koeln.de\/NumSim\/teaching\/numerische-stroemungsmechanik-2020-14722-0025\/\">Continue reading <span class=\"meta-nav\">&rarr;<\/span><\/a><\/p>\n","protected":false},"author":9,"featured_media":0,"parent":25,"menu_order":7,"comment_status":"closed","ping_status":"closed","template":"sidebar-page.php","meta":{"footnotes":""},"post_mailing_queue_ids":[],"_links":{"self":[{"href":"https:\/\/www.mi.uni-koeln.de\/NumSim\/wp-json\/wp\/v2\/pages\/2746"}],"collection":[{"href":"https:\/\/www.mi.uni-koeln.de\/NumSim\/wp-json\/wp\/v2\/pages"}],"about":[{"href":"https:\/\/www.mi.uni-koeln.de\/NumSim\/wp-json\/wp\/v2\/types\/page"}],"author":[{"embeddable":true,"href":"https:\/\/www.mi.uni-koeln.de\/NumSim\/wp-json\/wp\/v2\/users\/9"}],"replies":[{"embeddable":true,"href":"https:\/\/www.mi.uni-koeln.de\/NumSim\/wp-json\/wp\/v2\/comments?post=2746"}],"version-history":[{"count":19,"href":"https:\/\/www.mi.uni-koeln.de\/NumSim\/wp-json\/wp\/v2\/pages\/2746\/revisions"}],"predecessor-version":[{"id":4935,"href":"https:\/\/www.mi.uni-koeln.de\/NumSim\/wp-json\/wp\/v2\/pages\/2746\/revisions\/4935"}],"up":[{"embeddable":true,"href":"https:\/\/www.mi.uni-koeln.de\/NumSim\/wp-json\/wp\/v2\/pages\/25"}],"wp:attachment":[{"href":"https:\/\/www.mi.uni-koeln.de\/NumSim\/wp-json\/wp\/v2\/media?parent=2746"}],"curies":[{"name":"wp","href":"https:\/\/api.w.org\/{rel}","templated":true}]}}