{"id":2748,"date":"2017-04-03T16:25:57","date_gmt":"2017-04-03T14:25:57","guid":{"rendered":"http:\/\/www.mi.uni-koeln.de\/NumSim\/?page_id=2748"},"modified":"2019-11-11T15:38:45","modified_gmt":"2019-11-11T14:38:45","slug":"seminar-numerische-methoden-in-der-stroemungsmechanik-14722-0046","status":"publish","type":"page","link":"https:\/\/www.mi.uni-koeln.de\/NumSim\/teaching\/seminar-numerische-methoden-in-der-stroemungsmechanik-14722-0046\/","title":{"rendered":"Seminar Numerische Methoden in der Str\u00f6mungsmechanik (14722.0046)"},"content":{"rendered":"<p>Das Seminar Numerische Methoden in der Str\u00f6mungsmechanik bietet eine praxisorientierte Einf\u00fchrung in die numerische Simulation von Str\u00f6mungsproblemen und ist eine perfekte Erg\u00e4nzung zur Vorlesung Numerische Str\u00f6mungsmechanik.<\/p>\n<p>Es wird <u>kein<\/u> Wissen im Bereich der Str\u00f6mungsmechanik vorausgesetzt. Grundkenntnisse in der Numerik von partiellen Differentialgleichungen sind hilfreich.<\/p>\n<p>Zu Beginn des Seminars gibt es eine Einf\u00fchrung in die Gleichungen der Str\u00f6mungsmechanik. Danach werden die Standardverfahren, welche auch in kommerziellen Tools implementiert sind, diskutiert: Finite-Differenzen-Verfahren, Finite-Volumen-Verfahren (z.B. Godunov, MUSCL, TVD). Hierbei werden insbesondere die Konstruktion und die Algorithmen dieser Verfahren diskutiert. Der Abschluss bilden moderne Verfahren welche insbesondere in Forschungscodes verwendet werden: WENO-FV und Discontinuous-Galerkin-Verfahren.<\/p>\n<p>Das Seminar kann ggf. zur Vorbereitung einer Masterarbeit dienen.<\/p>\n<p><a href=\"\/aggass\/prot\/documents_seminarCFD_ss17\/kickoff.pdf\">Allgemeine Informationen <\/a><\/p>\n<p><!--\n<strong>Vortragreihe:<\/strong>\n\n\n<table style=\"height: 651px;\" width=\"532\">\n\n\n<tbody>\n\n\n<tr>\n\n\n<th>Datum<\/th>\n\n\n\n\n<th>Thema<\/th>\n\n\n\n\n<th>Student<\/th>\n\n\n<\/tr>\n\n\n\n\n<tr>\n\n\n<td>26.04<\/td>\n\n\n\n\n<td><a href=\"\/aggass\/prot\/documents_seminarCFD_ss17\/Vortrag1.pdf\">Herleitung des Reynoldschen Transporttheorems<\/a><\/td>\n\n\n\n\n<td>Patrick Zimmermann<\/td>\n\n\n<\/tr>\n\n\n\n\n<tr>\n\n\n<td>03.05<\/td>\n\n\n\n\n<td><a href=\"\/aggass\/prot\/documents_seminarCFD_ss17\/Vortrag2.pdf\">Die mathematischen Modelle der Str\u00f6mungsmechanik<\/a><\/td>\n\n\n\n\n<td>Arthur Schain<\/td>\n\n\n<\/tr>\n\n\n\n\n<tr>\n\n\n<td>10.05<\/td>\n\n\n\n\n<td><a href=\"\/aggass\/prot\/documents_seminarCFD_ss17\/Vortrag3.pdf\">Spektrale Methoden mit Anwendung auf die inkompressiblen Navier-Stokes Gleichungen<\/a><\/td>\n\n\n\n\n<td>Konrad Graf<\/td>\n\n\n<\/tr>\n\n\n\n\n<tr>\n\n\n<td>17.05<\/td>\n\n\n\n\n<td><a href=\"\/aggass\/prot\/documents_seminarCFD_ss17\/Vortrag4.pdf\">Aspekte der Gittergenerierung<\/a><\/td>\n\n\n\n\n<td>Sinan Toptas<\/td>\n\n\n<\/tr>\n\n\n\n\n<tr>\n\n\n<td>24.05<\/td>\n\n\n\n\n<td><a href=\"\/aggass\/prot\/documents_seminarCFD_ss17\/Vortrag5.pdf\">Die Methode von Godunov: Finite Volumen Verfahren 1. Ordnung und das Riemann Problem<\/a><\/td>\n\n\n\n\n<td>Felix Leikert<\/td>\n\n\n<\/tr>\n\n\n\n\n<tr>\n\n\n<td>31.05<\/td>\n\n\n\n\n<td><a href=\"\/aggass\/prot\/documents_seminarCFD_ss17\/Vortrag6.pdf\">Physikalische und mathematische Entropie - nichtlineare Stabilit\u00e4t<\/a><\/td>\n\n\n\n\n<td>Agrippina Hoyer<\/td>\n\n\n<\/tr>\n\n\n\n\n<tr>\n\n\n<td>14.06<\/td>\n\n\n\n\n<td><a href=\"\/aggass\/prot\/documents_seminarCFD_ss17\/Vortrag7.pdf\">Grundlagen der Finite-Differenzen-Verfahren hoher Ordnung<\/a><\/td>\n\n\n\n\n<td>Marcel Dembek<\/td>\n\n\n<\/tr>\n\n\n\n\n<tr>\n\n\n<td>21.06<\/td>\n\n\n\n\n<td><a href=\"\/aggass\/prot\/documents_seminarCFD_ss17\/Vortrag8.pdf\">Grundlagen der Finite-Volumen-Verfahren hoher Ordnung<\/a><\/td>\n\n\n\n\n<td>Simon Preuhs<\/td>\n\n\n<\/tr>\n\n\n\n\n<tr>\n\n\n<td>28.06<\/td>\n\n\n\n\n<td><a href=\"\/aggass\/prot\/documents_seminarCFD_ss17\/Vortrag9.pdf\">Grundlagen der Discontinuous-Galerkin-Verfahren<\/a><\/td>\n\n\n\n\n<td>Benedict Loges<\/td>\n\n\n<\/tr>\n\n\n\n\n<tr>\n\n\n<td>05.07<\/td>\n\n\n\n\n<td><a href=\"\/aggass\/prot\/documents_seminarCFD_ss17\/Vortrag10.pdf\">Zusammenhang zwischen FD und DG Verfahren: summation-by-parts<\/a><\/td>\n\n\n\n\n<td>Christian Hotopp<\/td>\n\n\n<\/tr>\n\n\n\n\n<tr>\n\n\n<td>12.07<\/td>\n\n\n\n\n<td><a href=\"\/aggass\/prot\/documents_seminarCFD_ss17\/Vortrag11.pdf\">Numerische Aspekte der Zeitintegration<\/a><\/td>\n\n\n\n\n<td>Patrick Schw\u00f6bel<\/td>\n\n\n<\/tr>\n\n\n\n\n<tr>\n\n\n<td>19.07<\/td>\n\n\n\n\n<td><a href=\"\/aggass\/prot\/documents_seminarCFD_ss17\/Vortrag12.pdf\">Turbulenz und ihre mathematische Modellierung<\/a><\/td>\n\n\n\n\n<td>Deborah Meurer<\/td>\n\n\n<\/tr>\n\n\n<\/tbody>\n\n\n<\/table>\n\n\n--><\/p>\n<hr \/>\n<p><strong>Veranstaltungsort und -zeit:<\/strong><br \/>\nmittwochs, 14.00-15.30 Uhr, Seminarraum 3 des Mathematischen Instituts (Raum 314)<\/p>\n<p><strong>Ansprechpartner:<\/strong><br \/>\n<a title=\"Prof. Dr.-Ing. Gregor Gassner\" href=\"http:\/\/www.mi.uni-koeln.de\/NumSim\/gregor-gassner\/\">Prof. Dr. Gregor Gassner,<\/a> <a href=\"http:\/\/www.mi.uni-koeln.de\/NumSim\/dr-andrew-winters\/\">Dr. Andrew Winters,<\/a> <a title=\"Lucas Friedrich\" href=\"http:\/\/www.mi.uni-koeln.de\/NumSim\/friedrich\/\">Lucas Friedrich<\/a>, <a title=\"Niklas Wintermeyer\" href=\"http:\/\/www.mi.uni-koeln.de\/NumSim\/wintermeyer\/\">Niklas Wintermeyer<\/a><\/p>\n","protected":false},"excerpt":{"rendered":"<p>Das Seminar Numerische Methoden in der Str\u00f6mungsmechanik bietet eine praxisorientierte Einf\u00fchrung in die numerische Simulation von Str\u00f6mungsproblemen und ist eine perfekte Erg\u00e4nzung zur Vorlesung Numerische Str\u00f6mungsmechanik. Es wird kein Wissen im Bereich der Str\u00f6mungsmechanik vorausgesetzt. Grundkenntnisse in der Numerik von &hellip; <a href=\"https:\/\/www.mi.uni-koeln.de\/NumSim\/teaching\/seminar-numerische-methoden-in-der-stroemungsmechanik-14722-0046\/\">Continue reading <span class=\"meta-nav\">&rarr;<\/span><\/a><\/p>\n","protected":false},"author":9,"featured_media":0,"parent":25,"menu_order":5,"comment_status":"closed","ping_status":"closed","template":"sidebar-page.php","meta":{"footnotes":""},"post_mailing_queue_ids":[],"_links":{"self":[{"href":"https:\/\/www.mi.uni-koeln.de\/NumSim\/wp-json\/wp\/v2\/pages\/2748"}],"collection":[{"href":"https:\/\/www.mi.uni-koeln.de\/NumSim\/wp-json\/wp\/v2\/pages"}],"about":[{"href":"https:\/\/www.mi.uni-koeln.de\/NumSim\/wp-json\/wp\/v2\/types\/page"}],"author":[{"embeddable":true,"href":"https:\/\/www.mi.uni-koeln.de\/NumSim\/wp-json\/wp\/v2\/users\/9"}],"replies":[{"embeddable":true,"href":"https:\/\/www.mi.uni-koeln.de\/NumSim\/wp-json\/wp\/v2\/comments?post=2748"}],"version-history":[{"count":19,"href":"https:\/\/www.mi.uni-koeln.de\/NumSim\/wp-json\/wp\/v2\/pages\/2748\/revisions"}],"predecessor-version":[{"id":3663,"href":"https:\/\/www.mi.uni-koeln.de\/NumSim\/wp-json\/wp\/v2\/pages\/2748\/revisions\/3663"}],"up":[{"embeddable":true,"href":"https:\/\/www.mi.uni-koeln.de\/NumSim\/wp-json\/wp\/v2\/pages\/25"}],"wp:attachment":[{"href":"https:\/\/www.mi.uni-koeln.de\/NumSim\/wp-json\/wp\/v2\/media?parent=2748"}],"curies":[{"name":"wp","href":"https:\/\/api.w.org\/{rel}","templated":true}]}}