{"id":2758,"date":"2017-04-03T16:33:10","date_gmt":"2017-04-03T14:33:10","guid":{"rendered":"http:\/\/www.mi.uni-koeln.de\/NumSim\/?page_id=2758"},"modified":"2020-04-16T11:09:34","modified_gmt":"2020-04-16T09:09:34","slug":"uebungen-numerische-stroemungsmechanik-14722-0026","status":"publish","type":"page","link":"https:\/\/www.mi.uni-koeln.de\/NumSim\/teaching\/numerische-stroemungsmechanik-2020-14722-0025\/uebungen-numerische-stroemungsmechanik-14722-0026\/","title":{"rendered":"\u00dcbungen Numerische Str\u00f6mungsmechanik (14722.0026)"},"content":{"rendered":"<h2><a href=\"http:\/\/www.mi.uni-koeln.de\/RE\/form\/Vorlesung_Numerische_Stroemungsmechanik\/all\/application.php\">Bitte melden Sie sich \u00fcber diesen Link nochmals f\u00fcr die Vorlesung und deren \u00dcbung an und geben Sie neben Vorname, Name, Matrikelnummer auch die Email-Adresse an, \u00fcber die Sie REGELM\u00c4\u00dfIG Nachrichten abrufen!<\/a><\/h2>\n<hr \/>\n<h2><\/h2>\n<p>In den \u00dcbungen zur Vorlesung Numerische Str\u00f6mungsmechanik werden die theoretischen und insbesondere die praktischen Aspekte der numerischen Str\u00f6mungsmechanik vertieft. Dabei werden unter anderem die in der Vorlesung konstruierten Verfahren von den Studierenden in einem MATLAB Programm implementiert und verglichen.<\/p>\n<p><strong>\u00dcbungstermin und -ort:<\/strong><br \/>\n<!--donnerstags \u00a0 \u00a0 14.00-15.30 Uhr, Seminarraum 2 des Mathematischen Instituts (Raum 204) --><\/p>\n<p>donnerstags \u00a0 \u00a0 14.00-15.30 Uhr, online via der Videokonferenz-Software <a href=\"https:\/\/zoom.us\">zoom.us<\/a><\/p>\n<p>Weitere Informationen zur \u00dcbung sind auf der E-Learning-Platform <a href=\"https:\/\/www.ilias.uni-koeln.de\"> ilias.uni-koeln.de <\/a><br \/>\nzu finden.<\/p>\n<p>&nbsp;<\/p>\n","protected":false},"excerpt":{"rendered":"<p>Bitte melden Sie sich \u00fcber diesen Link nochmals f\u00fcr die Vorlesung und deren \u00dcbung an und geben Sie neben Vorname, Name, Matrikelnummer auch die Email-Adresse an, \u00fcber die Sie REGELM\u00c4\u00dfIG Nachrichten abrufen! In den \u00dcbungen zur Vorlesung Numerische Str\u00f6mungsmechanik werden &hellip; <a href=\"https:\/\/www.mi.uni-koeln.de\/NumSim\/teaching\/numerische-stroemungsmechanik-2020-14722-0025\/uebungen-numerische-stroemungsmechanik-14722-0026\/\">Continue reading <span class=\"meta-nav\">&rarr;<\/span><\/a><\/p>\n","protected":false},"author":9,"featured_media":0,"parent":2746,"menu_order":1,"comment_status":"closed","ping_status":"closed","template":"sidebar-page.php","meta":{"footnotes":""},"post_mailing_queue_ids":[],"_links":{"self":[{"href":"https:\/\/www.mi.uni-koeln.de\/NumSim\/wp-json\/wp\/v2\/pages\/2758"}],"collection":[{"href":"https:\/\/www.mi.uni-koeln.de\/NumSim\/wp-json\/wp\/v2\/pages"}],"about":[{"href":"https:\/\/www.mi.uni-koeln.de\/NumSim\/wp-json\/wp\/v2\/types\/page"}],"author":[{"embeddable":true,"href":"https:\/\/www.mi.uni-koeln.de\/NumSim\/wp-json\/wp\/v2\/users\/9"}],"replies":[{"embeddable":true,"href":"https:\/\/www.mi.uni-koeln.de\/NumSim\/wp-json\/wp\/v2\/comments?post=2758"}],"version-history":[{"count":23,"href":"https:\/\/www.mi.uni-koeln.de\/NumSim\/wp-json\/wp\/v2\/pages\/2758\/revisions"}],"predecessor-version":[{"id":4934,"href":"https:\/\/www.mi.uni-koeln.de\/NumSim\/wp-json\/wp\/v2\/pages\/2758\/revisions\/4934"}],"up":[{"embeddable":true,"href":"https:\/\/www.mi.uni-koeln.de\/NumSim\/wp-json\/wp\/v2\/pages\/2746"}],"wp:attachment":[{"href":"https:\/\/www.mi.uni-koeln.de\/NumSim\/wp-json\/wp\/v2\/media?parent=2758"}],"curies":[{"name":"wp","href":"https:\/\/api.w.org\/{rel}","templated":true}]}}