{"id":2962,"date":"2017-10-09T14:19:28","date_gmt":"2017-10-09T12:19:28","guid":{"rendered":"http:\/\/www.mi.uni-koeln.de\/NumSim\/?page_id=2962"},"modified":"2019-11-11T15:34:13","modified_gmt":"2019-11-11T14:34:13","slug":"wissenschaftliches-rechnen-i-14722-0025","status":"publish","type":"page","link":"https:\/\/www.mi.uni-koeln.de\/NumSim\/teaching\/wissenschaftliches-rechnen-i-14722-0025\/","title":{"rendered":"Wissenschaftliches Rechnen I (14722.0025)"},"content":{"rendered":"<p>Gegenstand der Vorlesung Wissenschaftliches Rechnen I (Discontinuous Galerkin Methoden) sind moderne numerische Verfahren hoher Ordnung und deren mathematische Grundlagen zur L\u00f6sung von hyperbolischen Erhaltungsgleichungen. Hyperbolische Erhaltungsgleichungen beschreiben Probleme z. B. aus der Akustik, Elektromagnetik, Astrophysik, Aerodynamik und Ozeanographie.<\/p>\n<p>Aus der Vielzahl an bekannten Methoden liegt der Fokus dieser Vorlesung auf den Discontinuous Galerkin Verfahren. Diese Verfahren bieten eine hohe Genauigkeit auf unstrukturierten Gittern und sind besonders gut f\u00fcr massiv parallele Rechnerarchitekturen geeignet. Obwohl diese Methoden auf einer schwachen Formulierung der partiellen Differentialgleichung basieren, zeigen neueste Forschungsergebnisse eine enge Verwandtschaft zu Finite-Differenzen als auch Finite-Volumen Methoden. Diese theoretischen als auch praktischen Aspekte sind unter anderem Inhalt der Vorlesung.<\/p>\n<hr \/>\n<p><strong>Veranstaltungsort und -zeit:<\/strong><br \/>\ndienstags, 12.00-13.30 Uhr, Stefan Cohn-Vossen Raum des Mathematischen Instituts (Raum 313)<br \/>\nmittwochs, 14.00-15.30 Uhr, Seminarraum 3 des Mathematischen Instituts (Raum 314)<\/p>\n<p><strong>Klausurtermine:<\/strong><br \/>\nAlle Studenten werden nach Terminabsprache mit Prof. Gassner m\u00fcndlich gepr\u00fcft im Zeitraum vom 05.02.2018 bis 09.02.2018. Die Pr\u00fcfungen finden im B\u00fcro von Prof. Gassner statt (MI, Raum 1.08).<\/p>\n<p><strong>Kontakt:<\/strong> <a title=\"Marvin Bohm\" href=\"http:\/\/www.mi.uni-koeln.de\/NumSim\/bohm\/\">Marvin Bohm<\/a><strong>, <\/strong><a title=\"Prof. Dr. Gregor Gassner\" href=\"http:\/\/www.mi.uni-koeln.de\/NumSim\/gregor-gassner\/\">Prof. Dr. G. Gassner<\/a><\/p>\n","protected":false},"excerpt":{"rendered":"<p>Gegenstand der Vorlesung Wissenschaftliches Rechnen I (Discontinuous Galerkin Methoden) sind moderne numerische Verfahren hoher Ordnung und deren mathematische Grundlagen zur L\u00f6sung von hyperbolischen Erhaltungsgleichungen. Hyperbolische Erhaltungsgleichungen beschreiben Probleme z. B. aus der Akustik, Elektromagnetik, Astrophysik, Aerodynamik und Ozeanographie. Aus der &hellip; <a href=\"https:\/\/www.mi.uni-koeln.de\/NumSim\/teaching\/wissenschaftliches-rechnen-i-14722-0025\/\">Continue reading <span class=\"meta-nav\">&rarr;<\/span><\/a><\/p>\n","protected":false},"author":9,"featured_media":0,"parent":25,"menu_order":8,"comment_status":"closed","ping_status":"closed","template":"sidebar-page.php","meta":{"footnotes":""},"post_mailing_queue_ids":[],"_links":{"self":[{"href":"https:\/\/www.mi.uni-koeln.de\/NumSim\/wp-json\/wp\/v2\/pages\/2962"}],"collection":[{"href":"https:\/\/www.mi.uni-koeln.de\/NumSim\/wp-json\/wp\/v2\/pages"}],"about":[{"href":"https:\/\/www.mi.uni-koeln.de\/NumSim\/wp-json\/wp\/v2\/types\/page"}],"author":[{"embeddable":true,"href":"https:\/\/www.mi.uni-koeln.de\/NumSim\/wp-json\/wp\/v2\/users\/9"}],"replies":[{"embeddable":true,"href":"https:\/\/www.mi.uni-koeln.de\/NumSim\/wp-json\/wp\/v2\/comments?post=2962"}],"version-history":[{"count":2,"href":"https:\/\/www.mi.uni-koeln.de\/NumSim\/wp-json\/wp\/v2\/pages\/2962\/revisions"}],"predecessor-version":[{"id":2964,"href":"https:\/\/www.mi.uni-koeln.de\/NumSim\/wp-json\/wp\/v2\/pages\/2962\/revisions\/2964"}],"up":[{"embeddable":true,"href":"https:\/\/www.mi.uni-koeln.de\/NumSim\/wp-json\/wp\/v2\/pages\/25"}],"wp:attachment":[{"href":"https:\/\/www.mi.uni-koeln.de\/NumSim\/wp-json\/wp\/v2\/media?parent=2962"}],"curies":[{"name":"wp","href":"https:\/\/api.w.org\/{rel}","templated":true}]}}