{"id":2968,"date":"2017-10-09T14:25:46","date_gmt":"2017-10-09T12:25:46","guid":{"rendered":"http:\/\/www.mi.uni-koeln.de\/NumSim\/?page_id=2968"},"modified":"2019-11-11T15:35:03","modified_gmt":"2019-11-11T14:35:03","slug":"uebungen-zur-vorlesung-14722-0026","status":"publish","type":"page","link":"https:\/\/www.mi.uni-koeln.de\/NumSim\/teaching\/wissenschaftliches-rechnen-i-14722-0025\/uebungen-zur-vorlesung-14722-0026\/","title":{"rendered":"\u00dcbungen zur Vorlesung (14722.0026)"},"content":{"rendered":"<p>In den \u00dcbungen zur Vorlesung Wissenschaftliches Rechnen I werden die theoretischen und insbesondere die praktischen Aspekte der\u00a0Discontinuous Galerkin Methoden vertieft. Die \u00dcbungen werden als 4 Projektaufgaben gestellt, welche die Studierenden unter Anleitung bearbeiten. Dabei werden insbesondere die in der Vorlesung konstruierten Verfahren von den Studierenden in einem Computerprogramm (Programmiersprache beliebig) implementiert und validiert.<\/p>\n<hr \/>\n<p><strong>\u00dcbungstermine und -orte:<\/strong><br \/>\ndienstags 14.00-15.30 Uhr, B\u00fcro von Niklas Wintermeyer bzw. Marvin Bohm und Lucas Friedrich, Gyrhofstr. 8b, 1. OG<br \/>\ndonnerstags 14.00-15.30 Uhr, B\u00fcro von Niklas Wintermeyer bzw. Marvin Bohm und Lucas Friedrich, Gyrhofstr. 8b, 1. OG<\/p>\n<p><strong>FORTRAN-Kurs (18.10. und 25.10.17):<\/strong><br \/>\nAm 18.10 und 25.10. um jeweils 16:00 Uhr wird zus\u00e4tzlich ein Einf\u00fchrungskurs zu der Programmiersprache FORTRAN im\u00a0Stefan Cohn-Vossen Raum des Mathematischen Instituts (Raum 313) angeboten. Der Kurs findet auf Englisch statt und wird von Dr. Andrew Winters geleitet.<\/p>\n<p><strong>FORTRAN Unterlagen von Dr. Andrew Winters: <a style=\"color: #0000ff;\" title=\"Fortran Notes\" href=\"\/aggass\/prot\/documents_numerikpdgl1_ss15\/FortranNotes.pdf\">Fortran Notes<\/a><\/strong><\/p>\n<p><strong>Wie man gfortran installiert: <a style=\"color: #0000ff;\" title=\"Getting Started\" href=\"\/aggass\/prot\/documents_numerikpdgl2_ws15_16\/gettingStarted.pdf\">Getting Started<\/a><\/strong><br \/>\n<strong>FORTRAN Folien vom 18.10.2017: <a style=\"color: #0000ff;\" title=\"Folien 1\" href=\"\/aggass\/prot\/documents_wr1dg_ws17_18\/slides\/lec1.pdf\">Folien 1<\/a>, <a style=\"color: #0000ff;\" title=\"Folien 2\" href=\"\/aggass\/prot\/documents_wr1dg_ws17_18\/slides\/lec2.pdf\">Folien 2<\/a><\/strong><br \/>\n<strong>FORTRAN Folien vom 25.10.2017: <a style=\"color: #0000ff;\" title=\"Folien 3\" href=\"\/aggass\/prot\/documents_wr1dg_ws17_18\/slides\/lec3.pdf\">Folien 3<\/a>, <a style=\"color: #0000ff;\" title=\"Folien 4\" href=\"\/aggass\/prot\/documents_wr1dg_ws17_18\/slides\/lec4.pdf\">Folien 4<\/a><\/strong><br \/>\n<strong>Wie man VisIt benutzt: <a style=\"color: #0000ff;\" title=\"VisIt\" href=\"\/aggass\/prot\/documents_wr1dg_ws17_18\/slides\/VisIt.pdf\">VisIt<\/a><\/strong><br \/>\n<strong>Lineare Advektion Quellcode: <a style=\"color: #0000ff;\" title=\"Quellcode\" href=\"\/aggass\/prot\/documents_wr1dg_ws17_18\/slides\/linearAdv.zip\">Quellcode<\/a><\/strong><\/p>\n<p><strong>\u00dcbungsaufgaben:<\/strong><\/p>\n<p>Im Laufe des Semesters werden mehrere \u00dcbungsbl\u00e4tter mit kleinen Projekten zur Vertiefung und Implementierung der in den Vorlesungen vorgestellten Verfahren hier hochgeladen. F\u00fcr die Bearbeitung dieser Projekte haben die Studenten in Gruppen von bis zu 3 Personen jeweils drei (oder mehr) Wochen Zeit.\u00a0Jede Gruppe muss sich zu jedem Projekt einen l\u00e4ssigen(!) Gruppennamen ausdenken (Hinweis: Es gibt zu jedem Projekt einen richtigen Gruppennamen!). Bis zum Abgabetermin muss von jeder Gruppe eine mit LaTeX erstellte PDF-Datei zusammen mit den entsprechenden Quellcode-Dateien per Mail an mbohm(at)math.uni-koeln.de eingereicht werden. In der Mail selber sowie auf dem Titelblatt der PDF-Datei sollten der Gruppenname sowie die Namen, Matrikelnummern und E-Mail-Adressen aller Gruppenmitglieder vermerkt werden. Desweiteren sollte die PDF-Datei eine vollst\u00e4ndige und korrekte Ausarbeitung aller Aufgaben beinhalten, d.h. s\u00e4mtliche Herleitungen, Grafiken, Tabellen, Bilder, Erkl\u00e4rungen und Interpretationen der Resultate. Dabei sollte auf eine entsprechende Formatierung, Rechtschreibung und ggf. sinnvolle Beschriftung von Bildern und Grafiken (Achsen, Legende, etc.) besonders Acht gegeben werden. Die Programmieraufgaben k\u00f6nnen in einer beliebigen Programmiersprache bearbeitet werden &#8211; jedoch sollten die Quellcode-Dateien \u00fcbersichtlich aufgebaut und ausreichend kommentiert sein. <span style=\"text-decoration: underline;\">Unvollst\u00e4ndige, versp\u00e4tete oder offensichtlich falsche Abgaben werden nicht akzeptiert!<\/span><\/p>\n<p>Bei R\u00fcckfragen zu den Aufgaben k\u00f6nnen Sie sich jederzeit per Mail melden oder w\u00e4hrend der \u00dcbungszeiten im B\u00fcro von Niklas Wintermeyer oder Marvin Bohm und Lucas Friedrich vorbeikommen. Eine Besprechung der Projekte findet in der Woche nach dem jeweiligen Abgabetermin w\u00e4hrend der Vorlesungen statt. Zudem erh\u00e4lt jede Gruppe per Mail ein individuelles Feedback zu den eingereichten Resultaten.<\/p>\n<p><span style=\"text-decoration: underline;\">Um die Zulassungskriterien f\u00fcr die abschlie\u00dfenden Pr\u00fcfungen im Februar zu erf\u00fcllen, m\u00fcssen alle \u00dcbungsbl\u00e4tter entsprechend der obigen Angaben bearbeitet werden<\/span>!<\/p>\n<p><!--\n\n<strong>\u00dcbungsblatt 1: <a style=\"color: #0000ff;\" title=\"Project Bosco's Foolbox\" href=\"\/aggass\/prot\/documents_wr1dg_ws17_18\/projects\/proj1.pdf\">Project Bosco's Foolbox<\/a> (Ausgabe: 10.10.2017, Abgabe: 03.11.2017 bis 12:00 Uhr, Besprechung w\u00e4hrend den Vorlesungen in der Woche vom 06.11. bis 10.11.2017)\n<a style=\"color: #0000ff;\" title=\"QuadraturRoutinen\" href=\"\/aggass\/prot\/documents_wr1dg_ws17_18\/projects\/QuadraturRoutinen.pdf\">QuadraturRoutinen<\/a> - Vorsicht! Fehler in Algorithmus 24 (qAndLEvaluation): Im letzten Durchlauf der for-Schleife m\u00fcssen nur die ersten beiden Updates ausgef\u00fchrt werden! Errata f\u00fcr Kapital 3 von David Koprivas Buch: <a style=\"color: #0000ff;\" title=\"Errata\" href=\"\/aggass\/prot\/documents_numerikpdgl2_ws15_16\/errata_part.pdf\">Errata<\/a><\/strong>\n<a style=\"color: #0000ff;\" title=\"Folien\" href=\"\/aggass\/prot\/documents_wr1dg_ws17_18\/slides\/proj1_folien.pdf\">Folien<\/a>\n\n<strong>\u00dcbungsblatt 2: <a style=\"color: #0000ff;\" title=\"Project D.G. Begins\" href=\"\/aggass\/prot\/documents_wr1dg_ws17_18\/projects\/proj2.pdf\">Project D.G. Begins<\/a> (Ausgabe: 03.11.2017, <span style=\"color: #ff0000;\">Abgabe: 01.12.2017 bis 12:00 Uhr, Besprechung w\u00e4hrend den Vorlesungen in der Woche vom 04.12. bis 08.12.2017<\/span>)\n<a style=\"color: #0000ff;\" title=\"RungeKuttaKoeffizienten\" href=\"\/aggass\/prot\/documents_wr1dg_ws17_18\/projects\/RungeKuttaKoeff.pdf\">RungeKuttaKoeffizienten<\/a><\/strong>\n<a style=\"color: #0000ff;\" title=\"Folien\" href=\"\/aggass\/prot\/documents_wr1dg_ws17_18\/slides\/proj2_folien.pdf\">Folien<\/a>\n\n<strong>\u00dcbungsblatt 3: <a style=\"color: #0000ff;\" title=\"Project Butters Flow\" href=\"\/aggass\/prot\/documents_wr1dg_ws17_18\/projects\/proj3.pdf\">Project Butters Flow<\/a> (Ausgabe: 24.11.2017, Abgabe: 22.12.2017 bis 12:00 Uhr, Besprechung w\u00e4hrend den Vorlesungen in der Woche vom 08.01. bis 12.01.2018)<\/strong>\n<a style=\"color: #0000ff;\" title=\"Folien\" href=\"\/aggass\/prot\/documents_wr1dg_ws17_18\/slides\/proj3_folien.pdf\">Folien<\/a>\n\n<strong>\u00dcbungsblatt 4: <a style=\"color: #0000ff;\" title=\"Project First Order - Not Good It Is\" href=\"\/aggass\/prot\/documents_wr1dg_ws17_18\/projects\/proj4.pdf\">Project First Order - Not Good It Is<\/a> (Ausgabe: 22.12.2017, Abgabe: 26.01.2018 bis 12:00 Uhr, Besprechung w\u00e4hrend den Vorlesungen in der Woche vom 29.01. bis 02.02.2018)<\/strong>\n<a style=\"color: #0000ff;\" title=\"Folien\" href=\"\/aggass\/prot\/documents_wr1dg_ws17_18\/slides\/proj4_folien.pdf\">Folien<\/a>\n\n--><\/p>\n","protected":false},"excerpt":{"rendered":"<p>In den \u00dcbungen zur Vorlesung Wissenschaftliches Rechnen I werden die theoretischen und insbesondere die praktischen Aspekte der\u00a0Discontinuous Galerkin Methoden vertieft. Die \u00dcbungen werden als 4 Projektaufgaben gestellt, welche die Studierenden unter Anleitung bearbeiten. Dabei werden insbesondere die in der Vorlesung &hellip; <a href=\"https:\/\/www.mi.uni-koeln.de\/NumSim\/teaching\/wissenschaftliches-rechnen-i-14722-0025\/uebungen-zur-vorlesung-14722-0026\/\">Continue reading <span class=\"meta-nav\">&rarr;<\/span><\/a><\/p>\n","protected":false},"author":9,"featured_media":0,"parent":2962,"menu_order":1,"comment_status":"closed","ping_status":"closed","template":"sidebar-page.php","meta":{"footnotes":""},"post_mailing_queue_ids":[],"_links":{"self":[{"href":"https:\/\/www.mi.uni-koeln.de\/NumSim\/wp-json\/wp\/v2\/pages\/2968"}],"collection":[{"href":"https:\/\/www.mi.uni-koeln.de\/NumSim\/wp-json\/wp\/v2\/pages"}],"about":[{"href":"https:\/\/www.mi.uni-koeln.de\/NumSim\/wp-json\/wp\/v2\/types\/page"}],"author":[{"embeddable":true,"href":"https:\/\/www.mi.uni-koeln.de\/NumSim\/wp-json\/wp\/v2\/users\/9"}],"replies":[{"embeddable":true,"href":"https:\/\/www.mi.uni-koeln.de\/NumSim\/wp-json\/wp\/v2\/comments?post=2968"}],"version-history":[{"count":35,"href":"https:\/\/www.mi.uni-koeln.de\/NumSim\/wp-json\/wp\/v2\/pages\/2968\/revisions"}],"predecessor-version":[{"id":3660,"href":"https:\/\/www.mi.uni-koeln.de\/NumSim\/wp-json\/wp\/v2\/pages\/2968\/revisions\/3660"}],"up":[{"embeddable":true,"href":"https:\/\/www.mi.uni-koeln.de\/NumSim\/wp-json\/wp\/v2\/pages\/2962"}],"wp:attachment":[{"href":"https:\/\/www.mi.uni-koeln.de\/NumSim\/wp-json\/wp\/v2\/media?parent=2968"}],"curies":[{"name":"wp","href":"https:\/\/api.w.org\/{rel}","templated":true}]}}