{"id":3266,"date":"2018-04-06T13:55:37","date_gmt":"2018-04-06T11:55:37","guid":{"rendered":"http:\/\/www.mi.uni-koeln.de\/NumSim\/?page_id=3266"},"modified":"2019-11-11T15:32:02","modified_gmt":"2019-11-11T14:32:02","slug":"wissenschaftliches-rechnen-ii-14722-0103","status":"publish","type":"page","link":"https:\/\/www.mi.uni-koeln.de\/NumSim\/teaching\/wissenschaftliches-rechnen-ii-14722-0103\/","title":{"rendered":"Wissenschaftliches Rechnen II (14722.0103)"},"content":{"rendered":"<p>Gegenstand der Vorlesung Wissenschaftliches Rechnen II ist die numerische Simulation von kompressiblen Str\u00f6mungen. Ziel ist es, alle Aspekte der numerischen Simulation eines praxisrelevanten Str\u00f6mungsproblems zu thematisieren. Als Verfahren der Wahl betrachten wir das Discontinuous Galerkin Verfahren mit Anwendungen auf die kompressiblen Navier-Stokes Gleichungen. Die Grundlagen dieses Verfahrens waren Thema der Vorlesung Wissenschaftliches Rechnen I, welche auch Voraussetzung f\u00fcr diese Vorlesung sind. Neben numerischen Diskretisierungsaspekten (Diskretisierung in mehreren Raumdimensionen, Nichtlineare Stabilit\u00e4t, Gittergenerierung, Zeitintegration, etc.), behandelt die Vorlesung auch die Aspekte der Modellierung von kompressiblen Str\u00f6mungen und High Performance Computing (HPC).<\/p>\n<p><em><strong>Anmerkung: Die 2st\u00fcndige Vorlesung wird auf Englisch gehalten und durch eine 4st\u00fcndige \u00dcbung erg\u00e4nzt.<\/strong><\/em><\/p>\n<hr \/>\n<p><strong>Veranstaltungsort und -zeit:<\/strong><br \/>\nmittwochs, 16.00-17.30 Uhr, Seminarraum 3 des Mathematischen Instituts (Raum 314)<\/p>\n<p><strong>Klausurtermine:<\/strong><br \/>\nAlle Studenten werden nach Terminabsprache m\u00fcndlich gepr\u00fcft im Zeitraum vom 23.07.2018 bis 27.07.2018.<\/p>\n<p><strong>Kontakt:<\/strong> <a href=\"http:\/\/www.mi.uni-koeln.de\/NumSim\/dr-andrew-winters\/\">Dr. Andrew Winters, <\/a><a title=\"Marvin Bohm\" href=\"http:\/\/www.mi.uni-koeln.de\/NumSim\/bohm\/\">Marvin Bohm<\/a><\/p>\n","protected":false},"excerpt":{"rendered":"<p>Gegenstand der Vorlesung Wissenschaftliches Rechnen II ist die numerische Simulation von kompressiblen Str\u00f6mungen. Ziel ist es, alle Aspekte der numerischen Simulation eines praxisrelevanten Str\u00f6mungsproblems zu thematisieren. Als Verfahren der Wahl betrachten wir das Discontinuous Galerkin Verfahren mit Anwendungen auf die &hellip; <a href=\"https:\/\/www.mi.uni-koeln.de\/NumSim\/teaching\/wissenschaftliches-rechnen-ii-14722-0103\/\">Continue reading <span class=\"meta-nav\">&rarr;<\/span><\/a><\/p>\n","protected":false},"author":9,"featured_media":0,"parent":25,"menu_order":8,"comment_status":"closed","ping_status":"closed","template":"sidebar-page.php","meta":{"footnotes":""},"post_mailing_queue_ids":[],"_links":{"self":[{"href":"https:\/\/www.mi.uni-koeln.de\/NumSim\/wp-json\/wp\/v2\/pages\/3266"}],"collection":[{"href":"https:\/\/www.mi.uni-koeln.de\/NumSim\/wp-json\/wp\/v2\/pages"}],"about":[{"href":"https:\/\/www.mi.uni-koeln.de\/NumSim\/wp-json\/wp\/v2\/types\/page"}],"author":[{"embeddable":true,"href":"https:\/\/www.mi.uni-koeln.de\/NumSim\/wp-json\/wp\/v2\/users\/9"}],"replies":[{"embeddable":true,"href":"https:\/\/www.mi.uni-koeln.de\/NumSim\/wp-json\/wp\/v2\/comments?post=3266"}],"version-history":[{"count":18,"href":"https:\/\/www.mi.uni-koeln.de\/NumSim\/wp-json\/wp\/v2\/pages\/3266\/revisions"}],"predecessor-version":[{"id":3276,"href":"https:\/\/www.mi.uni-koeln.de\/NumSim\/wp-json\/wp\/v2\/pages\/3266\/revisions\/3276"}],"up":[{"embeddable":true,"href":"https:\/\/www.mi.uni-koeln.de\/NumSim\/wp-json\/wp\/v2\/pages\/25"}],"wp:attachment":[{"href":"https:\/\/www.mi.uni-koeln.de\/NumSim\/wp-json\/wp\/v2\/media?parent=3266"}],"curies":[{"name":"wp","href":"https:\/\/api.w.org\/{rel}","templated":true}]}}