{"id":3346,"date":"2018-07-02T14:20:37","date_gmt":"2018-07-02T12:20:37","guid":{"rendered":"http:\/\/www.mi.uni-koeln.de\/NumSim\/?page_id=3346"},"modified":"2021-09-15T11:13:58","modified_gmt":"2021-09-15T09:13:58","slug":"uebungen-zur-vorlesung-14722-0010","status":"publish","type":"page","link":"https:\/\/www.mi.uni-koeln.de\/NumSim\/teaching\/algorithmische-mathematik-und-programmieren-14722-0009\/uebungen-zur-vorlesung-14722-0010\/","title":{"rendered":"\u00dcbungen zur Vorlesung (14722.0010)"},"content":{"rendered":"<p>In den \u00dcbungen zur Vorlesung Algorithmische Mathematik und Programmieren liegt der Schwerpunkt auf einer praktischen Umsetzung der vorgestellten Algorithmen.<\/p>\n<p>Weitere Informationen zur Eintragung in die \u00dcbungsgruppen etc. unter https:\/\/www.mi.unikoeln.de\/NumSin\/<br \/>\n<!--\n<span style=\"color: #ff0000;\"><strong>WICHTIG:<\/strong> <\/span>\n\n\n<ul>\n \t\n\n<li style=\"text-align: justify;\"><span style=\"color: #ff0000;\"><span style=\"color: #000000;\">Das Zulassungskriterium f\u00fcr die Klausur hat sich ver\u00e4ndert: <em>Es wird insgesamt 12 \u00dcbungsbl\u00e4tter mit je 18 (12+6) Punkten geben. Um eine <\/em><em>Zulassung zur Klausur zu erhalten m\u00fcssen Sie zun\u00e4chst 50% der Punkte in den <\/em><em>Theorieaufgaben der \u00dcbungsbl\u00e4tter 1-6 erreichen. Bei den Programmieraufgaben werden in der ersten H\u00e4lfte des Semesters (Blatt 1-6) die besten f\u00fcnf \u00dcbungsbl\u00e4tter gewertet. Auf diesen f\u00fcnf \u00dcbungsbl\u00e4ttern m\u00fcssen 50% der Punkte in den Programmieraufgaben erreicht werden. In der zweiten H\u00e4lfte des Semesters (Blatt 7-12) m\u00fcssen 50% der Punkte in den Theorie- und 50% in den Programmieraufgaben der \u00dcbungsbl\u00e4tter 7-12 erreicht werden. Des Weiteren m\u00fcssen Sie mindestens eine Aufgabe im Semester in Ihrer \u00dcbungsgruppe vorstellen. <\/em><\/span><\/span><em><span style=\"color: #ff0000;\"><span style=\"color: #000000;\">\n<\/span><\/span><\/em><\/li>\n\n\n \t\n\n<li style=\"text-align: justify;\"><strong>Klausurzulassungen aus vorherigen Semestern werden akzeptiert. <\/strong><\/li>\n\n\n<\/ul>\n\n\n&nbsp;\n\n&nbsp;\n\nWenn Sie sich rechtzeitig zu den \u00dcbungen angemeldet haben, k\u00f6nnen sie sich nun ihre Gruppennummer heraussuchen:\n\n<a href=\"http:\/\/www.mi.uni-koeln.de\/aggass\/prot\/documents_algomath_ws18_19\/Gruppeneinteilung.pdf\" target=\"_blank\" rel=\"noopener noreferrer\">Gruppeneinteilung<\/a>\n\n<strong>Update: <\/strong>Zus\u00e4tzlich zu der \u00dcbersicht \u00fcber die verf\u00fcgbaren Gruppen (mit Tutor, Zeit, Gruppennummer und Ort) finden sie hier auch die email-Adressen der Tutoren. Bei Fragen bez\u00fcglich Ihrer \u00dcbungsabgaben mit Matlab-Grader, wenden Sie sich bitte an den Leiter Ihrer \u00dcbungsgruppe.\n\n<a href=\"http:\/\/www.mi.uni-koeln.de\/aggass\/prot\/documents_algomath_ws18_19\/UebungenTutorenEmails.pdf\" target=\"_blank\" rel=\"noopener noreferrer\">Gruppen\/Tutoren\/Emailadressen<\/a>\n\n&nbsp;\n\nEine \u00dcbersicht \u00fcber alle Abgabe- und Klausurtermine finden Sie<a href=\"http:\/\/www.mi.uni-koeln.de\/aggass\/prot\/documents_algomath_ws18_19\/TermineZuDenUEB_V1.pdf\" target=\"_blank\" rel=\"noopener noreferrer\"> hier.<\/a>\n\nF\u00fcr den Programmierteil der Vorlesung erhalten Sie, nach Einteilung in eine \u00dcbungsgruppe, eine email an Ihren smail-Account. Darin befindet sich eine Einladung zu einer Matlab-Grader Veranstaltung, bei der Sie mit Ihrem mathworks-Account teilnehmen. \u00dcber die Matlab-Grader Veranstaltung erfolgt auch die Abgabe der zwei Warm-Up&nbsp;Bl\u00e4tter. (Diese Abgabe ist nicht verpflichtend und erfolgt nur online).\n\nEine&nbsp;\u00dcbersicht des allgemeinen \u00dcbungsablaufes und der zu erbringenden Vorleistungen sind in jedem \u00dcbungsblatt&nbsp;sowie&nbsp;<a href=\"http:\/\/www.mi.uni-koeln.de\/aggass\/prot\/documents_algomath_ws18_19\/Informationen_24_10_2018.pdf\">hier<\/a> zusammengefasst.\n\n<a href=\"http:\/\/www.mi.uni-koeln.de\/aggass\/prot\/documents_algomath_ws18_19\/Uebungen\/Algo_Math_W1.pdf\" target=\"_blank\" rel=\"noopener noreferrer\">Einstiegs\u00fcbung 1<\/a>,&nbsp;<a href=\"http:\/\/www.mi.uni-koeln.de\/aggass\/prot\/documents_algomath_ws18_19\/Uebungen\/Algo_Math_W2.pdf\" target=\"_blank\" rel=\"noopener noreferrer\">Einstiegs\u00fcbung 2<\/a>\n\nDie \"m file\" zu den Einstiegs\u00fcbungen finden Sie hier:\n\n\n<ul>\n \t\n\n<li><a href=\"http:\/\/www.mi.uni-koeln.de\/aggass\/prot\/documents_algomath_ws18_19\/MatlabMusterloesung\/M_Files_Matlab_Einstiegs\u00fcbungen.zip\">L\u00f6sungsvorschl\u00e4ge f\u00fcr die Einstiegs\u00fcbungen<\/a><\/li>\n\n\n<\/ul>\n\n\n&nbsp;\n\nTheorie-Aufgaben:\n\n\n<ul>\n \t\n\n<li><a href=\"http:\/\/www.mi.uni-koeln.de\/aggass\/prot\/documents_algomath_ws18_19\/Uebungen\/Algo_Math_Blatt01.pdf\">\u00dcbungsblatt 01<\/a>&nbsp;(Ausgabe: 12.10.2018)<\/li>\n\n\n \t\n\n<li><a href=\"http:\/\/www.mi.uni-koeln.de\/aggass\/prot\/documents_algomath_ws18_19\/Uebungen\/Algo_Math_Blatt02.pdf\">\u00dcbungsblatt 02<\/a> (Ausgabe: 19.10.2018)<\/li>\n\n\n \t\n\n<li><a href=\"http:\/\/www.mi.uni-koeln.de\/aggass\/prot\/documents_algomath_ws18_19\/Uebungen\/Algo_Math_Blatt03.pdf\">\u00dcbungsblatt 03<\/a> (Ausgabe: 26.10.2018)<\/li>\n\n\n \t\n\n<li><a href=\"http:\/\/www.mi.uni-koeln.de\/aggass\/prot\/documents_algomath_ws18_19\/Uebungen\/Algo_Math_Blatt04_V2.pdf\">\u00dcbungsblatt 04<\/a> (Ausgabe: 02.11.2018)<\/li>\n\n\n \t\n\n<li><a href=\"http:\/\/www.mi.uni-koeln.de\/aggass\/prot\/documents_algomath_ws18_19\/Uebungen\/Algo_Math_Blatt05.pdf\">\u00dcbungsblatt 05<\/a> (Ausgabe: 09.11.2018)<\/li>\n\n\n \t\n\n<li><a href=\"http:\/\/www.mi.uni-koeln.de\/aggass\/prot\/documents_algomath_ws18_19\/Uebungen\/Algo_Math_Blatt06.pdf\">\u00dcbungsblatt 06<\/a> (Ausgabe: 16.11.2018)<\/li>\n\n\n \t\n\n<li><a href=\"http:\/\/www.mi.uni-koeln.de\/aggass\/prot\/documents_algomath_ws18_19\/Uebungen\/Algo_Math_Blatt07_V2.pdf\">\u00dcbungsblatt 07<\/a> (Ausgabe: 23.11.2018)<\/li>\n\n\n \t\n\n<li><a href=\"http:\/\/www.mi.uni-koeln.de\/aggass\/prot\/documents_algomath_ws18_19\/Uebungen\/Algo_Math_Blatt08_V1.pdf\">\u00dcbungsblatt 08<\/a> (Ausgabe: 30.11.2018)<\/li>\n\n\n \t\n\n<li><a href=\"http:\/\/www.mi.uni-koeln.de\/aggass\/prot\/documents_algomath_ws18_19\/Uebungen\/Algo_Math_Blatt09.pdf\">\u00dcbungsblatt 09<\/a> (Ausgabe: 07.12.2018)<\/li>\n\n\n \t\n\n<li><a href=\"http:\/\/www.mi.uni-koeln.de\/aggass\/prot\/documents_algomath_ws18_19\/Uebungen\/Algo_Math_Blatt10.pdf\">\u00dcbungsblatt 10<\/a> (Ausgabe: 14.12.2018)<\/li>\n\n\n \t\n\n<li><a href=\"http:\/\/www.mi.uni-koeln.de\/aggass\/prot\/documents_algomath_ws18_19\/Uebungen\/Algo_Math_Blatt11_V1.pdf\">\u00dcbungsblatt 11<\/a> (Ausgabe: 21.12.2018)<\/li>\n\n\n \t\n\n<li><a href=\"http:\/\/www.mi.uni-koeln.de\/aggass\/prot\/documents_algomath_ws18_19\/Uebungen\/Algo_Math_Blatt12.pdf\">\u00dcbungsblatt 12<\/a> (Ausgabe: 11.01.2019)<\/li>\n\n\n<\/ul>\n\n\nL\u00f6sungsvorschl\u00e4ge f\u00fcr die Matlab-Aufgaben:\n\n\n<ul>\n \t\n\n<li><a href=\"http:\/\/www.mi.uni-koeln.de\/aggass\/prot\/documents_algomath_ws18_19\/MatlabMusterloesung\/Blatt1.pdf\">Blatt 1<\/a><\/li>\n\n\n \t\n\n<li><a href=\"http:\/\/www.mi.uni-koeln.de\/aggass\/prot\/documents_algomath_ws18_19\/MatlabMusterloesung\/Blatt2.pdf\">Blatt 2<\/a><\/li>\n\n\n \t\n\n<li><a href=\"http:\/\/www.mi.uni-koeln.de\/aggass\/prot\/documents_algomath_ws18_19\/MatlabMusterloesung\/Blatt3.pdf\">Blatt 3<\/a><\/li>\n\n\n \t\n\n<li><a href=\"http:\/\/www.mi.uni-koeln.de\/aggass\/prot\/documents_algomath_ws18_19\/MatlabMusterloesung\/Blatt4.pdf\">Blatt 4<\/a><\/li>\n\n\n \t\n\n<li><a href=\"http:\/\/www.mi.uni-koeln.de\/aggass\/prot\/documents_algomath_ws18_19\/MatlabMusterloesung\/Blatt5.pdf\">Blatt 5<\/a><\/li>\n\n\n \t\n\n<li><a href=\"http:\/\/www.mi.uni-koeln.de\/aggass\/prot\/documents_algomath_ws18_19\/MatlabMusterloesung\/Blatt6.pdf\">Blatt 6<\/a><\/li>\n\n\n \t\n\n<li><a href=\"http:\/\/www.mi.uni-koeln.de\/aggass\/prot\/documents_algomath_ws18_19\/MatlabMusterloesung\/Blatt7.pdf\">Blatt 7<\/a><\/li>\n\n\n \t\n\n<li><a href=\"http:\/\/www.mi.uni-koeln.de\/aggass\/prot\/documents_algomath_ws18_19\/MatlabMusterloesung\/Blatt8.pdf\">Blatt 8<\/a><\/li>\n\n\n \t\n\n<li><a href=\"http:\/\/www.mi.uni-koeln.de\/aggass\/prot\/documents_algomath_ws18_19\/MatlabMusterloesung\/Blatt9.pdf\">Blatt 9<\/a><\/li>\n\n\n \t\n\n<li><a href=\"http:\/\/www.mi.uni-koeln.de\/aggass\/prot\/documents_algomath_ws18_19\/MatlabMusterloesung\/Blatt10.pdf\">Blatt 10<\/a><\/li>\n\n\n \t\n\n<li><a href=\"http:\/\/www.mi.uni-koeln.de\/aggass\/prot\/documents_algomath_ws18_19\/MatlabMusterloesung\/Blatt11.pdf\">Blatt 11<\/a><\/li>\n\n\n \t\n\n<li><a href=\"http:\/\/www.mi.uni-koeln.de\/aggass\/prot\/documents_algomath_ws18_19\/MatlabMusterloesung\/Blatt12.pdf\">Blatt 12<\/a><\/li>\n\n\n<\/ul>\n\n\nDie \"m file\" zu allen L\u00f6sungsvorschl\u00e4ge finden Sie hier:\n\n\n<ul>\n \t\n\n<li><a href=\"http:\/\/www.mi.uni-koeln.de\/aggass\/prot\/documents_algomath_ws18_19\/MatlabMusterloesung\/L\u00f6sungsvorschl\u00e4ge_Matlab_Aufgaben.zip\">Alle L\u00f6sungsvorschl\u00e4ge f\u00fcr die Matlab-Aufgaben<\/a><\/li>\n\n\n<\/ul>\n\n\n--&gt;\n--><\/p>\n","protected":false},"excerpt":{"rendered":"<p>In den \u00dcbungen zur Vorlesung Algorithmische Mathematik und Programmieren liegt der Schwerpunkt auf einer praktischen Umsetzung der vorgestellten Algorithmen. Weitere Informationen zur Eintragung in die \u00dcbungsgruppen etc. unter https:\/\/www.mi.unikoeln.de\/NumSin\/<\/p>\n","protected":false},"author":9,"featured_media":0,"parent":3339,"menu_order":1,"comment_status":"closed","ping_status":"closed","template":"sidebar-page.php","meta":{"footnotes":""},"post_mailing_queue_ids":[],"_links":{"self":[{"href":"https:\/\/www.mi.uni-koeln.de\/NumSim\/wp-json\/wp\/v2\/pages\/3346"}],"collection":[{"href":"https:\/\/www.mi.uni-koeln.de\/NumSim\/wp-json\/wp\/v2\/pages"}],"about":[{"href":"https:\/\/www.mi.uni-koeln.de\/NumSim\/wp-json\/wp\/v2\/types\/page"}],"author":[{"embeddable":true,"href":"https:\/\/www.mi.uni-koeln.de\/NumSim\/wp-json\/wp\/v2\/users\/9"}],"replies":[{"embeddable":true,"href":"https:\/\/www.mi.uni-koeln.de\/NumSim\/wp-json\/wp\/v2\/comments?post=3346"}],"version-history":[{"count":64,"href":"https:\/\/www.mi.uni-koeln.de\/NumSim\/wp-json\/wp\/v2\/pages\/3346\/revisions"}],"predecessor-version":[{"id":5443,"href":"https:\/\/www.mi.uni-koeln.de\/NumSim\/wp-json\/wp\/v2\/pages\/3346\/revisions\/5443"}],"up":[{"embeddable":true,"href":"https:\/\/www.mi.uni-koeln.de\/NumSim\/wp-json\/wp\/v2\/pages\/3339"}],"wp:attachment":[{"href":"https:\/\/www.mi.uni-koeln.de\/NumSim\/wp-json\/wp\/v2\/media?parent=3346"}],"curies":[{"name":"wp","href":"https:\/\/api.w.org\/{rel}","templated":true}]}}