{"id":3348,"date":"2018-07-02T14:39:48","date_gmt":"2018-07-02T12:39:48","guid":{"rendered":"http:\/\/www.mi.uni-koeln.de\/NumSim\/?page_id=3348"},"modified":"2019-11-11T15:29:56","modified_gmt":"2019-11-11T14:29:56","slug":"seminar-numerische-loesungsmethoden-fuer-algebraische-gleichungssysteme","status":"publish","type":"page","link":"https:\/\/www.mi.uni-koeln.de\/NumSim\/teaching\/seminar-numerische-loesungsmethoden-fuer-algebraische-gleichungssysteme\/","title":{"rendered":"Seminar Numerische L\u00f6sungsmethoden f\u00fcr algebraische Gleichungssysteme (14722.0044)"},"content":{"rendered":"<p>In dem Seminar \u201eNumerische L\u00f6sungsmethoden f\u00fcr algebraische Gleichungssysteme\u201c werden wir uns mit modernen Algorithmen zur L\u00f6sung von gro\u00dfen linearen und nichtlinearen Gleichungssystemen besch\u00e4ftigen. Insbesondere werden wir uns mit iterativen L\u00f6sungsmethoden, wie etwa den Krylov-Unterraum-Verfahren und den Mehrgitterverfahren, besch\u00e4ftigen.<\/p>\n<p>Das Seminar richtet sich an Studierende im Bachelor Studiengang und bietet sich als gute Erg\u00e4nzung zur Vorlesung \u201eAlgorithmische Mathematik und Programmieren\u201c an.<\/p>\n<p><strong>Anmerkung: Das Seminar findet in englischer Sprache statt.<\/strong><\/p>\n<hr \/>\n<p><span style=\"color: #ff0000;\"><strong>Die Vorbesprechung zu diesem Seminar findet statt am 04. Juli 2018, 17.30 Uhr im H\u00f6rsaal des Mathematischen Instituts.<\/strong><\/span><\/p>\n<hr \/>\n<p><span style=\"color: #ff0000;\"><strong>Achtung: Die Seminar findet statt am 28. November 2018 im \u00dcbungsraum 1 (im Keller) des Mathematischen Instituts.<\/strong><\/span><\/p>\n<hr \/>\n<p><a style=\"color: #0000ff;\" title=\"Vorbesprechung\" href=\"\/aggass\/prot\/documents_seminar_NLA_ws18_19\/Topics_Talk_WiSe2018.pdf\">Vorbesprechung<\/a><\/p>\n<p><strong>Vortragreihe:<\/strong><\/p>\n<table style=\"height: 651px;\" width=\"532\">\n<tbody>\n<tr>\n<th>Datum<\/th>\n<th>Thema<\/th>\n<th>Student<\/th>\n<\/tr>\n<tr>\n<td>10.10.18<\/td>\n<td>&#8212;<\/td>\n<td>&#8212;<\/td>\n<\/tr>\n<tr>\n<td>10.17.18<\/td>\n<td>Grundlagen der linearen Algebra<\/td>\n<td>Zhaoyang Wang<\/td>\n<\/tr>\n<tr>\n<td>24.10.18<\/td>\n<td>Der Banachsche Fixpunktsatz<\/td>\n<td>Janina Esser<\/td>\n<\/tr>\n<tr>\n<td>31.10.18<\/td>\n<td>Gradienten und konjugierten Gradienten Methoden<\/td>\n<td>Cansu \u00d6ks\u00fcz<\/td>\n<\/tr>\n<tr>\n<td>07.11.18<\/td>\n<td>CGS und BiCGStab<\/td>\n<td>Hanyi Zhu<\/td>\n<\/tr>\n<tr>\n<td>14.11.18<\/td>\n<td>GMRES<\/td>\n<td>Sebastian Paulus<\/td>\n<\/tr>\n<tr>\n<td>21.11.18<\/td>\n<td>D\u00fcnnbesetzte Matrizen<\/td>\n<td>Sophia Blenkers<\/td>\n<\/tr>\n<tr>\n<td>28.11.18<\/td>\n<td>Nichtlineare Systeme: Newton<\/td>\n<td>Alexander Koch<\/td>\n<\/tr>\n<tr>\n<td>05.12.18<\/td>\n<td>Nichtlineare Systeme: ungenaues Newton<\/td>\n<td>David Schulte<\/td>\n<\/tr>\n<tr>\n<td>12.12.18<\/td>\n<td>Broydens Verfahren<\/td>\n<td>Diana El Rachwani<\/td>\n<\/tr>\n<tr>\n<td>19.12.18<\/td>\n<td>Armijos Bedingung<\/td>\n<td>&#8212;<\/td>\n<\/tr>\n<tr>\n<td>09.01.19<\/td>\n<td>Pr\u00e4konditionierer<\/td>\n<td>&#8212;<\/td>\n<\/tr>\n<tr>\n<td>16.01.19<\/td>\n<td>Geometrisch Mehrgitterverfahren<\/td>\n<td>Mehmet Altintas<\/td>\n<\/tr>\n<tr>\n<td>23.01.19<\/td>\n<td>Algebraisch Mehrgitterverfahren<\/td>\n<td>&#8212;<\/td>\n<\/tr>\n<tr>\n<td>30.01.19<\/td>\n<td>&#8212;<\/td>\n<td>&#8212;<\/td>\n<\/tr>\n<\/tbody>\n<\/table>\n<p><strong>Veranstaltungsort und -zeit:<\/strong><br \/>\nmittwochs, 14.00-15.30 Uhr<br \/>\nim Seminarraum 3 des Mathematischen Instituts (Raum 314)<\/p>\n<p><strong>Kontakt:<\/strong><br \/>\n<a href=\"http:\/\/www.mi.uni-koeln.de\/NumSim\/dr-andrew-winters\/\">Dr. Andrew Winters, Prof. Dr. Gregor Gassner<\/a><\/p>\n","protected":false},"excerpt":{"rendered":"<p>In dem Seminar \u201eNumerische L\u00f6sungsmethoden f\u00fcr algebraische Gleichungssysteme\u201c werden wir uns mit modernen Algorithmen zur L\u00f6sung von gro\u00dfen linearen und nichtlinearen Gleichungssystemen besch\u00e4ftigen. Insbesondere werden wir uns mit iterativen L\u00f6sungsmethoden, wie etwa den Krylov-Unterraum-Verfahren und den Mehrgitterverfahren, besch\u00e4ftigen. Das Seminar &hellip; <a href=\"https:\/\/www.mi.uni-koeln.de\/NumSim\/teaching\/seminar-numerische-loesungsmethoden-fuer-algebraische-gleichungssysteme\/\">Continue reading <span class=\"meta-nav\">&rarr;<\/span><\/a><\/p>\n","protected":false},"author":9,"featured_media":0,"parent":25,"menu_order":8,"comment_status":"closed","ping_status":"closed","template":"sidebar-page.php","meta":{"footnotes":""},"post_mailing_queue_ids":[],"_links":{"self":[{"href":"https:\/\/www.mi.uni-koeln.de\/NumSim\/wp-json\/wp\/v2\/pages\/3348"}],"collection":[{"href":"https:\/\/www.mi.uni-koeln.de\/NumSim\/wp-json\/wp\/v2\/pages"}],"about":[{"href":"https:\/\/www.mi.uni-koeln.de\/NumSim\/wp-json\/wp\/v2\/types\/page"}],"author":[{"embeddable":true,"href":"https:\/\/www.mi.uni-koeln.de\/NumSim\/wp-json\/wp\/v2\/users\/9"}],"replies":[{"embeddable":true,"href":"https:\/\/www.mi.uni-koeln.de\/NumSim\/wp-json\/wp\/v2\/comments?post=3348"}],"version-history":[{"count":14,"href":"https:\/\/www.mi.uni-koeln.de\/NumSim\/wp-json\/wp\/v2\/pages\/3348\/revisions"}],"predecessor-version":[{"id":4536,"href":"https:\/\/www.mi.uni-koeln.de\/NumSim\/wp-json\/wp\/v2\/pages\/3348\/revisions\/4536"}],"up":[{"embeddable":true,"href":"https:\/\/www.mi.uni-koeln.de\/NumSim\/wp-json\/wp\/v2\/pages\/25"}],"wp:attachment":[{"href":"https:\/\/www.mi.uni-koeln.de\/NumSim\/wp-json\/wp\/v2\/media?parent=3348"}],"curies":[{"name":"wp","href":"https:\/\/api.w.org\/{rel}","templated":true}]}}