{"id":4310,"date":"2019-09-30T10:39:09","date_gmt":"2019-09-30T08:39:09","guid":{"rendered":"http:\/\/www.mi.uni-koeln.de\/NumSim\/?page_id=4310"},"modified":"2020-03-31T18:24:05","modified_gmt":"2020-03-31T16:24:05","slug":"einfuehrung-in-die-numerik-partieller-differentialgleichungen-14722-0021-2","status":"publish","type":"page","link":"https:\/\/www.mi.uni-koeln.de\/NumSim\/teaching\/einfuehrung-in-die-numerik-partieller-differentialgleichungen-14722-0021-2\/","title":{"rendered":"Einf\u00fchrung in die Numerik partieller Differentialgleichungen (14722.0021)"},"content":{"rendered":"<p><span style=\"color: #ff0000;\"><a style=\"color: #ff0000;\" href=\"https:\/\/www.mi.uni-koeln.de\/NumSim\/teaching-during-covid-19\/\"><strong>Informationen zu dem Handling der Nachklausuren WiSe 2019\/2020 finden Sie hier.<\/strong><\/a><\/span><\/p>\r\n<hr \/>\r\n<p><span style=\"color: #000000;\"><strong><span style=\"color: #ff0000;\">Wichtig:<\/span><\/strong> Die <strong>Nachklausur<\/strong> am 24.03.2020 wird aufgrund des pandemischen Charakter des Coronavirus SARS CoV 2 <strong>nicht<\/strong> <strong>stattfinden<\/strong>. \u00dcber einen neuen Termin werden Sie zu gegebener Zeit informiert werden.<\/span><\/p>\r\n<p style=\"text-align: left;\">Das <span style=\"color: #ff0000;\"><strong>Ergebnis (Klausur 07.02.2020)<\/strong><\/span> mit den \u00c4nderungen der Klausureinsicht vom 17.02 finden Sie hier: <a href=\"http:\/\/www.mi.uni-koeln.de\/aggass\/prot\/documents_numerikpdgl_NumerikII_WS19_20\/Ergebnis_Homepage.pdf\">Ergebnis der Klausur 02.02.2020<\/a>\u00a0<\/p>\r\n<!--\r\n<p style=\"text-align: left;\">Die Klausureinsicht findet am <strong>17.02 von 14:00-16:00 Uhr im Seminarraum 2 (Raum 204 \"Mathematisches Institut\")<\/strong> statt. Bitte denken Sie daran Ihren <b>Personalausweis und Studierendenausweis<\/b> mitzubringen. Wenn man Sie weder auf dem Personalausweis noch auf dem Studierendenausweis eindeutig identifizieren kann, bringen Sie bitte ein weiteres Dokument einschlie\u00dflich Foto mit, welches Ihre Identit\u00e4t belegt.<\/p>\r\n-->\r\n\r\n<hr class=\"wp-block-separator\" \/>\r\n\r\n\r\n<p>Zu Beginn der Vorlesung zur Einf\u00fchrung in die Numerik partieller Differentialgleichungen werden numerische Methoden zur L\u00f6sung von gew\u00f6hnlichen Differentialgleichungen behandelt. Dabei werden Einschritt- und Mehrschrittverfahren diskutiert mit Fokus auf Konstruktion, Stabilit\u00e4t und Konvergenz.<\/p>\r\n\r\n\r\n\r\n<p>Danach wird eine Einf\u00fchrung in die Numerik von partiellen Differentialgleichungen gegeben. Hier werden die verschiedenen Klassen von partiellen Differentialgleichungen mit ihren Eigenschaften behandelt. Zudem werden erste einfache numerische Methoden konstruiert und analysiert.<\/p>\r\n\r\n\r\n<hr class=\"wp-block-separator\" \/>\r\n\r\n\r\n<p>Wie in der Vorlesung angek\u00fcndigt m\u00f6chten wir Sie darauf hinweisen, dass es m\u00f6glich ist diese Veranstaltung als<strong> Master-Basismodul<\/strong> zu h\u00f6ren, falls diese Veranstaltung nicht(!) bereits Teil des Bachelors war (Die Klausuranmeldung erfolgt f\u00fcr den Master nicht \u00fcber KLIPS sondern mit dem entsprechendem Formular).<\/p>\r\n<hr class=\"wp-block-separator\" \/>\r\n<p>Um eine <strong>Klausurzulassung<\/strong> zu erwerben ist folgendes notwendig:<\/p>\r\n<ul>\r\n<li>Erste H\u00e4lfte des Semester (Blatt 01-06): 50% der m\u00f6glichen Punkten in den theoretischen Aufgaben und 50% der m\u00f6glichen Punkten in den Programmieraufgaben.<\/li>\r\n<li>Zweite H\u00e4lfte des Semester (Blatt 07-12): 50% der m\u00f6glichen Punkten in den theoretischen Aufgaben und 50% der m\u00f6glichen Punkten in den Programmieraufgaben.<\/li>\r\n<li>Jede Programmieraufgaben muss sinnvoll bearbeitet sein, d.h. nur lauff\u00e4hige und kommentierte Programme werden akzeptiert.<\/li>\r\n<li>\r\n<p>Mindestens eine L\u00f6sung f\u00fcr eine Aufgabe muss in den \u00dcbungen vorgestellt werden.<\/p>\r\n<\/li>\r\n<\/ul>\r\n<p>Es ist nicht m\u00f6glich fehlende Punkte im Programmierteil mit Punkten aus der Theorie zu kompensieren. Ebenso ist es nicht m\u00f6glich Punkte aus dem Programmierteil in die Theorie zu \u00fcbertragen.<\/p>\r\n<p>Altzulassungen aus vorhergegangenen Semestern werden akzeptiert, wenn ein entsprechendes Formular (siehe unten) bis zum 17.01.2020 im Sekretariat bei Frau Musielack-Erle abgegeben worden ist.<\/p>\r\n<p>Um <strong>Altzulassungen<\/strong> geltend zu machen, bitte das <a href=\"http:\/\/www.mi.uni-koeln.de\/Institutsdokumente\/Pruefungsanmeldung\/Altzulassung.pdf\">Formular<\/a> ausf\u00fcllen und im Sekretariat bei Frau Musielack-Erle bis sp\u00e4testens 17.01.2020 abgeben.<\/p>\r\n\r\n\r\n<hr class=\"wp-block-separator\" \/>\r\n\r\n\r\n<p><strong>Veranstaltungsort und -zeit:<\/strong><br \/>mittwochs\u00a0 12.00-13.30 Uhr, H\u00f6rsaal des Mathematischen Instituts (Raum 203)<br \/>donnerstags 12.00-13.30 Uhr, H\u00f6rsaal des Mathematischen Instituts (Raum 203)<\/p>\r\n\r\n\r\n\r\n\r\n\r\n<p><strong>Klausur I<\/strong>: Freitag, der 07.02.2020 um <strong>13.00 &#8211; 16.00 Uhr<\/strong> in <strong>H\u00f6rsaal<\/strong> <strong>I <\/strong>(Kurt-Alder-H\u00f6rsaal) der <strong>Chemie <\/strong>(Geb\u00e4ude 322).<\/p>\r\n<!--\r\n\r\n<p><strong>Klausur II<\/strong>: Dienstag, der 24.03.2020 um 9.00 - 12.00 Uhr in den H\u00f6rs\u00e4len I-III der Chemie.<\/p>\r\n\r\n<p>--&gt;<\/p>\r\n\r\n<p><strong>Kontakt bitte nur \u00fcber die Gruppenemail: <\/strong>aggassner@math.uni-koeln.de<\/p>\r\n","protected":false},"excerpt":{"rendered":"<p>Informationen zu dem Handling der Nachklausuren WiSe 2019\/2020 finden Sie hier. Wichtig: Die Nachklausur am 24.03.2020 wird aufgrund des pandemischen Charakter des Coronavirus SARS CoV 2 nicht stattfinden. \u00dcber einen neuen Termin werden Sie zu gegebener Zeit informiert werden. Das &hellip; <a href=\"https:\/\/www.mi.uni-koeln.de\/NumSim\/teaching\/einfuehrung-in-die-numerik-partieller-differentialgleichungen-14722-0021-2\/\">Continue reading <span class=\"meta-nav\">&rarr;<\/span><\/a><\/p>\n","protected":false},"author":9,"featured_media":0,"parent":25,"menu_order":3,"comment_status":"closed","ping_status":"closed","template":"sidebar-page.php","meta":{"footnotes":""},"post_mailing_queue_ids":[],"_links":{"self":[{"href":"https:\/\/www.mi.uni-koeln.de\/NumSim\/wp-json\/wp\/v2\/pages\/4310"}],"collection":[{"href":"https:\/\/www.mi.uni-koeln.de\/NumSim\/wp-json\/wp\/v2\/pages"}],"about":[{"href":"https:\/\/www.mi.uni-koeln.de\/NumSim\/wp-json\/wp\/v2\/types\/page"}],"author":[{"embeddable":true,"href":"https:\/\/www.mi.uni-koeln.de\/NumSim\/wp-json\/wp\/v2\/users\/9"}],"replies":[{"embeddable":true,"href":"https:\/\/www.mi.uni-koeln.de\/NumSim\/wp-json\/wp\/v2\/comments?post=4310"}],"version-history":[{"count":23,"href":"https:\/\/www.mi.uni-koeln.de\/NumSim\/wp-json\/wp\/v2\/pages\/4310\/revisions"}],"predecessor-version":[{"id":4923,"href":"https:\/\/www.mi.uni-koeln.de\/NumSim\/wp-json\/wp\/v2\/pages\/4310\/revisions\/4923"}],"up":[{"embeddable":true,"href":"https:\/\/www.mi.uni-koeln.de\/NumSim\/wp-json\/wp\/v2\/pages\/25"}],"wp:attachment":[{"href":"https:\/\/www.mi.uni-koeln.de\/NumSim\/wp-json\/wp\/v2\/media?parent=4310"}],"curies":[{"name":"wp","href":"https:\/\/api.w.org\/{rel}","templated":true}]}}