{"id":4674,"date":"2020-01-20T14:37:05","date_gmt":"2020-01-20T13:37:05","guid":{"rendered":"https:\/\/www.mi.uni-koeln.de\/NumSim\/?page_id=4674"},"modified":"2020-06-18T10:12:19","modified_gmt":"2020-06-18T08:12:19","slug":"seminar-numerische-methoden-in-der-stromungsmechanik-14722-0042","status":"publish","type":"page","link":"https:\/\/www.mi.uni-koeln.de\/NumSim\/teaching\/seminar-numerische-methoden-in-der-stromungsmechanik-14722-0042\/","title":{"rendered":"Seminar Numerische Methoden in der Str\u00f6mungsmechanik (14722.0042)"},"content":{"rendered":"<h1><span style=\"color: #ff0000;\"><strong><a style=\"color: #ff0000;\" href=\"https:\/\/www.mi.uni-koeln.de\/NumSim\/teaching-during-covid-19\/\">A K T U E L L E \u00a0 I N F O R M A T I O N E N \u00a0 \u00a0\u2013 \u00a0 \u00a0C U R R E N T \u00a0 I N F O R M A T I O N<\/a><br \/>\n<\/strong><span style=\"color: #333333;\"><a style=\"color: #333333;\" href=\"https:\/\/www.mi.uni-koeln.de\/NumSim\/teaching-during-covid-19\/\"><strong>\u201cLehre w\u00e4hrend COVID-19\u201d \u00a0 \u00a0 \u00a0 \u00a0 \u00a0 \u00a0 \u00a0 \u00a0 \u00a0 \u00a0 \u00a0 \u00a0 \u00a0 \u00a0 \u00a0 \u00a0 \u00a0 \u00a0 \u00a0 \u00a0 \u00a0 \u00a0 \u00a0\u00a0<\/strong><strong>\u00a0\u201cTeaching during COVID-19\u201d<\/strong><\/a><\/span><\/span><\/h1>\n<hr \/>\n<h2><\/h2>\n<p>&nbsp;<\/p>\n<p>Ansprechpartner: <a href=\"http:\/\/www.mi.uni-koeln.de\/NumSim\/schlottke-lakemper\/\">Michael Schlottke-Lakemper<\/a><\/p>\n<hr \/>\n<p><strong>Unterlagen zum Seminar<\/strong><\/p>\n<ul>\n<li>18.06.20: Notenliste Seminar (<a href=\"https:\/\/gitlab.mi.uni-koeln.de\/numsim\/courses\/ss20\/seminar_numstroem\/-\/blob\/master\/seminar_numstroem_ss20_notenliste.pdf\" target=\"_blank\" rel=\"noopener noreferrer\">PDF<\/a>)<\/li>\n<li>16.06.20: Seminarvortrag 6: Gitter und Adaption (<a href=\"https:\/\/gitlab.mi.uni-koeln.de\/numsim\/courses\/ss20\/seminar_numstroem\/-\/blob\/master\/seminar_numstroem_ss20_vortrag_6_gitter_adaption.pdf\" target=\"_blank\" rel=\"noopener noreferrer\">Vortrag<\/a>)<\/li>\n<li>09.06.20: Seminarvortrag 5: Discontinuous-Galerkin-Verfahren (<a href=\"https:\/\/gitlab.mi.uni-koeln.de\/numsim\/courses\/ss20\/seminar_numstroem\/-\/blob\/master\/seminar_numstroem_ss20_vortrag_5_discontinuous_galerkin_verfahren.pdf\" target=\"_blank\" rel=\"noopener noreferrer\">Vortrag<\/a>)<\/li>\n<li><del>26.05.20: Seminarvortrag 4: Zeitintegration<\/del><em> (ausgefallen)<\/em><\/li>\n<li>19.05.20: Seminarvortrag 3: Finite-Volumen-Verfahren (<a href=\"https:\/\/gitlab.mi.uni-koeln.de\/numsim\/courses\/ss20\/seminar_numstroem\/-\/blob\/master\/seminar_numstroem_ss20_vortrag_3_finite_volumen_verfahren.pdf\" target=\"_blank\" rel=\"noopener noreferrer\">Vortrag<\/a>)<\/li>\n<li>12.05.20: Seminarvortrag 2: Finite-Differenzen-Verfahren (<a href=\"https:\/\/gitlab.mi.uni-koeln.de\/numsim\/courses\/ss20\/seminar_numstroem\/-\/blob\/master\/seminar_numstroem_ss20_vortrag_2_finite_differenzen_verfahren.pdf\" target=\"_blank\" rel=\"noopener noreferrer\">Vortrag<\/a>)<\/li>\n<li>05.05.20: Seminarvortrag 1: Grundgleichungen der Str\u00f6mungsmechanik (<a href=\"https:\/\/gitlab.mi.uni-koeln.de\/numsim\/courses\/ss20\/seminar_numstroem\/-\/blob\/master\/seminar_numstroem_ss20_vortrag_1_grundgleichungen_stroemungsmechanik_20200505.pdf\" target=\"_blank\" rel=\"noopener noreferrer\">Vortrag<\/a>)<\/li>\n<li>29.04.20: Anatomie eines wissenschaftlichen Vortrags (<a href=\"https:\/\/gitlab.mi.uni-koeln.de\/numsim\/courses\/ss20\/seminar_numstroem\/-\/blob\/master\/seminar_numstroem_ss20_anatomie_eines_wissenschaftlichen_vortrags.pdf\" target=\"_blank\" rel=\"noopener noreferrer\">Vortrag<\/a>)<\/li>\n<li>21.04.20: Einf\u00fchrungsveranstaltung (<a href=\"https:\/\/gitlab.mi.uni-koeln.de\/numsim\/courses\/ss20\/seminar_numstroem\/-\/blob\/master\/seminar_numstroem_ss20_einfuehrungsveranstaltung.pdf\" target=\"_blank\" rel=\"noopener noreferrer\">Vortrag<\/a>)<\/li>\n<li>15.04.20: Bewertungsscheme Vortr\u00e4ge (<a href=\"https:\/\/gitlab.mi.uni-koeln.de\/numsim\/courses\/ss20\/seminar_numstroem\/-\/blob\/master\/seminar_numstroem_ss20_bewertungsschema_vortraege.pdf\" target=\"_blank\" rel=\"noopener noreferrer\">Dokument<\/a>)<\/li>\n<li>26.02.20: Vortr\u00e4ge und Termine (<a href=\"https:\/\/gitlab.mi.uni-koeln.de\/numsim\/courses\/ss20\/seminar_numstroem\/blob\/master\/seminar_numstroem_ss20_vortraege_termine.pdf\" target=\"_blank\" rel=\"noopener noreferrer\">Dokument<\/a>)<\/li>\n<li>24.01.20: Vorbesprechung (<a href=\"https:\/\/gitlab.mi.uni-koeln.de\/numsim\/courses\/ss20\/seminar_numstroem\/blob\/master\/seminar_numstroem_ss20_vorbesprechung.pdf\" target=\"_blank\" rel=\"noopener noreferrer\">Vortrag<\/a>)<\/li>\n<\/ul>\n<p>Alle Unterlagen befinden sich im <a href=\"https:\/\/gitlab.mi.uni-koeln.de\/numsim\/courses\/ss20\/seminar_numstroem\" target=\"_blank\" rel=\"noopener noreferrer\">GitLab Repository<\/a>. Den Zugang erhalten die Studierenden per E-Mail bzw. im Seminar.<\/p>\n<hr \/>\n<div class='dropdown_box '>\r\n\t<a href=\"#\" class=\"showmore\">\r\n\t\t<span class='view_modifier hide' data-show=\"Seminarank\u00fcndigung einblenden\" data-hide=\"Seminarank\u00fcndigung ausblenden\">Seminarank\u00fcndigung einblenden<\/span>  \t<\/a>\r\n\t<div class=\"inner_text hide\">\r\n\t\t<\/p>\n<hr \/>\n<p><strong>Vorbesprechung<br \/>\n<\/strong>Termin: Freitag, 24. Januar 2020, 14:45 Uhr<br \/>\nOrt: H\u00f6rsaal der Abteilung Mathematik (Raum 203)<strong><br \/>\n<\/strong>Vortragsfolien: <a href=\"https:\/\/www.mi.uni-koeln.de\/NumSim\/wp-content\/uploads\/2020\/01\/seminar_numstroem_ss20_vorbesprechung.pdf\" target=\"_blank\" rel=\"noopener noreferrer\">PDF (4.7 MB)<\/a><br \/>\nAnmeldungen bitte per Email ausschlie\u00dflich an aggassner(at)math.uni-koeln.de (siehe auch PDF)!<strong><br \/>\n<\/strong><\/p>\n<p><strong>Ansprechpartner<\/strong><br \/>\n<a href=\"https:\/\/www.mi.uni-koeln.de\/NumSim\/schlottke-lakemper\/\">Dr. Michael Schlottke-Lakemper<\/a>, <a href=\"https:\/\/www.mi.uni-koeln.de\/NumSim\/christof-czernik\/\">Christof Czernik<\/a><\/p>\n<p><strong>Veranstaltungsort- und zeit<\/strong><br \/>\nSoSe20, dienstags, 14 Uhr &#8211; 15:30 Uhr, Seminarraum 1 der Abteilung Mathematik (Raum 005)<\/p>\n<hr \/>\n<p>Ph\u00e4nomene der Str\u00f6mungsmechanik sind allgegenw\u00e4rtig in Natur und Technik: Beim Wetter, im Verkehr, in der Astrophysik oder bei biologischen Prozessen, fast \u00fcberall spielt die Bewegung von Gasen und Fl\u00fcssigkeiten sowie ihre Wechselwirkung mit der Umgebung eine wichtige Rolle. Neben theoretischen Analysen und experimentellen Methoden hat sich die numerische Str\u00f6mungsmechanik als wichtiges Hilfsmittel beim Verst\u00e4ndnis der zugrundeliegenden Mechanismen etabliert, und ihr Einsatz ist in Wissenschaft und Wirtschaft weit verbreitet.<\/p>\n<p>Dieses praxisorientierte Seminar bietet eine Einf\u00fchrung in die numerische Simulation von Str\u00f6mungsproblemen. Ziel ist es, die grundlegenden Gleichungen zu verstehen, wichtige Diskretisierungsverfahren kennenzulernen und Einblicke in die praktische Anwendung der numerischen Methoden zu erhalten. Es werden sowohl Standardverfahren, wie sie auch in kommerziellen Tools implementiert sind, als auch moderne Methoden, wie sie in Wissenschaft und Forschung genutzt werden, diskutiert.<\/p>\n<p>Im Seminar wird <strong>kein<\/strong> Wissen im Bereich der Str\u00f6mungsmechanik vorausgesetzt. Grundkenntnisse in der Numerik von partiellen Differentialgleichungen sind hilfreich. Die Vortr\u00e4ge werden mit Hilfe von LaTeX\/Beamer erstellt. Dieses Seminar richtet sich an Studierende im Masterstudium und kann ggf. zur Vorbereitung einer Masterarbeit dienen. Die Vorbesprechung findet statt am Freitag, 24. Januar 2020, um 14:45 Uhr im<br \/>\nH\u00f6rsaal der Abteilung Mathematik (Raum 203). Das Seminar selbst wird im Sommersemster 2020 immer dienstags, 14 Uhr &#8211; 15:30 Uhr im Seminarraum 1 der Abteilung Mathematik (Raum 005) stattfinden.<\/p>\n<h2>Themengebiete<\/h2>\n<ul>\n<li>Grundgleichungen der Str\u00f6mungsmechanik<\/li>\n<li>Klassische und moderne Diskretisierungsverfahren (u.a. Finite-Differenzen-\/Finite-Volumen-Methoden, Discontinuous-Galerkin-Verfahren)<\/li>\n<li>Gittergenerierung und Adaption<\/li>\n<li>Parallelisierung<\/li>\n<li>Zeitintegration<\/li>\n<li>Turbulenz und Stabilit\u00e4t<\/li>\n<\/ul>\n<h2>Voraussetzungen<\/h2>\n<ul>\n<li>Es wird <strong>kein<\/strong> Wissen im Bereich Str\u00f6mungsmechanik vorausgesetzt<\/li>\n<li>Grundkenntnisse in der Numerik von partiellen Differenzialgleichungen sind hilfreich<\/li>\n<li>Ausreichende Englischkenntnisse f\u00fcr das Verst\u00e4ndnis wissenschaftlicher Texte<\/li>\n<li>Kenntnisse in der Nutzung von LaTeX\/Beamer zum Erstellen von wissenschaftlichen Pr\u00e4sentationen (oder die Motivation, dies selbstst\u00e4ndig zu erlernen)<\/li>\n<\/ul>\n<p>\n\t<\/div>\r\n<\/div>\r\n\n","protected":false},"excerpt":{"rendered":"<p>A K T U E L L E \u00a0 I N F O R M A T I O N E N \u00a0 \u00a0\u2013 \u00a0 \u00a0C U R R E N T \u00a0 I N F O R M A &hellip; <a href=\"https:\/\/www.mi.uni-koeln.de\/NumSim\/teaching\/seminar-numerische-methoden-in-der-stromungsmechanik-14722-0042\/\">Continue reading <span class=\"meta-nav\">&rarr;<\/span><\/a><\/p>\n","protected":false},"author":10,"featured_media":0,"parent":25,"menu_order":7,"comment_status":"closed","ping_status":"closed","template":"sidebar-page.php","meta":{"footnotes":""},"post_mailing_queue_ids":[],"_links":{"self":[{"href":"https:\/\/www.mi.uni-koeln.de\/NumSim\/wp-json\/wp\/v2\/pages\/4674"}],"collection":[{"href":"https:\/\/www.mi.uni-koeln.de\/NumSim\/wp-json\/wp\/v2\/pages"}],"about":[{"href":"https:\/\/www.mi.uni-koeln.de\/NumSim\/wp-json\/wp\/v2\/types\/page"}],"author":[{"embeddable":true,"href":"https:\/\/www.mi.uni-koeln.de\/NumSim\/wp-json\/wp\/v2\/users\/10"}],"replies":[{"embeddable":true,"href":"https:\/\/www.mi.uni-koeln.de\/NumSim\/wp-json\/wp\/v2\/comments?post=4674"}],"version-history":[{"count":24,"href":"https:\/\/www.mi.uni-koeln.de\/NumSim\/wp-json\/wp\/v2\/pages\/4674\/revisions"}],"predecessor-version":[{"id":5009,"href":"https:\/\/www.mi.uni-koeln.de\/NumSim\/wp-json\/wp\/v2\/pages\/4674\/revisions\/5009"}],"up":[{"embeddable":true,"href":"https:\/\/www.mi.uni-koeln.de\/NumSim\/wp-json\/wp\/v2\/pages\/25"}],"wp:attachment":[{"href":"https:\/\/www.mi.uni-koeln.de\/NumSim\/wp-json\/wp\/v2\/media?parent=4674"}],"curies":[{"name":"wp","href":"https:\/\/api.w.org\/{rel}","templated":true}]}}