{"id":4710,"date":"2020-01-24T14:25:48","date_gmt":"2020-01-24T13:25:48","guid":{"rendered":"https:\/\/www.mi.uni-koeln.de\/NumSim\/?page_id=4710"},"modified":"2021-08-17T11:14:57","modified_gmt":"2021-08-17T09:14:57","slug":"publications","status":"publish","type":"page","link":"https:\/\/www.mi.uni-koeln.de\/NumSim\/dr-andres-rueda-ramirez\/publications\/","title":{"rendered":"Publications"},"content":{"rendered":"<h2 id=\"tablepress-39-name\" class=\"tablepress-table-name tablepress-table-name-id-39\">Peer-reviewed journal articles<\/h2>\n\n<table id=\"tablepress-39\" class=\"tablepress tablepress-id-39\" aria-labelledby=\"tablepress-39-name\">\n<tbody class=\"row-hover\">\n<tr class=\"row-1\">\n\t<td class=\"column-1\">17)<\/td><td class=\"column-2\"><strong>Rueda-Ram\u00edrez, A. M.<\/strong>, Bolm, B., Kuzmin, D. &amp; Gassner, G.J. (2023). <em>Monolithic Convex Limiting for Legendre-Gauss-Lobatto Discontinuous Galerkin Spectral Element Methods<\/em>. Submitted. <a href=\"https:\/\/arxiv.org\/abs\/2303.00374\">https:\/\/arxiv.org\/abs\/2303.00374<\/a>.<\/td>\n<\/tr>\n<tr class=\"row-2\">\n\t<td class=\"column-1\">16)<\/td><td class=\"column-2\"><strong>Rueda-Ram\u00edrez, A. M.<\/strong> &amp; Gassner, G.J. (2023). <em>A Flux-Differencing Formula for Split-Form Summation By Parts Discretizations of Non-Conservative Systems: Applications to Subcell Limiting for Magneto-Hydrodynamics<\/em>. Submitted. <a href=\"https:\/\/arxiv.org\/abs\/2211.14009\">https:\/\/arxiv.org\/abs\/2211.14009<\/a>.<\/td>\n<\/tr>\n<tr class=\"row-3\">\n\t<td class=\"column-1\">15)<\/td><td class=\"column-2\">Mateo-Gab\u00edn, A., <strong>Rueda-Ram\u00edrez, A. M.<\/strong>, Valero, E., &amp; Rubio, G. (2022). <em>Entropy-stable flux-differencing formulation with Gauss nodes for the DGSEM<\/em>. Submitted. <a href=\"https:\/\/arxiv.org\/abs\/2211.05066\">https:\/\/arxiv.org\/abs\/2211.05066<\/a>.<\/td>\n<\/tr>\n<tr class=\"row-4\">\n\t<td class=\"column-1\">14)<\/td><td class=\"column-2\"><strong>Rueda-Ram\u00edrez, A. M.<\/strong>, Ntoukas, G., Rubio, G., Valero, E., &amp; Ferrer, E. (2022). <em>Truncation Error-Based Anisotropic p-Adaptation for Unsteady Flows for High-Order Discontinuous Galerkin Methods<\/em>. Submitted. <a href=\"https:\/\/arxiv.org\/abs\/2210.03523\">https:\/\/arxiv.org\/abs\/2210.03523<\/a>.<\/td>\n<\/tr>\n<tr class=\"row-5\">\n\t<td class=\"column-1\">13)<\/td><td class=\"column-2\">Ferrer, E., Rubio, G., Ntoukas, G., Laskowski, W., Mari\u00f1o, O. A., Colombo, S., Mateo-Gab\u00edn, A., Manrique de Lara, F., Huergo, D., Manzanero, J., <strong>Rueda-Ram\u00edrez, A.M.<\/strong>, Kopriva, D.A., &amp; Valero, E. (2023). <em>HORSES3D: a high-order discontinuous Galerkin solver for flow simulations and multi-physics applications<\/em>. Computer Physics Communications. <a href=\"https:\/\/doi.org\/10.1016\/j.cpc.2023.108700\">https:\/\/doi.org\/10.1016\/j.cpc.2023.108700<\/a>. <a href=\"https:\/\/arxiv.org\/abs\/2206.09733\">https:\/\/arxiv.org\/abs\/2206.09733<\/a>.<\/td>\n<\/tr>\n<tr class=\"row-6\">\n\t<td class=\"column-1\">12)<\/td><td class=\"column-2\">Chan, J., Ranocha, H., <strong>Rueda-Ram\u00edrez, A. M.<\/strong>, Gassner, G.J., Warburton, T. (2022). <em>On the entropy projection and the robustness of high order entropy stable discontinuous Galerkin schemes for under-resolved flows<\/em>. Frontiers in Physics. <a href=\" https:\/\/doi.org\/10.3389\/fphy.2022.898028\"> https:\/\/doi.org\/10.3389\/fphy.2022.898028<\/a>. <a href=\"https:\/\/arxiv.org\/abs\/2203.10238\">https:\/\/arxiv.org\/abs\/2203.10238<\/a>.<\/td>\n<\/tr>\n<tr class=\"row-7\">\n\t<td class=\"column-1\">11)<\/td><td class=\"column-2\"><strong>Rueda-Ram\u00edrez, A. M.<\/strong>, Hindenlang, F. J., Chan, J., Gassner, G.J. (2022). <em>Entropy-Stable Gauss Collocation Methods for Ideal Magneto-Hydrodynamics<\/em>. Journal of Computational Physics. <a href=\"https:\/\/doi.org\/10.1016\/j.jcp.2022.111851\">https:\/\/doi.org\/10.1016\/j.jcp.2022.111851<\/a>. <a href=\"https:\/\/arxiv.org\/abs\/2203.06062\">https:\/\/arxiv.org\/abs\/2203.06062<\/a>.<\/td>\n<\/tr>\n<tr class=\"row-8\">\n\t<td class=\"column-1\">10)<\/td><td class=\"column-2\"><strong>Rueda-Ram\u00edrez, A. M.<\/strong>, Pazner, W., Gassner, G.J. (2022). <em>Subcell Limiting Strategies for Discontinuous Galerkin Spectral Element Methods<\/em>. Computers &amp; Fluids. <a href=\"https:\/\/arxiv.org\/abs\/2202.00576\">https:\/\/arxiv.org\/abs\/2202.00576<\/a>. <a href=\"https:\/\/doi.org\/10.1016\/j.compfluid.2022.105627\">https:\/\/doi.org\/10.1016\/j.compfluid.2022.105627<\/a>. <\/td>\n<\/tr>\n<tr class=\"row-9\">\n\t<td class=\"column-1\">9)<\/td><td class=\"column-2\">Ranocha, H., Schlottke-Lakemper, M., Chan, J., <strong>Rueda-Ram\u00edrez, A. M.<\/strong>, Winters, A.R., Hindenlang, F., Gassner, G.J. (2022). <em>Efficient implementation of modern entropy stable and kinetic energy preserving discontinuous Galerkin methods for conservation laws<\/em>. Submitted. <a href=\"https:\/\/arxiv.org\/abs\/2112.10517\">https:\/\/arxiv.org\/abs\/2112.10517<\/a>.<\/td>\n<\/tr>\n<tr class=\"row-10\">\n\t<td class=\"column-1\">8)<\/td><td class=\"column-2\"><strong>Rueda-Ram\u00edrez, A. M.<\/strong>, Hennemann, S., Hindenlang, F. J., Winters, A.R., &amp; Gassner, G. J. (2021). <em>An Entropy Stable Nodal Discontinuous Galerkin Method for the resistive MHD Equations. Part II: Subcell Finite Volume Shock Capturing<\/em>. Journal of Computational Physics. <a href=\"https:\/\/doi.org\/10.1016\/j.jcp.2021.110580\">https:\/\/doi.org\/10.1016\/j.jcp.2021.110580<\/a>. <a href=\"https:\/\/arxiv.org\/abs\/2012.12040\">https:\/\/arxiv.org\/abs\/2012.12040<\/a>.<\/td>\n<\/tr>\n<tr class=\"row-11\">\n\t<td class=\"column-1\">7)<\/td><td class=\"column-2\"><strong>Rueda-Ram\u00edrez, A. M.<\/strong>, Ferrer, E., Kopriva, D. A., Rubio, G., &amp; Valero, E. (2021). <em>A Statically Condensed Discontinuous Galerkin Spectral Element Method on Gauss-Lobatto Nodes for the Compressible Navier-Stokes Equations<\/em>. Journal of Computational Physics. <a href=\"https:\/\/doi.org\/10.1016\/j.jcp.2020.109953\">https:\/\/doi.org\/10.1016\/j.jcp.2020.109953<\/a>. <a href=\"https:\/\/arxiv.org\/abs\/1911.02366\">https:\/\/arxiv.org\/abs\/1911.02366<\/a>.<\/td>\n<\/tr>\n<tr class=\"row-12\">\n\t<td class=\"column-1\">6)<\/td><td class=\"column-2\">Hennemann, S., <strong>Rueda-Ram\u00edrez, A. M.<\/strong>, Hindenlang, F. J., &amp; Gassner, G. J. (2021). <em>A provably entropy stable subcell shock capturing approach for high order split form DG for the compressible Euler equations<\/em>. Journal of Computational Physics. <a href=\"https:\/\/doi.org\/10.1016\/j.jcp.2020.109935\">https:\/\/doi.org\/10.1016\/j.jcp.2020.109935<\/a>. <a href=\"https:\/\/arxiv.org\/abs\/2008.12044\">https:\/\/arxiv.org\/abs\/2008.12044<\/a>.<\/td>\n<\/tr>\n<tr class=\"row-13\">\n\t<td class=\"column-1\">5)<\/td><td class=\"column-2\">Laskowski, W., <strong>Rueda-Ram\u00edrez, A. M.<\/strong>, Rubio, G., Valero, E., &amp; Ferrer, E. (2020). <em>Advantages of static condensation in implicit compressible Navier-Stokes DGSEM solvers<\/em>. Computers &amp; Fluids, 104646.  <a href=\"https:\/\/doi.org\/10.1016\/j.compfluid.2020.104646\">https:\/\/doi.org\/10.1016\/j.compfluid.2020.104646<\/a>.<\/td>\n<\/tr>\n<tr class=\"row-14\">\n\t<td class=\"column-1\">4)<\/td><td class=\"column-2\"><strong>Rueda-Ram\u00edrez, A. M.<\/strong>, Manzanero, J., Ferrer, E., Rubio, G., &amp; Valero, E. (2019). <em>A p-multigrid strategy with anisotropic p-adaptation based on truncation errors for high-order discontinuous Galerkin methods<\/em>. Journal of Computational Physics, 378, 209-233. <a href=\"https:\/\/doi.org\/10.1016\/j.jcp.2018.11.009\">https:\/\/doi.org\/10.1016\/j.jcp.2018.11.009<\/a>. <a href=\"https:\/\/arxiv.org\/abs\/1806.11456\"> https:\/\/arxiv.org\/abs\/1806.11456<\/a>.<\/td>\n<\/tr>\n<tr class=\"row-15\">\n\t<td class=\"column-1\">3)<\/td><td class=\"column-2\"><strong>Rueda-Ram\u00edrez, A. M.<\/strong>, Rubio, G., Ferrer, E., &amp; Valero, E. (2019). <em>Truncation Error Estimation in the p-Anisotropic Discontinuous Galerkin Spectral Element Method<\/em>. Journal of Scientific Computing, 78(1), 433-466. <a href=\"https:\/\/doi.org\/10.1007\/s10915-018-0772-0\"> https:\/\/doi.org\/10.1007\/s10915-018-0772-0<\/a>. <a href=\"https:\/\/arxiv.org\/abs\/1806.08439\"> https:\/\/arxiv.org\/abs\/1806.08439<\/a>.<\/td>\n<\/tr>\n<tr class=\"row-16\">\n\t<td class=\"column-1\">2)<\/td><td class=\"column-2\">Manzanero, J., <strong>Rueda-Ram\u00edrez, A. M<\/strong>., Rubio, G., &amp; Ferrer, E. (2018). <em>The Bassi Rebay 1 scheme is a special case of the Symmetric Interior Penalty formulation for discontinuous Galerkin discretisations with Gauss\u2013Lobatto points<\/em>. Journal of Computational Physics, 363, 1-10. <a href=\"https:\/\/doi.org\/10.1016\/j.jcp.2018.02.035\"> https:\/\/doi.org\/10.1016\/j.jcp.2018.02.035<\/a>.<\/td>\n<\/tr>\n<tr class=\"row-17\">\n\t<td class=\"column-1\">1)<\/td><td class=\"column-2\">Corredor-G\u00f3mez, J. P., <strong>Rueda-Ram\u00edrez, A. M.<\/strong>, Gamboa-M\u00e1rquez, M. A., Torres-Rodr\u00edguez, C., &amp; Cort\u00e9s-Rodr\u00edguez, C. J. (2016). <em>An intramembranous ossification model for the in silico analysis of bone tissue formation in tooth extraction sites<\/em>. Journal of Theoretical Biology, 401, 64-77. <a href=\"https:\/\/doi.org\/10.1016\/j.jtbi.2016.04.023\"> https:\/\/doi.org\/10.1016\/j.jtbi.2016.04.023<\/a>.<\/td>\n<\/tr>\n<\/tbody>\n<\/table>\n<!-- #tablepress-39 from cache -->\n<h2 id=\"tablepress-40-name\" class=\"tablepress-table-name tablepress-table-name-id-40\">Book contributions, conference proceedings, and other publications<\/h2>\n\n<table id=\"tablepress-40\" class=\"tablepress tablepress-id-40\" aria-labelledby=\"tablepress-40-name\">\n<tbody class=\"row-hover\">\n<tr class=\"row-1 odd\">\n\t<td class=\"column-1\">3)<\/td><td class=\"column-2\"><strong>Andr\u00e9s M Rueda-Ram\u00edrez<\/strong>, Gregor J Gassner (2021). <em> A Subcell Finite Volume Positivity-Preserving Limiter for DGSEM Discretizations of the Euler Equations<\/em>. WCCM-ECCOMAS2020. <a href=\"https:\/\/doi.org\/10.23967\/wccm-eccomas.2020.038\"> https:\/\/doi.org\/10.23967\/wccm-eccomas.2020.038<\/a>.<\/td>\n<\/tr>\n<tr class=\"row-2 even\">\n\t<td class=\"column-1\">2)<\/td><td class=\"column-2\">Esteban Ferrer, Juan Manzanero, <strong>Andr\u00e9s M Rueda-Ram\u00edrez<\/strong>, Gonzalo Rubio, Eusebio Valero (2020). <em>Implicit Large Eddy Simulations for NACA0012 Airfoils Using Compressible and Incompressible Discontinuous Galerkin Solvers<\/em>. Spectral and High Order Methods for Partial Differential Equations ICOSAHOM 2018. <a href=\"https:\/\/doi.org\/10.1007\/978-3-030-39647-3\">https:\/\/doi.org\/10.1007\/978-3-030-39647-3<\/a><\/td>\n<\/tr>\n<tr class=\"row-3 odd\">\n\t<td class=\"column-1\">1)<\/td><td class=\"column-2\"><strong>Andr\u00e9s M Rueda-Ram\u00edrez<\/strong>, Gonzalo Rubio, Esteban Ferrer, Eusebio Valero (2020). <em>An Anisotropic p-Adaptation Multigrid Scheme for Discontinuous Galerkin Methods<\/em>. Spectral and High Order Methods for Partial Differential Equations ICOSAHOM 2018. <a href=\"https:\/\/doi.org\/10.1007\/978-3-030-39647-3\">https:\/\/doi.org\/10.1007\/978-3-030-39647-3<\/a><\/td>\n<\/tr>\n<\/tbody>\n<\/table>\n<!-- #tablepress-40 from cache -->\n","protected":false},"excerpt":{"rendered":"","protected":false},"author":9,"featured_media":0,"parent":4702,"menu_order":1,"comment_status":"closed","ping_status":"closed","template":"","meta":{"footnotes":""},"post_mailing_queue_ids":[],"_links":{"self":[{"href":"https:\/\/www.mi.uni-koeln.de\/NumSim\/wp-json\/wp\/v2\/pages\/4710"}],"collection":[{"href":"https:\/\/www.mi.uni-koeln.de\/NumSim\/wp-json\/wp\/v2\/pages"}],"about":[{"href":"https:\/\/www.mi.uni-koeln.de\/NumSim\/wp-json\/wp\/v2\/types\/page"}],"author":[{"embeddable":true,"href":"https:\/\/www.mi.uni-koeln.de\/NumSim\/wp-json\/wp\/v2\/users\/9"}],"replies":[{"embeddable":true,"href":"https:\/\/www.mi.uni-koeln.de\/NumSim\/wp-json\/wp\/v2\/comments?post=4710"}],"version-history":[{"count":4,"href":"https:\/\/www.mi.uni-koeln.de\/NumSim\/wp-json\/wp\/v2\/pages\/4710\/revisions"}],"predecessor-version":[{"id":5431,"href":"https:\/\/www.mi.uni-koeln.de\/NumSim\/wp-json\/wp\/v2\/pages\/4710\/revisions\/5431"}],"up":[{"embeddable":true,"href":"https:\/\/www.mi.uni-koeln.de\/NumSim\/wp-json\/wp\/v2\/pages\/4702"}],"wp:attachment":[{"href":"https:\/\/www.mi.uni-koeln.de\/NumSim\/wp-json\/wp\/v2\/media?parent=4710"}],"curies":[{"name":"wp","href":"https:\/\/api.w.org\/{rel}","templated":true}]}}