{"id":5622,"date":"2022-03-31T18:42:21","date_gmt":"2022-03-31T16:42:21","guid":{"rendered":"https:\/\/www.mi.uni-koeln.de\/NumSim\/?page_id=5622"},"modified":"2022-04-07T13:51:36","modified_gmt":"2022-04-07T11:51:36","slug":"numerische-mathematik-sose-2022","status":"publish","type":"page","link":"https:\/\/www.mi.uni-koeln.de\/NumSim\/teaching\/numerische-mathematik-sose-2022\/","title":{"rendered":"Numerische Mathematik (SoSe 2022)"},"content":{"rendered":"<h1>INFORMATIONEN ZUR LEHRE im SoSe 2022<\/h1>\n<p>Alle Informationen zur Lehre werden Ihnen \u00fcber <a href=\"https:\/\/www.ilias.uni-koeln.de\/ilias\/login.php\">ILIAS<\/a> zur Verf\u00fcgung gestellt.<\/p>\n<hr \/>\n<p>Die Vorlesung Numerische Mathematik f\u00fchrt ein in die Grundlagen der numerischen Algorithmen zur elementaren Analysis und Linearen Algebra. Solche Algorithmen sind Kern wissenschaftlichen Rechnens und ihr Gebrauch ist unverzichtbar.<\/p>\n<p>Die Veranstaltung stellt Basiswissen bereit f\u00fcr Bachelor- und Lehramtsstudenten. Die Vorlesung und die \u00dcbungen wenden sich an Studierende des vierten Semesters.<\/p>\n<p>Zu den Inhalten der Vorlesung geh\u00f6ren Lineare Ausgleichsprobleme, numerische Berechnungen von Eigenwerten und Eigenvektoren, Iterationsmethoden f\u00fcr nichtlineare Gleichungssysteme, Interpolation mit Polynomen, L2-Projektionen, Numerische Integration, Sline Interpolation und Numerik gew\u00f6hnlicher Differentialgleichungen.<\/p>\n<hr \/>\n<p><strong>Veranstaltungsort und -zeit:<\/strong><br \/>\nDienstag 8.00-9.30 Uhr, H\u00f6rsaal C des H\u00f6rsaalgeb\u00e4udes<br \/>\nDonnerstag 8.00-9.30 Uhr, H\u00f6rsaal C des H\u00f6rsaalgeb\u00e4udes<\/p>\n<p><strong>Kontakt: <\/strong><br \/>\n<strong>Bitte nur \u00fcber die Gruppenemail: <\/strong>aggassner@math.uni-koeln.de<\/p>\n","protected":false},"excerpt":{"rendered":"<p>INFORMATIONEN ZUR LEHRE im SoSe 2022 Alle Informationen zur Lehre werden Ihnen \u00fcber ILIAS zur Verf\u00fcgung gestellt. Die Vorlesung Numerische Mathematik f\u00fchrt ein in die Grundlagen der numerischen Algorithmen zur elementaren Analysis und Linearen Algebra. Solche Algorithmen sind Kern wissenschaftlichen &hellip; <a href=\"https:\/\/www.mi.uni-koeln.de\/NumSim\/teaching\/numerische-mathematik-sose-2022\/\">Continue reading <span class=\"meta-nav\">&rarr;<\/span><\/a><\/p>\n","protected":false},"author":9,"featured_media":0,"parent":25,"menu_order":3,"comment_status":"closed","ping_status":"closed","template":"sidebar-page.php","meta":{"footnotes":""},"post_mailing_queue_ids":[],"_links":{"self":[{"href":"https:\/\/www.mi.uni-koeln.de\/NumSim\/wp-json\/wp\/v2\/pages\/5622"}],"collection":[{"href":"https:\/\/www.mi.uni-koeln.de\/NumSim\/wp-json\/wp\/v2\/pages"}],"about":[{"href":"https:\/\/www.mi.uni-koeln.de\/NumSim\/wp-json\/wp\/v2\/types\/page"}],"author":[{"embeddable":true,"href":"https:\/\/www.mi.uni-koeln.de\/NumSim\/wp-json\/wp\/v2\/users\/9"}],"replies":[{"embeddable":true,"href":"https:\/\/www.mi.uni-koeln.de\/NumSim\/wp-json\/wp\/v2\/comments?post=5622"}],"version-history":[{"count":4,"href":"https:\/\/www.mi.uni-koeln.de\/NumSim\/wp-json\/wp\/v2\/pages\/5622\/revisions"}],"predecessor-version":[{"id":5634,"href":"https:\/\/www.mi.uni-koeln.de\/NumSim\/wp-json\/wp\/v2\/pages\/5622\/revisions\/5634"}],"up":[{"embeddable":true,"href":"https:\/\/www.mi.uni-koeln.de\/NumSim\/wp-json\/wp\/v2\/pages\/25"}],"wp:attachment":[{"href":"https:\/\/www.mi.uni-koeln.de\/NumSim\/wp-json\/wp\/v2\/media?parent=5622"}],"curies":[{"name":"wp","href":"https:\/\/api.w.org\/{rel}","templated":true}]}}