{"id":6103,"date":"2023-09-04T17:32:59","date_gmt":"2023-09-04T15:32:59","guid":{"rendered":"https:\/\/www.mi.uni-koeln.de\/NumSim\/?page_id=6103"},"modified":"2024-02-19T17:33:16","modified_gmt":"2024-02-19T16:33:16","slug":"publications","status":"publish","type":"page","link":"https:\/\/www.mi.uni-koeln.de\/NumSim\/dr-benedict-geihe\/publications\/","title":{"rendered":"Publications"},"content":{"rendered":"\n<table id=\"tablepress-41\" class=\"tablepress tablepress-id-41\">\n<tbody class=\"row-hover\">\n<tr class=\"row-1\">\n\t<td class=\"column-1\">12)<\/td><td class=\"column-2\">C. Frey, B. Geihe &amp; L. Junge. <em>Analyzing unsteady turbomachinery flow simulations with mixing entropy<\/em>. (2024). ASME Journal of Turbomachinery. <a href=\"http:\/\/dx.doi.org\/10.1115\/1.4064839\">http:\/\/dx.doi.org\/10.1115\/1.4064839<\/a>.<\/td>\n<\/tr>\n<tr class=\"row-2\">\n\t<td class=\"column-1\">11)<\/td><td class=\"column-2\">B. Geihe, C. Frey &amp; G. Ashcroft. <em>Efficient Forced Response Analysis for Asymmetric Vane Spacing<\/em>. (2022). ASME Turbo Expo 2022: Turbomachinery Technical Conference and Exposition (GT 2022). <a href=\"https:\/\/doi.org\/10.1115\/GT2022-82983\">https:\/\/doi.org\/10.1115\/GT2022-82983<\/a>.<\/td>\n<\/tr>\n<tr class=\"row-3\">\n\t<td class=\"column-1\">10)<\/td><td class=\"column-2\">B. Geihe, J. Wellner &amp; G. Ashcroft. <em>Numerical Simulation of Acoustic Resonance in a Duct Containing a Flat Plate<\/em>. (2022). Fluids 7.8. <a href=\"https:\/\/doi.org\/10.3390\/fluids7080253\">https:\/\/doi.org\/10.3390\/fluids7080253<\/a>.<\/td>\n<\/tr>\n<tr class=\"row-4\">\n\t<td class=\"column-1\">9)<\/td><td class=\"column-2\">C. Frey, B. Geihe &amp; L. Junge. <em>Analyzing unsteady turbomachinery flow simulations with mixing entropy<\/em>. (2021). 16th International Symposium on Unsteady Aerodynamics Aeroacoustics &amp; Aeroelasticity of Turbomachines (ISUAAAT16). <a href=\"https:\/\/elib.dlr.de\/192130\">https:\/\/elib.dlr.de\/192130<\/a>.<\/td>\n<\/tr>\n<tr class=\"row-5\">\n\t<td class=\"column-1\">8)<\/td><td class=\"column-2\">B. Geihe, M. Matha &amp; M. Schuff. <em>Modellierung von Sekund\u00e4rstr\u00f6mung in Axial-Verdichtern mit hoher Schaufelbelastung unter Ber\u00fccksichtigung des Off-Design-Verhaltens<\/em>. (2020). Technical report Deutsches Zentrum f\u00fcr Luft- und Raumfahrt. <a href=\"https:\/\/elib.dlr.de\/139939\">https:\/\/elib.dlr.de\/139939<\/a>.<\/td>\n<\/tr>\n<tr class=\"row-6\">\n\t<td class=\"column-1\">7)<\/td><td class=\"column-2\">K. Becker, B. Geihe, G. Ashcroft &amp; H. Sch\u00f6nenborn. <em>On the Numerical Simulation of Surge Cycles Using a Quasi-Unsteady Mixing-Plane Approach<\/em>. (2018). GPPS Montreal 18. <a href=\"https:\/\/doi.org\/10.5281\/zenodo.1344543\">https:\/\/doi.org\/10.5281\/zenodo.1344543<\/a>.<\/td>\n<\/tr>\n<tr class=\"row-7\">\n\t<td class=\"column-1\">6)<\/td><td class=\"column-2\">S. Conti, B. Geihe, M. Lenz &amp; M. Rumpf. <em>A posteriori modeling error estimates in the optimization of two-scale elastic composite materials<\/em>. (2018). ESAIM: Mathematical Modelling and Numerical Analysis 52.4. <a href=\"https:\/\/doi.org\/10.1051\/m2an\/2017004\">https:\/\/doi.org\/10.1051\/m2an\/2017004<\/a>.<\/td>\n<\/tr>\n<tr class=\"row-8\">\n\t<td class=\"column-1\">5)<\/td><td class=\"column-2\">B. Geihe &amp; M. Rumpf. <em>A posteriori error estimates for sequential laminates in shape optimization<\/em>. (2016). Discrete and Continuous Dynamical Systems - Series S 9.5. <a href=\"https:\/\/doi.org\/10.3934\/dcdss.2016055\">https:\/\/doi.org\/10.3934\/dcdss.2016055<\/a>.<\/td>\n<\/tr>\n<tr class=\"row-9\">\n\t<td class=\"column-1\">4)<\/td><td class=\"column-2\">S. Conti, B. Geihe, M. Rumpf &amp; R. Schultz. <em>Two-Stage Stochastic Optimization Meets Two-Scale Simulation<\/em>. (2014). Trends in PDE Constrained Optimization. <a href=\"https:\/\/doi.org\/10.1007\/978-3-319-05083-6_13\">https:\/\/doi.org\/10.1007\/978-3-319-05083-6_13<\/a>.<\/td>\n<\/tr>\n<tr class=\"row-10\">\n\t<td class=\"column-1\">3)<\/td><td class=\"column-2\">B. Geihe, M. Lenz, M. Rumpf &amp; R. Schultz. <em>Risk averse elastic shape optimization with parametrized fine scale geometry<\/em>. (2013). Mathematical Programming 141.1-2. <a href=\"https:\/\/doi.org\/10.1007\/s10107-012-0531-1\">https:\/\/doi.org\/10.1007\/s10107-012-0531-1<\/a>.<\/td>\n<\/tr>\n<tr class=\"row-11\">\n\t<td class=\"column-1\">2)<\/td><td class=\"column-2\">P. Atwal, S. Conti, B. Geihe, M. Pach, M. Rumpf &amp; R. Schultz. <em>On shape optimization with stochastic loadings<\/em>. (2012). Constrained Optimization and Optimal Control for Partial Differential Equations. <a href=\"https:\/\/doi.org\/10.1007\/978-3-0348-0133-1_12\">https:\/\/doi.org\/10.1007\/978-3-0348-0133-1_12<\/a>.<\/td>\n<\/tr>\n<tr class=\"row-12\">\n\t<td class=\"column-1\">1)<\/td><td class=\"column-2\">B. Geihe. <em>Numerical Approximation of Optimal Microstructures in Elastic Shape Optimization<\/em>. (2023). Dissertation, Rheinische Friedrich-Wilhelms-Universit\u00e4t Bonn. <a href=\"https:\/\/nbn-resolving.org\/urn:nbn:de:hbz:5-70818\">https:\/\/nbn-resolving.org\/urn:nbn:de:hbz:5-70818<\/a><\/td>\n<\/tr>\n<\/tbody>\n<\/table>\n<!-- #tablepress-41 from cache -->\n","protected":false},"excerpt":{"rendered":"","protected":false},"author":9,"featured_media":0,"parent":6096,"menu_order":0,"comment_status":"closed","ping_status":"closed","template":"","meta":{"footnotes":""},"post_mailing_queue_ids":[],"_links":{"self":[{"href":"https:\/\/www.mi.uni-koeln.de\/NumSim\/wp-json\/wp\/v2\/pages\/6103"}],"collection":[{"href":"https:\/\/www.mi.uni-koeln.de\/NumSim\/wp-json\/wp\/v2\/pages"}],"about":[{"href":"https:\/\/www.mi.uni-koeln.de\/NumSim\/wp-json\/wp\/v2\/types\/page"}],"author":[{"embeddable":true,"href":"https:\/\/www.mi.uni-koeln.de\/NumSim\/wp-json\/wp\/v2\/users\/9"}],"replies":[{"embeddable":true,"href":"https:\/\/www.mi.uni-koeln.de\/NumSim\/wp-json\/wp\/v2\/comments?post=6103"}],"version-history":[{"count":3,"href":"https:\/\/www.mi.uni-koeln.de\/NumSim\/wp-json\/wp\/v2\/pages\/6103\/revisions"}],"predecessor-version":[{"id":6261,"href":"https:\/\/www.mi.uni-koeln.de\/NumSim\/wp-json\/wp\/v2\/pages\/6103\/revisions\/6261"}],"up":[{"embeddable":true,"href":"https:\/\/www.mi.uni-koeln.de\/NumSim\/wp-json\/wp\/v2\/pages\/6096"}],"wp:attachment":[{"href":"https:\/\/www.mi.uni-koeln.de\/NumSim\/wp-json\/wp\/v2\/media?parent=6103"}],"curies":[{"name":"wp","href":"https:\/\/api.w.org\/{rel}","templated":true}]}}