{"id":6410,"date":"2024-09-05T14:12:09","date_gmt":"2024-09-05T12:12:09","guid":{"rendered":"https:\/\/www.mi.uni-koeln.de\/NumSim\/?page_id=6410"},"modified":"2024-09-05T14:28:48","modified_gmt":"2024-09-05T12:28:48","slug":"wissenschaftliches-rechnen-einfuhrung-in-die-simulation-von-atmospharischen-stromungen-14722-0023","status":"publish","type":"page","link":"https:\/\/www.mi.uni-koeln.de\/NumSim\/teaching\/wissenschaftliches-rechnen-einfuhrung-in-die-simulation-von-atmospharischen-stromungen-14722-0023\/","title":{"rendered":"Wissenschaftliches Rechnen: Einf\u00fchrung in die Simulation von atmosph\u00e4rischen Str\u00f6mungen (14722.0023)"},"content":{"rendered":"<p style=\"font-weight: 400;\">Inhalt dieser Vorlesung Wissenschaftliches Rechnen: Einf\u00fchrung in die Simulation von atmosph\u00e4rischen Str\u00f6mungen ist eine Einf\u00fchrung in die numerische Simulation von (vereinfachten) atmosph\u00e4rischen Str\u00f6mungen. Atmosph\u00e4rische Str\u00f6mungen sind ein wichtiger Teil von modernen Wetter- und Klimamodellen. Ein gro\u00dfer Fokus der numerischen Forschung liegt auf effizienten numerischen Methoden und Implementierungen, um eine m\u00f6glichst hohe Aufl\u00f6sung der atmosph\u00e4rischen Str\u00f6mungen in Wetter- und Klimasimulation zu erreichen. Umso h\u00f6her die erreichte Aufl\u00f6sung, umso weniger h\u00e4ngen die Ergebnisse der Wetter- und Klimasimulation von den Unsicherheiten der Modellparametrisierungen ab.<\/p>\n<p style=\"font-weight: 400;\">Der Fokus dieser Vorlesung ist ein modernes numerisches Verfahren, das sogenannte Discontinuous Galerkin Verfahren, welches eine hohe numerische Effizienz verspricht. Diese Verfahren bieten eine hohe Genauigkeit auf gekr\u00fcmmten Gittern und sind besonders gut f\u00fcr moderne massiv parallele Rechnerarchitekturen geeignet. Obwohl diese Methoden, wie Finite Elemente Verfahren, auf einer schwachen Formulierung der partiellen Differentialgleichung basieren, zeigen neueste Forschungsergebnisse eine enge Verwandtschaft zu Finite-Differenzen als auch Finite-Volumen Methoden. Diese theoretischen Aspekte sind unter anderem Inhalt der Vorlesung.<\/p>\n<p style=\"font-weight: 400;\">Praktisches Ziel der Vorlesung ist die Implementierung eines Codes (unter Anleitung) zur Simulation eines vereinfachten atmosph\u00e4rischen Str\u00f6mungsmodells.<\/p>\n<p style=\"font-weight: 400;\">Literatur wird in der Vorlesung bekannt gegeben.<\/p>\n<p><strong>Bitte beachten Sie, dass alle weiteren Informationen zu dieser Veranstaltung \u00fcber ILIAS bereitgestellt werden.<\/strong><\/p>\n<hr \/>\n<p><strong>Veranstaltungsort und -zeit:<\/strong><br \/>\ndienstags, \u00a0 12.00-13.30 Uhr, Seminarraum 3 der Abteilung Mathematik<br \/>\ndonnerstags, \u00a012.00-13.30 Uhr, Seminarraum 3 der Abteilung Mathematik<\/p>\n<p><strong>Kontakt:<\/strong><strong>\u00a0<\/strong><a title=\"Prof. Dr. Gregor Gassner\" href=\"http:\/\/www.mi.uni-koeln.de\/NumSim\/gregor-gassner\/\">Prof. Dr. G. Gassner<\/a><\/p>\n","protected":false},"excerpt":{"rendered":"<p>Inhalt dieser Vorlesung Wissenschaftliches Rechnen: Einf\u00fchrung in die Simulation von atmosph\u00e4rischen Str\u00f6mungen ist eine Einf\u00fchrung in die numerische Simulation von (vereinfachten) atmosph\u00e4rischen Str\u00f6mungen. Atmosph\u00e4rische Str\u00f6mungen sind ein wichtiger Teil von modernen Wetter- und Klimamodellen. Ein gro\u00dfer Fokus der numerischen Forschung &hellip; <a href=\"https:\/\/www.mi.uni-koeln.de\/NumSim\/teaching\/wissenschaftliches-rechnen-einfuhrung-in-die-simulation-von-atmospharischen-stromungen-14722-0023\/\">Continue reading <span class=\"meta-nav\">&rarr;<\/span><\/a><\/p>\n","protected":false},"author":9,"featured_media":0,"parent":25,"menu_order":3,"comment_status":"closed","ping_status":"closed","template":"sidebar-page.php","meta":{"footnotes":""},"post_mailing_queue_ids":[],"_links":{"self":[{"href":"https:\/\/www.mi.uni-koeln.de\/NumSim\/wp-json\/wp\/v2\/pages\/6410"}],"collection":[{"href":"https:\/\/www.mi.uni-koeln.de\/NumSim\/wp-json\/wp\/v2\/pages"}],"about":[{"href":"https:\/\/www.mi.uni-koeln.de\/NumSim\/wp-json\/wp\/v2\/types\/page"}],"author":[{"embeddable":true,"href":"https:\/\/www.mi.uni-koeln.de\/NumSim\/wp-json\/wp\/v2\/users\/9"}],"replies":[{"embeddable":true,"href":"https:\/\/www.mi.uni-koeln.de\/NumSim\/wp-json\/wp\/v2\/comments?post=6410"}],"version-history":[{"count":3,"href":"https:\/\/www.mi.uni-koeln.de\/NumSim\/wp-json\/wp\/v2\/pages\/6410\/revisions"}],"predecessor-version":[{"id":6413,"href":"https:\/\/www.mi.uni-koeln.de\/NumSim\/wp-json\/wp\/v2\/pages\/6410\/revisions\/6413"}],"up":[{"embeddable":true,"href":"https:\/\/www.mi.uni-koeln.de\/NumSim\/wp-json\/wp\/v2\/pages\/25"}],"wp:attachment":[{"href":"https:\/\/www.mi.uni-koeln.de\/NumSim\/wp-json\/wp\/v2\/media?parent=6410"}],"curies":[{"name":"wp","href":"https:\/\/api.w.org\/{rel}","templated":true}]}}