{"id":6420,"date":"2024-09-05T14:33:33","date_gmt":"2024-09-05T12:33:33","guid":{"rendered":"https:\/\/www.mi.uni-koeln.de\/NumSim\/?page_id=6420"},"modified":"2024-09-05T14:33:33","modified_gmt":"2024-09-05T12:33:33","slug":"literatur-wissenschaftliches-rechnen-einfuhrung-in-die-simulation-von-atmospharischen-stromungen","status":"publish","type":"page","link":"https:\/\/www.mi.uni-koeln.de\/NumSim\/teaching\/wissenschaftliches-rechnen-einfuhrung-in-die-simulation-von-atmospharischen-stromungen-14722-0023\/literatur-wissenschaftliches-rechnen-einfuhrung-in-die-simulation-von-atmospharischen-stromungen\/","title":{"rendered":"Literatur Wissenschaftliches Rechnen: Einf\u00fchrung in die Simulation von atmosph\u00e4rischen Str\u00f6mungen"},"content":{"rendered":"<p>Die Literatur wird in der Vorlesung bekannt gegeben.<\/p>\n","protected":false},"excerpt":{"rendered":"<p>Die Literatur wird in der Vorlesung bekannt gegeben.<\/p>\n","protected":false},"author":9,"featured_media":0,"parent":6410,"menu_order":1,"comment_status":"closed","ping_status":"closed","template":"sidebar-page.php","meta":{"footnotes":""},"post_mailing_queue_ids":[],"_links":{"self":[{"href":"https:\/\/www.mi.uni-koeln.de\/NumSim\/wp-json\/wp\/v2\/pages\/6420"}],"collection":[{"href":"https:\/\/www.mi.uni-koeln.de\/NumSim\/wp-json\/wp\/v2\/pages"}],"about":[{"href":"https:\/\/www.mi.uni-koeln.de\/NumSim\/wp-json\/wp\/v2\/types\/page"}],"author":[{"embeddable":true,"href":"https:\/\/www.mi.uni-koeln.de\/NumSim\/wp-json\/wp\/v2\/users\/9"}],"replies":[{"embeddable":true,"href":"https:\/\/www.mi.uni-koeln.de\/NumSim\/wp-json\/wp\/v2\/comments?post=6420"}],"version-history":[{"count":1,"href":"https:\/\/www.mi.uni-koeln.de\/NumSim\/wp-json\/wp\/v2\/pages\/6420\/revisions"}],"predecessor-version":[{"id":6421,"href":"https:\/\/www.mi.uni-koeln.de\/NumSim\/wp-json\/wp\/v2\/pages\/6420\/revisions\/6421"}],"up":[{"embeddable":true,"href":"https:\/\/www.mi.uni-koeln.de\/NumSim\/wp-json\/wp\/v2\/pages\/6410"}],"wp:attachment":[{"href":"https:\/\/www.mi.uni-koeln.de\/NumSim\/wp-json\/wp\/v2\/media?parent=6420"}],"curies":[{"name":"wp","href":"https:\/\/api.w.org\/{rel}","templated":true}]}}