{"id":6424,"date":"2024-09-05T14:42:40","date_gmt":"2024-09-05T12:42:40","guid":{"rendered":"https:\/\/www.mi.uni-koeln.de\/NumSim\/?page_id=6424"},"modified":"2024-09-19T14:48:36","modified_gmt":"2024-09-19T12:48:36","slug":"algorithmische-mathematik-und-programmieren-14722-0005","status":"publish","type":"page","link":"https:\/\/www.mi.uni-koeln.de\/NumSim\/teaching\/algorithmische-mathematik-und-programmieren-14722-0005\/","title":{"rendered":"Algorithmische Mathematik und Programmieren (14722.0005)"},"content":{"rendered":"<p style=\"font-weight: 400;\">Die Vorlesung Algorithmische Mathematik und Programmieren dient als Einf\u00fchrung in die Numerische und Algorithmische Mathematik, welche sich mit der approximativen und computergest\u00fctzten L\u00f6sung mathematischer Probleme befasst. Oft ist es notwendig, zu approximativen L\u00f6sungswegen zu greifen, da die betrachteten Probleme mit algebraischen oder analytischen Ans\u00e4tzen nicht oder nur schwer exakt zu l\u00f6sen sind. Besonderer Wert wird auf eine praktische Umsetzung der vorgestellten Algorithmen gelegt. Neben theoretischen Aufgaben werden deshalb auch regelm\u00e4\u00dfig Programmieraufgaben gestellt, deren Bearbeitung verpflichtend ist.<\/p>\n<p style=\"font-weight: 400;\">Vorkenntnisse: Analysis I\/II, Lineare Algebra I\/II<\/p>\n<p>Die Themen der Vorlesung werden nachgereicht.<\/p>\n<p style=\"font-weight: 400;\">Die Vorlesung wird im SoSe 2025 mit der Vorlesung \u201eNumerische Mathematik\u201c fortgesetzt.<\/p>\n<p><strong>Bitte beachten Sie, dass alle weiteren Informationen zu dieser Veranstaltung \u00fcber ILIAS bereitgestellt werden.<\/strong><\/p>\n<hr \/>\n<p><strong>Veranstaltungsort und -zeit:<\/strong><br \/>\nmittwochs, \u00a0 08.00 &#8211; 09.30 Uhr, H\u00f6rsaal B, H\u00f6rsaalgeb\u00e4ude<\/p>\n<p><strong>Kontakt: <\/strong>Arbeitsgruppe Gassner<\/p>\n","protected":false},"excerpt":{"rendered":"<p>Die Vorlesung Algorithmische Mathematik und Programmieren dient als Einf\u00fchrung in die Numerische und Algorithmische Mathematik, welche sich mit der approximativen und computergest\u00fctzten L\u00f6sung mathematischer Probleme befasst. Oft ist es notwendig, zu approximativen L\u00f6sungswegen zu greifen, da die betrachteten Probleme mit &hellip; <a href=\"https:\/\/www.mi.uni-koeln.de\/NumSim\/teaching\/algorithmische-mathematik-und-programmieren-14722-0005\/\">Continue reading <span class=\"meta-nav\">&rarr;<\/span><\/a><\/p>\n","protected":false},"author":9,"featured_media":0,"parent":25,"menu_order":3,"comment_status":"closed","ping_status":"closed","template":"sidebar-page.php","meta":{"footnotes":""},"post_mailing_queue_ids":[],"_links":{"self":[{"href":"https:\/\/www.mi.uni-koeln.de\/NumSim\/wp-json\/wp\/v2\/pages\/6424"}],"collection":[{"href":"https:\/\/www.mi.uni-koeln.de\/NumSim\/wp-json\/wp\/v2\/pages"}],"about":[{"href":"https:\/\/www.mi.uni-koeln.de\/NumSim\/wp-json\/wp\/v2\/types\/page"}],"author":[{"embeddable":true,"href":"https:\/\/www.mi.uni-koeln.de\/NumSim\/wp-json\/wp\/v2\/users\/9"}],"replies":[{"embeddable":true,"href":"https:\/\/www.mi.uni-koeln.de\/NumSim\/wp-json\/wp\/v2\/comments?post=6424"}],"version-history":[{"count":7,"href":"https:\/\/www.mi.uni-koeln.de\/NumSim\/wp-json\/wp\/v2\/pages\/6424\/revisions"}],"predecessor-version":[{"id":6460,"href":"https:\/\/www.mi.uni-koeln.de\/NumSim\/wp-json\/wp\/v2\/pages\/6424\/revisions\/6460"}],"up":[{"embeddable":true,"href":"https:\/\/www.mi.uni-koeln.de\/NumSim\/wp-json\/wp\/v2\/pages\/25"}],"wp:attachment":[{"href":"https:\/\/www.mi.uni-koeln.de\/NumSim\/wp-json\/wp\/v2\/media?parent=6424"}],"curies":[{"name":"wp","href":"https:\/\/api.w.org\/{rel}","templated":true}]}}