{"id":6619,"date":"2025-10-13T13:54:17","date_gmt":"2025-10-13T11:54:17","guid":{"rendered":"https:\/\/www.mi.uni-koeln.de\/NumSim\/?page_id=6619"},"modified":"2025-10-13T13:54:17","modified_gmt":"2025-10-13T11:54:17","slug":"einfuhrung-in-die-numerik-partieller-differentialgleichungen-14722-0017","status":"publish","type":"page","link":"https:\/\/www.mi.uni-koeln.de\/NumSim\/teaching\/einfuhrung-in-die-numerik-partieller-differentialgleichungen-14722-0017\/","title":{"rendered":"Einf\u00fchrung in die Numerik partieller Differentialgleichungen (14722.0017)"},"content":{"rendered":"<p>Zu Beginn der Vorlesung Einf\u00fchrung in die Numerik partieller Differentialgleichungen werden numerische Methoden zur L\u00f6sung von gew\u00f6hnlichen Differentialgleichungen behandelt. Dabei werden Einschritt- und Mehrschrittverfahren diskutiert mit Fokus auf Kontruktion, Stabilit\u00e4t und Konvergenz. Danach wird eine Einf\u00fchrung in die Numerik von partiellen Differentialgleichungen gegeben. Hier werden die verschiedenen Klassen von partiellen Differentialgleichungen mit ihren Eigenschaften behandelt. Zudem werden erste einfache numerische Methoden konstruiert und analysiert.<\/p>\n<p><strong>Bitte beachten Sie, dass alle weiteren Informationen zu dieser Veranstaltung \u00fcber ILIAS bereitgestellt werden.<\/strong><\/p>\n<hr \/>\n<p><strong>Veranstaltungsort und -zeit:<\/strong><br \/>\nDienstag 12.00-13.30 Uhr, H\u00f6rsaal Mathematik (Raum 203)<br \/>\nDonnerstag 12.00-13.30 Uhr, H\u00f6rsaal Mathematik (Raum 203)<\/p>\n<hr \/>\n<p><strong>Kontakt bitte nur \u00fcber die Gruppen-Email: <\/strong>numsim-group@uni-koeln.de<\/p>\n","protected":false},"excerpt":{"rendered":"<p>Zu Beginn der Vorlesung Einf\u00fchrung in die Numerik partieller Differentialgleichungen werden numerische Methoden zur L\u00f6sung von gew\u00f6hnlichen Differentialgleichungen behandelt. Dabei werden Einschritt- und Mehrschrittverfahren diskutiert mit Fokus auf Kontruktion, Stabilit\u00e4t und Konvergenz. Danach wird eine Einf\u00fchrung in die Numerik von &hellip; <a href=\"https:\/\/www.mi.uni-koeln.de\/NumSim\/teaching\/einfuhrung-in-die-numerik-partieller-differentialgleichungen-14722-0017\/\">Continue reading <span class=\"meta-nav\">&rarr;<\/span><\/a><\/p>\n","protected":false},"author":9,"featured_media":0,"parent":25,"menu_order":1,"comment_status":"closed","ping_status":"closed","template":"sidebar-page.php","meta":{"footnotes":""},"post_mailing_queue_ids":[],"_links":{"self":[{"href":"https:\/\/www.mi.uni-koeln.de\/NumSim\/wp-json\/wp\/v2\/pages\/6619"}],"collection":[{"href":"https:\/\/www.mi.uni-koeln.de\/NumSim\/wp-json\/wp\/v2\/pages"}],"about":[{"href":"https:\/\/www.mi.uni-koeln.de\/NumSim\/wp-json\/wp\/v2\/types\/page"}],"author":[{"embeddable":true,"href":"https:\/\/www.mi.uni-koeln.de\/NumSim\/wp-json\/wp\/v2\/users\/9"}],"replies":[{"embeddable":true,"href":"https:\/\/www.mi.uni-koeln.de\/NumSim\/wp-json\/wp\/v2\/comments?post=6619"}],"version-history":[{"count":2,"href":"https:\/\/www.mi.uni-koeln.de\/NumSim\/wp-json\/wp\/v2\/pages\/6619\/revisions"}],"predecessor-version":[{"id":6621,"href":"https:\/\/www.mi.uni-koeln.de\/NumSim\/wp-json\/wp\/v2\/pages\/6619\/revisions\/6621"}],"up":[{"embeddable":true,"href":"https:\/\/www.mi.uni-koeln.de\/NumSim\/wp-json\/wp\/v2\/pages\/25"}],"wp:attachment":[{"href":"https:\/\/www.mi.uni-koeln.de\/NumSim\/wp-json\/wp\/v2\/media?parent=6619"}],"curies":[{"name":"wp","href":"https:\/\/api.w.org\/{rel}","templated":true}]}}