{"id":6702,"date":"2026-04-07T13:27:08","date_gmt":"2026-04-07T11:27:08","guid":{"rendered":"https:\/\/www.mi.uni-koeln.de\/NumSim\/?page_id=6702"},"modified":"2026-04-07T13:46:03","modified_gmt":"2026-04-07T11:46:03","slug":"ubungen-einfuhrung-in-die-klimamodellierung-14722-0022","status":"publish","type":"page","link":"https:\/\/www.mi.uni-koeln.de\/NumSim\/teaching\/einfuhrung-in-die-klimamodellierung-14722-0021\/ubungen-einfuhrung-in-die-klimamodellierung-14722-0022\/","title":{"rendered":"\u00dcbungen Einf\u00fchrung in die Klimamodellierung (14722.0022)"},"content":{"rendered":"<p style=\"font-weight: 400;\">Die \u00dcbungen zur Vorlesung dienen dem besseren Verst\u00e4ndnis der Vorlesung. Fragen und Probleme werden in kleinen Gruppen diskutiert. Der in der Vorlesung behandelte Stoff wird mit Hilfe von \u00dcbungs- und Programmieraufgaben vertieft, die von Studierenden selbstst\u00e4ndig au\u00dferhalb der \u00dcbung bearbeitet werden.<\/p>\n<p style=\"font-weight: 400;\"><strong>Bitte beachten Sie, dass alle weiteren Informationen zu dieser Veranstaltung \u00fcber ILIAS bereitgestellt werden.<\/strong><\/p>\n","protected":false},"excerpt":{"rendered":"<p>Die \u00dcbungen zur Vorlesung dienen dem besseren Verst\u00e4ndnis der Vorlesung. Fragen und Probleme werden in kleinen Gruppen diskutiert. Der in der Vorlesung behandelte Stoff wird mit Hilfe von \u00dcbungs- und Programmieraufgaben vertieft, die von Studierenden selbstst\u00e4ndig au\u00dferhalb der \u00dcbung bearbeitet &hellip; <a href=\"https:\/\/www.mi.uni-koeln.de\/NumSim\/teaching\/einfuhrung-in-die-klimamodellierung-14722-0021\/ubungen-einfuhrung-in-die-klimamodellierung-14722-0022\/\">Continue reading <span class=\"meta-nav\">&rarr;<\/span><\/a><\/p>\n","protected":false},"author":9,"featured_media":0,"parent":6699,"menu_order":1,"comment_status":"closed","ping_status":"closed","template":"sidebar-page.php","meta":{"footnotes":""},"post_mailing_queue_ids":[],"_links":{"self":[{"href":"https:\/\/www.mi.uni-koeln.de\/NumSim\/wp-json\/wp\/v2\/pages\/6702"}],"collection":[{"href":"https:\/\/www.mi.uni-koeln.de\/NumSim\/wp-json\/wp\/v2\/pages"}],"about":[{"href":"https:\/\/www.mi.uni-koeln.de\/NumSim\/wp-json\/wp\/v2\/types\/page"}],"author":[{"embeddable":true,"href":"https:\/\/www.mi.uni-koeln.de\/NumSim\/wp-json\/wp\/v2\/users\/9"}],"replies":[{"embeddable":true,"href":"https:\/\/www.mi.uni-koeln.de\/NumSim\/wp-json\/wp\/v2\/comments?post=6702"}],"version-history":[{"count":2,"href":"https:\/\/www.mi.uni-koeln.de\/NumSim\/wp-json\/wp\/v2\/pages\/6702\/revisions"}],"predecessor-version":[{"id":6704,"href":"https:\/\/www.mi.uni-koeln.de\/NumSim\/wp-json\/wp\/v2\/pages\/6702\/revisions\/6704"}],"up":[{"embeddable":true,"href":"https:\/\/www.mi.uni-koeln.de\/NumSim\/wp-json\/wp\/v2\/pages\/6699"}],"wp:attachment":[{"href":"https:\/\/www.mi.uni-koeln.de\/NumSim\/wp-json\/wp\/v2\/media?parent=6702"}],"curies":[{"name":"wp","href":"https:\/\/api.w.org\/{rel}","templated":true}]}}