{"id":837,"date":"2015-02-25T12:11:30","date_gmt":"2015-02-25T11:11:30","guid":{"rendered":"http:\/\/www.mi.uni-koeln.de\/NumSim\/?page_id=837"},"modified":"2019-11-11T16:06:54","modified_gmt":"2019-11-11T15:06:54","slug":"numdiff1","status":"publish","type":"page","link":"https:\/\/www.mi.uni-koeln.de\/NumSim\/teaching\/numdiff1\/","title":{"rendered":"Numerik partieller Differentialgleichungen I (52025)"},"content":{"rendered":"<p>Die Vorlesung Numerik partieller Differentialgleichungen I dient als Einf\u00fchrungsvorlesung in dieses Gebiet, das als ein Teil des Wissenschaftlichen Rechnens gilt. Wissenschaftliches Rechnen ist ein modernes Gebiet der Angewandten Mathematik, welches sich mit der (effizienten) numerischen Simulation von komplexen Problemen unter anderem in den Ingenieurswissenschaften als auch in den Naturwissenschaften besch\u00e4ftigt.<\/p>\n<p>Numerische Simulation beinhaltet dabei die mathematisch numerische Modellierung des Problems, die theoretischen Untersuchungen sowie die Visualisierung und Verarbeitung der L\u00f6sungen.<\/p>\n<p>In diesem Semester werden speziell Probleme betrachtet, welche sich mit partiellen Differentialgleichungen beschreiben lassen. Nach einer kurzen Einf\u00fchrung und Klassifikation der Problemklassen werden wir uns speziell mit Problemen hyperbolischen Typs besch\u00e4ftigen, welche unter anderem Wellentransportprobleme (z. B. Akustik, Elektromagnetismus) und nichtlineare Erhaltungsgleichungen (z. B. Gasdynamik, Plasmadynamik) beinhalten. Dazu werden wir unter anderem die Methode der Charakteristiken und die Finite-Volumen-Methoden herleiten und uns mit dem Riemann Problem und dessen Approximation besch\u00e4ftigen. Dies f\u00fchrt zu der Klasse der Godunov-Typ Finite-Volumen-Verfahren. Zudem werden wir Verfahren zweiter Ordnung und das Konzept von TVD Verfahren und Limitern diskutieren. Die Godunov-Typ Finite-Volumen-Methoden sind aktuell die State of the Art Methoden, welche auch in kommerziellen Str\u00f6mungssimulationscodes verwendet werden.<\/p>\n<hr \/>\n<p><strong>Veranstaltungsort und -zeit:<\/strong><br \/>\ndienstags 12.00-13.30 Uhr, Stefan Cohn-Vossen Raum des Mathematischen Instituts (Raum 313)<br \/>\ndonnerstags 12.00-13.30 Uhr, Stefan Cohn-Vossen Raum des Mathematischen Instituts (Raum 313)<\/p>\n<p><strong>Vorlesungsskript:<\/strong><br \/>\nMitschrift der Studenten Christian Hotopp und Lukas D\u00fcchting: <span style=\"color: #0000ff;\"><a style=\"color: #0000ff;\" title=\"Skript_NumPDGL1\" href=\"\/aggass\/prot\/documents_numerikpdgl1_ss15\/Num_III.pdf\">Skript_NumPDGL1<\/a><\/span><\/p>\n<p><strong>Klausurtermine:<\/strong><br \/>\nAlle Studenten werden nach Terminabsprache mit Prof. Gassner m\u00fcndlich gepr\u00fcft im Zeitraum vom 20.07.2015 bis 30.07.2015. Die Pr\u00fcfungen finden im B\u00fcro von Prof. Gassner statt (MI, Raum 1.08).<\/p>\n<p><strong>Kontakt:<\/strong><strong>\u00a0<\/strong><a title=\"Marvin Bohm\" href=\"http:\/\/www.mi.uni-koeln.de\/NumSim\/bohm\/\">Marvin Bohm<\/a><strong>,\u00a0<\/strong><a title=\"Prof. Dr. Gregor Gassner\" href=\"http:\/\/www.mi.uni-koeln.de\/NumSim\/gregor-gassner\/\">Prof. Dr. G. Gassner<\/a><\/p>\n<p><!--[email-subscribers namefield=\"YES\" desc=\"<strong>Um Updates rund um die Vorlesung zu erhalten, k\u00f6nnen Sie sich hier registrieren:<\/strong>\" group=\"MPDM\"]--><\/p>\n","protected":false},"excerpt":{"rendered":"<p>Die Vorlesung Numerik partieller Differentialgleichungen I dient als Einf\u00fchrungsvorlesung in dieses Gebiet, das als ein Teil des Wissenschaftlichen Rechnens gilt. Wissenschaftliches Rechnen ist ein modernes Gebiet der Angewandten Mathematik, welches sich mit der (effizienten) numerischen Simulation von komplexen Problemen unter &hellip; <a href=\"https:\/\/www.mi.uni-koeln.de\/NumSim\/teaching\/numdiff1\/\">Continue reading <span class=\"meta-nav\">&rarr;<\/span><\/a><\/p>\n","protected":false},"author":9,"featured_media":0,"parent":25,"menu_order":15,"comment_status":"closed","ping_status":"closed","template":"sidebar-page.php","meta":{"footnotes":""},"post_mailing_queue_ids":[],"_links":{"self":[{"href":"https:\/\/www.mi.uni-koeln.de\/NumSim\/wp-json\/wp\/v2\/pages\/837"}],"collection":[{"href":"https:\/\/www.mi.uni-koeln.de\/NumSim\/wp-json\/wp\/v2\/pages"}],"about":[{"href":"https:\/\/www.mi.uni-koeln.de\/NumSim\/wp-json\/wp\/v2\/types\/page"}],"author":[{"embeddable":true,"href":"https:\/\/www.mi.uni-koeln.de\/NumSim\/wp-json\/wp\/v2\/users\/9"}],"replies":[{"embeddable":true,"href":"https:\/\/www.mi.uni-koeln.de\/NumSim\/wp-json\/wp\/v2\/comments?post=837"}],"version-history":[{"count":40,"href":"https:\/\/www.mi.uni-koeln.de\/NumSim\/wp-json\/wp\/v2\/pages\/837\/revisions"}],"predecessor-version":[{"id":2030,"href":"https:\/\/www.mi.uni-koeln.de\/NumSim\/wp-json\/wp\/v2\/pages\/837\/revisions\/2030"}],"up":[{"embeddable":true,"href":"https:\/\/www.mi.uni-koeln.de\/NumSim\/wp-json\/wp\/v2\/pages\/25"}],"wp:attachment":[{"href":"https:\/\/www.mi.uni-koeln.de\/NumSim\/wp-json\/wp\/v2\/media?parent=837"}],"curies":[{"name":"wp","href":"https:\/\/api.w.org\/{rel}","templated":true}]}}