{"id":1491,"date":"2015-09-01T15:42:44","date_gmt":"2015-09-01T13:42:44","guid":{"rendered":"http:\/\/www.mi.uni-koeln.de\/wp-MIEDV\/?page_id=1491"},"modified":"2015-09-21T16:20:51","modified_gmt":"2015-09-21T14:20:51","slug":"drucken-im-mathematischen-institut","status":"publish","type":"page","link":"https:\/\/www.mi.uni-koeln.de\/wp-MIEDV\/unser-serviceangebot\/drucken-im-mathematischen-institut\/","title":{"rendered":"Drucken im Mathematischen Institut"},"content":{"rendered":"<p>Sie sitzen bei uns im Mathematischen Institut und m\u00f6chten drucken. Wenn Sie in einem der Computer-Arbeitsr\u00e4ume sitzen, geschieht dies auf dem zentralen Laserdrucker<br \/>\n<i>Goethe<\/i> im Raum <b>-124<\/b>. Um die Ausdrucke zu erhalten, melden Sie sich bei uns in der EDV-Mathematik (Raum -124).<br \/>\nSollte die EDV-Mathematik nicht besetzt sein, so fragen Sie im Raum -125 bzw. -126 nach Ihren Ausdrucken. <!--Die Ausdrucke werden dann von uns aus dem Maschinenraum geholt. -->Der Ausdruck kostet pro Seite 0,07 \u20ac. Es sei noch darauf hingewiesen, dass unsere Arbeit durch h\u00e4ufiges Ausdruckeholen erheblich<br \/>\nbeeintr\u00e4chtigt werden kann. Um dies zu vermeiden, bitten wir Sie, zur vollen oder zur halben Stunde nach den Ausdrucken zu fragen.<\/p>\n<p><b>Drucken unter Windows:<\/b><\/p>\n<p>W\u00e4hlen Sie in der Men\u00fcleiste den Punkt <i>Datei<\/i> und darunter den Eintrag<br \/>\n<i>Drucken&#8230;<\/i> <b>bzw.<\/b> <i> print&#8230;<\/i> . Als Drucker ist <b>Goethe<\/b> zu w\u00e4hlen.<\/p>\n<p>Um <u>beidseitig<\/u> zu drucken ist in dem obigen Druckermen\u00fc neben <i>Goethe<\/i><br \/>\nauf Eigenschaften zu klicken und dort kann man bei Duplex (beidseitiger<br \/>\nDruck) zwischen kein (einseitig), kurze Seite und lange Seite w\u00e4hlen<br \/>\n(beides zweiseitig).<br \/>\nW\u00e4hlen Sie <i>Lange Seite<\/i>, wenn die Seiten im Hochformat so ausgedruckt werden sollen, da\u00df sie, wie in einem Buch, entlang der langen Seitenkante umgebl\u00e4ttert werden.<br \/>\nW\u00e4hlen Sie <i>Kurze Seite aus<\/i>, wenn Sie die im Hochformat ausgedruckten Seiten,<br \/>\neinem Notizblock \u00e4hnlich, entlang der kurzen Seitenkante umbl\u00e4ttern wollen. Zum Drucken <em>OK<\/em> klicken.<\/p>\n<p><b>Drucken einer Datei unter RedHat 7:<\/b><\/p>\n<p>Um unter Linux zu drucken, geht man, wie auch unter Windows vor. Wenn Sie jedoch \u00fcber die Konsole drucken m\u00f6chten, so gehen Sie bitte wie folgt vor:<\/p>\n<p>F\u00fcr Postscriptdateien, welche die Endung <code>.ps<\/code> haben, benutzt man<\/p>\n<blockquote>\n<pre>lp -d Druckername Datei (z.B. lp -d Goethe Dateiname.ps)\r\n<\/pre>\n<\/blockquote>\n<p>Datei Dateiname wird einseitig ausgedruckt.<\/p>\n<blockquote>\n<pre>lp -d Druckername -o duplex Datei<\/pre>\n<\/blockquote>\n<p>Druckt die Datei <u>beidseitig<\/u> aus .<\/p>\n<p>Grafiken <code>*.jpg, *.gif,...<\/code> k\u00f6nnen z.B. mit dem Programm &#8222;XV&#8220; ausgedruckt werden.<\/p>\n<p>Um dvi-Dateien (dvi=device independent=Ger\u00e4te unabh\u00e4ngig) auszudrucken, f\u00fchrt man zun\u00e4chst den Befehl:<\/p>\n<blockquote>\n<pre>dvips Dateiname.dvi<\/pre>\n<\/blockquote>\n<p>aus, um eine Postscriptdatei zu erhalten.<br \/>\nDiese Postscriptdatei hat die Endung <em>.ps<\/em> und kann dann an einem<br \/>\nPostscriptdrucker wie Goethe mit den obigen Befehlen ausgedruckt<br \/>\nwerden.<\/p>\n<p>Um eine reine Textdatei ausdrucken zu k\u00f6nnen, ist es sinnvoll sie zun\u00e4chst<br \/>\nin eine Postscriptdatei umzuwandeln. Angenommen Sie wollen die Datei<br \/>\n&#8222;Fussball&#8220; in eine PS-Datei umwandeln, dann geschieht dies folgenderma\u00dfen:<\/p>\n<blockquote>\n<pre>a2ps1 Fu\u00dfball &gt; Fu\u00dfball.ps\r\n<\/pre>\n<\/blockquote>\n<p>&nbsp;<\/p>\n","protected":false},"excerpt":{"rendered":"<p>Sie sitzen bei uns im Mathematischen Institut und m\u00f6chten drucken. Wenn Sie in einem der Computer-Arbeitsr\u00e4ume sitzen, geschieht dies auf dem zentralen Laserdrucker Goethe im Raum -124. Um die Ausdrucke zu erhalten, melden Sie sich bei uns in der EDV-Mathematik (Raum -124). Sollte die EDV-Mathematik nicht besetzt sein, so fragen Sie im Raum -125 bzw. &hellip; <a href=\"https:\/\/www.mi.uni-koeln.de\/wp-MIEDV\/unser-serviceangebot\/drucken-im-mathematischen-institut\/\" class=\"more-link\"><span class=\"screen-reader-text\">&#8222;Drucken im Mathematischen Institut&#8220; <\/span>weiterlesen<\/a><\/p>\n","protected":false},"author":1,"featured_media":0,"parent":1460,"menu_order":0,"comment_status":"closed","ping_status":"closed","template":"sidebar-page.php","meta":{"footnotes":""},"class_list":["post-1491","page","type-page","status-publish","hentry"],"post_mailing_queue_ids":[],"_links":{"self":[{"href":"https:\/\/www.mi.uni-koeln.de\/wp-MIEDV\/wp-json\/wp\/v2\/pages\/1491","targetHints":{"allow":["GET"]}}],"collection":[{"href":"https:\/\/www.mi.uni-koeln.de\/wp-MIEDV\/wp-json\/wp\/v2\/pages"}],"about":[{"href":"https:\/\/www.mi.uni-koeln.de\/wp-MIEDV\/wp-json\/wp\/v2\/types\/page"}],"author":[{"embeddable":true,"href":"https:\/\/www.mi.uni-koeln.de\/wp-MIEDV\/wp-json\/wp\/v2\/users\/1"}],"replies":[{"embeddable":true,"href":"https:\/\/www.mi.uni-koeln.de\/wp-MIEDV\/wp-json\/wp\/v2\/comments?post=1491"}],"version-history":[{"count":8,"href":"https:\/\/www.mi.uni-koeln.de\/wp-MIEDV\/wp-json\/wp\/v2\/pages\/1491\/revisions"}],"predecessor-version":[{"id":1870,"href":"https:\/\/www.mi.uni-koeln.de\/wp-MIEDV\/wp-json\/wp\/v2\/pages\/1491\/revisions\/1870"}],"up":[{"embeddable":true,"href":"https:\/\/www.mi.uni-koeln.de\/wp-MIEDV\/wp-json\/wp\/v2\/pages\/1460"}],"wp:attachment":[{"href":"https:\/\/www.mi.uni-koeln.de\/wp-MIEDV\/wp-json\/wp\/v2\/media?parent=1491"}],"curies":[{"name":"wp","href":"https:\/\/api.w.org\/{rel}","templated":true}]}}