{"id":1775,"date":"2018-06-23T17:58:38","date_gmt":"2018-06-23T15:58:38","guid":{"rendered":"http:\/\/www.mi.uni-koeln.de\/wp-znikolic\/?page_id=1775"},"modified":"2024-05-10T18:04:25","modified_gmt":"2024-05-10T16:04:25","slug":"2018-2019-wintersemester","status":"publish","type":"page","link":"https:\/\/www.mi.uni-koeln.de\/wp-znikolic\/veranstaltungen-2\/2018-2019-wintersemester\/","title":{"rendered":"2018 \/ 2019 Wintersemester"},"content":{"rendered":"\n<p class=\"has-text-align-center has-background has-medium-font-size\" style=\"background-color:#91c0de\"><strong>K\u00fcnstliche neuronale Netze: L\u00f6sung einer Fragestellung aus der Praxis<\/strong><\/p>\n\n\n\n<p>Die Veranstaltung wird aus zwei Teilen bestehen. Im ersten Teil wird der Einsatz von k\u00fcnstlichen neuronalen Netzen motiviert, indem verschiedene Methoden des Machine Learning bearbeitet werden. Hierzu wird es notwendig sein, einige Konzepte aus der u. a. Quellen im Selbststudium zu erschlie\u00dfen.<\/p>\n\n\n\n<p>Das zweite Teil ist anders konzipiert: Den Studierenden werden konkrete Daten aus der Praxis zur Verf\u00fcgung gestellt, damit konkrete neuronale Netze in einer Programmiersprache (Python oder R) konstruiert und getestet werden k\u00f6nnen. F\u00fcr die Tests der G\u00fcte werden bei Bedarf Rechenkapazit\u00e4ten zur Verf\u00fcgung stehen.<\/p>\n\n\n\n<p>Insofern eignet sich das Seminar vorrangig f\u00fcr Studierende, die gerne Probleme im Code l\u00f6sen und eine hohe IT-Afinit\u00e4t aufweisen. Zudem werden Kenntnisse der Wahrscheinlichkeitstheorie, Interesse an finanzmathematischen Fragestellungen sowie Vertrautheit mit zentralen algebraischen Begriflichkeiten f\u00fcr dieses Seminar vorausgesetzt.<\/p>\n\n\n\n<div class=\"wp-block-group\"><div class=\"wp-block-group__inner-container\">\n<div class=\"wp-block-group\"><div class=\"wp-block-group__inner-container\">\n<p>Anmeldung erfolgt per E-Mail, diese ist unter <a href=\"https:\/\/www.mi.uni-koeln.de\/wp-znikolic\/\"><\/a><a href=\"https:\/\/www.mi.uni-koeln.de\/wp-znikolic\/kontakt\/\">https:\/\/www.mi.uni-koeln.de\/wp-znikolic\/kontakt\/<\/a> zu finden.<\/p>\n<\/div><\/div>\n<\/div><\/div>\n\n\n\n<p>Bitte melden Sie sich mit einer aussagekr\u00e4ftigen Bewerbung an, welche u. a. folgende Angaben enthalten soll:<\/p>\n\n\n\n<ul><li>Ihre bisher besuchten Veranstaltungen,<\/li><li>relevante Vorkenntnisse (Mathematik &amp; Informatik)<\/li><li>weshalb Sie sich f\u00fcr dieses Thema interessieren,<\/li><li>ob Sie das Seminar im Rahmen des Versicherungsmoduls mit 3 Leistungspunkten oder als Seminar mit 6 Leistungspunkten belegen m\u00f6chten.<\/li><\/ul>\n\n\n\n<p>Gerne k\u00f6nnen Sie Ihre Bewerbung um weitere Punkte erg\u00e4nzen. Die Bewerbung soll vor allem glaubhaft vermitteln, dass Sie sich f\u00fcr das behandelte Thema interessieren und mehr dar\u00fcber lernen m\u00f6chten.<\/p>\n\n\n\n<p class=\"has-text-color\" style=\"color:#4087b4\"><strong>Literatur:<\/strong><\/p>\n\n\n\n<ul><li>Haykin, S. S.: Neural networks and learning machines. Upper Saddle River, NJ: Pearson Education (2009).<\/li><\/ul>\n\n\n\n<p class=\"has-black-color has-text-color\">Zur Einarbeitung eignen sich die folgenden Quellen:<\/p>\n\n\n\n<ul><li><a href=\"https:\/\/www-bcf.usc.edu\/~gareth\/ISL\/\">https:\/\/www-bcf.usc.edu\/~gareth\/ISL\/<\/a> (Verlinkung auf PDF oben rechts auf der Seite). Die Einf\u00fchrung und Kapitel 2 enthalten grunds\u00e4tzliche \u00dcberlegungen im Bereich Machine Learning. Der Abschnitt 2.2 ist z. B. lehrreich und wichtig. Im Kapitel 3 wird die klassische lineare Regression beschrieben, ich empfehle Ihnen, die Abschnitte 3.1-3.3 zu lesen. Der Text liest sich sehr gut und ist verst\u00e4ndlich geschrieben.<\/li><li><a href=\"https:\/\/www.deeplearningbook.org\/\">https:\/\/www.deeplearningbook.org\/<\/a> . Zum grunds\u00e4tzlichen Kennenlernen des Themas neuronale Netze empfiehlt sich das Kapitel 5. Die Kapitel 2-4 enthalten mathematische Grundlagen und sind somit empfehlenswert, sofern Sie die dort genannten Themen im Studium noch nicht kennengelernt haben.<\/li><\/ul>\n\n\n\n<p class=\"has-text-color\" style=\"color:#4087b4\"><strong>\u00dcbersicht der Vortr\u00e4ge:<\/strong><\/p>\n\n\n\n<figure class=\"wp-block-table is-style-regular\"><table><thead><tr><th>Name<\/th><th>Datum<\/th><th>Vortragsthema<\/th><\/tr><\/thead><tbody><tr><td>Zoran Nikoli\u0107<\/td><td>02.11.18<\/td><td><a rel=\"noreferrer noopener\" href=\"http:\/\/www.mi.uni-koeln.de\/wp-znikolic\/wp-content\/uploads\/2018\/11\/20181102_Einf%C3%BChrender-Vortrag-KNN_Nikolic.pdf\" target=\"_blank\">Einf\u00fchrung und Motivation Neuronale Netze<\/a><\/td><\/tr><tr><td>Linda Schmei\u00dfer<\/td><td>09.11.18<\/td><td><a rel=\"noreferrer noopener\" href=\"http:\/\/www.mi.uni-koeln.de\/wp-znikolic\/wp-content\/uploads\/2018\/11\/20181109_Lineare-Regression_Schmei%C3%9Fer.pdf\" target=\"_blank\">Lineare Regression<\/a><\/td><\/tr><tr><td>Marina Klein<\/td><td>09.11.18<\/td><td><a rel=\"noreferrer noopener\" href=\"http:\/\/www.mi.uni-koeln.de\/wp-znikolic\/wp-content\/uploads\/2018\/11\/20181109_Polynomiale-Regression_Klein.pdf\" target=\"_blank\">Polynomiale Regression<\/a><\/td><\/tr><tr><td>Steve Finger<\/td><td>16.11.18<\/td><td><a rel=\"noreferrer noopener\" href=\"http:\/\/www.mi.uni-koeln.de\/wp-znikolic\/wp-content\/uploads\/2018\/11\/20181116_Regularisierung_Finger.pdf\" target=\"_blank\">Regularisierung (Shrinkage Methods)<\/a><\/td><\/tr><tr><td>Ina Geller<\/td><td>16.11.18<\/td><td><a rel=\"noreferrer noopener\" href=\"http:\/\/www.mi.uni-koeln.de\/wp-znikolic\/wp-content\/uploads\/2018\/11\/20181116_Entscheidungsb%C3%A4ume_Geller.pdf\" target=\"_blank\">Entscheidungsb\u00e4ume<\/a><\/td><\/tr><tr><td>Lars Langen<\/td><td>16.11.18<\/td><td><a rel=\"noreferrer noopener\" href=\"http:\/\/www.mi.uni-koeln.de\/wp-znikolic\/wp-content\/uploads\/2018\/11\/20181116_Bagging-Random-Forests-Boosting_Langen.pdf\" target=\"_blank\">Bagging, Random Forests, Boosting<\/a><\/td><\/tr><tr><td>Rudolf Born<\/td><td>30.11.18<\/td><td><a rel=\"noreferrer noopener\" href=\"http:\/\/www.mi.uni-koeln.de\/wp-znikolic\/wp-content\/uploads\/2018\/12\/20181130_KNN_Risikokapitalberechnung_Born.pdf\" target=\"_blank\">K\u00fcnstliche neuronale Netze in der Risikokapitalberechnung<\/a><\/td><\/tr><tr><td>Tom Schelthoff<\/td><td>30.11.18<\/td><td><a rel=\"noreferrer noopener\" href=\"http:\/\/www.mi.uni-koeln.de\/wp-znikolic\/wp-content\/uploads\/2018\/12\/20181130_Weitere_Untersuchungen_KNN_Schelthoff.pdf\" target=\"_blank\">Weitere Untersuchungen f\u00fcr Solvency 2 Anwendungen<\/a><\/td><\/tr><\/tbody><\/table><\/figure>\n","protected":false},"excerpt":{"rendered":"<p>K\u00fcnstliche neuronale Netze: L\u00f6sung einer Fragestellung aus der Praxis Die Veranstaltung wird aus zwei Teilen bestehen. Im ersten Teil wird der Einsatz von k\u00fcnstlichen neuronalen Netzen motiviert, indem verschiedene Methoden des Machine Learning bearbeitet werden. Hierzu wird es notwendig sein, &hellip; <a href=\"https:\/\/www.mi.uni-koeln.de\/wp-znikolic\/veranstaltungen-2\/2018-2019-wintersemester\/\">Weiterlesen <span class=\"meta-nav\">&rarr;<\/span><\/a><\/p>\n","protected":false},"author":1,"featured_media":0,"parent":1416,"menu_order":27,"comment_status":"closed","ping_status":"closed","template":"sidebar-page.php","meta":[],"_links":{"self":[{"href":"https:\/\/www.mi.uni-koeln.de\/wp-znikolic\/wp-json\/wp\/v2\/pages\/1775"}],"collection":[{"href":"https:\/\/www.mi.uni-koeln.de\/wp-znikolic\/wp-json\/wp\/v2\/pages"}],"about":[{"href":"https:\/\/www.mi.uni-koeln.de\/wp-znikolic\/wp-json\/wp\/v2\/types\/page"}],"author":[{"embeddable":true,"href":"https:\/\/www.mi.uni-koeln.de\/wp-znikolic\/wp-json\/wp\/v2\/users\/1"}],"replies":[{"embeddable":true,"href":"https:\/\/www.mi.uni-koeln.de\/wp-znikolic\/wp-json\/wp\/v2\/comments?post=1775"}],"version-history":[{"count":29,"href":"https:\/\/www.mi.uni-koeln.de\/wp-znikolic\/wp-json\/wp\/v2\/pages\/1775\/revisions"}],"predecessor-version":[{"id":2429,"href":"https:\/\/www.mi.uni-koeln.de\/wp-znikolic\/wp-json\/wp\/v2\/pages\/1775\/revisions\/2429"}],"up":[{"embeddable":true,"href":"https:\/\/www.mi.uni-koeln.de\/wp-znikolic\/wp-json\/wp\/v2\/pages\/1416"}],"wp:attachment":[{"href":"https:\/\/www.mi.uni-koeln.de\/wp-znikolic\/wp-json\/wp\/v2\/media?parent=1775"}],"curies":[{"name":"wp","href":"https:\/\/api.w.org\/{rel}","templated":true}]}}