{"id":1926,"date":"2020-08-02T12:25:40","date_gmt":"2020-08-02T10:25:40","guid":{"rendered":"http:\/\/www.mi.uni-koeln.de\/wp-znikolic\/?page_id=1926"},"modified":"2024-05-10T17:29:21","modified_gmt":"2024-05-10T15:29:21","slug":"2020-2021-wintersemester","status":"publish","type":"page","link":"https:\/\/www.mi.uni-koeln.de\/wp-znikolic\/veranstaltungen-2\/2020-2021-wintersemester\/","title":{"rendered":"2020 \/ 2021 Wintersemester"},"content":{"rendered":"\n<p class=\"has-text-align-center has-background has-medium-font-size\" style=\"background-color:#91c0de\"><strong>Actuarial Machine Learning<\/strong><\/p>\n\n\n\n<p>Im Seminar Actuarial Machine Learning<strong> <\/strong>werden einige Machine-Learning-Techniken eingef\u00fchrt mit dem Ziel, ihre Anwendungen zur L\u00f6sung von aktuariellen bzw. versicherungsmathematischen Fragestellungen zu diskutieren.<\/p>\n\n\n\n<p>Aktuare sind Mathematiker, die bei Versicherungen arbeiten. Diesen Beruf gibt es schon seit mehreren Jahrhunderten. Die von den Aktuarinnen angewandten Methoden haben sich jedoch immer wieder erneuert und aktualisiert. Neuerdings werden die Methoden des maschinellen Lernens zur L\u00f6sung von vielen klassischen aktuariellen Aufgaben eingesetzt.<\/p>\n\n\n\n<p>Die Veranstaltung wird dreigeteilt.<\/p>\n\n\n\n<p>Im ersten Teil lernen wir wesentliche Eigenschaften und Methoden der Lebensversicherungs-Mathematik kennen. Beispiele hierf\u00fcr sind das \u00c4quivalenzprinzip oder die Berechnung der R\u00fcckstellungen. Zudem werden wir uns mit den Bewertungsthemen mit den optionspreistheoretischen Methoden auseinandersetzen. Der zweite Teil ist den Methoden des maschinellen Lernens gewidmet. Die aktuellen Methoden wie Boosted Decision Trees oder Deep Neural Networks werden von ihrer mathematischen Seite beleuchtet. Im dritten Teil schauen wir uns einige konkrete Anwendungen von Machine-Learning-Methoden in der Versicherung an. Dabei werden wir uns zwei aktuelle Ver\u00f6ffentlichungen der Deutschen Aktuarvereinigung vornehmen und auf die dort untersuchten Datens\u00e4tze neue Methoden anwenden.<\/p>\n\n\n\n<p>Es gibt keine festen Voraussetzungen zur Teilnahme am Seminar.<\/p>\n\n\n\n<p>Anmeldung erfolgt per E-Mail, diese ist unter <a href=\"https:\/\/www.mi.uni-koeln.de\/wp-znikolic\/\"><\/a><a href=\"https:\/\/www.mi.uni-koeln.de\/wp-znikolic\/kontakt\/\">https:\/\/www.mi.uni-koeln.de\/wp-znikolic\/kontakt\/<\/a> zu finden.<\/p>\n\n\n\n<p>Bitte melden Sie sich mit einer aussagekr\u00e4ftigen Bewerbung an, welche u. a. folgende Angaben enthalten soll:<\/p>\n\n\n\n<ul><li>Ihre bisher besuchten (relevanten) Veranstaltungen,<\/li><li>alle relevanten Praktika, Werkstudierendent\u00e4tigkeiten, Seminararbeiten usw., welche mit dem Thema des Seminars zusammenh\u00e4ngen k\u00f6nnen,<\/li><li>weshalb Sie sich f\u00fcr dieses Thema interessieren,<\/li><li>ob Sie das Seminar im Rahmen des Versicherungsmoduls mit 3 Leistungspunkten oder als Seminar mit 6 Leistungspunkten belegen m\u00f6chten.<\/li><\/ul>\n\n\n\n<p>Gerne k\u00f6nnen Sie Ihre Bewerbung um weitere Punkte erg\u00e4nzen. Die Bewerbung soll vor allem glaubhaft vermitteln, dass Sie sich f\u00fcr das behandelte Thema interessieren und mehr dar\u00fcber lernen m\u00f6chten.<\/p>\n\n\n\n<p class=\"has-text-color\" style=\"color:#4087b4\"><strong>Literatur:<\/strong><\/p>\n\n\n\n<ul><li><a href=\"http:\/\/www.actuarialdatascience.org\">http:\/\/www.actuarialdatascience.org<\/a><\/li><li><a href=\"https:\/\/web.stanford.edu\/ hastie\/ElemStatLearn\/\">https:\/\/web.stanford.edu\/ hastie\/ElemStatLearn\/<\/a><\/li><li>Kahlenberg, J.: Lebensversicherungsmathematik: Basiswissen zur Technik der deutschen Lebensversicherung, Springer Gabler Wiesbaden (2018), <a href=\"https:\/\/doi.org\/10.1007\/978-3-658-14658-0\">https:\/\/doi.org\/10.1007\/978-3-658-14658-0<\/a> .<\/li><\/ul>\n\n\n\n<p class=\"has-text-color\" style=\"color:#4087b4\"><strong>\u00dcbersicht der Vortr\u00e4ge:<\/strong><\/p>\n\n\n\n<figure class=\"wp-block-table is-style-regular\"><table><thead><tr><th>Name<\/th><th>Datum<\/th><th>Vortragsthema<\/th><\/tr><\/thead><tbody><tr><td>(Der Vortrag von Julia Bicker aus Sommersemester 2020, vorgetragen durch) Zoran Nikoli\u0107<\/td><td>27.11.20<\/td><td><a rel=\"noreferrer noopener\" href=\"http:\/\/www.mi.uni-koeln.de\/wp-znikolic\/wp-content\/uploads\/2020\/11\/20201127_Elementare_Finanzmathematik_Bicker.pdf\" target=\"_blank\">Grundlagen der Finanzmathematik<\/a><\/td><\/tr><tr><td>Hei Loi Lin<\/td><td>27.11.20<\/td><td><a rel=\"noreferrer noopener\" href=\"http:\/\/www.mi.uni-koeln.de\/wp-znikolic\/wp-content\/uploads\/2020\/11\/20201127_Erwartete_Barwerte_Lin.pdf\" target=\"_blank\">Erwartete Barwerte<\/a><\/td><\/tr><tr><td>Katharina Gienger<\/td><td>04.12.20<\/td><td><a rel=\"noreferrer noopener\" href=\"http:\/\/www.mi.uni-koeln.de\/wp-znikolic\/wp-content\/uploads\/2021\/02\/20201204_Kosten_und_Pr%C3%A4mien_Gienger.pdf\" target=\"_blank\">Kosten und Pr\u00e4mien<\/a><\/td><\/tr><tr><td>Zeynep Inan<\/td><td>04.12.20<\/td><td><a rel=\"noreferrer noopener\" href=\"http:\/\/www.mi.uni-koeln.de\/wp-znikolic\/wp-content\/uploads\/2021\/02\/20201204_Deckungskapital_Inan.pdf\" target=\"_blank\">Deckungskapital<\/a><\/td><\/tr><tr><td>Robin Heinz<\/td><td>11.12.20<\/td><td><a rel=\"noreferrer noopener\" href=\"http:\/\/www.mi.uni-koeln.de\/wp-znikolic\/wp-content\/uploads\/2020\/11\/20201127_Elementare_Finanzmathematik_Bicker.pdf\" target=\"_blank\">Elementare Optionspreistheorie<\/a><\/td><\/tr><tr><td>Patricia Bort<\/td><td>11.12.20<\/td><td><a rel=\"noreferrer noopener\" href=\"http:\/\/www.mi.uni-koeln.de\/wp-znikolic\/wp-content\/uploads\/2021\/02\/20201211_SCR-Berechnung_f%C3%BCr_einen_Lebensversicherer_Einf%C3%BChrung_in_Machine_Bort.pdf\" target=\"_blank\">SCR-Berechnung f\u00fcr einen Lebensversicherer Einf\u00fchrung in Machine<\/a><\/td><\/tr><tr><td>Tugba Yilmaz<\/td><td>18.12.20<\/td><td><a rel=\"noreferrer noopener\" href=\"http:\/\/www.mi.uni-koeln.de\/wp-znikolic\/wp-content\/uploads\/2021\/02\/20201218_Machine_Learning_Basics_Handout_Yilmaz.pdf\" target=\"_blank\">Machine Learning Basics<\/a><\/td><\/tr><tr><td>Aylin Demirel<\/td><td>18.12.20<\/td><td><a rel=\"noreferrer noopener\" href=\"http:\/\/www.mi.uni-koeln.de\/wp-znikolic\/wp-content\/uploads\/2021\/02\/20201218_Lineare_Regression_und_Regularisierung_Demirel.pdf\" target=\"_blank\">Linear Regression and Regularization<\/a><\/td><\/tr><tr><td>Tim Vieth, Wenhao Peng, Mattes Westd\u00f6rp, Nico Frisch<\/td><td>08.01.21<\/td><td><a rel=\"noreferrer noopener\" href=\"http:\/\/www.mi.uni-koeln.de\/wp-znikolic\/wp-content\/uploads\/2021\/02\/20210108_Neuronale_Netze.pdf\" target=\"_blank\">Deep Feedforward &amp; Recurrent Neural Networks<\/a><\/td><\/tr><tr><td>Tim Vieth, Wenhao Peng, Mattes Westd\u00f6rp, Nico Frisch<\/td><td>15.01.21<\/td><td><a rel=\"noreferrer noopener\" href=\"http:\/\/www.mi.uni-koeln.de\/wp-znikolic\/wp-content\/uploads\/2021\/02\/20210115_Sterblichkeitsmodellierung_RNN.pdf\" target=\"_blank\">Sterblichkeitsmodellierung mithilfe von Rekurrenten Neuronalen Netzen<\/a><\/td><\/tr><tr><td>Alfred Gaubrich, Sebastian Brand, Tino Cvitan, Benedikt H\u00f6fling<\/td><td>22.01.21<\/td><td><a rel=\"noreferrer noopener\" href=\"http:\/\/www.mi.uni-koeln.de\/wp-znikolic\/wp-content\/uploads\/2021\/02\/20210121_GAMs_Baumbasierte_Methoden.pdf\" target=\"_blank\">Baumbasierte Regressionsmodelle<\/a><\/td><\/tr><tr><td>Alfred Gaubrich, Sebastian Brand, Tino Cvitan, Benedikt H\u00f6fling<\/td><td>29.01.21<\/td><td><a rel=\"noreferrer noopener\" href=\"http:\/\/www.mi.uni-koeln.de\/wp-znikolic\/wp-content\/uploads\/2021\/02\/20210129_Risikokapitalberechnung_baumbasierte_Methoden.pdf\" target=\"_blank\">Entscheidungsbaumbasierte Regressionsmodelle zur Risikokapitalmodellierung<\/a><\/td><\/tr><\/tbody><\/table><\/figure>\n\n\n\n<p><br><\/p>\n\n\n\n<p><br><br><\/p>\n\n\n\n<p><br><\/p>\n","protected":false},"excerpt":{"rendered":"<p>Actuarial Machine Learning Im Seminar Actuarial Machine Learning werden einige Machine-Learning-Techniken eingef\u00fchrt mit dem Ziel, ihre Anwendungen zur L\u00f6sung von aktuariellen bzw. versicherungsmathematischen Fragestellungen zu diskutieren. Aktuare sind Mathematiker, die bei Versicherungen arbeiten. Diesen Beruf gibt es schon seit mehreren &hellip; <a href=\"https:\/\/www.mi.uni-koeln.de\/wp-znikolic\/veranstaltungen-2\/2020-2021-wintersemester\/\">Weiterlesen <span class=\"meta-nav\">&rarr;<\/span><\/a><\/p>\n","protected":false},"author":1,"featured_media":0,"parent":1416,"menu_order":17,"comment_status":"closed","ping_status":"closed","template":"sidebar-page.php","meta":[],"_links":{"self":[{"href":"https:\/\/www.mi.uni-koeln.de\/wp-znikolic\/wp-json\/wp\/v2\/pages\/1926"}],"collection":[{"href":"https:\/\/www.mi.uni-koeln.de\/wp-znikolic\/wp-json\/wp\/v2\/pages"}],"about":[{"href":"https:\/\/www.mi.uni-koeln.de\/wp-znikolic\/wp-json\/wp\/v2\/types\/page"}],"author":[{"embeddable":true,"href":"https:\/\/www.mi.uni-koeln.de\/wp-znikolic\/wp-json\/wp\/v2\/users\/1"}],"replies":[{"embeddable":true,"href":"https:\/\/www.mi.uni-koeln.de\/wp-znikolic\/wp-json\/wp\/v2\/comments?post=1926"}],"version-history":[{"count":18,"href":"https:\/\/www.mi.uni-koeln.de\/wp-znikolic\/wp-json\/wp\/v2\/pages\/1926\/revisions"}],"predecessor-version":[{"id":2416,"href":"https:\/\/www.mi.uni-koeln.de\/wp-znikolic\/wp-json\/wp\/v2\/pages\/1926\/revisions\/2416"}],"up":[{"embeddable":true,"href":"https:\/\/www.mi.uni-koeln.de\/wp-znikolic\/wp-json\/wp\/v2\/pages\/1416"}],"wp:attachment":[{"href":"https:\/\/www.mi.uni-koeln.de\/wp-znikolic\/wp-json\/wp\/v2\/media?parent=1926"}],"curies":[{"name":"wp","href":"https:\/\/api.w.org\/{rel}","templated":true}]}}