{"id":1972,"date":"2021-02-13T19:33:27","date_gmt":"2021-02-13T18:33:27","guid":{"rendered":"http:\/\/www.mi.uni-koeln.de\/wp-znikolic\/?page_id=1972"},"modified":"2024-05-10T17:12:59","modified_gmt":"2024-05-10T15:12:59","slug":"2021-sommersemester","status":"publish","type":"page","link":"https:\/\/www.mi.uni-koeln.de\/wp-znikolic\/veranstaltungen-2\/2021-sommersemester\/","title":{"rendered":"2021 Sommersemester"},"content":{"rendered":"\n<p class=\"has-text-align-center has-background\" style=\"background-color:#91c0de\"><strong>Modellierung von Epidemien<\/strong><\/p>\n\n\n\n<p>Das Thema Modellierung von Epidemien ist nicht nur aufgrund der gegenw\u00e4rtigen Pandemie f\u00fcr die gesamte Gesellschaft aktuell und wichtig, sondern ein mathematisch vergleichsweise leicht zug\u00e4ngliches und interessantes Forschungsgebiet. Seit nun beinahe hundert Jahren existieren die SIR-Modelle, welche das Grundmodell f\u00fcr viele der aktuellen Sch\u00e4tzungen und Hochrechnungen in den Medien, in der Wirtschaft und in der Wissenschaft dienen. Und dennoch haben in der aktuellen Pandemie auch die besten Modelle eine sehr begrenzte Vorhersagekraft. Selbst vergleichsweise kleinere Ma\u00dfnahmen in der&nbsp;\u201dechten Welt\u201c haben mittelfristig (f\u00fcr die aktuelle Pandemie z. B. in vier bis sechs Wochen) eine potenziell sehr hohe Auswirkung. Die Anzahl der insgesamt Infizierten und Verstorbenen kann sich aufgrund einer fr\u00fch beschlossenen, effizienten Ma\u00dfnahme um eine Gr\u00f6\u00dfenordnung ver\u00e4ndern. <\/p>\n\n\n\n<p>Das vorrangige Ziel des Seminars wird es sein, den mathematischen Grundbau der Modellierung von Epidemien zu erlernen und die Grenzen der Modellierungsans\u00e4tze zu verstehen. Unsere Hauptquelle ist das &#8222;Models and Data Using R&#8220; Buch von Bj\u00f8rnstad, Springer, 2018, aus dem wir sowohl die klassischen Seminarvortr\u00e4ge als auch die Programmierarbeiten in R ausw\u00e4hlen werden.&nbsp;<\/p>\n\n\n\n<p>Es gibt keine festen Voraussetzungen zur Teilnahme am Seminar.<\/p>\n\n\n\n<p>Anmeldung erfolgt per E-Mail, diese ist unter <a href=\"https:\/\/www.mi.uni-koeln.de\/wp-znikolic\/\"><\/a><a href=\"https:\/\/www.mi.uni-koeln.de\/wp-znikolic\/kontakt\/\">https:\/\/www.mi.uni-koeln.de\/wp-znikolic\/kontakt\/<\/a> zu finden.<\/p>\n\n\n\n<p>Bitte melden Sie sich mit einer aussagekr\u00e4ftigen Bewerbung an, welche u. a. folgende Angaben enthalten soll:<\/p>\n\n\n\n<ul><li>Ihre bisher besuchten (relevanten) Veranstaltungen,<\/li><li>alle relevanten Praktika, Werkstudierendent\u00e4tigkeiten, Seminararbeiten usw., welche mit dem Thema des Seminars zusammenh\u00e4ngen k\u00f6nnen,<\/li><li>weshalb Sie sich f\u00fcr dieses Thema interessieren,<\/li><li>ob Sie ein Thema f\u00fcr einen Seminarvortrag mit einer schriftlichen Ausarbeitung oder eine Programmieraufgabe w\u00fcnschen,<\/li><li>ob Sie das Seminar im Rahmen des Versicherungsmoduls mit 3 Leistungspunkten oder als Seminar mit 6 Leistungspunkten belegen m\u00f6chten.<\/li><\/ul>\n\n\n\n<p>Gerne k\u00f6nnen Sie Ihre Bewerbung um weitere Punkte erg\u00e4nzen. Die Bewerbung soll vor allem glaubhaft vermitteln, dass Sie sich f\u00fcr das behandelte Thema interessieren und mehr dar\u00fcber lernen m\u00f6chten.<\/p>\n\n\n\n<p class=\"has-text-color\" style=\"color:#4087b4\"><strong>Literatur<\/strong><\/p>\n\n\n\n<ul><li>Bj\u00f8rnstad, O. N.: Epidemics: Models and Data Using R, Springer Nature Switzerland AG (2018), <a href=\"https:\/\/doi.org\/10.1007\/978-3-319-97487-3\">https:\/\/doi.org\/10.1007\/978-3-319-97487-3<\/a>.<\/li><\/ul>\n\n\n\n<p class=\"has-text-color\" style=\"color:#4087b4\"><strong>\u00dcbersicht der Vortr\u00e4ge:<\/strong><\/p>\n\n\n\n<figure class=\"wp-block-table is-style-regular\"><table><thead><tr><th>Name<\/th><th>Datum<\/th><th>Vortragsthema<\/th><\/tr><\/thead><tbody><tr><td>Neusius, Nikoli\u0107<\/td><td>07.05.21<\/td><td>Einf\u00fchrung in das Thema, Kl\u00e4rung von Fragen<\/td><\/tr><tr><td>Shishkov, L\u00fcnenschlo\u00df<\/td><td>14.05.21<\/td><td>Auswertung und Visualisierung in R der Covid-19-Zahlen in Deutschland<\/td><\/tr><tr><td>Klein<\/td><td>21.05.21<\/td><td>SIR<\/td><\/tr><tr><td>Bayhan<\/td><td>21.05.21<\/td><td>SEIRS<\/td><\/tr><tr><td>Israeljan, Pouralijanki<\/td><td>04.06.21<\/td><td>Implementierung von S(E)IR Modellen in R und Sch\u00e4tzung von R_0<\/td><\/tr><tr><td>K\u00fcnsting, Demirel<\/td><td>11.06.21<\/td><td>Implementierung von S(E)IR Modellen in R und Sch\u00e4tzung von R_0<\/td><\/tr><tr><td>Sriharan, Bicker<\/td><td>18.06.21<\/td><td>Time-Series Analysis<\/td><\/tr><tr><td>Bleffert, Hochstatter<\/td><td>25.06.21<\/td><td>Trajectory Matching<\/td><\/tr><\/tbody><\/table><\/figure>\n","protected":false},"excerpt":{"rendered":"<p>Modellierung von Epidemien Das Thema Modellierung von Epidemien ist nicht nur aufgrund der gegenw\u00e4rtigen Pandemie f\u00fcr die gesamte Gesellschaft aktuell und wichtig, sondern ein mathematisch vergleichsweise leicht zug\u00e4ngliches und interessantes Forschungsgebiet. Seit nun beinahe hundert Jahren existieren die SIR-Modelle, welche &hellip; <a href=\"https:\/\/www.mi.uni-koeln.de\/wp-znikolic\/veranstaltungen-2\/2021-sommersemester\/\">Weiterlesen <span class=\"meta-nav\">&rarr;<\/span><\/a><\/p>\n","protected":false},"author":1,"featured_media":0,"parent":1416,"menu_order":15,"comment_status":"closed","ping_status":"closed","template":"sidebar-page.php","meta":[],"_links":{"self":[{"href":"https:\/\/www.mi.uni-koeln.de\/wp-znikolic\/wp-json\/wp\/v2\/pages\/1972"}],"collection":[{"href":"https:\/\/www.mi.uni-koeln.de\/wp-znikolic\/wp-json\/wp\/v2\/pages"}],"about":[{"href":"https:\/\/www.mi.uni-koeln.de\/wp-znikolic\/wp-json\/wp\/v2\/types\/page"}],"author":[{"embeddable":true,"href":"https:\/\/www.mi.uni-koeln.de\/wp-znikolic\/wp-json\/wp\/v2\/users\/1"}],"replies":[{"embeddable":true,"href":"https:\/\/www.mi.uni-koeln.de\/wp-znikolic\/wp-json\/wp\/v2\/comments?post=1972"}],"version-history":[{"count":11,"href":"https:\/\/www.mi.uni-koeln.de\/wp-znikolic\/wp-json\/wp\/v2\/pages\/1972\/revisions"}],"predecessor-version":[{"id":2404,"href":"https:\/\/www.mi.uni-koeln.de\/wp-znikolic\/wp-json\/wp\/v2\/pages\/1972\/revisions\/2404"}],"up":[{"embeddable":true,"href":"https:\/\/www.mi.uni-koeln.de\/wp-znikolic\/wp-json\/wp\/v2\/pages\/1416"}],"wp:attachment":[{"href":"https:\/\/www.mi.uni-koeln.de\/wp-znikolic\/wp-json\/wp\/v2\/media?parent=1972"}],"curies":[{"name":"wp","href":"https:\/\/api.w.org\/{rel}","templated":true}]}}