{"id":2194,"date":"2024-04-29T14:56:24","date_gmt":"2024-04-29T12:56:24","guid":{"rendered":"https:\/\/www.mi.uni-koeln.de\/wp-znikolic\/?page_id=2194"},"modified":"2024-04-29T15:12:39","modified_gmt":"2024-04-29T13:12:39","slug":"about","status":"publish","type":"page","link":"https:\/\/www.mi.uni-koeln.de\/wp-znikolic\/","title":{"rendered":"About"},"content":{"rendered":"\n<figure class=\"wp-block-pullquote is-style-default\" style=\"border-color:#000000\"><blockquote class=\"has-text-color has-black-color\"><p>Zoran Nikoli\u0107<\/p><cite><img src=\"http:\/\/www.mi.uni-koeln.de\/wp-znikolic\/wp-content\/uploads\/2018\/11\/Nikolic_01-online-e1541889139394.jpg\" alt=\"ZN\" style=\"width: 250px;\">\u00a0 \u00a0<\/cite><\/blockquote><\/figure>\n\n\n\n<!--more-->\n\n\n\n<p>Am Mathematischen Institut veranstalte ich Seminare, Programmierpraktika bzw. Vorlesungen zu diversen Themen, die einen Bezug zur Versicherungs- oder Finanzbranche haben und die in der Regel durch praktische Anwendungen von mathematischen Modellen&nbsp;motiviert sind. Dabei liegt mir&nbsp;der mathematische Fundament der praktischen Anwendungen&nbsp;am Herzen, so dass die Hauptintention meiner Veranstaltungen darin besteht, eine&nbsp;Br\u00fccke&nbsp;zwischen der mathematischen Theorie und den tats\u00e4chlich in der Praxis gew\u00e4hlten Ans\u00e4tzen zu schlagen.<\/p>\n\n\n\n<p>Hauptberuflich bin ich in einer Unternehmensberatung t\u00e4tig, mehr Details finden sich auf meiner\u00a0<a rel=\"noreferrer noopener\" href=\"https:\/\/www.linkedin.com\/in\/zoran-nikolic-a34067115\" target=\"_blank\">Linkedin-Seite<\/a>.<\/p>\n\n\n\n<div class=\"wp-block-buttons\">\n<div class=\"wp-block-button is-style-fill\"><a class=\"wp-block-button__link has-black-color has-text-color has-background\" href=\"https:\/\/www.mi.uni-koeln.de\/wp-znikolic\/kontakt\/\" style=\"border-radius:16px;background-color:#91c0de\">      Kontakt      <\/a><\/div>\n<\/div>\n","protected":false},"excerpt":{"rendered":"<p>Zoran Nikoli\u0107 \u00a0 \u00a0<\/p>\n","protected":false},"author":1,"featured_media":0,"parent":0,"menu_order":1,"comment_status":"closed","ping_status":"closed","template":"","meta":[],"_links":{"self":[{"href":"https:\/\/www.mi.uni-koeln.de\/wp-znikolic\/wp-json\/wp\/v2\/pages\/2194"}],"collection":[{"href":"https:\/\/www.mi.uni-koeln.de\/wp-znikolic\/wp-json\/wp\/v2\/pages"}],"about":[{"href":"https:\/\/www.mi.uni-koeln.de\/wp-znikolic\/wp-json\/wp\/v2\/types\/page"}],"author":[{"embeddable":true,"href":"https:\/\/www.mi.uni-koeln.de\/wp-znikolic\/wp-json\/wp\/v2\/users\/1"}],"replies":[{"embeddable":true,"href":"https:\/\/www.mi.uni-koeln.de\/wp-znikolic\/wp-json\/wp\/v2\/comments?post=2194"}],"version-history":[{"count":2,"href":"https:\/\/www.mi.uni-koeln.de\/wp-znikolic\/wp-json\/wp\/v2\/pages\/2194\/revisions"}],"predecessor-version":[{"id":2198,"href":"https:\/\/www.mi.uni-koeln.de\/wp-znikolic\/wp-json\/wp\/v2\/pages\/2194\/revisions\/2198"}],"wp:attachment":[{"href":"https:\/\/www.mi.uni-koeln.de\/wp-znikolic\/wp-json\/wp\/v2\/media?parent=2194"}],"curies":[{"name":"wp","href":"https:\/\/api.w.org\/{rel}","templated":true}]}}