{"id":2435,"date":"2024-05-21T12:05:25","date_gmt":"2024-05-21T10:05:25","guid":{"rendered":"https:\/\/www.mi.uni-koeln.de\/wp-znikolic\/?page_id=2435"},"modified":"2024-05-21T12:06:48","modified_gmt":"2024-05-21T10:06:48","slug":"2024-2025-wintersemester","status":"publish","type":"page","link":"https:\/\/www.mi.uni-koeln.de\/wp-znikolic\/veranstaltungen-2\/2024-2025-wintersemester\/","title":{"rendered":"2024\/2025 Wintersemester"},"content":{"rendered":"\n<p class=\"has-text-align-center has-background has-medium-font-size\" style=\"background-color:#91c0de\"><strong><span class=\"has-inline-color has-black-color\">Programmierwettbewerb: Modellierung von Klima\u00e4nderungsszenarien<\/span><\/strong><\/p>\n\n\n\n<p>Diese Lehrveranstaltung wird als Seminar gewertet, allerdings besteht die Arbeit nicht darin, einen klassischen Seminarvortrag zu halten. Stattdessen m\u00fcssen Sie an einem Programmierwettbewerb teilnehmen, um die Seminarleistung zu erbringen.<\/p>\n\n\n\n<p>Das Thema ist die Modellierung von Klima\u00e4nderungsrisiken. Zu programmieren ist eine Regressionsfunktion, deren Input-Gr\u00f6\u00dfen aus \u00f6ffentlich verf\u00fcgbaren Wetterdaten bestehen. Die Output-Gr\u00f6\u00dfen werden voraussichtlich \u00f6ffentlich verf\u00fcgbare Sterblichkeitsdaten umfassen. Falls andere verl\u00e4ssliche Daten vorliegen, werden diese ebenfalls verwendet.<\/p>\n\n\n\n<p>Ziel ist es, die Auswirkungen von Wetter\u00e4nderungen (insbesondere Temperatur) auf die menschliche Gesundheit bzw. Sterblichkeit zu modellieren.<\/p>\n\n\n\n<p>Die Teilnehmenden k\u00f6nnen zus\u00e4tzlich zur Anerkennung der Lehrveranstaltung als Seminarleistung mit ihrem Programmierbeitrag an einem von einer Unternehmensberatung gesponserten Programmier-Wettbewerb teilnehmen. Die Details werden zu Seminarbeginn bekannt gegeben. Die Teilnahme am Wettbewerb ist freiwillig und erfordert keine zus\u00e4tzliche Programmierarbeit. Die Teilnehmenden werden unabh\u00e4ngig von einer Wettbewerbsteilnahme bewertet.<\/p>\n\n\n\n<p>Die Voraussetzungen f\u00fcr die Seminarteilnahme sind:<\/p>\n\n\n\n<ul><li>Gute Programmierkenntnisse in Python, Java oder R (ohne Vorkenntnisse wird es zeitlich nicht m\u00f6glich sein, sich das n\u00f6tige Programmierwissen anzueignen und die Programmieraufgabe zu l\u00f6sen)<\/li><li>Interesse am Thema des Programmierwettbewerbs<\/li><li>Bereitschaft, selbstst\u00e4ndig \u00f6ffentliche Daten aufzubereiten und mit verschiedenen Machine-Learning-Modellen zu experimentieren<\/li><li>Interesse an Data Science<\/li><li>Vorteilhaft sind erste Erfahrungen mit Machine-Learning-Modellen wie neuronalen Netzen oder Entscheidungsb\u00e4umen<\/li><\/ul>\n\n\n\n<p>Anmeldung erfolgt per E-Mail, diese ist unter <a href=\"https:\/\/www.mi.uni-koeln.de\/wp-znikolic\/kontakt\/\" data-type=\"URL\" data-id=\"https:\/\/www.mi.uni-koeln.de\/wp-znikolic\/kontakt\/\">https:\/\/www.mi.uni-koeln.de\/wp-znikolic\/kontakt\/ <\/a>zu finden.<\/p>\n\n\n\n<p>Bitte melden Sie sich mit einer aussagekr\u00e4ftigen Bewerbung an, welche u. a. folgende Angaben enthalten soll:<\/p>\n\n\n\n<ul><li>Ihre bisher besuchten (relevanten) Veranstaltungen<\/li><li>Relevante Praktika, Werkstudierendent\u00e4tigkeiten, Seminararbeiten usw. mit Bezug zum Seminarinhalt<\/li><li>Ihre Motivation f\u00fcr dieses Thema<\/li><li>Ob Sie das Seminar im Rahmen des Versicherungsmoduls mit 3 Leistungspunkten oder als Seminar mit 6 Leistungspunkten belegen m\u00f6chten.<\/li><\/ul>\n\n\n\n<p>Gerne k\u00f6nnen Sie Ihre Bewerbung um weitere Punkte erg\u00e4nzen. Die Bewerbung soll vor allem glaubhaft vermitteln, dass Sie sich f\u00fcr das behandelte Thema interessieren und mehr dar\u00fcber lernen m\u00f6chten.<\/p>\n\n\n\n<p class=\"has-text-color\" style=\"color:#4087b4\"><strong>Literatur:<\/strong><\/p>\n\n\n\n<div class=\"wp-block-group\"><div class=\"wp-block-group__inner-container\">\n<ul><li>Referenz f\u00fcr den Kontext der Programmieraufgabe:\u00a0<a rel=\"noreferrer noopener\" href=\"https:\/\/www.thelancet.com\/journals\/lanpub\/article\/PIIS2468-2667(24)00055-0\/fulltext\" target=\"_blank\">https:\/\/www.thelancet.com\/journals\/lanpub\/article\/PIIS2468-2667(24)00055-0\/fulltext<\/a><\/li><\/ul>\n<\/div><\/div>\n","protected":false},"excerpt":{"rendered":"<p>Programmierwettbewerb: Modellierung von Klima\u00e4nderungsszenarien Diese Lehrveranstaltung wird als Seminar gewertet, allerdings besteht die Arbeit nicht darin, einen klassischen Seminarvortrag zu halten. Stattdessen m\u00fcssen Sie an einem Programmierwettbewerb teilnehmen, um die Seminarleistung zu erbringen. Das Thema ist die Modellierung von Klima\u00e4nderungsrisiken. &hellip; <a href=\"https:\/\/www.mi.uni-koeln.de\/wp-znikolic\/veranstaltungen-2\/2024-2025-wintersemester\/\">Weiterlesen <span class=\"meta-nav\">&rarr;<\/span><\/a><\/p>\n","protected":false},"author":1,"featured_media":0,"parent":1416,"menu_order":0,"comment_status":"closed","ping_status":"closed","template":"sidebar-page.php","meta":[],"_links":{"self":[{"href":"https:\/\/www.mi.uni-koeln.de\/wp-znikolic\/wp-json\/wp\/v2\/pages\/2435"}],"collection":[{"href":"https:\/\/www.mi.uni-koeln.de\/wp-znikolic\/wp-json\/wp\/v2\/pages"}],"about":[{"href":"https:\/\/www.mi.uni-koeln.de\/wp-znikolic\/wp-json\/wp\/v2\/types\/page"}],"author":[{"embeddable":true,"href":"https:\/\/www.mi.uni-koeln.de\/wp-znikolic\/wp-json\/wp\/v2\/users\/1"}],"replies":[{"embeddable":true,"href":"https:\/\/www.mi.uni-koeln.de\/wp-znikolic\/wp-json\/wp\/v2\/comments?post=2435"}],"version-history":[{"count":1,"href":"https:\/\/www.mi.uni-koeln.de\/wp-znikolic\/wp-json\/wp\/v2\/pages\/2435\/revisions"}],"predecessor-version":[{"id":2437,"href":"https:\/\/www.mi.uni-koeln.de\/wp-znikolic\/wp-json\/wp\/v2\/pages\/2435\/revisions\/2437"}],"up":[{"embeddable":true,"href":"https:\/\/www.mi.uni-koeln.de\/wp-znikolic\/wp-json\/wp\/v2\/pages\/1416"}],"wp:attachment":[{"href":"https:\/\/www.mi.uni-koeln.de\/wp-znikolic\/wp-json\/wp\/v2\/media?parent=2435"}],"curies":[{"name":"wp","href":"https:\/\/api.w.org\/{rel}","templated":true}]}}