{"id":293,"date":"2014-03-11T18:11:38","date_gmt":"2014-03-11T17:11:38","guid":{"rendered":"http:\/\/www.mi.uni-koeln.de\/wp-znikolic\/?page_id=293"},"modified":"2024-04-29T15:18:29","modified_gmt":"2024-04-29T13:18:29","slug":"startseite","status":"publish","type":"page","link":"https:\/\/www.mi.uni-koeln.de\/wp-znikolic\/startseite\/","title":{"rendered":"Informationen"},"content":{"rendered":"\n<p>Am Mathematischen Institut der Universit\u00e4t zu K\u00f6ln werden verschiedene  Seminare, Programmierpraktika bzw. Vorlesungen zu diversen Themen angeboten, die einen Bezug zur Versicherungs- oder Finanzbranche haben und die in der Regel durch praktische Anwendungen von mathematischen Modellen&nbsp;motiviert sind.<\/p>\n\n\n\n<p>Die angebotenen Seminare eignen sich grunds\u00e4tzlich sowohl f\u00fcr Bachelor- als auch f\u00fcr Master-Studierende.<br>Vortr\u00e4ge k\u00f6nnen in englischer oder deutscher Sprache gehalten werden.<\/p>\n\n\n\n<p><strong>Versicherungsmodul<\/strong><\/p>\n\n\n\n<p>F\u00fcr eine Veranstaltung werden in der Regel 3 Leistungspunkte im Rahmen eines dreiteiligen Moduls Versicherungsmathematik vergeben. Die Anmeldungen von Studierenden, die sich das Seminar als Teil des Versicherungsmoduls anerkennen wollen, werden vorrangig behandelt.<\/p>\n\n\n\n<p>Sofern es freie Pl\u00e4tze in einem Seminar gibt, k\u00f6nnen sich andere Bachelor- sowie Master-Studierende gerne anmelden. Die Vergabe von 6 Leistungspunkten ist m\u00f6glich, die Differenzierung wird durch den Schwierigkeitsgrad der Themen sowie durch die&nbsp;Anforderungen an schriftlichen Ausarbeitungen vorgenommen.<\/p>\n\n\n\n<p><strong>Bachelor\/Master<\/strong><\/p>\n\n\n\n<p>F\u00fcr die Anrechnung mit 6 Leistungspunkten muss &#8211; in der Regel &#8211; erg\u00e4nzend zum Vortrag eine ausf\u00fchrliche schriftliche Ausfertigung zum behandelten Thema angefertigt werden. Des Weiteren wird dem unterschiedlichen Leistungsniveau von Bachelor- und Master-Studierenden dadurch Rechnung getragen, dass Master-Studierenden fortgeschrittenere Themen zugeordnet werden. F\u00fcr Master-Studierende erfordern die Themen in der Regel Erarbeitung eines theoretischen bzw. technischen Vorwissens.<\/p>\n\n\n\n<p>Die finale Auswahl der Kandidaten\/Kandidatinnen wird in der Regel aufgrund der relevanten Vorkenntnisse getroffen. Davon ausgenommen sind die Anmeldungen im Versicherungsmodul, welche vorrangig behandelt werden.<\/p>\n\n\n\n<p>Links<br><a href=\"http:\/\/www.mi.uni-koeln.de\" target=\"_blank\" rel=\"noopener\">Mathematisches Institut<\/a><br><a href=\"http:\/\/www.uni-koeln.de\" target=\"_blank\" rel=\"noopener\">Universit\u00e4t zu K\u00f6ln<\/a><\/p>\n","protected":false},"excerpt":{"rendered":"<p>Am Mathematischen Institut der Universit\u00e4t zu K\u00f6ln werden verschiedene Seminare, Programmierpraktika bzw. Vorlesungen zu diversen Themen angeboten, die einen Bezug zur Versicherungs- oder Finanzbranche haben und die in der Regel durch praktische Anwendungen von mathematischen Modellen&nbsp;motiviert sind. Die angebotenen Seminare &hellip; <a href=\"https:\/\/www.mi.uni-koeln.de\/wp-znikolic\/startseite\/\">Weiterlesen <span class=\"meta-nav\">&rarr;<\/span><\/a><\/p>\n","protected":false},"author":1,"featured_media":0,"parent":0,"menu_order":18,"comment_status":"closed","ping_status":"closed","template":"","meta":[],"_links":{"self":[{"href":"https:\/\/www.mi.uni-koeln.de\/wp-znikolic\/wp-json\/wp\/v2\/pages\/293"}],"collection":[{"href":"https:\/\/www.mi.uni-koeln.de\/wp-znikolic\/wp-json\/wp\/v2\/pages"}],"about":[{"href":"https:\/\/www.mi.uni-koeln.de\/wp-znikolic\/wp-json\/wp\/v2\/types\/page"}],"author":[{"embeddable":true,"href":"https:\/\/www.mi.uni-koeln.de\/wp-znikolic\/wp-json\/wp\/v2\/users\/1"}],"replies":[{"embeddable":true,"href":"https:\/\/www.mi.uni-koeln.de\/wp-znikolic\/wp-json\/wp\/v2\/comments?post=293"}],"version-history":[{"count":47,"href":"https:\/\/www.mi.uni-koeln.de\/wp-znikolic\/wp-json\/wp\/v2\/pages\/293\/revisions"}],"predecessor-version":[{"id":2203,"href":"https:\/\/www.mi.uni-koeln.de\/wp-znikolic\/wp-json\/wp\/v2\/pages\/293\/revisions\/2203"}],"wp:attachment":[{"href":"https:\/\/www.mi.uni-koeln.de\/wp-znikolic\/wp-json\/wp\/v2\/media?parent=293"}],"curies":[{"name":"wp","href":"https:\/\/api.w.org\/{rel}","templated":true}]}}